{"id":51621,"date":"2021-06-30T16:09:48","date_gmt":"2021-06-30T15:09:48","guid":{"rendered":"https:\/\/www.likes-kopen.nl\/product\/paquet-seo-medecine\/"},"modified":"2023-05-20T09:19:43","modified_gmt":"2023-05-20T08:19:43","slug":"paquet-seo-medecine","status":"publish","type":"product","link":"https:\/\/www.likes-kopen.nl\/fr\/paquet-seo-medecine\/","title":{"rendered":"Paquet SEO M\u00e9decine"},"content":{"rendered":"<div class=\"wpb-content-wrapper\"><p>[vc_row css=\u00a0\u00bb.vc_custom_1572805128421{padding-bottom: 20px !important;}\u00a0\u00bb][vc_column][vc_column_text]<strong>Tu veux \u00eatre mieux class\u00e9 dans Google avec 1 mot-cl\u00e9 ? Alors commande ce pack de r\u00e9f\u00e9rencement !<\/strong>[\/vc_column_text][\/vc_column][\/vc_row][vc_row css=\u00a0\u00bb.vc_custom_1572804099290{padding-bottom: 50px !important;}\u00a0\u00bb][vc_column width=\u00a0\u00bb1\/2&Prime;][vc_column_text]<\/p>\n<h2>Qu&rsquo;est-ce qui est inclus dans ce forfait SEO ?<\/h2>\n<ul>\n<li>1 article SEO n\u00e9erlandais de luxe de 400+ mots sur un site solide + images + backlinks vers l&rsquo;article SEO<\/li>\n<li>1 lien retour de haute autorit\u00e9 (DA + PA + valeur TF \u00e9lev\u00e9s) (n\u00e9erlandais)<\/li>\n<li>1 lien retour de haute autorit\u00e9 depuis une page d&rsquo;accueil n\u00e9erlandaise.<\/li>\n<li>58 backlinks n\u00e9erlandais provenant de pages de r\u00e9pertoire<\/li>\n<li style=\"text-align: left;\"><strong>En option<\/strong>:\n<ul>\n<li>5 000 signaux sociaux sur facebook<\/li>\n<\/ul>\n<\/li>\n<\/ul>\n<p>[\/vc_column_text][\/vc_column][vc_column width=\u00a0\u00bb1\/2&Prime; css=\u00a0\u00bb.vc_custom_1572805089828{margin-top: 40px !important;}\u00a0\u00bb][vc_single_image image=\u00a0\u00bb11229&Prime; img_size=\u00a0\u00bbfull\u00a0\u00bb alignment=\u00a0\u00bbcenter\u00a0\u00bb][\/vc_column][\/vc_row][vc_row css=\u00a0\u00bb.vc_custom_1572804108269{margin-bottom: 50px !important;}\u00a0\u00bb][vc_column][vc_column_text]<\/p>\n<h2>Impact de ce paquet<\/h2>\n<p>L&rsquo;effet de ce forfait SEO d\u00e9pend de chaque site Web et de chaque mot-cl\u00e9. La plupart des clients constatent une augmentation dans les deux semaines et donc un accroissement du nombre de visiteurs. Dans Google, il existe plus de 200 facteurs connus qui affectent votre position dans Google. Les backlinks ont le plus d&rsquo;effet sur votre classement, c&rsquo;est pourquoi il est judicieux d&rsquo;acheter ce pack de r\u00e9f\u00e9rencement pour votre mot cl\u00e9 ou votre site web. Plus vous \u00eates mal class\u00e9 dans Google, plus l&rsquo;effet de la hausse est souvent important. En option, vous pouvez \u00e9galement nous laisser effectuer un balayage de position afin que vous sachiez vous-m\u00eame quel est le classement actuel de votre site web. Une analyse de la qualit\u00e9 peut vous donner un meilleur aper\u00e7u de la performance actuelle de votre site web, et les mesures de DA, PA et TF vous donnent un meilleur aper\u00e7u de la force de l&rsquo;URL fournie. Alors n&rsquo;attendez pas et travaillez avec nous pour construire un avenir plus fort.<\/p>\n<p>Un avantage suppl\u00e9mentaire de ce forfait SEO est que les valeurs DA, PA, TF et CF augmenteront. DA signifie autorit\u00e9 de domaine, PA signifie autorit\u00e9 de page, TF signifie Trust Flow et CF signifie Citation Flow. Les valeurs les plus \u00e9lev\u00e9es vous font souvent progresser avec d&rsquo;autres mots-cl\u00e9s car votre site web devient plus fort.[\/vc_column_text][\/vc_column][\/vc_row][vc_row css=\u00a0\u00bb.vc_custom_1572804128809{margin-bottom: 50px !important;}\u00a0\u00bb][vc_column width=\u00a0\u00bb1\/2&Prime;][vc_column_text]<\/p>\n<h2>Sp\u00e9cifier un mot-cl\u00e9<\/h2>\n<p>Lorsque vous sp\u00e9cifiez un mot cl\u00e9, il est judicieux d&rsquo;utiliser un mot cl\u00e9 qui appara\u00eet \u00e9galement sur le site web. Donc vous grimpez encore plus facilement. Vous pouvez sp\u00e9cifier des mots-cl\u00e9s de courte dur\u00e9e et de longue dur\u00e9e. Un exemple de mot-cl\u00e9 \u00e0 courte tra\u00eene est : \u00ab\u00a0acheter une banane\u00a0\u00bb. Un exemple de mot cl\u00e9 \u00e0 longue tra\u00eene est \u00ab\u00a0acheter une banane bon march\u00e9\u00a0\u00bb.[\/vc_column_text][\/vc_column][vc_column width=\u00a0\u00bb1\/2&Prime; css=\u00a0\u00bb.vc_custom_1572806059231{margin-top: 20px !important;}\u00a0\u00bb][vc_single_image image=\u00a0\u00bb11230&Prime; img_size=\u00a0\u00bbfull\u00a0\u00bb alignment=\u00a0\u00bbcenter\u00a0\u00bb][\/vc_column][\/vc_row][vc_row css=\u00a0\u00bb.vc_custom_1572804135912{margin-bottom: 50px !important;}\u00a0\u00bb][vc_column][vc_column_text]<\/p>\n<h2>Achetez plus souvent un forfait de r\u00e9f\u00e9rencement<\/h2>\n<p>Vous pouvez acheter un forfait de r\u00e9f\u00e9rencement plus souvent. Cela peut \u00eatre pour le m\u00eame mot cl\u00e9, mais aussi pour des mots cl\u00e9s diff\u00e9rents\/multiples. C&rsquo;est ainsi que vous rendez votre site Web plus solide et plus facile \u00e0 trouver, ce qui vous permet d&rsquo;obtenir plus de visiteurs et de ventes. Tu seras mieux class\u00e9 dans Google et tu seras mieux trouv\u00e9. Acheter un pack de r\u00e9f\u00e9rencement pour ton site Web est donc tr\u00e8s utile.[\/vc_column_text][\/vc_column][\/vc_row][vc_row css=\u00a0\u00bb.vc_custom_1572804142468{margin-bottom: 50px !important;}\u00a0\u00bb][vc_column width=\u00a0\u00bb1\/2&Prime;][vc_column_text]<\/p>\n<h2>Combien les entreprises d\u00e9pensent-elles pour le r\u00e9f\u00e9rencement ?<\/h2>\n<p>Les entreprises d\u00e9pensent beaucoup d&rsquo;argent pour le r\u00e9f\u00e9rencement chaque mois car l&rsquo;effet est clairement perceptible et elles r\u00e9cup\u00e8rent rapidement l&rsquo;investissement. Les grandes entreprises d\u00e9pensent des milliers de dollars par mois pour le r\u00e9f\u00e9rencement et, par cons\u00e9quent, elles sont souvent dans le top 3. Si tu te concentres davantage sur les mots-cl\u00e9s de longue tra\u00eene, tu devras investir beaucoup moins car tu peux te classer plus facilement avec ces mots-cl\u00e9s.[\/vc_column_text][\/vc_column][vc_column width=\u00a0\u00bb1\/2&Prime; css=\u00a0\u00bb.vc_custom_1572806590612{margin-top: 20px !important;}\u00a0\u00bb][vc_single_image image=\u00a0\u00bb11231&Prime; img_size=\u00a0\u00bbfull\u00a0\u00bb alignment=\u00a0\u00bbcenter\u00a0\u00bb][\/vc_column][\/vc_row][vc_row css=\u00a0\u00bb.vc_custom_1572804152100{margin-bottom: 50px !important;}\u00a0\u00bb][vc_column][vc_column_text]<\/p>\n<h2>R\u00e9cup\u00e8re rapidement ton forfait SEO<\/h2>\n<p>De nombreux entrepreneurs peuvent rapidement r\u00e9cup\u00e9rer leur forfait SEO. Apr\u00e8s tout, la question est de savoir combien de ventes tu dois faire pour r\u00e9cup\u00e9rer l&rsquo;achat de ce pack de r\u00e9f\u00e9rencement. Si c&rsquo;est une vente, tu auras ton argent en un rien de temps.[\/vc_column_text][\/vc_column][\/vc_row][vc_row css=\u00a0\u00bb.vc_custom_1572804189054{margin-bottom: 50px !important;}\u00a0\u00bb][vc_column width=\u00a0\u00bb1\/2&Prime;][vc_column_text]<\/p>\n<h2>Est-ce que cela fonctionne pour toutes les industries ?<\/h2>\n<p>En gros, notre pack de liens retour fonctionne pour n&rsquo;importe quel secteur. Apr\u00e8s tout, la m\u00e9thode reste la m\u00eame, et elle fonctionne. Nous disposons d&rsquo;un vaste r\u00e9seau \u00e9tendu dans lequel nous pouvons presque toujours trouver une correspondance parfaite avec ton mot-cl\u00e9 ou ton site Web, ce qui te sera b\u00e9n\u00e9fique \u00e0 long terme. De plus, nos articles SEO sont r\u00e9dig\u00e9s sur mesure et sont conformes aux directives les plus r\u00e9centes de Google. En plus d&rsquo;\u00eatre pertinent, notre paquet est \u00e9galement conforme aux mises \u00e0 jour Hummingbird, Penguin et Panda, entre autres.[\/vc_column_text][\/vc_column][vc_column width=\u00a0\u00bb1\/2&Prime; css=\u00a0\u00bb.vc_custom_1572806566388{margin-top: 20px !important;}\u00a0\u00bb][vc_single_image image=\u00a0\u00bb11232&Prime; img_size=\u00a0\u00bbfull\u00a0\u00bb alignment=\u00a0\u00bbcenter\u00a0\u00bb][\/vc_column][\/vc_row][vc_row][vc_column][vc_column_text]<\/p>\n<h2>Notre forfait comprend la TVA<\/h2>\n<p>Tous nos prix de r\u00e9f\u00e9rencement incluent la TVA. 99 des 100 clients qui ach\u00e8tent un forfait SEO sont des entreprises, et elles peuvent facilement r\u00e9cup\u00e9rer la TVA. Pour ces personnes, 21% suppl\u00e9mentaires seront d\u00e9duits du prix du forfait. Nous t&rsquo;enverrons une facture standard par courrier d\u00e8s que nous aurons re\u00e7u la commande. Si tu as cr\u00e9\u00e9 un compte gratuit avec nous, tu peux aussi facilement retrouver tes factures et les ret\u00e9l\u00e9charger si n\u00e9cessaire.<\/p>\n<p>Tu es curieux de d\u00e9couvrir les autres produits ? Par exemple, regarde l&rsquo;<a href=\"https:\/\/www.likes-kopen.nl\/fr\/produit\/suiveurs-dinstagram\/\">achat de followers Instagram<\/a> ou l&rsquo;<a href=\"https:\/\/www.likes-kopen.nl\/fr\/produit\/likes-dinstagram\/\">achat de likes Insta<\/a>.[\/vc_column_text][\/vc_column][\/vc_row]<\/p>\n<\/div>","protected":false},"excerpt":{"rendered":"<p>Obtenir une meilleure place dans Google pour la m\u00e9decine toi-m\u00eame<\/p>\n","protected":false},"featured_media":48713,"comment_status":"open","ping_status":"closed","template":"","meta":{"site-sidebar-layout":"no-sidebar","site-content-layout":"plain-container","ast-site-content-layout":"default","site-content-style":"default","site-sidebar-style":"default","ast-global-header-display":"","ast-banner-title-visibility":"","ast-main-header-display":"","ast-hfb-above-header-display":"","ast-hfb-below-header-display":"","ast-hfb-mobile-header-display":"","site-post-title":"disabled","ast-breadcrumbs-content":"","ast-featured-img":"disabled","footer-sml-layout":"","ast-disable-related-posts":"","theme-transparent-header-meta":"default","adv-header-id-meta":"","stick-header-meta":"default","header-above-stick-meta":"","header-main-stick-meta":"","header-below-stick-meta":"","astra-migrate-meta-layouts":"default","ast-page-background-enabled":"default","ast-page-background-meta":{"desktop":{"background-color":"","background-image":"","background-repeat":"repeat","background-position":"center center","background-size":"auto","background-attachment":"scroll","background-type":"","background-media":"","overlay-type":"","overlay-color":"","overlay-opacity":"","overlay-gradient":""},"tablet":{"background-color":"","background-image":"","background-repeat":"repeat","background-position":"center center","background-size":"auto","background-attachment":"scroll","background-type":"","background-media":"","overlay-type":"","overlay-color":"","overlay-opacity":"","overlay-gradient":""},"mobile":{"background-color":"","background-image":"","background-repeat":"repeat","background-position":"center center","background-size":"auto","background-attachment":"scroll","background-type":"","background-media":"","overlay-type":"","overlay-color":"","overlay-opacity":"","overlay-gradient":""}},"ast-content-background-meta":{"desktop":{"background-color":"var(--ast-global-color-5)","background-image":"","background-repeat":"repeat","background-position":"center center","background-size":"auto","background-attachment":"scroll","background-type":"","background-media":"","overlay-type":"","overlay-color":"","overlay-opacity":"","overlay-gradient":""},"tablet":{"background-color":"var(--ast-global-color-5)","background-image":"","background-repeat":"repeat","background-position":"center center","background-size":"auto","background-attachment":"scroll","background-type":"","background-media":"","overlay-type":"","overlay-color":"","overlay-opacity":"","overlay-gradient":""},"mobile":{"background-color":"var(--ast-global-color-5)","background-image":"","background-repeat":"repeat","background-position":"center center","background-size":"auto","background-attachment":"scroll","background-type":"","background-media":"","overlay-type":"","overlay-color":"","overlay-opacity":"","overlay-gradient":""}}},"product_brand":[],"product_cat":[580],"product_tag":[],"class_list":{"0":"post-51621","1":"product","2":"type-product","3":"status-publish","4":"has-post-thumbnail","6":"product_cat-paquets-seo","7":"desktop-align-center","8":"tablet-align-center","9":"mobile-align-center","10":"ast-product-gallery-layout-first-image-large","11":"ast-product-gallery-with-no-image","12":"ast-magnify-disabled","13":"ast-product-tabs-layout-horizontal","15":"first","16":"instock","17":"sale","18":"virtual","19":"taxable","20":"purchasable","21":"product-type-simple"},"_links":{"self":[{"href":"https:\/\/www.likes-kopen.nl\/fr\/wp-json\/wp\/v2\/product\/51621","targetHints":{"allow":["GET"]}}],"collection":[{"href":"https:\/\/www.likes-kopen.nl\/fr\/wp-json\/wp\/v2\/product"}],"about":[{"href":"https:\/\/www.likes-kopen.nl\/fr\/wp-json\/wp\/v2\/types\/product"}],"replies":[{"embeddable":true,"href":"https:\/\/www.likes-kopen.nl\/fr\/wp-json\/wp\/v2\/comments?post=51621"}],"wp:featuredmedia":[{"embeddable":true,"href":"https:\/\/www.likes-kopen.nl\/fr\/wp-json\/wp\/v2\/media\/48713"}],"wp:attachment":[{"href":"https:\/\/www.likes-kopen.nl\/fr\/wp-json\/wp\/v2\/media?parent=51621"}],"wp:term":[{"taxonomy":"product_brand","embeddable":true,"href":"https:\/\/www.likes-kopen.nl\/fr\/wp-json\/wp\/v2\/product_brand?post=51621"},{"taxonomy":"product_cat","embeddable":true,"href":"https:\/\/www.likes-kopen.nl\/fr\/wp-json\/wp\/v2\/product_cat?post=51621"},{"taxonomy":"product_tag","embeddable":true,"href":"https:\/\/www.likes-kopen.nl\/fr\/wp-json\/wp\/v2\/product_tag?post=51621"}],"curies":[{"name":"wp","href":"https:\/\/api.w.org\/{rel}","templated":true}]}}