{"id":51566,"date":"2021-04-04T08:11:53","date_gmt":"2021-04-04T07:11:53","guid":{"rendered":"https:\/\/www.likes-kopen.nl\/product\/vues-youtube-neerlandaises\/"},"modified":"2025-02-07T15:38:03","modified_gmt":"2025-02-07T14:38:03","slug":"acheter-des-vues-youtube-neerlandaises","status":"publish","type":"product","link":"https:\/\/www.likes-kopen.nl\/fr\/acheter-des-vues-youtube-neerlandaises\/","title":{"rendered":"Acheter des vues n\u00e9erlandaises sur YouTube"},"content":{"rendered":"<div class=\"wpb-content-wrapper\"><p>[vc_row][vc_column][vc_column_text]Vues YouTube n\u00e9erlandaises L&rsquo;achat se fait \u00e0 tes propres risques. Selon les conditions d&rsquo;utilisation de YouTube, il n&rsquo;est pas autoris\u00e9 d&rsquo;augmenter les vues de fa\u00e7on artificielle.<\/p>\n<h2>Acheter des vues n\u00e9erlandaises sur YouTube<\/h2>\n<p>Tu cherches un moyen de rendre tes vid\u00e9os n\u00e9erlandaises sur YouTube plus populaires ? Notre service de vues n\u00e9erlandaises sur YouTube est exactement ce qu&rsquo;il te faut ! Gr\u00e2ce \u00e0 ce pack de vues de haute qualit\u00e9, tu peux augmenter la visibilit\u00e9 de tes vid\u00e9os en n\u00e9erlandais et d\u00e9velopper ta cha\u00eene au sein du march\u00e9 n\u00e9erlandais.<\/p>\n<h2>Pourquoi choisir Dutch YouTube Views ?<\/h2>\n<p>Parce que l&rsquo;engagement local est essentiel au succ\u00e8s de ta cha\u00eene. Augmenter le nombre de vues de tes vid\u00e9os avec de vrais spectateurs n\u00e9erlandais permettra non seulement d&rsquo;am\u00e9liorer tes statistiques, mais aussi de renforcer ta cr\u00e9dibilit\u00e9 et ton autorit\u00e9. Cela peut conduire \u00e0 plus d&rsquo;abonn\u00e9s, de likes et de commentaires, ce qui permet \u00e0 ta cha\u00eene YouTube de se d\u00e9velopper de mani\u00e8re organique.<\/p>\n<h2>100% de vrais t\u00e9l\u00e9spectateurs n\u00e9erlandais<\/h2>\n<p>Avec notre service de vues n\u00e9erlandaises sur YouTube, nous nous assurons que tes vid\u00e9os sont vues par de vrais utilisateurs n\u00e9erlandais, qui sont r\u00e9ellement int\u00e9ress\u00e9s par le contenu de tes vid\u00e9os. Nous utilisons des m\u00e9thodes s\u00fbres et fiables pour promouvoir tes vid\u00e9os, tu n&rsquo;as donc pas \u00e0 t&rsquo;inqui\u00e9ter d&rsquo;enfreindre les r\u00e8gles de YouTube.<\/p>\n<h2>\u00c0 quoi peux-tu t&rsquo;attendre si tu choisis les vues n\u00e9erlandaises sur YouTube ?<\/h2>\n<p>Tout d&rsquo;abord, nous proposons diff\u00e9rents forfaits pour r\u00e9pondre \u00e0 tes besoins et \u00e0 ton budget. Que tu sois d\u00e9butant ou d\u00e9j\u00e0 un YouTuber \u00e9tabli, nous avons les bonnes options pour toi. De plus, nous livrons les vues rapidement et efficacement, pour que tu voies les r\u00e9sultats tout de suite.<\/p>\n<h2>Vues hollandaises de haute qualit\u00e9<\/h2>\n<p>Nos vues n\u00e9erlandaises sur YouTube sont de haute qualit\u00e9 et ont un effet durable. Notre objectif est de faire cro\u00eetre ta cha\u00eene de fa\u00e7on organique en attirant de vrais spectateurs int\u00e9ress\u00e9s par ton contenu. Nous garantissons que les vues proviennent de comptes actifs aux Pays-Bas, ce qui donne \u00e0 tes vid\u00e9os plus de pertinence au sein de la communaut\u00e9 YouTube n\u00e9erlandaise.<\/p>\n<p>N&rsquo;attends plus et booste ta cha\u00eene YouTube gr\u00e2ce \u00e0 notre service de vues n\u00e9erlandaises sur YouTube. Augmente ta visibilit\u00e9, renforce ta cr\u00e9dibilit\u00e9 et d\u00e9veloppe ton canal au sein du march\u00e9 n\u00e9erlandais. Commande aujourd&rsquo;hui et atteins de nouveaux sommets sur YouTube !<\/p>\n<h2>La restriction d&rsquo;\u00e2ge doit \u00eatre d\u00e9sactiv\u00e9e<\/h2>\n<p>Pour obtenir des vues n\u00e9erlandaises, la restriction d&rsquo;\u00e2ge de ta vid\u00e9o doit \u00eatre d\u00e9sactiv\u00e9e. Assure-toi que ta vid\u00e9o est adapt\u00e9e \u00e0 tous les \u00e2ges. V\u00e9rifie ceci pour \u00eatre s\u00fbr en cas de doute.<\/p>\n<h2>Comment obtenir plus de vues sur YouTube aux Pays-Bas ?<\/h2>\n<p>Tu peux rapidement et facilement commander des spectateurs pour chaque vid\u00e9o, de sorte que le nombre de vues n\u00e9erlandaises augmente rapidement. Les vid\u00e9os avec plus de vues sont mieux class\u00e9es, ce qui leur donne plus d&rsquo;attention. Plus d&rsquo;attention signifie plus de vues, de likes, etc. Il est donc logique d&rsquo;acheter des vues n\u00e9erlandaises pour ta vid\u00e9o !<img decoding=\"async\" class=\"alignright size-full wp-image-11721\" src=\"https:\/\/www.likes-kopen.nl\/wp-content\/uploads\/\/2014\/07\/meer-youtube-weergaven.jpg\" alt=\"plus de vues youtube\" width=\"300\" height=\"409\" srcset=\"https:\/\/www.likes-kopen.nl\/wp-content\/uploads\/2014\/07\/meer-youtube-weergaven.jpg 300w, https:\/\/www.likes-kopen.nl\/wp-content\/uploads\/2014\/07\/meer-youtube-weergaven-220x300.jpg 220w\" sizes=\"(max-width: 300px) 100vw, 300px\" \/><\/p>\n<ul>\n<li>Actuellement disponible \u00e0 partir de 500 vues<\/li>\n<li>Les t\u00e9l\u00e9spectateurs viennent des <strong>Pays-Bas <\/strong> <\/li>\n<li>100% de vues YouTube authentiques<\/li>\n<li>Livraison rapide, petites quantit\u00e9s sous 24 heures, normalement<\/li>\n<li>Garantie de livraison \u00e0 100%.<\/li>\n<li>Toujours la meilleure qualit\u00e9<\/li>\n<li>Temps de visionnement al\u00e9atoire (t\u00e9l\u00e9spectateurs r\u00e9els)<\/li>\n<li>Convient \u00e0 Google AdSense<\/li>\n<\/ul>\n<p>En plus des vues n\u00e9erlandaises sur YouTube, tu peux aussi <a href=\"https:\/\/www.likes-kopen.nl\/fr\/youtube-abonnees-kopen-3\/\">acheter des<\/a> <a href=\"https:\/\/www.likes-kopen.nl\/youtube-likes-kopen\/\">likes<\/a> et des abonn\u00e9s sur Likes-buy.<\/p>\n<h2>Acheter des visionneuses n\u00e9erlandaises n&rsquo;a jamais \u00e9t\u00e9 aussi facile<\/h2>\n<p>Acheter 500, 1 000, 2 000, 5 000 ou m\u00eame plus de vues n\u00e9erlandaises pour ta vid\u00e9o YouTube, c&rsquo;est super facile ! Ces vues sont livr\u00e9es rapidement et la commande est facile et abordable.<\/p>\n<p>As-tu r\u00e9alis\u00e9 une vid\u00e9o g\u00e9niale qui m\u00e9rite plus d&rsquo;attention ? C&rsquo;est ainsi que tu pourras faire ressortir ta vid\u00e9o. Nous fournissons des vues de bonne qualit\u00e9 avec un taux de r\u00e9tention \u00e9lev\u00e9. Cela signifie que tu as plus de temps de visionnage ! Acheter des <a href=\"https:\/\/www.likes-kopen.nl\/youtube-views-kopen\/\">vues YouTube<\/a> est donc la solution id\u00e9ale pour donner \u00e0 ta vid\u00e9o un aspect populaire et professionnel.<\/p>\n<h2>Gagner de l&rsquo;argent avec les publicit\u00e9s sur YouTube<\/h2>\n<p>Tu veux gagner de l&rsquo;argent avec les publicit\u00e9s YouTube (AdSense) ? L&rsquo;achat de t\u00e9l\u00e9spectateurs peut y contribuer. Avec nos spectateurs n\u00e9erlandais, tu atteins plus rapidement ta dur\u00e9e de visionnage, ce qui te permet de gagner plus d&rsquo;argent avec tes vid\u00e9os ou ta cha\u00eene YouTube. Tu veux augmenter ton temps de visionnage ? Jette aussi un coup d&rsquo;\u0153il \u00e0 nos <a href=\"https:\/\/www.likes-kopen.nl\/youtube-views-kijktijd-kopen\/\">vues sur les heures de visionnage<\/a>.<\/p>\n<h2>Contenu YouTube de haute qualit\u00e9<\/h2>\n<p><img decoding=\"async\" class=\"alignright size-full wp-image-11720\" src=\"https:\/\/www.likes-kopen.nl\/wp-content\/uploads\/\/2014\/07\/youtube-content.jpg\" alt=\"contenu vid\u00e9o youtube\" width=\"300\" height=\"221\"><\/p>\n<p>Fournir du contenu est tr\u00e8s important sur YouTube, cela fait r\u00e9f\u00e9rence au t\u00e9l\u00e9chargement de vid\u00e9os sur ta cha\u00eene. Tu peux aussi utiliser tes autres canaux de m\u00e9dias sociaux pour cr\u00e9er un lien vers ta cha\u00eene YouTube, comme Instagram. Mentionne bri\u00e8vement dans tes Insta-stories que tu as une nouvelle vid\u00e9o et utilise la fonction \u00ab\u00a0swipe up\u00a0\u00bb. Pour cela, tu dois effectivement avoir un profil d&rsquo;entreprise et au moins 10 000 followers. Heureusement, tu peux aussi <a href=\"https:\/\/www.likes-kopen.nl\/fr\/acheter-des-followers-instagram\/\">acheter des followers Instagram<\/a> pour cela.<\/p>\n<p>Tu veux des vues n\u00e9erlandaises pour ta vid\u00e9o YouTube ? Alors n&rsquo;attends plus et commande tes vues sur cette page.<\/p>\n<h2>Veux-tu vraiment exceller sur YouTube ?<\/h2>\n<p>Choisis donc d&rsquo;acheter des <a href=\"https:\/\/www.likes-kopen.nl\/youtube-reacties-kopen\/\">commentaires<\/a>, des <a href=\"https:\/\/www.likes-kopen.nl\/youtube-likes-kopen\/\">likes<\/a> et des <a href=\"https:\/\/www.likes-kopen.nl\/fr\/youtube-abonnees-kopen-3\/\">abonn\u00e9s<\/a> sur YouTube. Un paquet complet pour tout faire pousser. Tu vois tes abonn\u00e9s augmenter, tu as plus de vues (views), plus de likes et plus de commentaires. C&rsquo;est l&rsquo;<strong>ensemble complet<\/strong> pour faire grandir ta cha\u00eene \u00e0 la vitesse de l&rsquo;\u00e9clair. Ce qui prendrait normalement des semaines, des mois ou m\u00eame des ann\u00e9es, tu peux maintenant le r\u00e9gler en 2 jours. Comme c&rsquo;est rapide ! Es-tu pr\u00eat \u00e0 te d\u00e9velopper gr\u00e2ce \u00e0 YouTube et \u00e0 faire la diff\u00e9rence ?<\/p>\n<p>D\u00e8s que nous recevons ta commande, nous nous mettons directement au travail. Notre \u00e9quipe d&rsquo;assistance est pr\u00eate \u00e0 r\u00e9pondre \u00e0 tes questions pour que tu puisses commencer \u00e0 d\u00e9velopper ta cha\u00eene YouTube le plus rapidement possible.<\/p>\n<h2>Augmente ta port\u00e9e en ligne<\/h2>\n<p><img decoding=\"async\" class=\"alignright size-full wp-image-11722\" src=\"https:\/\/www.likes-kopen.nl\/wp-content\/uploads\/\/2014\/07\/groter-bereik-youtube.jpg\" alt=\"wider reach youtube\" width=\"300\" height=\"157\"><\/p>\n<p>Gr\u00e2ce aux services d&rsquo;achat de Likes, tu augmentes ta port\u00e9e en ligne. Es-tu pr\u00eat \u00e0 booster tes profils en ligne ? Tu peux te d\u00e9velopper en ligne non seulement sur YouTube, mais aussi sur presque tous les canaux de m\u00e9dias sociaux. Par exemple, as-tu une page Facebook qui a moins de likes que ta cha\u00eene YouTube ? Ensuite, tu peux assimiler cela \u00e0 l&rsquo;<a href=\"https:\/\/www.likes-kopen.nl\/fr\/facebook-pagina-likes-kopen-2\/\">achat de likes sur une page Facebook<\/a>.<\/p>\n<h2>Le pouce en l&rsquo;air !<\/h2>\n<p>Tu connais la chanson, au d\u00e9but ou \u00e0 la fin de ta vid\u00e9o, tu demandes \u00e0 tes spectateurs de s&rsquo;abonner \u00e0 ta cha\u00eene pour ne manquer aucune vid\u00e9o ! Mais est-ce que tout le monde \u00e9coute et suit tout cela ? Non, malheureusement pas. Si c&rsquo;est le cas, chaque t\u00e9l\u00e9spectateur serait un abonn\u00e9 suppl\u00e9mentaire. Mais tu peux faire en sorte que ta vid\u00e9o obtienne beaucoup de vues, ce qui la rendra automatiquement plus int\u00e9ressante pour le public.<\/p>\n<h2>Plus d&rsquo;abonn\u00e9s \u00e0 ta cha\u00eene YouTube ?<\/h2>\n<p><img decoding=\"async\" class=\"alignright size-full wp-image-11723\" src=\"https:\/\/www.likes-kopen.nl\/wp-content\/uploads\/\/2014\/07\/meer-abonnees-op-youtube-krijgen.jpg\" alt=\"obtenir plus d'abonn\u00e9s sur youtube\" width=\"300\" height=\"180\">Tes vid\u00e9os sont regard\u00e9es, mais ton nombre d&rsquo;abonn\u00e9s reste stagnant. D\u00e9marque-toi parmi toutes ces vid\u00e9os YouTube. Une fa\u00e7on d&rsquo;y parvenir est d&rsquo;acheter des vues sur cette page, mais aussi d&rsquo;acheter des abonn\u00e9s. Est-ce possible ? Absolument ! Tu peux aussi commander des packs de 50, 250 et 1 000 abonn\u00e9s sur Likes-buying.<\/p>\n<h2>Veux-tu obtenir un meilleur score avec ta vid\u00e9o ?<\/h2>\n<p>Certains facteurs d\u00e9terminent si ta vid\u00e9o obtient un bon score ou non. Cela d\u00e9pend du nombre de likes, de vues et de commentaires. As-tu un grand nombre de likes, de commentaires et de vues ? Il y a alors de fortes chances que ta vid\u00e9o devienne populaire et tendance sur YouTube ! Tu peux maintenant faire en sorte que ta vid\u00e9o soit tendance toi-m\u00eame. Commande maintenant 10 000 vues n\u00e9erlandaises pour ta vid\u00e9o !<\/p>\n<h2>Les YouTubers n\u00e9erlandais ach\u00e8tent aussi des vues<\/h2>\n<p><img decoding=\"async\" class=\"alignright size-full wp-image-11724\" src=\"https:\/\/www.likes-kopen.nl\/wp-content\/uploads\/\/2014\/07\/bekende-mensen-kopen-youtube-views.jpg\" alt=\"Les gens c\u00e9l\u00e8bres ach\u00e8tent des vues sur youtube\" width=\"300\" height=\"180\">Oui vraiment&#8230; Presque tout le monde le fait. Il y a beaucoup de grands YouTubers n\u00e9erlandais qui ach\u00e8tent r\u00e9guli\u00e8rement des commentaires, des likes et des vues. Alors pourquoi pas toi ? Toi aussi, bien s\u00fbr, tu pr\u00e9f\u00e8res regarder une vid\u00e9o qui a d\u00e9j\u00e0 \u00e9t\u00e9 visionn\u00e9e 100 000 fois, plut\u00f4t qu&rsquo;une vid\u00e9o qui n&rsquo;a \u00e9t\u00e9 visionn\u00e9e que 50 fois. Puisque tant de personnes ont regard\u00e9 cette seule vid\u00e9o, elle doit \u00eatre int\u00e9ressante, n&rsquo;est-ce pas ? Alors fais en sorte que ta vid\u00e9o soit int\u00e9ressante et vise ces 10 000 vues ![\/vc_column_text][\/vc_column][\/vc_row][vc_row css=\u00a0\u00bb.vc_custom_1598943505858{background-color: #eeeeee !important;}\u00a0\u00bb][vc_column][vc_btn title=\u00a0\u00bbCommande de vues YouTube n\u00e9erlandaises\u00a0\u00bb color=\u00a0\u00bbdanger\u00a0\u00bb size=\u00a0\u00bblg\u00a0\u00bb align=\u00a0\u00bbcenter\u00a0\u00bb link=\u00a0\u00bburl:%23youtube-views-bestellen|\u00a0\u00bb css=\u00a0\u00bb.vc_custom_1622439638133{margin-top: -5px !important;}\u00a0\u00bb][\/vc_column][\/vc_row][vc_row][vc_column][vc_zigzag][\/vc_column][\/vc_row][vc_row][vc_column][vc_masonry_grid post_type=\u00a0\u00bbproduct\u00a0\u00bb max_items=\u00a0\u00bb4&Prime; element_width=\u00a0\u00bb3&Prime; grid_id=\u00a0\u00bbvc_gid:1688995606064-c56d8ddf-2b20-7&Prime; taxonomies=\u00a0\u00bb31&Prime;][\/vc_column][\/vc_row]<\/p>\n<\/div>","protected":false},"excerpt":{"rendered":"<p><a name=\"youtube-views-bestellen\"><\/a><br \/>\n\ud83c\uddf3\ud83c\uddf1 Ach\u00e8te des vues n\u00e9erlandaises pour ta vid\u00e9o YouTube<br \/>\n\u2b50 100% de vues r\u00e9elles<br \/>\n\u2b50<\/p>\n<p>\u00c0 partir de 500 vues par paquet Remarque : les vues n\u00e9erlandaises ne fonctionnent que si les publicit\u00e9s sont d\u00e9sactiv\u00e9es sur ta vid\u00e9o. Les <a href=\"https:\/\/www.likes-kopen.nl\/youtube-views-kopen\/\">vues globales<\/a> fonctionnent si les publicit\u00e9s sont activ\u00e9es.<\/p>\n","protected":false},"featured_media":49412,"comment_status":"open","ping_status":"closed","template":"","meta":{"site-sidebar-layout":"no-sidebar","site-content-layout":"plain-container","ast-site-content-layout":"default","site-content-style":"default","site-sidebar-style":"default","ast-global-header-display":"","ast-banner-title-visibility":"","ast-main-header-display":"","ast-hfb-above-header-display":"","ast-hfb-below-header-display":"","ast-hfb-mobile-header-display":"","site-post-title":"disabled","ast-breadcrumbs-content":"","ast-featured-img":"disabled","footer-sml-layout":"","ast-disable-related-posts":"","theme-transparent-header-meta":"default","adv-header-id-meta":"","stick-header-meta":"default","header-above-stick-meta":"","header-main-stick-meta":"","header-below-stick-meta":"","astra-migrate-meta-layouts":"set","ast-page-background-enabled":"default","ast-page-background-meta":{"desktop":{"background-color":"","background-image":"","background-repeat":"repeat","background-position":"center center","background-size":"auto","background-attachment":"scroll","background-type":"","background-media":"","overlay-type":"","overlay-color":"","overlay-opacity":"","overlay-gradient":""},"tablet":{"background-color":"","background-image":"","background-repeat":"repeat","background-position":"center center","background-size":"auto","background-attachment":"scroll","background-type":"","background-media":"","overlay-type":"","overlay-color":"","overlay-opacity":"","overlay-gradient":""},"mobile":{"background-color":"","background-image":"","background-repeat":"repeat","background-position":"center center","background-size":"auto","background-attachment":"scroll","background-type":"","background-media":"","overlay-type":"","overlay-color":"","overlay-opacity":"","overlay-gradient":""}},"ast-content-background-meta":{"desktop":{"background-color":"var(--ast-global-color-5)","background-image":"","background-repeat":"repeat","background-position":"center center","background-size":"auto","background-attachment":"scroll","background-type":"","background-media":"","overlay-type":"","overlay-color":"","overlay-opacity":"","overlay-gradient":""},"tablet":{"background-color":"var(--ast-global-color-5)","background-image":"","background-repeat":"repeat","background-position":"center center","background-size":"auto","background-attachment":"scroll","background-type":"","background-media":"","overlay-type":"","overlay-color":"","overlay-opacity":"","overlay-gradient":""},"mobile":{"background-color":"var(--ast-global-color-5)","background-image":"","background-repeat":"repeat","background-position":"center center","background-size":"auto","background-attachment":"scroll","background-type":"","background-media":"","overlay-type":"","overlay-color":"","overlay-opacity":"","overlay-gradient":""}}},"product_brand":[],"product_cat":[464,558],"product_tag":[],"class_list":{"0":"post-51566","1":"product","2":"type-product","3":"status-publish","4":"has-post-thumbnail","6":"product_cat-youtube-fr","7":"product_cat-haute-qualite-100-reel","8":"desktop-align-center","9":"tablet-align-center","10":"mobile-align-center","11":"ast-product-gallery-layout-first-image-large","12":"ast-product-gallery-with-no-image","13":"ast-magnify-disabled","14":"ast-product-single-variable","15":"ast-product-tabs-layout-horizontal","17":"first","18":"instock","19":"sale","20":"taxable","21":"shipping-taxable","22":"purchasable","23":"product-type-variable"},"_links":{"self":[{"href":"https:\/\/www.likes-kopen.nl\/fr\/wp-json\/wp\/v2\/product\/51566","targetHints":{"allow":["GET"]}}],"collection":[{"href":"https:\/\/www.likes-kopen.nl\/fr\/wp-json\/wp\/v2\/product"}],"about":[{"href":"https:\/\/www.likes-kopen.nl\/fr\/wp-json\/wp\/v2\/types\/product"}],"replies":[{"embeddable":true,"href":"https:\/\/www.likes-kopen.nl\/fr\/wp-json\/wp\/v2\/comments?post=51566"}],"wp:featuredmedia":[{"embeddable":true,"href":"https:\/\/www.likes-kopen.nl\/fr\/wp-json\/wp\/v2\/media\/49412"}],"wp:attachment":[{"href":"https:\/\/www.likes-kopen.nl\/fr\/wp-json\/wp\/v2\/media?parent=51566"}],"wp:term":[{"taxonomy":"product_brand","embeddable":true,"href":"https:\/\/www.likes-kopen.nl\/fr\/wp-json\/wp\/v2\/product_brand?post=51566"},{"taxonomy":"product_cat","embeddable":true,"href":"https:\/\/www.likes-kopen.nl\/fr\/wp-json\/wp\/v2\/product_cat?post=51566"},{"taxonomy":"product_tag","embeddable":true,"href":"https:\/\/www.likes-kopen.nl\/fr\/wp-json\/wp\/v2\/product_tag?post=51566"}],"curies":[{"name":"wp","href":"https:\/\/api.w.org\/{rel}","templated":true}]}}