{"id":51441,"date":"2020-03-24T11:46:08","date_gmt":"2020-03-24T11:46:08","guid":{"rendered":"https:\/\/www.likes-kopen.nl\/product\/tiktok-views\/"},"modified":"2025-02-07T15:38:36","modified_gmt":"2025-02-07T14:38:36","slug":"acheter-des-vues-tiktok","status":"publish","type":"product","link":"https:\/\/www.likes-kopen.nl\/fr\/acheter-des-vues-tiktok\/","title":{"rendered":"Acheter des vues TikTok \ud83d\ude80"},"content":{"rendered":"<p>Ach\u00e8te des vues TikTok ? Avec nous, tu peux le faire ! Il n&rsquo;est pas 100% sans risque car il viole les directives de TikTok.<\/p>\n<h1>Ach\u00e8te des vues TikTok<\/h1>\n<h2>Pourquoi ferais-tu cela ?<\/h2>\n<p>Augmente ta visibilit\u00e9 sur TikTok en obtenant plus de vues sur tes vid\u00e9os !<\/p>\n<p>Nous recevons souvent la m\u00eame question : \u00ab\u00a0Comment puis-je obtenir beaucoup de vues sur TikTok ?\u00a0\u00bb<\/p>\n<p>Cette question est similaire \u00e0 la question \u00ab\u00a0Comment puis-je obtenir des likes gratuits sur Instagram ?\u00a0\u00bb.<\/p>\n<p>Si les r\u00e9ponses peuvent \u00eatre diff\u00e9rentes, la meilleure fa\u00e7on d&rsquo;obtenir plus de vues reste la m\u00eame.<\/p>\n<p>En achetant des <strong>vues pour ta vid\u00e9o TikTok<\/strong>, tu peux rapidement devenir populaire.<\/p>\n<p>On nous pose aussi souvent la question : \u00ab\u00a0De combien de vues sur TikTok ai-je besoin pour \u00eatre pay\u00e9 ?\u00a0\u00bb<\/p>\n<p>Pour \u00eatre pay\u00e9, il te faut plus de 1 000 000 de vues au cours du dernier mois.<\/p>\n<p>Par cons\u00e9quent, il est logique d&rsquo;<strong>acheter des vues TikTok<\/strong>.<\/p>\n<h2>Pourquoi TikTok est-il important ?<\/h2>\n<p>TikTok est une application extr\u00eamement populaire avec une \u00e9norme base de fans, surtout en Asie mais aussi en Europe et en Am\u00e9rique, o\u00f9 les gens l&rsquo;adorent.<\/p>\n<p>La popularit\u00e9 de TikTok augmente rapidement et les autres grandes plateformes de m\u00e9dias sociaux comme Instagram ne peuvent pas faire grand-chose pour changer cela.<\/p>\n<p>Plus de 2 milliards de personnes ont t\u00e9l\u00e9charg\u00e9 l&rsquo;appli TikTok, et environ 800 millions de personnes dans le monde se connectent quotidiennement \u00e0 cette appli.<\/p>\n<p>De toute \u00e9vidence, cette popularit\u00e9 croissante n&rsquo;est pas pr\u00e8s de s&rsquo;estomper.<\/p>\n<p>Pour maintenir ta pr\u00e9sence et gagner de l&rsquo;argent en tant qu&rsquo;influenceur, il est important d&rsquo;\u00eatre actif sur chaque plateforme de m\u00e9dias sociaux.<\/p>\n<p>Et donc aussi sur TikTok !<\/p>\n<p>Une fois, les gens font attention au nombre de vues et de followers que tu as sur ton compte TikTok.<\/p>\n<p>C&rsquo;est donc tr\u00e8s important.<\/p>\n<p><img decoding=\"async\" class=\"size-full wp-image-12354 aligncenter\" style=\"font-weight: inherit;\" src=\"https:\/\/www.likes-kopen.nl\/wp-content\/uploads\/\/2020\/03\/tiktok-kijkers-views.jpg\" alt=\"Les t\u00e9l\u00e9spectateurs de tiktok\" width=\"640\" height=\"480\" srcset=\"https:\/\/www.likes-kopen.nl\/wp-content\/uploads\/2020\/03\/tiktok-kijkers-views.jpg 640w, https:\/\/www.likes-kopen.nl\/wp-content\/uploads\/2020\/03\/tiktok-kijkers-views-510x383.jpg 510w, https:\/\/www.likes-kopen.nl\/wp-content\/uploads\/2020\/03\/tiktok-kijkers-views-300x225.jpg 300w, https:\/\/www.likes-kopen.nl\/wp-content\/uploads\/2020\/03\/tiktok-kijkers-views-462x347.jpg 462w\" sizes=\"(max-width: 640px) 100vw, 640px\" \/><\/p>\n<h2>Pourquoi devrais-tu acheter des TikTok Views ?<\/h2>\n<p>Lorsque tu as beaucoup de vues TikTok sur tes vid\u00e9os, il est presque garanti que les gens deviendront plus curieux de ton contenu.<\/p>\n<p>Ils essaieront de comprendre comment tu as r\u00e9ussi \u00e0 obtenir ce succ\u00e8s.<\/p>\n<p>Une fois que tu as achet\u00e9 des vues sur TikTok, ce n&rsquo;est qu&rsquo;une question de temps avant qu&rsquo;elles ne soient submerg\u00e9es par la curiosit\u00e9 et ne commencent \u00e0 regarder ton contenu.<\/p>\n<p>Si tu veux \u00eatre un cr\u00e9ateur de contenu inspirant et gagner en notori\u00e9t\u00e9 sur les m\u00e9dias sociaux, c&rsquo;est finalement ce que tu veux atteindre.<\/p>\n<p>Si tu es pr\u00eat \u00e0 booster ta pr\u00e9sence sur les m\u00e9dias sociaux et \u00e0 \u00eatre consid\u00e9r\u00e9 comme un cr\u00e9ateur de contenu \u00e0 succ\u00e8s, c&rsquo;est le moment d&rsquo;acheter des vues TikTok.<\/p>\n<p>Notre service a fait ses preuves \u00e0 maintes reprises, comme en t\u00e9moignent les commentaires positifs que nous recevons quotidiennement.<\/p>\n<p>L&rsquo;achat de vues TikTok ne fait pas exception \u00e0 la r\u00e8gle.<\/p>\n<p>Il est \u00e9galement int\u00e9ressant d&rsquo;augmenter tes vid\u00e9os avec des <strong>likes TikTok<\/strong>.<\/p>\n<p>Tu peux <a href=\"https:\/\/www.likes-kopen.nl\/tiktok-likes-kopen\/\">acheter des likes TikTok<\/a> \u00e0 cette fin.<\/p>\n<h2>Pourquoi acheter des vues TikTok ?<\/h2>\n<p>Acheter des vues TikTok garantit que ta vid\u00e9o est vue et regard\u00e9e plus souvent. Tu n&rsquo;obtiendras pas d&rsquo;appr\u00e9ciations de notre part, mais tu pourrais en obtenir d&rsquo;autres.<\/p>\n<p>C&rsquo;est parce que lorsque ta vid\u00e9o TikTok a beaucoup de vues, elle est trouv\u00e9e beaucoup plus rapidement.<\/p>\n<p>En \u00e9tant plus trouvable, tu attires plus d&rsquo;attention, et donc naturellement plus de likes et de followers (adeptes), et cela non pas sur 1 photo mais sur l&rsquo;ensemble de ta cha\u00eene.<\/p>\n<p>Les points de vue peuvent donc avoir une contribution positive !<\/p>\n<h2>Comment commander TikTok Views<\/h2>\n<p>Pour livrer les vues TikTok sur ta vid\u00e9o, nous devons savoir de quelle vid\u00e9o il s&rsquo;agit.<\/p>\n<p>Pour cela, nous avons besoin de ton lien (url).<\/p>\n<p>En utilisant l&rsquo;application TikTok, tu peux copier le lien (lien de partage), et le coller dans notre formulaire de commande.<\/p>\n<ol>\n<li>Va sur l&rsquo;application TikTok et clique sur l&rsquo;ic\u00f4ne de ton profil dans le coin inf\u00e9rieur droit.<\/li>\n<li>Clique sur la vid\u00e9o sur laquelle tu veux les vues<\/li>\n<li>Sur le c\u00f4t\u00e9 droit, tu verras trois points et tu dois cliquer dessus.<\/li>\n<li>Maintenant, s\u00e9lectionne l&rsquo;option \u00ab\u00a0copier le lien\u00a0\u00bb que tu verras sous SHARE OP<\/li>\n<\/ol>\n<p>Maintenant que le lien a \u00e9t\u00e9 copi\u00e9, il te suffit de nous le transmettre.<\/p>\n<p>Tu peux le faire en maintenant la bo\u00eete LINK enfonc\u00e9e sur le champ de commande et en choisissant de coller.<\/p>\n<h2>Les caract\u00e9ristiques de TikTok Views<\/h2>\n<ul>\n<li>D\u00e9lai de livraison 24\/7 : +\/- 1 heure<\/li>\n<li>100% s\u00e9curis\u00e9 pour ton compte<\/li>\n<li>Tu commandes par vid\u00e9o unique<\/li>\n<li>Pour les vid\u00e9os multiples, ajoute le produit avec un nouveau lien.<\/li>\n<li>Garantie de satisfaction \u00e0 100 % pendant 90 jours<\/li>\n<\/ul>\n<p>Tu veux avoir des followers en plus de plus de vues et de likes ? Pour cela, tu peux <a href=\"https:\/\/www.likes-kopen.nl\/tiktok-volgers-kopen\/\">acheter des followers TikTok<\/a>. Tout cela avec notre fameuse garantie de satisfaction de 90 jours \u00e0 100 %.<\/p>\n<div id=\"gtx-trans\" style=\"position: absolute; left: 643px; top: 1393.1px;\">\n<div class=\"gtx-trans-icon\"><\/div>\n<\/div>\n","protected":false},"excerpt":{"rendered":"<p>\u2714\ufe0f<br \/>\n\u2b50Des vues super rapides sur ta vid\u00e9o Garantie de livraison<\/p>\n<div id=\"gtx-trans\" style=\"position: absolute; left: -31px; top: -2px;\">\n<div class=\"gtx-trans-icon\"><\/div>\n<\/div>\n","protected":false},"featured_media":49445,"comment_status":"open","ping_status":"closed","template":"","meta":{"site-sidebar-layout":"default","site-content-layout":"default","ast-site-content-layout":"default","site-content-style":"default","site-sidebar-style":"default","ast-global-header-display":"","ast-banner-title-visibility":"","ast-main-header-display":"","ast-hfb-above-header-display":"","ast-hfb-below-header-display":"","ast-hfb-mobile-header-display":"","site-post-title":"","ast-breadcrumbs-content":"","ast-featured-img":"","footer-sml-layout":"","ast-disable-related-posts":"","theme-transparent-header-meta":"default","adv-header-id-meta":"","stick-header-meta":"default","header-above-stick-meta":"","header-main-stick-meta":"","header-below-stick-meta":"","astra-migrate-meta-layouts":"set","ast-page-background-enabled":"default","ast-page-background-meta":{"desktop":{"background-color":"","background-image":"","background-repeat":"repeat","background-position":"center center","background-size":"auto","background-attachment":"scroll","background-type":"","background-media":"","overlay-type":"","overlay-color":"","overlay-opacity":"","overlay-gradient":""},"tablet":{"background-color":"","background-image":"","background-repeat":"repeat","background-position":"center center","background-size":"auto","background-attachment":"scroll","background-type":"","background-media":"","overlay-type":"","overlay-color":"","overlay-opacity":"","overlay-gradient":""},"mobile":{"background-color":"","background-image":"","background-repeat":"repeat","background-position":"center center","background-size":"auto","background-attachment":"scroll","background-type":"","background-media":"","overlay-type":"","overlay-color":"","overlay-opacity":"","overlay-gradient":""}},"ast-content-background-meta":{"desktop":{"background-color":"var(--ast-global-color-5)","background-image":"","background-repeat":"repeat","background-position":"center center","background-size":"auto","background-attachment":"scroll","background-type":"","background-media":"","overlay-type":"","overlay-color":"","overlay-opacity":"","overlay-gradient":""},"tablet":{"background-color":"var(--ast-global-color-5)","background-image":"","background-repeat":"repeat","background-position":"center center","background-size":"auto","background-attachment":"scroll","background-type":"","background-media":"","overlay-type":"","overlay-color":"","overlay-opacity":"","overlay-gradient":""},"mobile":{"background-color":"var(--ast-global-color-5)","background-image":"","background-repeat":"repeat","background-position":"center center","background-size":"auto","background-attachment":"scroll","background-type":"","background-media":"","overlay-type":"","overlay-color":"","overlay-opacity":"","overlay-gradient":""}}},"product_brand":[],"product_cat":[466],"product_tag":[],"class_list":{"0":"post-51441","1":"product","2":"type-product","3":"status-publish","4":"has-post-thumbnail","6":"product_cat-tiktok-fr","7":"desktop-align-center","8":"tablet-align-center","9":"mobile-align-center","10":"ast-product-gallery-layout-first-image-large","11":"ast-product-gallery-with-no-image","12":"ast-magnify-disabled","13":"ast-product-single-variable","14":"ast-product-tabs-layout-horizontal","16":"first","17":"instock","18":"sale","19":"taxable","20":"shipping-taxable","21":"purchasable","22":"product-type-variable"},"_links":{"self":[{"href":"https:\/\/www.likes-kopen.nl\/fr\/wp-json\/wp\/v2\/product\/51441","targetHints":{"allow":["GET"]}}],"collection":[{"href":"https:\/\/www.likes-kopen.nl\/fr\/wp-json\/wp\/v2\/product"}],"about":[{"href":"https:\/\/www.likes-kopen.nl\/fr\/wp-json\/wp\/v2\/types\/product"}],"replies":[{"embeddable":true,"href":"https:\/\/www.likes-kopen.nl\/fr\/wp-json\/wp\/v2\/comments?post=51441"}],"wp:featuredmedia":[{"embeddable":true,"href":"https:\/\/www.likes-kopen.nl\/fr\/wp-json\/wp\/v2\/media\/49445"}],"wp:attachment":[{"href":"https:\/\/www.likes-kopen.nl\/fr\/wp-json\/wp\/v2\/media?parent=51441"}],"wp:term":[{"taxonomy":"product_brand","embeddable":true,"href":"https:\/\/www.likes-kopen.nl\/fr\/wp-json\/wp\/v2\/product_brand?post=51441"},{"taxonomy":"product_cat","embeddable":true,"href":"https:\/\/www.likes-kopen.nl\/fr\/wp-json\/wp\/v2\/product_cat?post=51441"},{"taxonomy":"product_tag","embeddable":true,"href":"https:\/\/www.likes-kopen.nl\/fr\/wp-json\/wp\/v2\/product_tag?post=51441"}],"curies":[{"name":"wp","href":"https:\/\/api.w.org\/{rel}","templated":true}]}}