{"id":51346,"date":"2020-02-17T14:03:34","date_gmt":"2020-02-17T14:03:34","guid":{"rendered":"https:\/\/www.likes-kopen.nl\/product\/commentaires-sur-tiktok\/"},"modified":"2025-02-07T15:47:18","modified_gmt":"2025-02-07T14:47:18","slug":"acheter-des-commentaires-tiktok","status":"publish","type":"product","link":"https:\/\/www.likes-kopen.nl\/fr\/acheter-des-commentaires-tiktok\/","title":{"rendered":"TikTok Commentaires Acheter"},"content":{"rendered":"<p>Acheter des r\u00e9actions TikTok ? Fais-le avec nous ! Sache que l&rsquo;achat de r\u00e9actions n&rsquo;est pas autoris\u00e9 par TikTok et que tu peux courir des risques en utilisant ce produit.<\/p>\n<h2>Pourquoi devrais-tu acheter des commentaires TikTok ?<\/h2>\n<p>Les commentaires TikTok sont pr\u00e9cieux car ils donnent plus de visibilit\u00e9 \u00e0 ta vid\u00e9o. En outre, cela indique \u00e9galement aux nouveaux spectateurs que ta vid\u00e9o vaut la peine d&rsquo;\u00eatre regard\u00e9e. Apr\u00e8s tout, une vid\u00e9o TikTok avec beaucoup de r\u00e9actions respire la popularit\u00e9. C&rsquo;est souvent ce que pensent les personnes qui ach\u00e8tent des r\u00e9ponses pour leurs vid\u00e9os TikTok.<\/p>\n<h2>Comment acheter des commentaires TikTok ?<\/h2>\n<p>Pour envoyer des r\u00e9ponses \u00e0 ta vid\u00e9o, nous avons besoin d&rsquo;un lien depuis la vid\u00e9o. Va sur l&rsquo;application <a href=\"https:\/\/www.likes-kopen.nl\/tiktok\/\">TikTok<\/a> et clique sur ton profil. Ensuite, clique sur la vid\u00e9o et appuie sur les 3 points. Tu auras alors la possibilit\u00e9 de <span style=\"text-decoration: underline;\">copier un lien<\/span>. Nous avons besoin de ce lien pour ton envoi. C&rsquo;est ainsi que nous savons sur quelle vid\u00e9o tu veux recevoir les r\u00e9ponses TikTok. Tu peux coller le lien ci-dessus si tu ach\u00e8tes les r\u00e9ponses TikTok.<\/p>\n<h2>Les caract\u00e9ristiques des r\u00e9actions sur TikTok (commentaires)<\/h2>\n<ul>\n<li>Le d\u00e9lai de livraison est d&rsquo;environ 24 heures avant que tout soit livr\u00e9.<\/li>\n<li>St stable \u00e0 99.9% stable<\/li>\n<li>Les commentaires sont enti\u00e8rement al\u00e9atoires et proviennent de personnes \u00e0 l&rsquo;\u00e9tranger<\/li>\n<\/ul>\n<p>En plus des commentaires TikTok, tu peux aussi acheter des <a href=\"https:\/\/www.likes-kopen.nl\/tiktok-volgers-kopen\/\">followers TikTok<\/a> ou <a href=\"https:\/\/www.likes-kopen.nl\/tiktok-likes-kopen\/\">acheter des likes TikTok<\/a> pour ton profil et acheter des vid\u00e9os.<\/p>\n<p>&nbsp;<\/p>\n<div id=\"gtx-trans\" style=\"position: absolute; left: 734px; top: 222.578px;\">\n<div class=\"gtx-trans-icon\"><\/div>\n<\/div>\n","protected":false},"excerpt":{"rendered":"<p>\u2714\ufe0fSnel Acheter des r\u00e9actions TikTok ?<br \/>\n\u2b50Garantie de livraison<\/p>\n","protected":false},"featured_media":49496,"comment_status":"open","ping_status":"closed","template":"","meta":{"site-sidebar-layout":"default","site-content-layout":"default","ast-site-content-layout":"default","site-content-style":"default","site-sidebar-style":"default","ast-global-header-display":"","ast-banner-title-visibility":"","ast-main-header-display":"","ast-hfb-above-header-display":"","ast-hfb-below-header-display":"","ast-hfb-mobile-header-display":"","site-post-title":"","ast-breadcrumbs-content":"","ast-featured-img":"","footer-sml-layout":"","ast-disable-related-posts":"","theme-transparent-header-meta":"default","adv-header-id-meta":"","stick-header-meta":"default","header-above-stick-meta":"","header-main-stick-meta":"","header-below-stick-meta":"","astra-migrate-meta-layouts":"set","ast-page-background-enabled":"default","ast-page-background-meta":{"desktop":{"background-color":"","background-image":"","background-repeat":"repeat","background-position":"center center","background-size":"auto","background-attachment":"scroll","background-type":"","background-media":"","overlay-type":"","overlay-color":"","overlay-opacity":"","overlay-gradient":""},"tablet":{"background-color":"","background-image":"","background-repeat":"repeat","background-position":"center center","background-size":"auto","background-attachment":"scroll","background-type":"","background-media":"","overlay-type":"","overlay-color":"","overlay-opacity":"","overlay-gradient":""},"mobile":{"background-color":"","background-image":"","background-repeat":"repeat","background-position":"center center","background-size":"auto","background-attachment":"scroll","background-type":"","background-media":"","overlay-type":"","overlay-color":"","overlay-opacity":"","overlay-gradient":""}},"ast-content-background-meta":{"desktop":{"background-color":"var(--ast-global-color-5)","background-image":"","background-repeat":"repeat","background-position":"center center","background-size":"auto","background-attachment":"scroll","background-type":"","background-media":"","overlay-type":"","overlay-color":"","overlay-opacity":"","overlay-gradient":""},"tablet":{"background-color":"var(--ast-global-color-5)","background-image":"","background-repeat":"repeat","background-position":"center center","background-size":"auto","background-attachment":"scroll","background-type":"","background-media":"","overlay-type":"","overlay-color":"","overlay-opacity":"","overlay-gradient":""},"mobile":{"background-color":"var(--ast-global-color-5)","background-image":"","background-repeat":"repeat","background-position":"center center","background-size":"auto","background-attachment":"scroll","background-type":"","background-media":"","overlay-type":"","overlay-color":"","overlay-opacity":"","overlay-gradient":""}}},"product_brand":[],"product_cat":[466],"product_tag":[5719,5717,5718,824],"class_list":{"0":"post-51346","1":"product","2":"type-product","3":"status-publish","4":"has-post-thumbnail","6":"product_cat-tiktok-fr","7":"product_tag-acheter-des-reactions","8":"product_tag-acheter-tiktok-reactions","9":"product_tag-reactions-des-tiktoks","10":"product_tag-tiktok-fr","11":"desktop-align-center","12":"tablet-align-center","13":"mobile-align-center","14":"ast-product-gallery-layout-first-image-large","15":"ast-product-gallery-with-no-image","16":"ast-magnify-disabled","17":"ast-product-single-variable","18":"ast-product-tabs-layout-horizontal","20":"first","21":"instock","22":"sale","23":"taxable","24":"shipping-taxable","25":"purchasable","26":"product-type-variable"},"_links":{"self":[{"href":"https:\/\/www.likes-kopen.nl\/fr\/wp-json\/wp\/v2\/product\/51346","targetHints":{"allow":["GET"]}}],"collection":[{"href":"https:\/\/www.likes-kopen.nl\/fr\/wp-json\/wp\/v2\/product"}],"about":[{"href":"https:\/\/www.likes-kopen.nl\/fr\/wp-json\/wp\/v2\/types\/product"}],"replies":[{"embeddable":true,"href":"https:\/\/www.likes-kopen.nl\/fr\/wp-json\/wp\/v2\/comments?post=51346"}],"wp:featuredmedia":[{"embeddable":true,"href":"https:\/\/www.likes-kopen.nl\/fr\/wp-json\/wp\/v2\/media\/49496"}],"wp:attachment":[{"href":"https:\/\/www.likes-kopen.nl\/fr\/wp-json\/wp\/v2\/media?parent=51346"}],"wp:term":[{"taxonomy":"product_brand","embeddable":true,"href":"https:\/\/www.likes-kopen.nl\/fr\/wp-json\/wp\/v2\/product_brand?post=51346"},{"taxonomy":"product_cat","embeddable":true,"href":"https:\/\/www.likes-kopen.nl\/fr\/wp-json\/wp\/v2\/product_cat?post=51346"},{"taxonomy":"product_tag","embeddable":true,"href":"https:\/\/www.likes-kopen.nl\/fr\/wp-json\/wp\/v2\/product_tag?post=51346"}],"curies":[{"name":"wp","href":"https:\/\/api.w.org\/{rel}","templated":true}]}}