{"id":51345,"date":"2021-03-27T23:12:38","date_gmt":"2021-03-27T22:12:38","guid":{"rendered":"https:\/\/www.likes-kopen.nl\/product\/les-vues-youtube-avec-le-temps-de-visionnage\/"},"modified":"2025-01-18T16:12:22","modified_gmt":"2025-01-18T15:12:22","slug":"acheter-des-vues-youtube-avec-le-temps-de-visionnage","status":"publish","type":"product","link":"https:\/\/www.likes-kopen.nl\/fr\/acheter-des-vues-youtube-avec-le-temps-de-visionnage\/","title":{"rendered":"Acheter des vues YouTube avec le temps de visionnage <\/br> <h2><span style=\"color : #ae60e1 ;\">Livr\u00e9 Directement<\/span> \ud83d\ude80<\/h2>"},"content":{"rendered":"<div class=\"wpb-content-wrapper\"><p>[vc_row][vc_column][vc_column_text]L&rsquo;achat de vues sur YouTube avec une dur\u00e9e de visionnage se fait \u00e0 tes risques et p\u00e9rils. Selon les conditions d&rsquo;utilisation de YouTube, tu n&rsquo;as pas le droit d&rsquo;augmenter artificiellement le nombre de vues et ta dur\u00e9e de visionnage.<\/p>\n<h2>Acheter des vues Youtube avec le temps de visionnage<\/h2>\n<p>Avec nous, tu peux acheter des vues YouTube avec temps de visionnage pour obtenir facilement et rapidement que ta vid\u00e9o soit vue beaucoup et longtemps. Cela te permet aussi d&rsquo;obtenir beaucoup de temps de visionnage, ce qui donne un bon coup de pouce \u00e0 ta vid\u00e9o et \u00e0 ta cha\u00eene. En moyenne, une vue g\u00e9n\u00e8re 4,5 \u00e0 5 minutes de temps de visionnage. Tu veux atteindre une dur\u00e9e d&rsquo;affichage de 4 000 heures ? Alors choisis 50 000 vues !<\/p>\n<p>Note que ta vid\u00e9o doit durer au moins 30 minutes pour b\u00e9n\u00e9ficier du temps de visionnement maximal. Si ta vid\u00e9o dure moins de 30 minutes, tu peux quand m\u00eame passer une commande, mais la dur\u00e9e de visionnage sera plus courte.<\/p>\n<h2>D\u00e9sactiver la restriction d&rsquo;\u00e2ge<\/h2>\n<p>Pour atteindre les spectateurs, la restriction d&rsquo;\u00e2ge de la vid\u00e9o doit \u00eatre d\u00e9sactiv\u00e9e. Il est important que la vid\u00e9o soit adapt\u00e9e \u00e0 tous les \u00e2ges. V\u00e9rifie \u00e0 nouveau en cas de doute.<\/p>\n<h2>Comment augmenter ma dur\u00e9e de visionnage sur YouTube ?<\/h2>\n<p>Tu peux facilement et rapidement acheter plus de temps de visionnage pour tes vid\u00e9os, en augmentant rapidement le nombre de vues et ta dur\u00e9e totale de visionnage. Les vid\u00e9os qui sont regard\u00e9es plus longtemps sont mieux class\u00e9es, ce qui leur donne plus d&rsquo;attention. Plus d&rsquo;attention, \u00e0 son tour, entra\u00eene plus de vues, de likes et d&rsquo;autres avantages. Il est donc logique d&rsquo;acheter des vues avec la dur\u00e9e de visionnage de ta vid\u00e9o !  <img decoding=\"async\" class=\"size-full wp-image-11721 alignright\" src=\"https:\/\/www.likes-kopen.nl\/wp-content\/uploads\/2014\/07\/meer-youtube-weergaven.jpg\" alt=\"Acheter des vues YouTube\" width=\"300\" height=\"409\" srcset=\"https:\/\/www.likes-kopen.nl\/wp-content\/uploads\/2014\/07\/meer-youtube-weergaven.jpg 300w, https:\/\/www.likes-kopen.nl\/wp-content\/uploads\/2014\/07\/meer-youtube-weergaven-220x300.jpg 220w\" sizes=\"(max-width: 300px) 100vw, 300px\" \/><\/p>\n<ul>\n<li>\u00c0 partir de 1 000 vues.<\/li>\n<li>Origine des t\u00e9l\u00e9spectateurs : International<\/li>\n<li>100 % de vues YouTube de haute qualit\u00e9 avec dur\u00e9e de visionnage.<\/li>\n<li>Livraison rapide en. Un petit nombre dans les 24 heures est normal.<\/li>\n<li>Garantie de livraison \u00e0 100%.<\/li>\n<li>Toujours la meilleure qualit\u00e9<\/li>\n<li>Longue dur\u00e9e d&rsquo;affichage d&rsquo;environ 4,5 \u00e0 5 minutes<\/li>\n<li>Convient pour Google Adsense<\/li>\n<\/ul>\n<p>En plus des vues avec la dur\u00e9e de visionnage, tu peux aussi acheter d&rsquo;autres produits YouTube sur Likes-buying, par exemple des <a href=\"https:\/\/www.likes-kopen.nl\/fr\/youtube-abonnees-kopen-3\/\">abonn\u00e9s YouTube<\/a> ou des <a href=\"https:\/\/www.likes-kopen.nl\/youtube-likes-kopen\/\">likes YouTube<\/a>.<\/p>\n<h2>Acheter du temps de visionnage n&rsquo;a jamais \u00e9t\u00e9 aussi facile<\/h2>\n<p>Il est tr\u00e8s facile d&rsquo;acheter 500, 1 000, 2 000 ou m\u00eame plus d&rsquo;heures de visionnage pour ta vid\u00e9o YouTube ! Ces vues avec le temps de visionnage associ\u00e9 sont livr\u00e9es rapidement et les commander est facile et abordable.<\/p>\n<p>As-tu r\u00e9alis\u00e9 une vid\u00e9o g\u00e9niale qui m\u00e9rite plus d&rsquo;attention ? C&rsquo;est alors le moyen de faire ressortir ta vid\u00e9o. Nous fournissons des vues de haute qualit\u00e9 <strong>avec une longue dur\u00e9e de visionnage<\/strong>, ce qui se traduit par plus de temps de visionnage pour toi ! <a href=\"https:\/\/www.likes-kopen.nl\/youtube-views-kopen\/\">Acheter des vues YouTube<\/a> donne \u00e0 ta vid\u00e9o l&rsquo;aspect id\u00e9al de popularit\u00e9 et de professionnalisme.<\/p>\n<h2>Programme de partenariat YouTube<\/h2>\n<p>Si tu veux gagner de l&rsquo;argent avec les publicit\u00e9s YouTube (Adsense), l&rsquo;achat de vues avec le temps de visionnage peut aussi contribuer \u00e0 cet objectif. Avec l&rsquo;aide de nos vues, tu atteindras plus rapidement le temps de visionnage requis, ce qui te permettra de gagner plus d&rsquo;argent avec tes vid\u00e9os et ta cha\u00eene YouTube.<\/p>\n<h2>Augmente ta port\u00e9e et ta popularit\u00e9 gr\u00e2ce \u00e0 nos points de vue et \u00e0 nos services<\/h2>\n<p><img decoding=\"async\" class=\"alignright size-full wp-image-11720\" src=\"https:\/\/www.likes-kopen.nl\/wp-content\/uploads\/\/2014\/07\/youtube-content.jpg\" alt=\"contenu vid\u00e9o youtube\" width=\"300\" height=\"221\"><\/p>\n<p>Fournir du contenu est essentiel, en particulier sur YouTube, lorsqu&rsquo;il s&rsquo;agit de cr\u00e9er des vid\u00e9os pour ta cha\u00eene. De plus, tu peux utiliser tes autres canaux de m\u00e9dias sociaux, comme Instagram, pour cr\u00e9er un lien vers ta cha\u00eene YouTube. Par exemple, publie un court extrait dans tes Insta Stories pour faire savoir aux gens qu&rsquo;il y a une nouvelle vid\u00e9o. La fonction \u00ab\u00a0swipe up\u00a0\u00bb est souvent utilis\u00e9e \u00e0 cette fin (peut n\u00e9cessiter 10 000 followers Instagram).<\/p>\n<p>Tu veux plus de vues et de temps de visionnage pour ta vid\u00e9o YouTube ? Alors n&rsquo;attends plus et commande tes vues sur cette page.<\/p>\n<h2>Veux-tu vraiment exceller sur YouTube ?<\/h2>\n<p>Choisis donc nos <a href=\"https:\/\/www.likes-kopen.nl\/youtube-reacties-kopen\/\">commentaires YouTube<\/a>, nos <a href=\"https:\/\/www.likes-kopen.nl\/youtube-likes-kopen\/\">likes YouTube<\/a> et nos <a href=\"https:\/\/www.likes-kopen.nl\/fr\/youtube-abonnees-kopen-3\/\">abonn\u00e9s YouTube<\/a>. Cet ensemble complet t&rsquo;aide \u00e0 tout faire pousser. Ton nombre d&rsquo;abonn\u00e9s augmente, tu as plus de vues (views), plus de likes et de commentaires. C&rsquo;est l&rsquo;ensemble complet pour faire grandir ta cha\u00eene \u00e0 la vitesse de l&rsquo;\u00e9clair. Ce qui pourrait normalement prendre des semaines, des mois ou m\u00eame des ann\u00e9es, tu peux maintenant le faire en deux jours. Comme c&rsquo;est rapide ! Es-tu pr\u00eat \u00e0 te d\u00e9velopper gr\u00e2ce \u00e0 YouTube et \u00e0 faire la diff\u00e9rence ?<\/p>\n<p>D\u00e8s que nous recevons ta commande, nous nous mettons directement au travail. Notre \u00e9quipe d&rsquo;assistance est \u00e0 ta disposition si tu as des questions. Nous r\u00e9pondons volontiers \u00e0 tes questions pour que tu puisses commencer \u00e0 d\u00e9velopper ta cha\u00eene YouTube le plus rapidement possible.<\/p>\n<h2>Pr\u00eat \u00e0 passer plus de temps sur YouTube ?<\/h2>\n<p><img decoding=\"async\" class=\"alignright size-full wp-image-11722\" src=\"https:\/\/www.likes-kopen.nl\/wp-content\/uploads\/\/2014\/07\/groter-bereik-youtube.jpg\" alt=\"wider reach youtube\" width=\"300\" height=\"157\"><\/p>\n<p>\u00c9largis ta port\u00e9e en ligne gr\u00e2ce \u00e0 nos services. Qu&rsquo;il s&rsquo;agisse de YouTube ou de pratiquement n&rsquo;importe quel autre canal de m\u00e9dias sociaux, nous proposons des forfaits qui te permettent de te d\u00e9velopper en ligne. Par exemple, as-tu une page Facebook qui a moins de likes que ta cha\u00eene YouTube ? Avec nos forfaits, tu peux obtenir plus de likes instantan\u00e9ment.<\/p>\n<h2>Le pouce en l&rsquo;air !<\/h2>\n<p>Tu connais la chanson, au d\u00e9but ou \u00e0 la fin de ta vid\u00e9o, tu dis aux spectateurs qu&rsquo;ils peuvent s&rsquo;abonner \u00e0 ta cha\u00eene pour ne manquer aucune vid\u00e9o ! Mais est-ce que tout le monde \u00e9coute et fait le suivi ? Malheureusement non, si seulement c&rsquo;\u00e9tait le cas. Tu aurais alors un abonn\u00e9 suppl\u00e9mentaire pour chaque spectateur. Mais tu peux faire en sorte que tes vid\u00e9os obtiennent beaucoup de vues, en les rendant automatiquement plus int\u00e9ressantes pour le public.<\/p>\n<h2>Tu veux que tes vid\u00e9os attirent davantage l&rsquo;attention ?<\/h2>\n<p>Il peut \u00eatre difficile de se d\u00e9marquer parmi les nombreuses vid\u00e9os YouTube, m\u00eame si tu as d\u00e9j\u00e0 quelques spectateurs. Mais il existe des moyens l\u00e9gitimes de d\u00e9velopper ta cha\u00eene. L&rsquo;augmentation de ta port\u00e9e d\u00e9pend de plusieurs facteurs, tels que les likes, les vues et les commentaires. Si ta vid\u00e9o a beaucoup de likes, de commentaires et de vues, elle a plus de chances de devenir populaire et tendance sur YouTube ! Tu peux booster toi-m\u00eame ta vid\u00e9o et faire en sorte qu&rsquo;elle soit sous les feux de la rampe. Commande maintenant 10 000 vues avec temps de visionnage pour ta vid\u00e9o et augmente tes chances de succ\u00e8s !<\/p>\n<h2>Les YouTubers c\u00e9l\u00e8bres ach\u00e8tent aussi des vues avec le temps de visionnage<\/h2>\n<p><img decoding=\"async\" class=\"alignright size-full wp-image-11724\" src=\"https:\/\/www.likes-kopen.nl\/wp-content\/uploads\/\/2014\/07\/bekende-mensen-kopen-youtube-views.jpg\" alt=\"Les gens c\u00e9l\u00e8bres ach\u00e8tent des vues sur youtube\" width=\"300\" height=\"180\">Cela peut te surprendre, de nos jours, tout le monde le fait. Il existe de nombreuses cha\u00eenes YouTube importantes qui commandent des commentaires, des likes et des vues avec r\u00e9gularit\u00e9. Alors pourquoi rester \u00e0 la tra\u00eene ?<\/p>\n<p>Le raisonnement est le suivant : les gens pr\u00e9f\u00e8rent regarder une vid\u00e9o qui a d\u00e9j\u00e0 \u00e9t\u00e9 visionn\u00e9e 50 000 fois plut\u00f4t que 50. Tu le ferais toi-m\u00eame, n&rsquo;est-ce pas ? Ainsi, acheter des vues YouTube avec la dur\u00e9e de visionnage est l&rsquo;une de ces m\u00e9thodes pour obtenir plus de vues rapidement. Tu rends ta vid\u00e9o int\u00e9ressante gr\u00e2ce \u00e0 cela ! Alors va chercher ces 10 000 vues maintenant ![\/vc_column_text][\/vc_column][\/vc_row][vc_row css=\u00a0\u00bb.vc_custom_1598943505858{background-color: #eeeeee !important;}\u00a0\u00bb][vc_column][vc_btn title=\u00a0\u00bbAcheter des vues sur YouTube avec la dur\u00e9e de visionnage\u00a0\u00bb color=\u00a0\u00bbgreen\u00a0\u00bb size=\u00a0\u00bblg\u00a0\u00bb align=\u00a0\u00bbcenter\u00a0\u00bb link=\u00a0\u00bburl:%23youtube-views-bestellen|\u00a0\u00bb css=\u00a0\u00bb.vc_custom_1688995607061{margin-top: -5px !important;}\u00a0\u00bb][\/vc_column][\/vc_row][vc_row][vc_column][vc_zigzag][\/vc_column][\/vc_row][vc_row][vc_column][vc_masonry_grid post_type=\u00a0\u00bbproduct\u00a0\u00bb max_items=\u00a0\u00bb4&Prime; element_width=\u00a0\u00bb3&Prime; grid_id=\u00a0\u00bbvc_gid:1688995567736-fe4e7ad5-1cf1-4&Prime; taxonomies=\u00a0\u00bb31&Prime;][\/vc_column][\/vc_row]<\/p>\n<\/div>","protected":false},"excerpt":{"rendered":"<p><a name=\"youtube-views-bestellen\"><\/a><br \/>\n\u2705 Ach\u00e8te des vues avec une dur\u00e9e de visionnage pour ta vid\u00e9o YouTube<br \/>\n\u2b50 Dur\u00e9e de visionnage de 4,5 \u00e0 5 minutes par vue<br \/>\n\u2b50 La vid\u00e9o doit durer <strong>30 minutes<\/strong> pour b\u00e9n\u00e9ficier d&rsquo;une dur\u00e9e de visionnage compl\u00e8te.<\/p>\n<div id=\"gtx-trans\" style=\"position: absolute; left: 167px; top: 134.109px;\">\n<div class=\"gtx-trans-icon\"><\/div>\n<\/div>\n","protected":false},"featured_media":49460,"comment_status":"open","ping_status":"closed","template":"","meta":{"site-sidebar-layout":"no-sidebar","site-content-layout":"plain-container","ast-site-content-layout":"default","site-content-style":"default","site-sidebar-style":"default","ast-global-header-display":"","ast-banner-title-visibility":"","ast-main-header-display":"","ast-hfb-above-header-display":"","ast-hfb-below-header-display":"","ast-hfb-mobile-header-display":"","site-post-title":"disabled","ast-breadcrumbs-content":"","ast-featured-img":"disabled","footer-sml-layout":"","ast-disable-related-posts":"","theme-transparent-header-meta":"default","adv-header-id-meta":"","stick-header-meta":"default","header-above-stick-meta":"","header-main-stick-meta":"","header-below-stick-meta":"","astra-migrate-meta-layouts":"set","ast-page-background-enabled":"default","ast-page-background-meta":{"desktop":{"background-color":"","background-image":"","background-repeat":"repeat","background-position":"center center","background-size":"auto","background-attachment":"scroll","background-type":"","background-media":"","overlay-type":"","overlay-color":"","overlay-opacity":"","overlay-gradient":""},"tablet":{"background-color":"","background-image":"","background-repeat":"repeat","background-position":"center center","background-size":"auto","background-attachment":"scroll","background-type":"","background-media":"","overlay-type":"","overlay-color":"","overlay-opacity":"","overlay-gradient":""},"mobile":{"background-color":"","background-image":"","background-repeat":"repeat","background-position":"center center","background-size":"auto","background-attachment":"scroll","background-type":"","background-media":"","overlay-type":"","overlay-color":"","overlay-opacity":"","overlay-gradient":""}},"ast-content-background-meta":{"desktop":{"background-color":"var(--ast-global-color-5)","background-image":"","background-repeat":"repeat","background-position":"center center","background-size":"auto","background-attachment":"scroll","background-type":"","background-media":"","overlay-type":"","overlay-color":"","overlay-opacity":"","overlay-gradient":""},"tablet":{"background-color":"var(--ast-global-color-5)","background-image":"","background-repeat":"repeat","background-position":"center center","background-size":"auto","background-attachment":"scroll","background-type":"","background-media":"","overlay-type":"","overlay-color":"","overlay-opacity":"","overlay-gradient":""},"mobile":{"background-color":"var(--ast-global-color-5)","background-image":"","background-repeat":"repeat","background-position":"center center","background-size":"auto","background-attachment":"scroll","background-type":"","background-media":"","overlay-type":"","overlay-color":"","overlay-opacity":"","overlay-gradient":""}}},"product_brand":[],"product_cat":[464],"product_tag":[],"class_list":{"0":"post-51345","1":"product","2":"type-product","3":"status-publish","4":"has-post-thumbnail","6":"product_cat-youtube-fr","7":"desktop-align-center","8":"tablet-align-center","9":"mobile-align-center","10":"ast-product-gallery-layout-first-image-large","11":"ast-product-gallery-with-no-image","12":"ast-magnify-disabled","13":"ast-product-single-variable","14":"ast-product-tabs-layout-horizontal","16":"first","17":"instock","18":"sale","19":"taxable","20":"shipping-taxable","21":"purchasable","22":"product-type-variable"},"_links":{"self":[{"href":"https:\/\/www.likes-kopen.nl\/fr\/wp-json\/wp\/v2\/product\/51345","targetHints":{"allow":["GET"]}}],"collection":[{"href":"https:\/\/www.likes-kopen.nl\/fr\/wp-json\/wp\/v2\/product"}],"about":[{"href":"https:\/\/www.likes-kopen.nl\/fr\/wp-json\/wp\/v2\/types\/product"}],"replies":[{"embeddable":true,"href":"https:\/\/www.likes-kopen.nl\/fr\/wp-json\/wp\/v2\/comments?post=51345"}],"wp:featuredmedia":[{"embeddable":true,"href":"https:\/\/www.likes-kopen.nl\/fr\/wp-json\/wp\/v2\/media\/49460"}],"wp:attachment":[{"href":"https:\/\/www.likes-kopen.nl\/fr\/wp-json\/wp\/v2\/media?parent=51345"}],"wp:term":[{"taxonomy":"product_brand","embeddable":true,"href":"https:\/\/www.likes-kopen.nl\/fr\/wp-json\/wp\/v2\/product_brand?post=51345"},{"taxonomy":"product_cat","embeddable":true,"href":"https:\/\/www.likes-kopen.nl\/fr\/wp-json\/wp\/v2\/product_cat?post=51345"},{"taxonomy":"product_tag","embeddable":true,"href":"https:\/\/www.likes-kopen.nl\/fr\/wp-json\/wp\/v2\/product_tag?post=51345"}],"curies":[{"name":"wp","href":"https:\/\/api.w.org\/{rel}","templated":true}]}}