{"id":269015,"date":"2023-12-06T06:56:18","date_gmt":"2023-12-06T05:56:18","guid":{"rendered":"https:\/\/www.likes-kopen.nl\/?post_type=product&#038;p=269015"},"modified":"2025-01-23T04:51:38","modified_gmt":"2025-01-23T03:51:38","slug":"acheter-des-partages-tiktok","status":"publish","type":"product","link":"https:\/\/www.likes-kopen.nl\/fr\/acheter-des-partages-tiktok\/","title":{"rendered":"Ach\u00e8te des actions TikTok"},"content":{"rendered":"<h1>Ach\u00e8te des actions TikTok<\/h1>\n<p>Ach\u00e8te des actions TikTok ? Ici, tu peux le faire ! Ce que nous devons te dire, c&rsquo;est que l&rsquo;achat d&rsquo;actions n&rsquo;est pas conforme aux directives de <a href=\"https:\/\/www.likes-kopen.nl\/tiktok\/\">TikTok<\/a> et que notre produit n&rsquo;est donc pas sans risque \u00e0 100 %.<\/p>\n<p>Les partages TikTok permettent de partager ta vid\u00e9o TikTok. Les partages permettent de faire conna\u00eetre ta vid\u00e9o \u00e0 un nouveau public. <\/p>\n<h2>Plus de likes sur ta vid\u00e9o ? Cela aussi est possible !<\/h2>\n<p>Tu veux plus de likes sur ta vid\u00e9o TikTok ? Nous pouvons aussi nous occuper de cela.<\/p>\n<p>Apr\u00e8s tout, tu peux aussi <a href=\"https:\/\/www.likes-kopen.nl\/tiktok-likes-kopen\/\">acheter des likes TikTok<\/a> s\u00e9par\u00e9ment.<\/p>\n<p>Nous les livrons \u00e0 la vitesse de l&rsquo;\u00e9clair avec garantie !<\/p>\n<p>En plus des likes, tu peux aussi booster ton profil gr\u00e2ce \u00e0 nos followers TikTok.<\/p>\n<p>Pour cela, tu peux <a href=\"https:\/\/www.likes-kopen.nl\/tiktok-volgers-kopen\/\">acheter des followers TikTok<\/a>.<\/p>\n<p>Toujours sur TikTok followers, tu b\u00e9n\u00e9ficieras de notre fameuse garantie de satisfaction de 90 jours \u00e0 100 % !<\/p>\n<div id=\"gtx-trans\" style=\"position: absolute; left: 643px; top: 1393.1px;\">\n<div class=\"gtx-trans-icon\"><\/div>\n<\/div>\n<h2>Remise sur ta prochaine commande ?<\/h2>\n<p>Cr\u00e9e un compte gratuit avec nous et re\u00e7ois des points de fid\u00e9lit\u00e9 \u00e0 chaque commande.<\/p>\n<p>Ces points de fid\u00e9lit\u00e9 seront stock\u00e9s dans ton compte.<\/p>\n<p>La prochaine fois que tu viendras faire tes courses chez nous, tu pourras \u00e9changer ces points contre des r\u00e9ductions imm\u00e9diatement.<\/p>\n<p>Ainsi, tu seras encore moins ch\u00e8re sur ta prochaine commande, ou tu ach\u00e8teras tout \u00e0 fait gratuitement !<\/p>\n","protected":false},"excerpt":{"rendered":"<p>Booste tes vid\u00e9os TikTok avec des milliers de partages. Ach\u00e8te facilement des parts TikTok et augmente ta port\u00e9e instantan\u00e9ment !<\/p>\n<p><strong>Les avantages de Likes-buying en un coup d&rsquo;\u0153il :<\/strong><br \/>\n\u2705<br \/>\n\ud83d\udcb0<br \/>\n\ud83d\udd12<br \/>\n\ud83d\ude80 Fiable, plus de 9 ans d&rsquo;exp\u00e9rience Meilleur rapport qualit\u00e9-prix 100 % s\u00fbr, aucun identifiant requis Livraison super rapide et biologique.<\/p>\n","protected":false},"featured_media":55373,"comment_status":"open","ping_status":"closed","template":"","meta":{"site-sidebar-layout":"default","site-content-layout":"default","ast-site-content-layout":"default","site-content-style":"default","site-sidebar-style":"default","ast-global-header-display":"","ast-banner-title-visibility":"","ast-main-header-display":"","ast-hfb-above-header-display":"","ast-hfb-below-header-display":"","ast-hfb-mobile-header-display":"","site-post-title":"","ast-breadcrumbs-content":"","ast-featured-img":"","footer-sml-layout":"","ast-disable-related-posts":"","theme-transparent-header-meta":"default","adv-header-id-meta":"","stick-header-meta":"default","header-above-stick-meta":"","header-main-stick-meta":"","header-below-stick-meta":"","astra-migrate-meta-layouts":"set","ast-page-background-enabled":"default","ast-page-background-meta":{"desktop":{"background-color":"","background-image":"","background-repeat":"repeat","background-position":"center center","background-size":"auto","background-attachment":"scroll","background-type":"","background-media":"","overlay-type":"","overlay-color":"","overlay-opacity":"","overlay-gradient":""},"tablet":{"background-color":"","background-image":"","background-repeat":"repeat","background-position":"center center","background-size":"auto","background-attachment":"scroll","background-type":"","background-media":"","overlay-type":"","overlay-color":"","overlay-opacity":"","overlay-gradient":""},"mobile":{"background-color":"","background-image":"","background-repeat":"repeat","background-position":"center center","background-size":"auto","background-attachment":"scroll","background-type":"","background-media":"","overlay-type":"","overlay-color":"","overlay-opacity":"","overlay-gradient":""}},"ast-content-background-meta":{"desktop":{"background-color":"var(--ast-global-color-5)","background-image":"","background-repeat":"repeat","background-position":"center center","background-size":"auto","background-attachment":"scroll","background-type":"","background-media":"","overlay-type":"","overlay-color":"","overlay-opacity":"","overlay-gradient":""},"tablet":{"background-color":"var(--ast-global-color-5)","background-image":"","background-repeat":"repeat","background-position":"center center","background-size":"auto","background-attachment":"scroll","background-type":"","background-media":"","overlay-type":"","overlay-color":"","overlay-opacity":"","overlay-gradient":""},"mobile":{"background-color":"var(--ast-global-color-5)","background-image":"","background-repeat":"repeat","background-position":"center center","background-size":"auto","background-attachment":"scroll","background-type":"","background-media":"","overlay-type":"","overlay-color":"","overlay-opacity":"","overlay-gradient":""}}},"product_brand":[],"product_cat":[466],"product_tag":[],"class_list":{"0":"post-269015","1":"product","2":"type-product","3":"status-publish","4":"has-post-thumbnail","6":"product_cat-tiktok-fr","7":"desktop-align-center","8":"tablet-align-center","9":"mobile-align-center","10":"ast-product-gallery-layout-first-image-large","11":"ast-product-gallery-with-no-image","12":"ast-magnify-disabled","13":"ast-product-single-variable","14":"ast-product-tabs-layout-horizontal","16":"first","17":"instock","18":"sale","19":"taxable","20":"shipping-taxable","21":"purchasable","22":"product-type-variable"},"_links":{"self":[{"href":"https:\/\/www.likes-kopen.nl\/fr\/wp-json\/wp\/v2\/product\/269015","targetHints":{"allow":["GET"]}}],"collection":[{"href":"https:\/\/www.likes-kopen.nl\/fr\/wp-json\/wp\/v2\/product"}],"about":[{"href":"https:\/\/www.likes-kopen.nl\/fr\/wp-json\/wp\/v2\/types\/product"}],"replies":[{"embeddable":true,"href":"https:\/\/www.likes-kopen.nl\/fr\/wp-json\/wp\/v2\/comments?post=269015"}],"wp:featuredmedia":[{"embeddable":true,"href":"https:\/\/www.likes-kopen.nl\/fr\/wp-json\/wp\/v2\/media\/55373"}],"wp:attachment":[{"href":"https:\/\/www.likes-kopen.nl\/fr\/wp-json\/wp\/v2\/media?parent=269015"}],"wp:term":[{"taxonomy":"product_brand","embeddable":true,"href":"https:\/\/www.likes-kopen.nl\/fr\/wp-json\/wp\/v2\/product_brand?post=269015"},{"taxonomy":"product_cat","embeddable":true,"href":"https:\/\/www.likes-kopen.nl\/fr\/wp-json\/wp\/v2\/product_cat?post=269015"},{"taxonomy":"product_tag","embeddable":true,"href":"https:\/\/www.likes-kopen.nl\/fr\/wp-json\/wp\/v2\/product_tag?post=269015"}],"curies":[{"name":"wp","href":"https:\/\/api.w.org\/{rel}","templated":true}]}}