{"id":267390,"date":"2023-11-13T08:05:06","date_gmt":"2023-11-13T07:05:06","guid":{"rendered":"https:\/\/www.likes-kopen.nl\/?post_type=product&#038;p=267390"},"modified":"2025-01-16T10:42:21","modified_gmt":"2025-01-16T09:42:21","slug":"acheter-des-followers-tiktok-neerlandais","status":"publish","type":"product","link":"https:\/\/www.likes-kopen.nl\/fr\/acheter-des-followers-tiktok-neerlandais\/","title":{"rendered":"Ach\u00e8te des followers TikTok n\u00e9erlandais \ud83c\uddf3\ud83c\uddf1"},"content":{"rendered":"<h2>Acheter des followers TikTok n\u00e9erlandais<\/h2>\n<p>Il est possible d&rsquo;acheter des followers TikTok n\u00e9erlandais sur Likes-buying. Rehausse ton profil gr\u00e2ce \u00e0 ces authentiques followers n\u00e9erlandais.<\/p>\n<p>Ces suiveurs sont de haute qualit\u00e9 et garantis \u00e0 75 % d&rsquo;origine n\u00e9erlandaise. Les 25 % restants sont originaires de pays li\u00e9s aux Pays-Bas ou au-del\u00e0.<\/p>\n<p>Tu b\u00e9n\u00e9ficies d&rsquo;une garantie de satisfaction de 90 jours sur toutes les commandes, y compris les suiveurs n\u00e9erlandais.<\/p>\n<p>Pour les followers r\u00e9guliers, tu peux aussi consulter les <a href=\"https:\/\/www.likes-kopen.nl\/tiktok-volgers-kopen\/\">followers TikTok<\/a> standards.<\/p>\n","protected":false},"excerpt":{"rendered":"<p>\ud83c\uddf3\ud83c\uddf1 Ach\u00e8te des followers TikTok de haute qualit\u00e9 depuis les Pays-Bas ?<br \/>\n\u2b50 Les followers restent stables<br \/>\n\u2b50 Garantie de livraison<\/p>\n<div id=\"gtx-trans\" style=\"position: absolute; left: -17px; top: -2px;\">\n<div class=\"gtx-trans-icon\"><\/div>\n<\/div>\n","protected":false},"featured_media":49448,"comment_status":"open","ping_status":"closed","template":"","meta":{"site-sidebar-layout":"no-sidebar","site-content-layout":"plain-container","ast-site-content-layout":"default","site-content-style":"default","site-sidebar-style":"default","ast-global-header-display":"","ast-banner-title-visibility":"","ast-main-header-display":"","ast-hfb-above-header-display":"","ast-hfb-below-header-display":"","ast-hfb-mobile-header-display":"","site-post-title":"disabled","ast-breadcrumbs-content":"","ast-featured-img":"disabled","footer-sml-layout":"","ast-disable-related-posts":"","theme-transparent-header-meta":"default","adv-header-id-meta":"","stick-header-meta":"default","header-above-stick-meta":"","header-main-stick-meta":"","header-below-stick-meta":"","astra-migrate-meta-layouts":"set","ast-page-background-enabled":"default","ast-page-background-meta":{"desktop":{"background-color":"","background-image":"","background-repeat":"repeat","background-position":"center center","background-size":"auto","background-attachment":"scroll","background-type":"","background-media":"","overlay-type":"","overlay-color":"","overlay-opacity":"","overlay-gradient":""},"tablet":{"background-color":"","background-image":"","background-repeat":"repeat","background-position":"center center","background-size":"auto","background-attachment":"scroll","background-type":"","background-media":"","overlay-type":"","overlay-color":"","overlay-opacity":"","overlay-gradient":""},"mobile":{"background-color":"","background-image":"","background-repeat":"repeat","background-position":"center center","background-size":"auto","background-attachment":"scroll","background-type":"","background-media":"","overlay-type":"","overlay-color":"","overlay-opacity":"","overlay-gradient":""}},"ast-content-background-meta":{"desktop":{"background-color":"var(--ast-global-color-5)","background-image":"","background-repeat":"repeat","background-position":"center center","background-size":"auto","background-attachment":"scroll","background-type":"","background-media":"","overlay-type":"","overlay-color":"","overlay-opacity":"","overlay-gradient":""},"tablet":{"background-color":"var(--ast-global-color-5)","background-image":"","background-repeat":"repeat","background-position":"center center","background-size":"auto","background-attachment":"scroll","background-type":"","background-media":"","overlay-type":"","overlay-color":"","overlay-opacity":"","overlay-gradient":""},"mobile":{"background-color":"var(--ast-global-color-5)","background-image":"","background-repeat":"repeat","background-position":"center center","background-size":"auto","background-attachment":"scroll","background-type":"","background-media":"","overlay-type":"","overlay-color":"","overlay-opacity":"","overlay-gradient":""}}},"product_brand":[],"product_cat":[466],"product_tag":[],"class_list":{"0":"post-267390","1":"product","2":"type-product","3":"status-publish","4":"has-post-thumbnail","6":"product_cat-tiktok-fr","7":"desktop-align-center","8":"tablet-align-center","9":"mobile-align-center","10":"ast-product-gallery-layout-first-image-large","11":"ast-product-gallery-with-no-image","12":"ast-magnify-disabled","13":"ast-product-single-variable","14":"ast-product-tabs-layout-horizontal","16":"first","17":"outofstock","18":"taxable","19":"shipping-taxable","20":"product-type-variable"},"_links":{"self":[{"href":"https:\/\/www.likes-kopen.nl\/fr\/wp-json\/wp\/v2\/product\/267390","targetHints":{"allow":["GET"]}}],"collection":[{"href":"https:\/\/www.likes-kopen.nl\/fr\/wp-json\/wp\/v2\/product"}],"about":[{"href":"https:\/\/www.likes-kopen.nl\/fr\/wp-json\/wp\/v2\/types\/product"}],"replies":[{"embeddable":true,"href":"https:\/\/www.likes-kopen.nl\/fr\/wp-json\/wp\/v2\/comments?post=267390"}],"wp:featuredmedia":[{"embeddable":true,"href":"https:\/\/www.likes-kopen.nl\/fr\/wp-json\/wp\/v2\/media\/49448"}],"wp:attachment":[{"href":"https:\/\/www.likes-kopen.nl\/fr\/wp-json\/wp\/v2\/media?parent=267390"}],"wp:term":[{"taxonomy":"product_brand","embeddable":true,"href":"https:\/\/www.likes-kopen.nl\/fr\/wp-json\/wp\/v2\/product_brand?post=267390"},{"taxonomy":"product_cat","embeddable":true,"href":"https:\/\/www.likes-kopen.nl\/fr\/wp-json\/wp\/v2\/product_cat?post=267390"},{"taxonomy":"product_tag","embeddable":true,"href":"https:\/\/www.likes-kopen.nl\/fr\/wp-json\/wp\/v2\/product_tag?post=267390"}],"curies":[{"name":"wp","href":"https:\/\/api.w.org\/{rel}","templated":true}]}}