{"id":51292,"date":"2017-11-21T10:01:17","date_gmt":"2017-11-21T09:01:17","guid":{"rendered":"https:\/\/www.likes-kopen.nl\/faq-questions-frequemment-posees\/"},"modified":"2025-03-12T14:51:34","modified_gmt":"2025-03-12T13:51:34","slug":"faq-questions-frequemment-posees","status":"publish","type":"page","link":"https:\/\/www.likes-kopen.nl\/fr\/faq-questions-frequemment-posees\/","title":{"rendered":"FAQ &#8211; Questions fr\u00e9quemment pos\u00e9es"},"content":{"rendered":"<div class=\"wpb-content-wrapper\"><p>[vc_row][vc_column][vc_column_text]Tu peux trouver les r\u00e9ponses \u00e0 toutes les questions sur cette <strong>page FAQ<\/strong>. La r\u00e9ponse ou le manuel ne figure pas dans la liste ? Alors <a href=\"https:\/\/www.likes-kopen.nl\/fr\/contact\/\">contacte-nous<\/a>.[\/vc_column_text][\/vc_column][\/vc_row][vc_row][vc_column width=\u00a0\u00bb1\/6&Prime;][\/vc_column][vc_column width=\u00a0\u00bb4\/6&Prime; css=\u00a0\u00bb.vc_custom_1547737993956{border-radius: 1px !important;}\u00a0\u00bb][vc_column_text css=\u00a0\u00bb.vc_custom_1634220656570{background-color: #ffffff !important;}\u00a0\u00bb]<\/p>\n<h2 style=\"background-color: #c5e6ff;\"><img decoding=\"async\" class=\"alignnone size-full wp-image-89\" src=\"https:\/\/www.likes-kopen.nl\/wp-content\/uploads\/\/2014\/07\/Facebook_teller1.png\" alt=\"\" width=\"48\" height=\"48\"> <span style=\"color: #000080;\">Questions sur Facebook<\/span><\/h2>\n<hr>\n<h2>Comment changer la cat\u00e9gorie de ma page Facebook ?<\/h2>\n<p>Connecte-toi \u00e0 ta page Facebook et clique sur INFO. Une rubrique &lsquo;G\u00e9n\u00e9ral&rsquo; appara\u00eetra ici. L\u00e0, tu peux modifier la cat\u00e9gorie. Parfois, tu dois supprimer l&rsquo;ancienne cat\u00e9gorie avant de pouvoir en ajouter une nouvelle. Le changement se fait imm\u00e9diatement et peut \u00eatre fait ind\u00e9finiment.<\/p>\n<p>&nbsp;<\/p>\n<h2>Comment supprimer les likes de ma page Facebook<\/h2>\n<p>Connecte-toi \u00e0 ta page Facebook. Clique sur SETTINGS. Dans la colonne de gauche, clique sur \u00ab\u00a0Personnes et autres pages\u00a0\u00bb. Ici, un champ de recherche appara\u00eet o\u00f9 tu peux entrer le nom de la personne. Tu peux aussi faire d\u00e9filer la liste pour s\u00e9lectionner les personnes (cocher la case). Ensuite, clique sur l&rsquo;ic\u00f4ne en forme de rouage et choisis &lsquo;Supprimer des pages aim\u00e9es&rsquo;.<\/p>\n<p>&nbsp;<\/p>\n<h2>Pourquoi les campagnes ne devraient-elles pas \u00eatre activ\u00e9es pendant la livraison des likes ?<\/h2>\n<p>Notre approche consiste \u00e0 travailler avec le public comme un comptoir. Si tu as une campagne en cours qui pourrait \u00e9ventuellement g\u00e9n\u00e9rer des likes, ceux-ci seront compt\u00e9s comme \u00e9tant \u00ab\u00a0livr\u00e9s\u00a0\u00bb. Si cela ne te d\u00e9range pas, tu peux laisser la campagne se poursuivre.<\/p>\n<p>&nbsp;<\/p>\n<h2>Pourquoi ne pas inviter des amis pendant la livraison de likes<\/h2>\n<p>Si tu commences \u00e0 inviter des amis tout en <a href=\"https:\/\/www.likes-kopen.nl\/instagram-likes-kopen\/\">commandant des likes<\/a>, il se peut que nous comptions les likes de tes amis comme \u00ab\u00a0livr\u00e9s\u00a0\u00bb. En fait, nous travaillons avec le compteur de likes du public sur ta page. C&rsquo;est notre r\u00e9f\u00e9rence. Le num\u00e9ro de d\u00e9part + le num\u00e9ro command\u00e9 = le num\u00e9ro final. Si des likes sont ajout\u00e9s entre les deux en dehors de nous, nous les compterons \u00e9galement. Il est donc pr\u00e9f\u00e9rable d&rsquo;attendre avant de faire campagne ou d&rsquo;inviter des amis.<\/p>\n<p>&nbsp;<\/p>\n<h2>Pourquoi la page doit-elle \u00eatre publique ?<\/h2>\n<p>Sur Facebook, tu peux faire plusieurs r\u00e9glages pour prot\u00e9ger ta page. Gr\u00e2ce \u00e0 cela, tu peux emp\u00eacher un certain groupe cible de ne pas voir ta page. Pense \u00e0 l&rsquo;\u00e2ge ou \u00e0 la restriction fonci\u00e8re.<\/p>\n<p>Lorsque tu nous commandes des <a href=\"https:\/\/www.likes-kopen.nl\/fr\/facebook-pagina-likes-kopen-2\/\">likes de pages Facebook<\/a>, ta <a href=\"https:\/\/www.likes-kopen.nl\/facebook\/facebook-profiel-openbaar-maken\/\">page doit \u00eatre enti\u00e8rement publique<\/a>. Cela permet aux gens d&rsquo;aimer ta page m\u00eame s&rsquo;ils sont plus \u00e2g\u00e9s ou plus jeunes, ou en vacances \u00e0 l&rsquo;\u00e9tranger. De cette fa\u00e7on, nous pouvons obtenir les likes pour toi plus rapidement.<\/p>\n<p>&nbsp;<\/p>\n<h2>Quelle est la taille de la photo de couverture de Facebook<\/h2>\n<p>La taille de la photo de couverture de ta page Facebook est de 851 x 315 pixels.[\/vc_column_text][vc_zigzag color=\u00a0\u00bbblue\u00a0\u00bb][\/vc_column][vc_column width=\u00a0\u00bb1\/6&Prime;][\/vc_column][\/vc_row][vc_row][vc_column width=\u00a0\u00bb1\/6&Prime;][\/vc_column][vc_column width=\u00a0\u00bb4\/6&Prime;][vc_column_text]<\/p>\n<h2 style=\"background-color: #c5e6ff;\"><img decoding=\"async\" class=\"alignnone size-full wp-image-2710\" src=\"https:\/\/www.likes-kopen.nl\/wp-content\/uploads\/\/2016\/10\/nieuw-instagram-logo.png\" alt=\"nouveau-instagram-logo\" width=\"64\" height=\"64\"> <span style=\"color: #333399;\">Questions sur Instagram<\/span><\/h2>\n<hr>\n<h2>Comment supprimer les likes de mon post\/message Instagram ?<\/h2>\n<p>La seule fa\u00e7on de supprimer les <a href=\"https:\/\/www.likes-kopen.nl\/instagram-likes-kopen\/\">likes<\/a> d&rsquo;un post sur Instagram est de supprimer et de reposter le post.<\/p>\n<p>&nbsp;<\/p>\n<h2>Le processus d&rsquo;automatisation m&rsquo;apportera-t-il de vrais followers ?<\/h2>\n<p>Dans 99,9% des cas, <a href=\"https:\/\/www.likes-kopen.nl\/nederlandse-instagram-volgers-kopen\/\">tu gagnes de vrais adeptes<\/a>. Bien s\u00fbr, il peut arriver qu&rsquo;un robot r\u00e9ponde aussi, mais les chances restent tr\u00e8s faibles. Le processus d&rsquo;automatisation approche les personnes ayant les int\u00e9r\u00eats sp\u00e9cifi\u00e9s et provoque une interaction. Les vraies personnes r\u00e9agissent \u00e0 cela dans de nombreux cas et les robots ne le font pas.<\/p>\n<p>&nbsp;<\/p>\n<h2>Comment faire pour que mon compte Instagram ne soit plus priv\u00e9<\/h2>\n<p>Pour un \u00ab\u00a0compte non professionnel\u00a0\u00bb : ouvre l&rsquo;application sur ton t\u00e9l\u00e9phone ou ta tablette. Clique sur les 3 points en haut \u00e0 droite de ton \u00e9cran. Fais d\u00e9filer la page ACCOUNT et clique sur &lsquo;Compte priv\u00e9&rsquo;. La barre doit \u00eatre grise et non bleue. Le bleu est allum\u00e9 et le gris est \u00e9teint. Out signifie public.<\/p>\n<p><img decoding=\"async\" class=\"alignnone size-full wp-image-7752\" src=\"https:\/\/www.likes-kopen.nl\/wp-content\/uploads\/\/2017\/03\/instagram-profiel-openbaar-maken.jpg\" alt=\"divulguer le profil instagram\" width=\"685\" height=\"650\" srcset=\"https:\/\/www.likes-kopen.nl\/wp-content\/uploads\/2017\/03\/instagram-profiel-openbaar-maken.jpg 685w, https:\/\/www.likes-kopen.nl\/wp-content\/uploads\/2017\/03\/instagram-profiel-openbaar-maken-510x484.jpg 510w, https:\/\/www.likes-kopen.nl\/wp-content\/uploads\/2017\/03\/instagram-profiel-openbaar-maken-300x285.jpg 300w\" sizes=\"(max-width: 685px) 100vw, 685px\" \/>[\/vc_column_text][vc_zigzag color=\u00a0\u00bbblue\u00a0\u00bb][\/vc_column][vc_column width=\u00a0\u00bb1\/6&Prime;][\/vc_column][\/vc_row][vc_row][vc_column width=\u00a0\u00bb1\/6&Prime;][\/vc_column][vc_column width=\u00a0\u00bb4\/6&Prime;][vc_column_text]<\/p>\n<h2 style=\"background-color: #c5e6ff;\"><img decoding=\"async\" class=\"alignleft size-full wp-image-4955\" src=\"https:\/\/www.likes-kopen.nl\/wp-content\/uploads\/\/2017\/11\/winkelwagen.png\" alt=\"panier d'achat\" width=\"32\" height=\"32\"><span style=\"color: #333399;\">Achat et commande<\/span><\/h2>\n<hr>\n<h2>Comment commander un produit<\/h2>\n<p>En haut de la barre de menu, tu verras diff\u00e9rentes cha\u00eenes. Lorsque tu maintiens ta souris sur ce (bureau), le menu se d\u00e9roule. Choisis un produit ici et clique dessus. Tu verras ensuite s&rsquo;afficher les num\u00e9ros parmi lesquels tu peux choisir.<\/p>\n<p>Clique sur l&rsquo;image. Les informations sur le produit s&rsquo;affichent alors. Sur le c\u00f4t\u00e9 droit de l&rsquo;\u00e9cran (bureau), tu verras une zone grise avec un bouton &lsquo;ADD&rsquo;. Un <strong>champ de saisie<\/strong> se trouve \u00e9galement au-dessus de ce bouton.<\/p>\n<p>Dans le champ de saisie, entre l&rsquo;URL\/le nom de la page. Puis clique sur le bouton pour placer le produit dans le panier.<\/p>\n<p>Tu entreras alors automatiquement dans l&rsquo;\u00e9cran de paiement. Si tu veux commander plus de produits, tu peux \u00e0 nouveau choisir une cat\u00e9gorie dans la barre de menu. Tous les produits ajout\u00e9s restent dans les gardes de la boutique.  [\/toggle]<\/p>\n<p>&nbsp;<\/p>\n<h2>Mes donn\u00e9es sont-elles entre de bonnes mains ?<\/h2>\n<p>Nous respectons la <a href=\"https:\/\/www.likes-kopen.nl\/fr\/politique-de-confidentialite\/\">vie priv\u00e9e<\/a> de nos clients et sommes enti\u00e8rement conformes \u00e0 la nouvelle l\u00e9gislation AVG ! Personne ne saura que tu es un client chez nous. Tes donn\u00e9es ne seront jamais revendues ou utilis\u00e9es \u00e0 des fins de marketing.<\/p>\n<p>&nbsp;<\/p>\n<h2>Est-ce que je re\u00e7ois une facture de ta part ?<\/h2>\n<p>Nous enverrons automatiquement une facture d\u00e8s que le paiement sera effectu\u00e9. Tu le recevras dans ta bo\u00eete aux lettres.<br \/>Si tu n&rsquo;as pas re\u00e7u d&rsquo;e-mail, il se peut qu&rsquo;il ait atterri dans <strong>SPAM<\/strong> ou dans <strong>REQUEST<\/strong>. Si c&rsquo;est le cas, nous te recommandons de marquer OUR comme exp\u00e9diteur en tant que SAFE. De cette fa\u00e7on, les courriels suivants te parviendront.<\/p>\n<p>S&rsquo;il ne se trouve pas dans une bo\u00eete \u00e0 spam ou dans un ind\u00e9sirable, il se peut que l&rsquo;adresse e-mail indiqu\u00e9e n&rsquo;ait pas \u00e9t\u00e9 saisie correctement. Dans ce cas, merci de nous <a href=\"https:\/\/www.likes-kopen.nl\/fr\/contact\/\">CONTACTER<\/a>.<\/p>\n<p>&nbsp;<\/p>\n<h2>Je n&rsquo;ai pas re\u00e7u d&#8217;email, c&rsquo;est bien \u00e7a ?<\/h2>\n<p>Apr\u00e8s chaque commande, tu recevras automatiquement une confirmation de notre part. Si tu n&rsquo;as pas re\u00e7u d&rsquo;e-mail, il se peut qu&rsquo;il ait fini dans les <strong>SPAM<\/strong> ou dans <strong>UNWANTED<\/strong>. Si c&rsquo;est le cas, nous te recommandons de marquer OUR comme exp\u00e9diteur en tant que SAFE. De cette fa\u00e7on, les courriels suivants te parviendront.<\/p>\n<p>S&rsquo;il ne se trouve pas dans une bo\u00eete \u00e0 spam ou dans un ind\u00e9sirable, il se peut que l&rsquo;adresse e-mail indiqu\u00e9e n&rsquo;ait pas \u00e9t\u00e9 saisie correctement. Dans ce cas, merci de nous <a href=\"https:\/\/www.likes-kopen.nl\/fr\/contact\/\">CONTACTER<\/a>.<\/p>\n<p>&nbsp;<\/p>\n<h2>Quel est le d\u00e9lai de livraison moyen ?<\/h2>\n<p>Un d\u00e9lai de livraison est indiqu\u00e9 pour chaque produit. Dans 80% des cas, nous livrons le produit command\u00e9 dans les 24 heures. Les commandes pass\u00e9es en dehors des heures de bureau seront ramass\u00e9es et remplies le jour ouvrable suivant. Tu recevras toujours un e-mail de notre part d\u00e8s que nous commencerons la livraison.<\/p>\n<p>&nbsp;<\/p>\n<h2>Qu&rsquo;est-ce que la garantie implique ?<\/h2>\n<p>Par garantie, nous entendons que tu es assur\u00e9 d&rsquo;obtenir le nombre que tu as command\u00e9.[\/vc_column_text][vc_zigzag color=\u00a0\u00bbblue\u00a0\u00bb][\/vc_column][vc_column width=\u00a0\u00bb1\/6&Prime;][\/vc_column][\/vc_row][vc_row][vc_column width=\u00a0\u00bb1\/6&Prime;][\/vc_column][vc_column width=\u00a0\u00bb4\/6&Prime;][vc_column_text]<\/p>\n<h2 style=\"background-color: #c5e6ff;\"><img decoding=\"async\" class=\"alignnone size-full wp-image-7020\" src=\"https:\/\/www.likes-kopen.nl\/wp-content\/uploads\/\/2018\/07\/spaarvarken-korting.png\" alt=\"\" width=\"35\" height=\"27\"> <span style=\"color: #333399;\">Syst\u00e8me d&rsquo;\u00e9pargne<\/span><\/h2>\n<hr>\n<h2>Comment puis-je participer \u00e0 ton syst\u00e8me d&rsquo;\u00e9pargne ?<\/h2>\n<p>Tout simplement, en cr\u00e9ant un compte. En haut \u00e0 droite de l&rsquo;\u00e9cran (bureau), il est indiqu\u00e9 <a href=\"https:\/\/www.likes-kopen.nl\/mijn-account\/\">login\/register<\/a>. Clique dessus et cr\u00e9e un compte. Apr\u00e8s avoir cr\u00e9\u00e9 ton compte, tu obtiens des points gratuits que tu peux \u00e9changer contre des r\u00e9ductions tout de suite !<\/p>\n<p>&nbsp;<\/p>\n<h2>Que valent les points de fid\u00e9lit\u00e9 ?<\/h2>\n<p>75 points de fid\u00e9lit\u00e9 valent 1,00 \u20ac. Lors du passage \u00e0 la caisse, tu peux faire payer les points accumul\u00e9s sous forme de remises.<\/p>\n<p>&nbsp;<\/p>\n<h2>O\u00f9 puis-je voir la progression des points<\/h2>\n<p>Connecte-toi d&rsquo;abord. Ensuite, va sur<a href=\"https:\/\/www.likes-kopen.nl\/mijn-account\/\">&lsquo;mon compte<\/a>&lsquo; et clique sur <a href=\"https:\/\/www.likes-kopen.nl\/fr\/club-vip\/\">SAVING POINTS<\/a>. Ici, tu peux voir combien de points tu as au total, et ce pour quoi tu as gagn\u00e9 des points.[\/vc_column_text][vc_video link=\u00a0\u00bbhttps:\/\/www.youtube.com\/embed\/QmokiETlXLg\u00a0\u00bb align=\u00a0\u00bbcenter\u00a0\u00bb][vc_zigzag color=\u00a0\u00bbblue\u00a0\u00bb][\/vc_column][vc_column width=\u00a0\u00bb1\/6&Prime;][\/vc_column][\/vc_row]<\/p>\n<\/div>","protected":false},"excerpt":{"rendered":"<p>[vc_row][vc_column][vc_column_text]Tu peux trouver les r\u00e9ponses \u00e0 toutes les questions sur cette page FAQ. La r\u00e9ponse ou le manuel ne figure pas dans la liste ? Alors contacte-nous.[\/vc_column_text][\/vc_column][\/vc_row][vc_row][vc_column width=\u00a0\u00bb1\/6&Prime;][\/vc_column][vc_column width=\u00a0\u00bb4\/6&Prime; css=\u00a0\u00bb.vc_custom_1547737993956{border-radius: 1px !important;}\u00a0\u00bb][vc_column_text css=\u00a0\u00bb.vc_custom_1634220656570{background-color: #ffffff !important;}\u00a0\u00bb] Questions sur Facebook Comment changer la cat\u00e9gorie de ma page Facebook ? Connecte-toi \u00e0 ta page Facebook et clique sur [&hellip;]<\/p>\n","protected":false},"author":4,"featured_media":0,"parent":0,"menu_order":0,"comment_status":"closed","ping_status":"closed","template":"","meta":{"site-sidebar-layout":"no-sidebar","site-content-layout":"plain-container","ast-site-content-layout":"default","site-content-style":"default","site-sidebar-style":"default","ast-global-header-display":"","ast-banner-title-visibility":"","ast-main-header-display":"","ast-hfb-above-header-display":"","ast-hfb-below-header-display":"","ast-hfb-mobile-header-display":"","site-post-title":"disabled","ast-breadcrumbs-content":"","ast-featured-img":"disabled","footer-sml-layout":"","ast-disable-related-posts":"","theme-transparent-header-meta":"default","adv-header-id-meta":"","stick-header-meta":"default","header-above-stick-meta":"","header-main-stick-meta":"","header-below-stick-meta":"","astra-migrate-meta-layouts":"default","ast-page-background-enabled":"default","ast-page-background-meta":{"desktop":{"background-color":"","background-image":"","background-repeat":"repeat","background-position":"center center","background-size":"auto","background-attachment":"scroll","background-type":"","background-media":"","overlay-type":"","overlay-color":"","overlay-opacity":"","overlay-gradient":""},"tablet":{"background-color":"","background-image":"","background-repeat":"repeat","background-position":"center center","background-size":"auto","background-attachment":"scroll","background-type":"","background-media":"","overlay-type":"","overlay-color":"","overlay-opacity":"","overlay-gradient":""},"mobile":{"background-color":"","background-image":"","background-repeat":"repeat","background-position":"center center","background-size":"auto","background-attachment":"scroll","background-type":"","background-media":"","overlay-type":"","overlay-color":"","overlay-opacity":"","overlay-gradient":""}},"ast-content-background-meta":{"desktop":{"background-color":"var(--ast-global-color-5)","background-image":"","background-repeat":"repeat","background-position":"center center","background-size":"auto","background-attachment":"scroll","background-type":"","background-media":"","overlay-type":"","overlay-color":"","overlay-opacity":"","overlay-gradient":""},"tablet":{"background-color":"var(--ast-global-color-5)","background-image":"","background-repeat":"repeat","background-position":"center center","background-size":"auto","background-attachment":"scroll","background-type":"","background-media":"","overlay-type":"","overlay-color":"","overlay-opacity":"","overlay-gradient":""},"mobile":{"background-color":"var(--ast-global-color-5)","background-image":"","background-repeat":"repeat","background-position":"center center","background-size":"auto","background-attachment":"scroll","background-type":"","background-media":"","overlay-type":"","overlay-color":"","overlay-opacity":"","overlay-gradient":""}},"footnotes":""},"class_list":["post-51292","page","type-page","status-publish","hentry"],"_links":{"self":[{"href":"https:\/\/www.likes-kopen.nl\/fr\/wp-json\/wp\/v2\/pages\/51292","targetHints":{"allow":["GET"]}}],"collection":[{"href":"https:\/\/www.likes-kopen.nl\/fr\/wp-json\/wp\/v2\/pages"}],"about":[{"href":"https:\/\/www.likes-kopen.nl\/fr\/wp-json\/wp\/v2\/types\/page"}],"author":[{"embeddable":true,"href":"https:\/\/www.likes-kopen.nl\/fr\/wp-json\/wp\/v2\/users\/4"}],"replies":[{"embeddable":true,"href":"https:\/\/www.likes-kopen.nl\/fr\/wp-json\/wp\/v2\/comments?post=51292"}],"version-history":[{"count":3,"href":"https:\/\/www.likes-kopen.nl\/fr\/wp-json\/wp\/v2\/pages\/51292\/revisions"}],"predecessor-version":[{"id":842499,"href":"https:\/\/www.likes-kopen.nl\/fr\/wp-json\/wp\/v2\/pages\/51292\/revisions\/842499"}],"wp:attachment":[{"href":"https:\/\/www.likes-kopen.nl\/fr\/wp-json\/wp\/v2\/media?parent=51292"}],"curies":[{"name":"wp","href":"https:\/\/api.w.org\/{rel}","templated":true}]}}