{"id":51268,"date":"2019-07-21T19:04:13","date_gmt":"2019-07-21T18:04:13","guid":{"rendered":"https:\/\/www.likes-kopen.nl\/escroque-pour-acheter-des-likes-instagram\/"},"modified":"2023-07-11T19:08:46","modified_gmt":"2023-07-11T18:08:46","slug":"escroque-pour-acheter-des-likes-instagram","status":"publish","type":"page","link":"https:\/\/www.likes-kopen.nl\/fr\/escroque-pour-acheter-des-likes-instagram\/","title":{"rendered":"Escroqu\u00e9 pour acheter des likes instagram"},"content":{"rendered":"<div class=\"wpb-content-wrapper\"><p>[vc_row][vc_column width=\u00a0\u00bb1\/2&Prime;][vc_column_text]<\/p>\n<h1>Tu t&rsquo;es fait arnaquer en achetant des likes (ou des followers) Instagram.<\/h1>\n<p><strong>Attention ! Il y a des escrocs qui op\u00e8rent !<\/strong>  As-tu \u00e9t\u00e9 arnaqu\u00e9 pour acheter des likes Instagram ? Tu n&rsquo;es malheureusement pas le seul car nous recevons souvent ce message : \u00ab\u00a0J&rsquo;ai achet\u00e9 des likes instagram sur un autre site et je n&rsquo;ai rien obtenu\u00a0\u00bb. Les gens nous demandent si nous livrons vraiment. <strong>Rassure-toi, nous<\/strong> livrons <strong>vraiment<\/strong> des likes instagram ou d&rsquo;autres produits !<\/p>\n<p>Comme on nous <strong>dit souvent<\/strong> que les gens ne se font rien livrer par d&rsquo;autres magasins\/ateliers en ligne, nous avons commenc\u00e9 \u00e0 nous renseigner sur les sites sur lesquels ils ont command\u00e9. Nous n&rsquo;allons pas citer de noms ici maintenant, mais nous allons mentionner <strong>les caract\u00e9ristiques<\/strong> qui correspondent dans chaque cas. Dans de nombreux cas, donner des noms n&rsquo;a m\u00eame pas de sens car les magasins sont de nouveau en faillite en quelques semaines.[\/vc_column_text][\/vc_column][vc_column width=\u00a0\u00bb1\/2&Prime; css=\u00a0\u00bb.vc_custom_1563735427446{margin-top: 80px !important;}\u00a0\u00bb][vc_single_image image=\u00a0\u00bb10015&Prime; img_size=\u00a0\u00bbfull\u00a0\u00bb alignment=\u00a0\u00bbcenter\u00a0\u00bb][\/vc_column][\/vc_row][vc_row][vc_column width=\u00a0\u00bb1\/2&Prime;][vc_column_text]<\/p>\n<h2>M\u00e9fie-toi de ces sites<\/h2>\n<p>Les sites <strong>mentionn\u00e9s par nos clients<\/strong> se trouvent en haut de Google avec une annonce. Ce sont donc des sites qui paient Google pour \u00eatre visibles.<\/p>\n<p>Ils <strong>n&rsquo;ont aucune r\u00e9putation<\/strong> et tu trouves peu de choses sur eux dans Google car d\u00e8s qu&rsquo;ils ont fait de nombreuses victimes <strong>, ils changent \u00e0 nouveau le nom<\/strong> du site Web et recommencent. Tu verras donc r\u00e9guli\u00e8rement appara\u00eetre de nouveaux noms.<\/p>\n<p>Une autre caract\u00e9ristique est qu&rsquo;ils ne sont pas joignables. Tu ne peux pas les appeler ou leur envoyer un e-mail. Parfois, il y a un formulaire de contact ou un courriel mais lorsque tu leur envoies un message, tu n&rsquo;as pas de nouvelles d&rsquo;eux. L&rsquo;un de nos clients nous a contact\u00e9s. Ils ont d&rsquo;abord cherch\u00e9 \u00e0 savoir si le site \u00e9tait fiable. Apr\u00e8s avoir re\u00e7u une r\u00e9ponse, ils ont command\u00e9 mais n&rsquo;ont jamais re\u00e7u le produit livr\u00e9. Puis ils n&rsquo;ont plus eu de contact et une semaine plus tard, le site n&rsquo;existait plus. Escroqu\u00e9, en d&rsquo;autres termes.<\/p>\n<p>\u00c0 part cela, les sites ont l&rsquo;air lisses et remplissent le profil instagram ou le lien de la photo instagram. Selon la description, tu recevras le produit command\u00e9 en quelques heures ou en 24 heures. Si cela devait vraiment fonctionner, tu sais au moins qu&rsquo;il n&rsquo;y a pas d&rsquo;humains impliqu\u00e9s et que tout est fait par des robots. Il n&rsquo;y a pas de suivi ni de qualit\u00e9.[\/vc_column_text][\/vc_column][vc_column width=\u00a0\u00bb1\/2&Prime;][vc_column_text]<\/p>\n<h2>Caract\u00e9ristiques d&rsquo;un coup d&rsquo;\u0153il<\/h2>\n<ul>\n<li>Le site surmonte Google via une annonce<\/li>\n<li>Une seule adresse e-mail ou un seul formulaire de contact disponible<\/li>\n<li>Tu ne recevras pas de r\u00e9ponse par e-mail ou par le formulaire de contact.<\/li>\n<li>Si tu es contact\u00e9, c&rsquo;est pour r\u00e9aliser une vente.<\/li>\n<li>En cas de probl\u00e8me, tu ne seras pas recontact\u00e9.<\/li>\n<li>Adresse ou informations sur l&rsquo;entreprise manquantes<\/li>\n<li>On trouve peu de mauvaises critiques. Lorsqu&rsquo;il y a trop de mauvaises critiques, ils disparaissent \u00e0 nouveau et r\u00e9essayent avec un nouveau nom.<\/li>\n<li>Les prix sont tr\u00e8s bas et attractifs. M\u00eame si les prix sont bas, plusieurs petits montants additionn\u00e9s ensemble repr\u00e9sentent aussi beaucoup d&rsquo;argent !<\/li>\n<li>Ils promettent de livrer en quelques heures. Si leur service \u00e9tait r\u00e9el et fonctionnait, tu saurais de toute fa\u00e7on qu&rsquo;il n&rsquo;y a pas d&rsquo;\u00eatre humain impliqu\u00e9, car la plupart des gens dorment la nuit.<\/li>\n<\/ul>\n<p>[\/vc_column_text][\/vc_column][\/vc_row][vc_row][vc_column width=\u00a0\u00bb1\/2&Prime;][vc_column_text]<\/p>\n<h2>Rien n&rsquo;a \u00e9t\u00e9 livr\u00e9, l&rsquo;argent est parti. Que peux-tu faire ?<\/h2>\n<p><img decoding=\"async\" class=\"alignleft size-full wp-image-10021\" src=\"https:\/\/www.likes-kopen.nl\/wp-content\/uploads\/\/2019\/07\/opgelicht-met-likes-kopen.jpg\" alt=\"\" width=\"257\" height=\"121\">Si un produit n&rsquo;est pas livr\u00e9 et que tu n&rsquo;es pas contact\u00e9, tu perdras ton argent. Que peux-tu faire lorsque tu es confront\u00e9 \u00e0 cela ? En g\u00e9n\u00e9ral, tu paies via IDeal. Tu peux d\u00e9couvrir quels prestataires de paiement effectuent les paiements IDeal et les contacter pour signaler ta plainte. Mollie est un fournisseur de paiement bien connu. En effet, le prestataire de paiement dispose des d\u00e9tails de l&rsquo;entreprise et peut emp\u00eacher l&rsquo;entreprise qui fait des victimes et escroque les gens d&rsquo;obtenir un compte pour faire plus de victimes. Tu peux aussi, s&rsquo;il s&rsquo;agit d&rsquo;un nom de domaine .NL, trouver l&rsquo;entreprise via  <a href=\"https:\/\/www.sidn.nl\/\" target=\"_blank\" rel=\"noopener\">https:\/\/www.sidn.nl\/<\/a><\/p>\n<p>As-tu pu rassembler des informations ? Magnifique ! Puis d\u00e9pose un rapport de police.[\/vc_column_text][\/vc_column][vc_column width=\u00a0\u00bb1\/2&Prime;][vc_column_text]<\/p>\n<h2>Encore une fois pour plus de clart\u00e9<\/h2>\n<p><span style=\"text-decoration: underline;\">Nous<\/span> n&rsquo;arnaquons pas les gens, mais il y a des vendeurs de likes instagram ou de followers qui le font malheureusement et souillent le march\u00e9. Instagram est en vogue et beaucoup d&rsquo;escrocs capitalisent l\u00e0-dessus. Nous traitons avec des personnes qui ont perdu leur argent parce qu&rsquo;elles nous contactent en nous demandant si nous sommes dignes de confiance ou non. Le fait que tu puisses bien nous joindre le prouve. Pour ceux qui ont encore des doutes&#8230; N&rsquo;h\u00e9site pas \u00e0 le tester toi-m\u00eame ! Et fais-le surtout avec de petits nombres. Tu peux <a href=\"https:\/\/www.likes-kopen.nl\/fr\/instagram-fr\/acheter-des-followers-instagram\/\">acheter des followers Instagram<\/a> \u00e0 partir de 1,49 \u20ac.[\/vc_column_text][\/vc_column][\/vc_row]<\/p>\n<\/div>","protected":false},"excerpt":{"rendered":"<p>[vc_row][vc_column width=\u00a0\u00bb1\/2&Prime;][vc_column_text] Tu t&rsquo;es fait arnaquer en achetant des likes (ou des followers) Instagram. Attention ! Il y a des escrocs qui op\u00e8rent ! As-tu \u00e9t\u00e9 arnaqu\u00e9 pour acheter des likes Instagram ? Tu n&rsquo;es malheureusement pas le seul car nous recevons souvent ce message : \u00ab\u00a0J&rsquo;ai achet\u00e9 des likes instagram sur un autre site [&hellip;]<\/p>\n","protected":false},"author":4,"featured_media":0,"parent":0,"menu_order":0,"comment_status":"closed","ping_status":"closed","template":"","meta":{"site-sidebar-layout":"no-sidebar","site-content-layout":"plain-container","ast-site-content-layout":"default","site-content-style":"default","site-sidebar-style":"default","ast-global-header-display":"","ast-banner-title-visibility":"","ast-main-header-display":"","ast-hfb-above-header-display":"","ast-hfb-below-header-display":"","ast-hfb-mobile-header-display":"","site-post-title":"disabled","ast-breadcrumbs-content":"","ast-featured-img":"disabled","footer-sml-layout":"","ast-disable-related-posts":"","theme-transparent-header-meta":"default","adv-header-id-meta":"","stick-header-meta":"default","header-above-stick-meta":"","header-main-stick-meta":"","header-below-stick-meta":"","astra-migrate-meta-layouts":"default","ast-page-background-enabled":"default","ast-page-background-meta":{"desktop":{"background-color":"","background-image":"","background-repeat":"repeat","background-position":"center center","background-size":"auto","background-attachment":"scroll","background-type":"","background-media":"","overlay-type":"","overlay-color":"","overlay-opacity":"","overlay-gradient":""},"tablet":{"background-color":"","background-image":"","background-repeat":"repeat","background-position":"center center","background-size":"auto","background-attachment":"scroll","background-type":"","background-media":"","overlay-type":"","overlay-color":"","overlay-opacity":"","overlay-gradient":""},"mobile":{"background-color":"","background-image":"","background-repeat":"repeat","background-position":"center center","background-size":"auto","background-attachment":"scroll","background-type":"","background-media":"","overlay-type":"","overlay-color":"","overlay-opacity":"","overlay-gradient":""}},"ast-content-background-meta":{"desktop":{"background-color":"var(--ast-global-color-5)","background-image":"","background-repeat":"repeat","background-position":"center center","background-size":"auto","background-attachment":"scroll","background-type":"","background-media":"","overlay-type":"","overlay-color":"","overlay-opacity":"","overlay-gradient":""},"tablet":{"background-color":"var(--ast-global-color-5)","background-image":"","background-repeat":"repeat","background-position":"center center","background-size":"auto","background-attachment":"scroll","background-type":"","background-media":"","overlay-type":"","overlay-color":"","overlay-opacity":"","overlay-gradient":""},"mobile":{"background-color":"var(--ast-global-color-5)","background-image":"","background-repeat":"repeat","background-position":"center center","background-size":"auto","background-attachment":"scroll","background-type":"","background-media":"","overlay-type":"","overlay-color":"","overlay-opacity":"","overlay-gradient":""}},"footnotes":""},"class_list":["post-51268","page","type-page","status-publish","hentry"],"_links":{"self":[{"href":"https:\/\/www.likes-kopen.nl\/fr\/wp-json\/wp\/v2\/pages\/51268","targetHints":{"allow":["GET"]}}],"collection":[{"href":"https:\/\/www.likes-kopen.nl\/fr\/wp-json\/wp\/v2\/pages"}],"about":[{"href":"https:\/\/www.likes-kopen.nl\/fr\/wp-json\/wp\/v2\/types\/page"}],"author":[{"embeddable":true,"href":"https:\/\/www.likes-kopen.nl\/fr\/wp-json\/wp\/v2\/users\/4"}],"replies":[{"embeddable":true,"href":"https:\/\/www.likes-kopen.nl\/fr\/wp-json\/wp\/v2\/comments?post=51268"}],"version-history":[{"count":0,"href":"https:\/\/www.likes-kopen.nl\/fr\/wp-json\/wp\/v2\/pages\/51268\/revisions"}],"wp:attachment":[{"href":"https:\/\/www.likes-kopen.nl\/fr\/wp-json\/wp\/v2\/media?parent=51268"}],"curies":[{"name":"wp","href":"https:\/\/api.w.org\/{rel}","templated":true}]}}