{"id":51196,"date":"2018-05-21T08:37:27","date_gmt":"2018-05-21T07:37:27","guid":{"rendered":"https:\/\/www.likes-kopen.nl\/politique-de-confidentialite\/"},"modified":"2018-05-21T08:37:27","modified_gmt":"2018-05-21T07:37:27","slug":"politique-de-confidentialite","status":"publish","type":"page","link":"https:\/\/www.likes-kopen.nl\/fr\/politique-de-confidentialite\/","title":{"rendered":"Politique de confidentialit\u00e9"},"content":{"rendered":"<p>Site Web : https:\/\/www.likes-kopen.nl\/<\/p>\n<h2>\u00c0 propos de notre politique de confidentialit\u00e9<\/h2>\n<p>Likes-buying.co.uk se soucie beaucoup de ta vie priv\u00e9e. Nous ne traitons donc que les donn\u00e9es dont nous avons besoin pour (am\u00e9liorer) nos services et traitons avec soin les informations que nous avons recueillies sur toi et ton utilisation de nos services. Nous ne mettons jamais tes donn\u00e9es \u00e0 la disposition de tiers \u00e0 des fins commerciales.<\/p>\n<p>Cette politique de confidentialit\u00e9 s&rsquo;applique \u00e0 l&rsquo;utilisation du site Web et des services de Likes-kopen.nl auxquels il donne acc\u00e8s. La date d&rsquo;entr\u00e9e en vigueur de la validit\u00e9 de ces conditions g\u00e9n\u00e9rales est le 07\/05\/2018, avec la publication d&rsquo;une nouvelle version, la validit\u00e9 de toutes les versions pr\u00e9c\u00e9dentes expire. Cette politique de confidentialit\u00e9 d\u00e9crit quelles donn\u00e9es te concernant sont collect\u00e9es par nous, \u00e0 quoi servent ces donn\u00e9es, avec qui et dans quelles conditions, le cas \u00e9ch\u00e9ant, ces donn\u00e9es peuvent \u00eatre partag\u00e9es avec des tiers. Nous t&rsquo;expliquons \u00e9galement comment nous stockons tes donn\u00e9es et comment nous les prot\u00e9geons contre les abus, ainsi que les droits dont tu disposes concernant les donn\u00e9es personnelles que tu nous fournis.<\/p>\n<p>Si tu as des questions sur notre politique de confidentialit\u00e9, contacte notre contact de confidentialit\u00e9, tu trouveras les coordonn\u00e9es \u00e0 la fin de notre politique de confidentialit\u00e9.<\/p>\n<h2>\u00c0 propos du traitement des donn\u00e9es<\/h2>\n<p>Tu peux lire ci-dessous comment nous traitons tes donn\u00e9es, o\u00f9 nous les stockons (ou les faisons stocker), quelles techniques de s\u00e9curit\u00e9 nous utilisons et \u00e0 qui les donn\u00e9es peuvent \u00eatre consult\u00e9es.<\/p>\n<h2>Logiciel de boutique en ligne<\/h2>\n<h3>WooCommerce<\/h3>\n<p>Notre boutique en ligne est d\u00e9velopp\u00e9e avec le logiciel WooCommerce, nous avons choisi Vimexx pour notre h\u00e9bergement web. Les donn\u00e9es personnelles que tu mets \u00e0 notre disposition dans le cadre de nos services seront partag\u00e9es avec cette partie. Vimexx a acc\u00e8s \u00e0 tes donn\u00e9es pour nous fournir une assistance (technique), ils n&rsquo;utiliseront jamais tes donn\u00e9es \u00e0 d&rsquo;autres fins. Vimexx est oblig\u00e9e, en vertu de l&rsquo;accord que nous avons avec eux, de prendre des mesures de s\u00e9curit\u00e9 appropri\u00e9es. Ces mesures de s\u00e9curit\u00e9 incluent l&rsquo;utilisation du cryptage SSL et une politique de mots de passe forts. Des sauvegardes r\u00e9guli\u00e8res sont effectu\u00e9es pour \u00e9viter la perte de donn\u00e9es.<\/p>\n<h2>H\u00e9bergement Web<\/h2>\n<h3>Vimexx<\/h3>\n<p>Nous achetons des services d&rsquo;h\u00e9bergement Web et de messagerie \u00e9lectronique \u00e0 Vimexx. Vimexx traite les donn\u00e9es personnelles en notre nom et n&rsquo;utilise pas tes donn\u00e9es \u00e0 ses propres fins. Cependant, cette partie peut collecter des m\u00e9tadonn\u00e9es sur l&rsquo;utilisation des services. Ce ne sont pas des donn\u00e9es personnelles. Vimexx a pris des mesures techniques et organisationnelles appropri\u00e9es pour emp\u00eacher la perte et l&rsquo;utilisation non autoris\u00e9e de tes donn\u00e9es personnelles. Vimexx est tenue \u00e0 la confidentialit\u00e9 en vertu de l&rsquo;accord.<\/p>\n<h2>E-mail et listes de diffusion<\/h2>\n<h3>SendGrid<\/h3>\n<p>Notre site Web utilise SendGrid, un fournisseur tiers qui g\u00e8re le trafic d&rsquo;e-mails provenant de notre site Web et l&rsquo;envoi d&rsquo;\u00e9ventuelles newsletters. Tous les e-mails de confirmation que tu re\u00e7ois de notre site Web et de nos formulaires Web sont envoy\u00e9s par les serveurs de SendGrid. SendGrid n&rsquo;utilisera jamais ton nom et ton adresse e-mail \u00e0 ses propres fins. Au bas de chaque e-mail envoy\u00e9 automatiquement par notre site Web, tu verras le lien de \u00ab\u00a0d\u00e9sinscription\u00a0\u00bb. Si tu cliques sur ce bouton, tu ne recevras plus d&rsquo;e-mails de notre site Web. Cela peut s\u00e9rieusement r\u00e9duire la fonctionnalit\u00e9 de notre site Web ! Tes donn\u00e9es personnelles sont stock\u00e9es de mani\u00e8re s\u00e9curis\u00e9e par SendGrid. SendGrid utilise des cookies et d&rsquo;autres technologies Internet qui permettent de savoir si les e-mails sont ouverts et lus. SendGrid se r\u00e9serve le droit d&rsquo;utiliser tes donn\u00e9es pour am\u00e9liorer encore le service et, dans ce cadre, de partager des informations avec des tiers.<\/p>\n<h3>Vimexx<\/h3>\n<p>Nous utilisons les services de Vimexx pour notre trafic r\u00e9gulier d&rsquo;e-mails professionnels. Cette partie a pris des mesures techniques et organisationnelles appropri\u00e9es pour emp\u00eacher autant que possible l&rsquo;abus, la perte et la corruption de tes et de nos donn\u00e9es. Vimexx n&rsquo;a pas acc\u00e8s \u00e0 notre bo\u00eete aux lettres et nous traitons tout notre trafic e-mail de mani\u00e8re confidentielle.<\/p>\n<h2>Processeurs de paiement<\/h2>\n<h3>TargetPay<\/h3>\n<p>Pour g\u00e9rer (une partie) des paiements dans notre boutique en ligne, nous utilisons la plateforme de TargetPay. TargetPay traite les donn\u00e9es de ton nom, de ton adresse et de ton lieu de r\u00e9sidence, ainsi que tes donn\u00e9es de paiement, telles que ton compte bancaire ou ton num\u00e9ro de carte de cr\u00e9dit. TargetPay a pris des mesures techniques et organisationnelles appropri\u00e9es pour prot\u00e9ger tes donn\u00e9es personnelles. TargetPay se r\u00e9serve le droit d&rsquo;utiliser tes donn\u00e9es pour continuer \u00e0 am\u00e9liorer le service et de partager des donn\u00e9es (anonymis\u00e9es) avec des tiers dans ce contexte. TargetPay partage les donn\u00e9es personnelles et les informations relatives \u00e0 ta situation financi\u00e8re avec les agences de notation de cr\u00e9dit dans le cas d&rsquo;une demande de paiement diff\u00e9r\u00e9 (facilit\u00e9 de cr\u00e9dit). Toutes les garanties ci-dessus concernant la protection de tes donn\u00e9es personnelles sont \u00e9galement applicables aux parties des services de TargetPay pour lesquelles elle engage des tiers. TargetPay ne conservera pas tes donn\u00e9es plus longtemps que ce qui est autoris\u00e9 par les d\u00e9lais l\u00e9gaux.<\/p>\n<h3>PayPal<\/h3>\n<p>Pour g\u00e9rer (une partie) des paiements dans notre boutique en ligne, nous utilisons la plateforme de PayPal. PayPal traite ton nom, ton adresse et tes coordonn\u00e9es de r\u00e9sidence ainsi que tes donn\u00e9es de paiement, comme ton compte bancaire ou ton num\u00e9ro de carte de cr\u00e9dit. PayPal a pris des mesures techniques et organisationnelles appropri\u00e9es pour prot\u00e9ger tes donn\u00e9es personnelles. PayPal se r\u00e9serve le droit d&rsquo;utiliser tes donn\u00e9es pour am\u00e9liorer encore ses services et, dans ce cadre, de partager des donn\u00e9es (anonymis\u00e9es) avec des tiers. PayPal partage les donn\u00e9es personnelles et les informations concernant ta situation financi\u00e8re avec les agences de notation de cr\u00e9dit dans le cas d&rsquo;une demande de paiement diff\u00e9r\u00e9 (facilit\u00e9 de cr\u00e9dit). Toutes les garanties ci-dessus concernant la protection de tes donn\u00e9es personnelles s&rsquo;appliquent \u00e9galement aux parties des services de PayPal pour lesquelles elle engage des tiers. PayPal ne conservera pas tes donn\u00e9es plus longtemps que les d\u00e9lais l\u00e9gaux ne le permettent.<\/p>\n<h2>Objectif du traitement des donn\u00e9es<\/h2>\n<h3>Objectif g\u00e9n\u00e9ral du traitement<\/h3>\n<p>Nous utilisons tes donn\u00e9es exclusivement dans le cadre de nos services. C&rsquo;est-\u00e0-dire que l&rsquo;objectif du traitement est toujours directement li\u00e9 \u00e0 la t\u00e2che que tu fournis. Nous n&rsquo;utilisons pas tes donn\u00e9es pour le marketing (cibl\u00e9). Si tu partages des donn\u00e9es avec nous et que nous les utilisons pour te contacter &#8211; autrement qu&rsquo;\u00e0 ta demande &#8211; \u00e0 un moment ult\u00e9rieur, nous te demanderons ton consentement explicite. Tes donn\u00e9es ne seront pas partag\u00e9es avec des tiers, sauf pour r\u00e9pondre aux obligations comptables et autres obligations administratives. Ces tiers sont tous tenus \u00e0 la confidentialit\u00e9 en vertu de l&rsquo;accord entre eux et nous ou d&rsquo;un serment ou d&rsquo;une obligation l\u00e9gale.<\/p>\n<h3>Donn\u00e9es collect\u00e9es automatiquement<\/h3>\n<p>Les donn\u00e9es collect\u00e9es automatiquement par notre site Web sont trait\u00e9es dans le but d&rsquo;am\u00e9liorer encore nos services. Ces donn\u00e9es (par exemple ton adresse IP, ton navigateur Web et ton syst\u00e8me d&rsquo;exploitation) ne sont pas des donn\u00e9es personnelles.<\/p>\n<h3>Coop\u00e9ration dans les enqu\u00eates fiscales et criminelles<\/h3>\n<p>Dans les cas appropri\u00e9s, Likes-buying.co.uk peut \u00eatre tenu par la loi de partager tes donn\u00e9es dans le cadre d&rsquo;enqu\u00eates fiscales ou criminelles du gouvernement. Dans un tel cas, nous sommes oblig\u00e9s de partager tes donn\u00e9es, mais nous nous y opposerons dans le cadre des possibilit\u00e9s pr\u00e9vues par la loi.<\/p>\n<h3>P\u00e9riodes de r\u00e9tention<\/h3>\n<p>Nous conservons tes donn\u00e9es aussi longtemps que tu es notre client. Cela signifie que nous conservons ton profil client jusqu&rsquo;\u00e0 ce que tu indiques que tu ne souhaites plus utiliser nos services. Si tu nous l&rsquo;indiques, nous consid\u00e9rerons \u00e9galement cela comme une demande d&rsquo;oubli. Conform\u00e9ment aux obligations administratives applicables, nous devons conserver les factures contenant tes donn\u00e9es (personnelles), nous conserverons donc ces donn\u00e9es aussi longtemps que durera le d\u00e9lai applicable. Cependant, les employ\u00e9s n&rsquo;ont plus acc\u00e8s \u00e0 ton profil client et aux documents que nous avons produits dans le cadre de ta mission.<\/p>\n<h3>Tes droits<\/h3>\n<p>En vertu de la l\u00e9gislation n\u00e9erlandaise et europ\u00e9enne applicable, tu as, en tant que personne concern\u00e9e, certains droits relatifs aux donn\u00e9es personnelles trait\u00e9es par nous ou en notre nom. Nous expliquons ci-dessous quels sont ces droits et comment les invoquer.<\/p>\n<p>En principe, pour \u00e9viter tout abus, nous n&rsquo;envoyons des d\u00e9clarations et des copies de tes donn\u00e9es qu&rsquo;\u00e0 ton adresse e-mail d\u00e9j\u00e0 connue de nous. Si tu souhaites recevoir les donn\u00e9es \u00e0 une autre adresse e-mail ou par courrier, par exemple, nous te demanderons de t&rsquo;identifier. Nous conservons les dossiers des demandes compl\u00e9t\u00e9es, dans le cas d&rsquo;une demande d&rsquo;oubli, nous administrons des donn\u00e9es anonymes. Tu recevras toutes les copies et transcriptions des donn\u00e9es dans le format de donn\u00e9es lisible par machine que nous utilisons dans nos syst\u00e8mes.<\/p>\n<p>Tu as le droit de te plaindre \u00e0 l&rsquo;autorit\u00e9 charg\u00e9e des donn\u00e9es personnelles \u00e0 tout moment si tu soup\u00e7onnes que nous utilisons tes donn\u00e9es personnelles de mani\u00e8re inappropri\u00e9e.<\/p>\n<h3>Droit d&rsquo;inspection<\/h3>\n<p>Tu as toujours le droit de consulter les donn\u00e9es que nous traitons (ou avons trait\u00e9es) qui se rapportent \u00e0 ta personne ou qui peuvent \u00eatre retrac\u00e9es jusqu&rsquo;\u00e0 elle. Tu peux faire une demande \u00e0 cet effet \u00e0 notre contact de confidentialit\u00e9. Tu recevras ensuite une r\u00e9ponse \u00e0 ta demande dans les 30 jours. Si ta demande est accept\u00e9e, nous t&rsquo;enverrons, \u00e0 l&rsquo;adresse e-mail que nous connaissons, une copie de toutes les donn\u00e9es avec une liste des processeurs d\u00e9tenant ces donn\u00e9es, en indiquant la cat\u00e9gorie sous laquelle nous les avons stock\u00e9es.<\/p>\n<h3>Droit de rectification<\/h3>\n<p>Tu as toujours le droit de faire modifier les donn\u00e9es que nous traitons (ou avons trait\u00e9es) qui se rapportent \u00e0 ta personne ou qui peuvent \u00eatre retrac\u00e9es jusqu&rsquo;\u00e0 toi. Tu peux faire une demande \u00e0 cet effet \u00e0 notre contact de confidentialit\u00e9. Tu recevras ensuite une r\u00e9ponse \u00e0 ta demande dans les 30 jours. Si ta demande est accept\u00e9e, nous t&rsquo;enverrons une confirmation \u00e0 l&rsquo;adresse e-mail connue de nous que les donn\u00e9es ont \u00e9t\u00e9 mises \u00e0 jour.<\/p>\n<h3>Droit \u00e0 la restriction du traitement<\/h3>\n<p>Tu as toujours le droit de limiter les donn\u00e9es que nous traitons (ou faisons traiter) qui se rapportent \u00e0 ta personne ou qui peuvent \u00eatre retrac\u00e9es jusqu&rsquo;\u00e0 elle. Tu peux faire une demande \u00e0 cet effet \u00e0 notre contact de confidentialit\u00e9. Tu recevras ensuite une r\u00e9ponse \u00e0 ta demande dans les 30 jours. Si ta demande est accept\u00e9e, nous t&rsquo;enverrons une confirmation \u00e0 l&rsquo;adresse e-mail connue de nous que les donn\u00e9es ne seront plus trait\u00e9es jusqu&rsquo;\u00e0 ce que tu l\u00e8ves la restriction.<\/p>\n<h3>Droit de transfert<\/h3>\n<p>Tu as toujours le droit d&rsquo;obtenir d&rsquo;une autre partie les donn\u00e9es que nous traitons (ou avons trait\u00e9es) qui se rapportent \u00e0 ta personne ou qui peuvent \u00eatre retrac\u00e9es jusqu&rsquo;\u00e0 toi. Tu peux faire une demande \u00e0 cet effet \u00e0 notre contact de confidentialit\u00e9. Tu recevras ensuite une r\u00e9ponse \u00e0 ta demande dans les 30 jours. Si ta demande est accept\u00e9e, nous t&rsquo;enverrons, \u00e0 l&rsquo;adresse e-mail que nous connaissons, des copies ou des transcriptions de toutes les donn\u00e9es te concernant que nous avons trait\u00e9es ou que d&rsquo;autres processeurs ou tiers ont trait\u00e9es en notre nom. Selon toute vraisemblance, nous ne pourrons plus continuer \u00e0 fournir des services dans un tel cas, car la liaison s\u00e9curis\u00e9e des fichiers de donn\u00e9es ne peut plus \u00eatre garantie.<\/p>\n<h3>Droit d&rsquo;objecter et autres droits<\/h3>\n<p>Dans les cas appropri\u00e9s, tu as le droit de t&rsquo;opposer au traitement de tes donn\u00e9es personnelles par ou au nom de Likes-kopen.nl. Si tu t&rsquo;y opposes, nous cesserons imm\u00e9diatement le traitement des donn\u00e9es en attendant la r\u00e9solution de ton objection. Si ton objection est fond\u00e9e, nous mettrons \u00e0 ta disposition des copies et\/ou des exemplaires des donn\u00e9es que nous traitons (ou avons trait\u00e9es), puis nous cesserons d\u00e9finitivement le traitement.<\/p>\n<p>Tu as \u00e9galement le droit de ne pas \u00eatre soumis \u00e0 une prise de d\u00e9cision individuelle automatis\u00e9e ou \u00e0 un profilage. Nous ne traitons pas tes donn\u00e9es de mani\u00e8re \u00e0 ce que ce droit s&rsquo;applique. Si tu crois que c&rsquo;est le cas, contacte notre responsable de la confidentialit\u00e9.<\/p>\n<h2>Cookies<\/h2>\n<h3>Google Analytics<\/h3>\n<p>Par le biais de notre site Web, des cookies sont install\u00e9s par la soci\u00e9t\u00e9 am\u00e9ricaine Google, dans le cadre du service \u00ab\u00a0Analytics\u00a0\u00bb. Nous utilisons ce service pour suivre et obtenir des rapports sur la fa\u00e7on dont les visiteurs utilisent le site Web. Ce processeur peut \u00eatre tenu par les lois et r\u00e8glements applicables de fournir un acc\u00e8s \u00e0 ces donn\u00e9es. Nous collectons des informations sur ton comportement de navigation et partageons ces donn\u00e9es avec Google. Google peut interpr\u00e9ter ces informations avec d&rsquo;autres ensembles de donn\u00e9es et ainsi suivre tes mouvements sur Internet. Google utilise ces informations pour proposer des annonces cibl\u00e9es (Adwords) et d&rsquo;autres services et produits Google, entre autres.<\/p>\n<h3>Cookies de tiers<\/h3>\n<p>Si des solutions logicielles tierces utilisent des cookies, cela est mentionn\u00e9 dans la pr\u00e9sente d\u00e9claration de confidentialit\u00e9.<\/p>\n<h2>Modifications de la politique de confidentialit\u00e9<\/h2>\n<p>Nous nous r\u00e9servons le droit de modifier notre politique de confidentialit\u00e9 \u00e0 tout moment. Sur cette page, cependant, tu trouveras toujours la version la plus r\u00e9cente. Si la nouvelle politique de confidentialit\u00e9 affecte la fa\u00e7on dont nous traitons les donn\u00e9es d\u00e9j\u00e0 collect\u00e9es \u00e0 ton sujet, nous t&rsquo;en informerons par e-mail.<\/p>\n<h2>Coordonn\u00e9es de contact<\/h2>\n<p>Adresse e-mail : <a href=\"mailto:info@likes-kopen.nl\">info@likes-kopen.nl.<\/a><br \/>\nContact pour les questions de confidentialit\u00e9 : Marek.<\/p>\n","protected":false},"excerpt":{"rendered":"<p>Site Web : https:\/\/www.likes-kopen.nl\/ \u00c0 propos de notre politique de confidentialit\u00e9 Likes-buying.co.uk se soucie beaucoup de ta vie priv\u00e9e. Nous ne traitons donc que les donn\u00e9es dont nous avons besoin pour (am\u00e9liorer) nos services et traitons avec soin les informations que nous avons recueillies sur toi et ton utilisation de nos services. Nous ne mettons [&hellip;]<\/p>\n","protected":false},"author":4,"featured_media":0,"parent":0,"menu_order":0,"comment_status":"closed","ping_status":"closed","template":"","meta":{"site-sidebar-layout":"default","site-content-layout":"default","ast-site-content-layout":"default","site-content-style":"default","site-sidebar-style":"default","ast-global-header-display":"","ast-banner-title-visibility":"","ast-main-header-display":"","ast-hfb-above-header-display":"","ast-hfb-below-header-display":"","ast-hfb-mobile-header-display":"","site-post-title":"","ast-breadcrumbs-content":"","ast-featured-img":"","footer-sml-layout":"","ast-disable-related-posts":"","theme-transparent-header-meta":"default","adv-header-id-meta":"","stick-header-meta":"default","header-above-stick-meta":"","header-main-stick-meta":"","header-below-stick-meta":"","astra-migrate-meta-layouts":"default","ast-page-background-enabled":"default","ast-page-background-meta":{"desktop":{"background-color":"","background-image":"","background-repeat":"repeat","background-position":"center center","background-size":"auto","background-attachment":"scroll","background-type":"","background-media":"","overlay-type":"","overlay-color":"","overlay-opacity":"","overlay-gradient":""},"tablet":{"background-color":"","background-image":"","background-repeat":"repeat","background-position":"center center","background-size":"auto","background-attachment":"scroll","background-type":"","background-media":"","overlay-type":"","overlay-color":"","overlay-opacity":"","overlay-gradient":""},"mobile":{"background-color":"","background-image":"","background-repeat":"repeat","background-position":"center center","background-size":"auto","background-attachment":"scroll","background-type":"","background-media":"","overlay-type":"","overlay-color":"","overlay-opacity":"","overlay-gradient":""}},"ast-content-background-meta":{"desktop":{"background-color":"var(--ast-global-color-5)","background-image":"","background-repeat":"repeat","background-position":"center center","background-size":"auto","background-attachment":"scroll","background-type":"","background-media":"","overlay-type":"","overlay-color":"","overlay-opacity":"","overlay-gradient":""},"tablet":{"background-color":"var(--ast-global-color-5)","background-image":"","background-repeat":"repeat","background-position":"center center","background-size":"auto","background-attachment":"scroll","background-type":"","background-media":"","overlay-type":"","overlay-color":"","overlay-opacity":"","overlay-gradient":""},"mobile":{"background-color":"var(--ast-global-color-5)","background-image":"","background-repeat":"repeat","background-position":"center center","background-size":"auto","background-attachment":"scroll","background-type":"","background-media":"","overlay-type":"","overlay-color":"","overlay-opacity":"","overlay-gradient":""}},"footnotes":""},"class_list":["post-51196","page","type-page","status-publish","hentry"],"_links":{"self":[{"href":"https:\/\/www.likes-kopen.nl\/fr\/wp-json\/wp\/v2\/pages\/51196","targetHints":{"allow":["GET"]}}],"collection":[{"href":"https:\/\/www.likes-kopen.nl\/fr\/wp-json\/wp\/v2\/pages"}],"about":[{"href":"https:\/\/www.likes-kopen.nl\/fr\/wp-json\/wp\/v2\/types\/page"}],"author":[{"embeddable":true,"href":"https:\/\/www.likes-kopen.nl\/fr\/wp-json\/wp\/v2\/users\/4"}],"replies":[{"embeddable":true,"href":"https:\/\/www.likes-kopen.nl\/fr\/wp-json\/wp\/v2\/comments?post=51196"}],"version-history":[{"count":0,"href":"https:\/\/www.likes-kopen.nl\/fr\/wp-json\/wp\/v2\/pages\/51196\/revisions"}],"wp:attachment":[{"href":"https:\/\/www.likes-kopen.nl\/fr\/wp-json\/wp\/v2\/media?parent=51196"}],"curies":[{"name":"wp","href":"https:\/\/api.w.org\/{rel}","templated":true}]}}