{"id":51173,"date":"2019-02-05T14:30:06","date_gmt":"2019-02-05T13:30:06","guid":{"rendered":"https:\/\/www.likes-kopen.nl\/droit-de-retrait\/"},"modified":"2023-07-17T22:14:09","modified_gmt":"2023-07-17T21:14:09","slug":"droit-de-retrait","status":"publish","type":"page","link":"https:\/\/www.likes-kopen.nl\/fr\/droit-de-retrait\/","title":{"rendered":"Droit de retrait"},"content":{"rendered":"<p>Tous les produits et services li\u00e9s aux m\u00e9dias sociaux sont accompagn\u00e9s d&rsquo;une garantie de remboursement de 90 jours. Tu n&rsquo;es pas satisfait pour une raison quelconque ? Si c&rsquo;est le cas, envoie-nous un courriel et nous le r\u00e9parerons pour toi.<\/p>\n<p>Nos services de r\u00e9f\u00e9rencement sont accompagn\u00e9s d&rsquo;une garantie limit\u00e9e. Cela est d\u00fb au fait que les services sont \u00ab\u00a0sur mesure\u00a0\u00bb et qu&rsquo;ils n\u00e9cessitent un investissement initial de notre part. Tu n&rsquo;es pas satisfait ? N&rsquo;h\u00e9site pas \u00e0 nous contacter. Ensuite, nous chercherons ensemble une solution adapt\u00e9e.<\/p>\n<p>Si tu veux en savoir plus sur nos conditions g\u00e9n\u00e9rales, consulte nos <a href=\"https:\/\/www.likes-kopen.nl\/fr\/conditions-generales-de-vente\/\">conditions g\u00e9n\u00e9rales<\/a>.<\/p>\n<p>&nbsp;<\/p>\n<p class=\"p1\"><b>Annexe I : Mod\u00e8le de formulaire de retrait<\/b><\/p>\n<p class=\"p1\"><b>Mod\u00e8le de formulaire de retrait<\/b><\/p>\n<p class=\"p5\"><b>(ne remplis et ne renvoie ce formulaire que si tu souhaites te r\u00e9tracter)<\/b><\/p>\n<ul class=\"ul1\">\n<li class=\"li7\"><b>\u00c0 : [ nom<\/b><b> <\/b><b>entrepreneur]<\/b><\/li>\n<\/ul>\n<p class=\"p9\"><b>[ adresse g\u00e9ographique entrepreneur]<\/b><\/p>\n<p class=\"p10\"><b>[ num\u00e9ro de fax entrepreneur, si disponible]<\/b><\/p>\n<p class=\"p11\"><b>[ adresse \u00e9lectronique de l&rsquo;entrepreneur]<\/b><\/p>\n<ul class=\"ul1\">\n<li class=\"li14\">Je\/Nous* t&rsquo;informe\/partage* par la pr\u00e9sente que je\/nous* souhaitons mettre fin \u00e0 notre accord concernant la vente des produits suivants : [aanduiding product]*<\/li>\n<\/ul>\n<p class=\"p15\">la mise \u00e0 disposition du contenu num\u00e9rique suivant : [aanduiding digitale inhoud]* la mise \u00e0 disposition du service suivant : [aanduiding dienst]*, r\u00e9voquer\/r\u00e9voquer*<\/p>\n<ul class=\"ul1\">\n<li class=\"li16\">Command\u00e9 le*\/re\u00e7u le*  [datum bestelling bij diensten of ontvangst bij producten]<\/li>\n<\/ul>\n<ul class=\"ul1\">\n<li class=\"li18\">[Naam consumenten(en)]<\/li>\n<\/ul>\n<ul class=\"ul1\">\n<li class=\"li19\">[Adres consument(en)]<\/li>\n<\/ul>\n<ul class=\"ul1\">\n<li class=\"li19\">[Handtekening consument(en)]  (uniquement lorsque ce formulaire est soumis sur papier)<\/li>\n<\/ul>\n<p class=\"p1\">* Supprime ce qui ne s&rsquo;applique pas ou compl\u00e8te ce qui s&rsquo;applique.<\/p>\n","protected":false},"excerpt":{"rendered":"<p>Tous les produits et services li\u00e9s aux m\u00e9dias sociaux sont accompagn\u00e9s d&rsquo;une garantie de remboursement de 90 jours. Tu n&rsquo;es pas satisfait pour une raison quelconque ? Si c&rsquo;est le cas, envoie-nous un courriel et nous le r\u00e9parerons pour toi. Nos services de r\u00e9f\u00e9rencement sont accompagn\u00e9s d&rsquo;une garantie limit\u00e9e. Cela est d\u00fb au fait que [&hellip;]<\/p>\n","protected":false},"author":4,"featured_media":0,"parent":0,"menu_order":0,"comment_status":"closed","ping_status":"closed","template":"","meta":{"site-sidebar-layout":"default","site-content-layout":"default","ast-site-content-layout":"default","site-content-style":"default","site-sidebar-style":"default","ast-global-header-display":"","ast-banner-title-visibility":"","ast-main-header-display":"","ast-hfb-above-header-display":"","ast-hfb-below-header-display":"","ast-hfb-mobile-header-display":"","site-post-title":"","ast-breadcrumbs-content":"","ast-featured-img":"","footer-sml-layout":"","ast-disable-related-posts":"","theme-transparent-header-meta":"default","adv-header-id-meta":"","stick-header-meta":"default","header-above-stick-meta":"","header-main-stick-meta":"","header-below-stick-meta":"","astra-migrate-meta-layouts":"default","ast-page-background-enabled":"default","ast-page-background-meta":{"desktop":{"background-color":"","background-image":"","background-repeat":"repeat","background-position":"center center","background-size":"auto","background-attachment":"scroll","background-type":"","background-media":"","overlay-type":"","overlay-color":"","overlay-opacity":"","overlay-gradient":""},"tablet":{"background-color":"","background-image":"","background-repeat":"repeat","background-position":"center center","background-size":"auto","background-attachment":"scroll","background-type":"","background-media":"","overlay-type":"","overlay-color":"","overlay-opacity":"","overlay-gradient":""},"mobile":{"background-color":"","background-image":"","background-repeat":"repeat","background-position":"center center","background-size":"auto","background-attachment":"scroll","background-type":"","background-media":"","overlay-type":"","overlay-color":"","overlay-opacity":"","overlay-gradient":""}},"ast-content-background-meta":{"desktop":{"background-color":"var(--ast-global-color-5)","background-image":"","background-repeat":"repeat","background-position":"center center","background-size":"auto","background-attachment":"scroll","background-type":"","background-media":"","overlay-type":"","overlay-color":"","overlay-opacity":"","overlay-gradient":""},"tablet":{"background-color":"var(--ast-global-color-5)","background-image":"","background-repeat":"repeat","background-position":"center center","background-size":"auto","background-attachment":"scroll","background-type":"","background-media":"","overlay-type":"","overlay-color":"","overlay-opacity":"","overlay-gradient":""},"mobile":{"background-color":"var(--ast-global-color-5)","background-image":"","background-repeat":"repeat","background-position":"center center","background-size":"auto","background-attachment":"scroll","background-type":"","background-media":"","overlay-type":"","overlay-color":"","overlay-opacity":"","overlay-gradient":""}},"footnotes":""},"class_list":["post-51173","page","type-page","status-publish","hentry"],"_links":{"self":[{"href":"https:\/\/www.likes-kopen.nl\/fr\/wp-json\/wp\/v2\/pages\/51173","targetHints":{"allow":["GET"]}}],"collection":[{"href":"https:\/\/www.likes-kopen.nl\/fr\/wp-json\/wp\/v2\/pages"}],"about":[{"href":"https:\/\/www.likes-kopen.nl\/fr\/wp-json\/wp\/v2\/types\/page"}],"author":[{"embeddable":true,"href":"https:\/\/www.likes-kopen.nl\/fr\/wp-json\/wp\/v2\/users\/4"}],"replies":[{"embeddable":true,"href":"https:\/\/www.likes-kopen.nl\/fr\/wp-json\/wp\/v2\/comments?post=51173"}],"version-history":[{"count":0,"href":"https:\/\/www.likes-kopen.nl\/fr\/wp-json\/wp\/v2\/pages\/51173\/revisions"}],"wp:attachment":[{"href":"https:\/\/www.likes-kopen.nl\/fr\/wp-json\/wp\/v2\/media?parent=51173"}],"curies":[{"name":"wp","href":"https:\/\/api.w.org\/{rel}","templated":true}]}}