{"id":51123,"date":"2014-07-20T18:55:07","date_gmt":"2014-07-20T17:55:07","guid":{"rendered":"https:\/\/www.likes-kopen.nl\/contact\/"},"modified":"2023-07-18T11:15:51","modified_gmt":"2023-07-18T10:15:51","slug":"contact","status":"publish","type":"page","link":"https:\/\/www.likes-kopen.nl\/fr\/contact\/","title":{"rendered":"Contact"},"content":{"rendered":"<div class=\"wpb-content-wrapper\"><p>[vc_row][vc_column offset=\u00a0\u00bbvc_col-lg-offset-2 vc_col-lg-8&Prime;][vc_empty_space][vc_column_text]<\/p>\n<h1 style=\"text-align: center;\">Contact Likes-buying Support<\/h1>\n<p>N&rsquo;h\u00e9site pas \u00e0 nous contacter \u00e0 tout moment. Nous essayons toujours de te donner le meilleur service possible. La plupart des produits disponibles sont r\u00e9pertori\u00e9s dans notre gamme. Tu cherches encore quelque chose en dehors de notre gamme ? Si c&rsquo;est le cas, n&rsquo;h\u00e9site pas \u00e0 nous contacter.<\/p>\n<h2 style=\"text-align: center;\">Voir le statut de ta commande<\/h2>\n<p>Tu peux facilement et rapidement v\u00e9rifier le statut de ta commande en cours. Pour cela, tu n&rsquo;as pas besoin de nous contacter au pr\u00e9alable. V\u00e9rifie le statut de ta commande :[\/vc_column_text][vc_btn title=\u00a0\u00bbV\u00e9rifie le statut de la commande\u00a0\u00bb style=\u00a0\u00bbflat\u00a0\u00bb color=\u00a0\u00bbprimary\u00a0\u00bb size=\u00a0\u00bblg\u00a0\u00bb align=\u00a0\u00bbcenter\u00a0\u00bb link=\u00a0\u00bburl:https%3A%2F%2Fwww.likes-kopen.nl%2Ffr%2Fverifie-le-statut-de-la-commande%2F|\u00a0\u00bb][vc_empty_space][\/vc_column][\/vc_row][vc_row][vc_column width=\u00a0\u00bb1\/2&Prime;][vc_column_text]<\/p>\n<h2>Service \u00e0 la client\u00e8le<\/h2>\n<h3>Commandes existantes<\/h3>\n<p>L&rsquo;assistance se fait via notre <a href=\"https:\/\/support.likes-kopen.nl\/hc\/nl\">plateforme d&rsquo;assistance<\/a> o\u00f9 tu peux facilement demander un ticket d&rsquo;assistance. Tu peux aussi nous joindre aux coordonn\u00e9es ci-dessous :<br \/>\nT\u00e9l\u00e9phone : +31 85 06 06 818<br \/>\nCourriel : <a href=\"mailto:support@likes-kopen.nl\">support@likes-kopen.nl<\/a><\/p>\n<h3>Questions sur les ventes et les produits<\/h3>\n<p>T\u00e9l\u00e9phone : +31 85 06 06 818<br \/>\nCourriel : <a href=\"mailto:support@likes-kopen.nl\">support@likes-kopen.nl<\/a>[\/vc_column_text][\/vc_column][vc_column width=\u00a0\u00bb1\/2&Prime;][vc_column_text]<\/p>\n<h2>Donn\u00e9es de l&rsquo;entreprise<\/h2>\n<h3>Adresse<\/h3>\n<p>Wenlock Road 20-22<br \/>\nN1 7GU, Londres<br \/>\nRoyaume-Uni<\/p>\n<h3>Donn\u00e9es<\/h3>\n<p>Huge Upward LTD<br \/>\nReg. Num\u00e9ro : 12360848<br \/>\nTVA. Nombre : n\/a[\/vc_column_text][vc_empty_space height=\u00a0\u00bb50px\u00a0\u00bb][\/vc_column][\/vc_row][vc_row][vc_column width=\u00a0\u00bb1\/2&Prime;][vc_column_text]<\/p>\n<h2>Syst\u00e8me de plaintes<\/h2>\n<p>C&rsquo;est bien s\u00fbr ennuyeux si tu as une plainte \u00e0 formuler au sujet de nos produits et\/ou services. Nous aimerions t&rsquo;aider davantage et t&rsquo;apporter la solution souhait\u00e9e. Tu peux envoyer un courrier \u00e0<\/p>\n<p><a href=\"mailto:support@likes-kopen.nl\">support@likes-kopen.nl<\/a><\/p>\n<p>Notre personnel charg\u00e9 des plaintes examinera la plainte et essaiera de la r\u00e9soudre \u00e0 la satisfaction de tous.<\/p>\n<p>Apr\u00e8s avoir re\u00e7u ta plainte, nous t&rsquo;enverrons une confirmation.<br \/>\nNous r\u00e9pondrons \u00e0 ta plainte dans les 14 jours suivant sa r\u00e9ception, si cela prend plus de temps, nous t&rsquo;en informerons. Si tu n&rsquo;appr\u00e9cies pas cela, tu peux toujours contacter le service de m\u00e9diation de Stichting Webshop Keurmerk, dont nous sommes membres. Ils feront ensuite office de m\u00e9diateurs sur <a href=\"https:\/\/www.keurmerk.info\/nl\/consumenten\/klacht\/\" target=\"_blank\" rel=\"noopener\">https:\/\/www.keurmerk.info\/nl\/consumenten\/klacht\/<\/a><\/p>\n<p>\u00c0 partir du 15 f\u00e9vrier 2016, il sera \u00e9galement possible pour les consommateurs de l&rsquo;UE d&rsquo;enregistrer des plaintes via la plateforme ODR de la Commission europ\u00e9enne. Cette plateforme ODR se trouve \u00e0 l&rsquo;adresse suivante :<a href=\"https:\/\/ec.europa.eu\/odr\" target=\"_blank\" rel=\"noopener\">(https:\/\/ec.europa.eu\/odr)<\/a> Si la plainte n&rsquo;est pas d\u00e9j\u00e0 en cours ailleurs, tu es libre de la d\u00e9poser par le biais de la plateforme de l&rsquo;Union europ\u00e9enne.[\/vc_column_text][\/vc_column][vc_column width=\u00a0\u00bb1\/2&Prime;][\/vc_column][\/vc_row]<\/p>\n<\/div>","protected":false},"excerpt":{"rendered":"<p>[vc_row][vc_column offset=\u00a0\u00bbvc_col-lg-offset-2 vc_col-lg-8&Prime;][vc_empty_space][vc_column_text] Contact Likes-buying Support N&rsquo;h\u00e9site pas \u00e0 nous contacter \u00e0 tout moment. Nous essayons toujours de te donner le meilleur service possible. La plupart des produits disponibles sont r\u00e9pertori\u00e9s dans notre gamme. Tu cherches encore quelque chose en dehors de notre gamme ? Si c&rsquo;est le cas, n&rsquo;h\u00e9site pas \u00e0 nous contacter. Voir [&hellip;]<\/p>\n","protected":false},"author":2,"featured_media":0,"parent":0,"menu_order":0,"comment_status":"closed","ping_status":"closed","template":"","meta":{"site-sidebar-layout":"no-sidebar","site-content-layout":"plain-container","ast-site-content-layout":"full-width-container","site-content-style":"default","site-sidebar-style":"default","ast-global-header-display":"","ast-banner-title-visibility":"","ast-main-header-display":"","ast-hfb-above-header-display":"","ast-hfb-below-header-display":"","ast-hfb-mobile-header-display":"","site-post-title":"disabled","ast-breadcrumbs-content":"","ast-featured-img":"disabled","footer-sml-layout":"","ast-disable-related-posts":"","theme-transparent-header-meta":"default","adv-header-id-meta":"","stick-header-meta":"default","header-above-stick-meta":"","header-main-stick-meta":"","header-below-stick-meta":"","astra-migrate-meta-layouts":"default","ast-page-background-enabled":"default","ast-page-background-meta":{"desktop":{"background-color":"","background-image":"","background-repeat":"repeat","background-position":"center center","background-size":"auto","background-attachment":"scroll","background-type":"","background-media":"","overlay-type":"","overlay-color":"","overlay-opacity":"","overlay-gradient":""},"tablet":{"background-color":"","background-image":"","background-repeat":"repeat","background-position":"center center","background-size":"auto","background-attachment":"scroll","background-type":"","background-media":"","overlay-type":"","overlay-color":"","overlay-opacity":"","overlay-gradient":""},"mobile":{"background-color":"","background-image":"","background-repeat":"repeat","background-position":"center center","background-size":"auto","background-attachment":"scroll","background-type":"","background-media":"","overlay-type":"","overlay-color":"","overlay-opacity":"","overlay-gradient":""}},"ast-content-background-meta":{"desktop":{"background-color":"var(--ast-global-color-5)","background-image":"","background-repeat":"repeat","background-position":"center center","background-size":"auto","background-attachment":"scroll","background-type":"","background-media":"","overlay-type":"","overlay-color":"","overlay-opacity":"","overlay-gradient":""},"tablet":{"background-color":"var(--ast-global-color-5)","background-image":"","background-repeat":"repeat","background-position":"center center","background-size":"auto","background-attachment":"scroll","background-type":"","background-media":"","overlay-type":"","overlay-color":"","overlay-opacity":"","overlay-gradient":""},"mobile":{"background-color":"var(--ast-global-color-5)","background-image":"","background-repeat":"repeat","background-position":"center center","background-size":"auto","background-attachment":"scroll","background-type":"","background-media":"","overlay-type":"","overlay-color":"","overlay-opacity":"","overlay-gradient":""}},"footnotes":""},"class_list":["post-51123","page","type-page","status-publish","hentry"],"_links":{"self":[{"href":"https:\/\/www.likes-kopen.nl\/fr\/wp-json\/wp\/v2\/pages\/51123","targetHints":{"allow":["GET"]}}],"collection":[{"href":"https:\/\/www.likes-kopen.nl\/fr\/wp-json\/wp\/v2\/pages"}],"about":[{"href":"https:\/\/www.likes-kopen.nl\/fr\/wp-json\/wp\/v2\/types\/page"}],"author":[{"embeddable":true,"href":"https:\/\/www.likes-kopen.nl\/fr\/wp-json\/wp\/v2\/users\/2"}],"replies":[{"embeddable":true,"href":"https:\/\/www.likes-kopen.nl\/fr\/wp-json\/wp\/v2\/comments?post=51123"}],"version-history":[{"count":0,"href":"https:\/\/www.likes-kopen.nl\/fr\/wp-json\/wp\/v2\/pages\/51123\/revisions"}],"wp:attachment":[{"href":"https:\/\/www.likes-kopen.nl\/fr\/wp-json\/wp\/v2\/media?parent=51123"}],"curies":[{"name":"wp","href":"https:\/\/api.w.org\/{rel}","templated":true}]}}