{"id":839769,"date":"2024-02-05T10:41:00","date_gmt":"2024-02-05T09:41:00","guid":{"rendered":"https:\/\/www.likes-kopen.nl\/tiktok-kommentare-massgeschneidert\/"},"modified":"2025-01-27T06:24:42","modified_gmt":"2025-01-27T05:24:42","slug":"tiktok-kommentare-massgeschneidert","status":"publish","type":"product","link":"https:\/\/www.likes-kopen.nl\/de\/tiktok-kommentare-massgeschneidert\/","title":{"rendered":"TikTok Kommentare kaufen (Benutzerdefiniert)"},"content":{"rendered":"<h1>TikTok Kommentare kaufen (Benutzerdefiniert)<\/h1>\n<p>Entscheide, was in den Kommentaren unter deinen TikTok-Videos erscheinen soll. Mit der benutzerdefinierten Antwort von TikTok kannst du sogar kontrollieren, was die Leute \u00fcber dein Video sagen. Du stellst uns den Text zur Verf\u00fcgung und wir sorgen daf\u00fcr, dass dein Text als Kommentar unter deinem Video erscheint.<\/p>\n<p>Sei also nicht mehr \u00fcberrascht!<\/p>\n<h2>Warum solltest du TikTok Antworten kaufen?<\/h2>\n<p>Kommentare zu deinem TikTok-Video helfen dir, mehr Sichtbarkeit f\u00fcr dein Video zu schaffen. Au\u00dferdem zeigt ein Video mit vielen Kommentaren, dass es beliebt und daher sehenswert ist. Mehr Kommentare unter deinem TikTok-Video haben also einen gro\u00dfen Vorteil.<\/p>\n<p>Also bestelle deine TikTok-Reaktionen noch heute!<\/p>\n<h2>Fehlt es an Inspiration?<\/h2>\n<p>Mit superpraktischen Tools wie ChatGPT oder anderen KI-Inhaltsgeneratoren kannst du dir jetzt im Handumdrehen TikTok-Antworten ausdenken. Du musst also nicht mehr stundenlang dar\u00fcber nachdenken, was du in die Kommentare schreibst, KI macht das f\u00fcr dich!<\/p>\n<p>&nbsp;<\/p>\n","protected":false},"excerpt":{"rendered":"<p>\u2705<br \/>\n\ud83d\udcac<br \/>\n\u2b50Schnell TikTok-Reaktionen kaufen? Bestimme den Inhalt selbst Liefergarantie<\/p>\n","protected":false},"featured_media":49497,"comment_status":"open","ping_status":"closed","template":"","meta":{"site-sidebar-layout":"default","site-content-layout":"default","ast-site-content-layout":"default","site-content-style":"default","site-sidebar-style":"default","ast-global-header-display":"","ast-banner-title-visibility":"","ast-main-header-display":"","ast-hfb-above-header-display":"","ast-hfb-below-header-display":"","ast-hfb-mobile-header-display":"","site-post-title":"","ast-breadcrumbs-content":"","ast-featured-img":"","footer-sml-layout":"","ast-disable-related-posts":"","theme-transparent-header-meta":"default","adv-header-id-meta":"","stick-header-meta":"default","header-above-stick-meta":"","header-main-stick-meta":"","header-below-stick-meta":"","astra-migrate-meta-layouts":"default","ast-page-background-enabled":"default","ast-page-background-meta":{"desktop":{"background-color":"","background-image":"","background-repeat":"repeat","background-position":"center center","background-size":"auto","background-attachment":"scroll","background-type":"","background-media":"","overlay-type":"","overlay-color":"","overlay-opacity":"","overlay-gradient":""},"tablet":{"background-color":"","background-image":"","background-repeat":"repeat","background-position":"center center","background-size":"auto","background-attachment":"scroll","background-type":"","background-media":"","overlay-type":"","overlay-color":"","overlay-opacity":"","overlay-gradient":""},"mobile":{"background-color":"","background-image":"","background-repeat":"repeat","background-position":"center center","background-size":"auto","background-attachment":"scroll","background-type":"","background-media":"","overlay-type":"","overlay-color":"","overlay-opacity":"","overlay-gradient":""}},"ast-content-background-meta":{"desktop":{"background-color":"var(--ast-global-color-5)","background-image":"","background-repeat":"repeat","background-position":"center center","background-size":"auto","background-attachment":"scroll","background-type":"","background-media":"","overlay-type":"","overlay-color":"","overlay-opacity":"","overlay-gradient":""},"tablet":{"background-color":"var(--ast-global-color-5)","background-image":"","background-repeat":"repeat","background-position":"center center","background-size":"auto","background-attachment":"scroll","background-type":"","background-media":"","overlay-type":"","overlay-color":"","overlay-opacity":"","overlay-gradient":""},"mobile":{"background-color":"var(--ast-global-color-5)","background-image":"","background-repeat":"repeat","background-position":"center center","background-size":"auto","background-attachment":"scroll","background-type":"","background-media":"","overlay-type":"","overlay-color":"","overlay-opacity":"","overlay-gradient":""}}},"product_brand":[],"product_cat":[554],"product_tag":[5731,5729,5730],"class_list":{"0":"post-839769","1":"product","2":"type-product","3":"status-publish","4":"has-post-thumbnail","6":"product_cat-tiktok-de","7":"product_tag-reaktionen-kaufen","8":"product_tag-tiktok-reaktionen-kaufen","9":"product_tag-tiktok-reaktionen","10":"desktop-align-center","11":"tablet-align-center","12":"mobile-align-center","13":"ast-product-gallery-layout-first-image-large","14":"ast-product-gallery-with-no-image","15":"ast-magnify-disabled","16":"ast-product-single-variable","17":"ast-product-tabs-layout-horizontal","19":"first","20":"instock","21":"sale","22":"taxable","23":"shipping-taxable","24":"purchasable","25":"product-type-variable"},"_links":{"self":[{"href":"https:\/\/www.likes-kopen.nl\/de\/wp-json\/wp\/v2\/product\/839769","targetHints":{"allow":["GET"]}}],"collection":[{"href":"https:\/\/www.likes-kopen.nl\/de\/wp-json\/wp\/v2\/product"}],"about":[{"href":"https:\/\/www.likes-kopen.nl\/de\/wp-json\/wp\/v2\/types\/product"}],"replies":[{"embeddable":true,"href":"https:\/\/www.likes-kopen.nl\/de\/wp-json\/wp\/v2\/comments?post=839769"}],"wp:featuredmedia":[{"embeddable":true,"href":"https:\/\/www.likes-kopen.nl\/de\/wp-json\/wp\/v2\/media\/49497"}],"wp:attachment":[{"href":"https:\/\/www.likes-kopen.nl\/de\/wp-json\/wp\/v2\/media?parent=839769"}],"wp:term":[{"taxonomy":"product_brand","embeddable":true,"href":"https:\/\/www.likes-kopen.nl\/de\/wp-json\/wp\/v2\/product_brand?post=839769"},{"taxonomy":"product_cat","embeddable":true,"href":"https:\/\/www.likes-kopen.nl\/de\/wp-json\/wp\/v2\/product_cat?post=839769"},{"taxonomy":"product_tag","embeddable":true,"href":"https:\/\/www.likes-kopen.nl\/de\/wp-json\/wp\/v2\/product_tag?post=839769"}],"curies":[{"name":"wp","href":"https:\/\/api.w.org\/{rel}","templated":true}]}}