{"id":57274,"date":"2019-10-04T08:06:11","date_gmt":"2019-10-04T08:06:11","guid":{"rendered":"https:\/\/www.likes-kopen.nl\/product\/tiktok-likes\/"},"modified":"2025-02-10T11:54:46","modified_gmt":"2025-02-10T10:54:46","slug":"tiktok-likes-kaufen","status":"publish","type":"product","link":"https:\/\/www.likes-kopen.nl\/de\/tiktok-likes-kaufen\/","title":{"rendered":"TikTok Likes kaufen"},"content":{"rendered":"<p>TikTok Likes kaufen? Mit uns kannst du genau das tun! Was wir dir allerdings sagen m\u00fcssen, ist, dass der Kauf von Likes nicht den Richtlinien von <a href=\"https:\/\/www.likes-kopen.nl\/tiktok\/\">TikTok<\/a> entspricht und unser Produkt daher nicht 100% risikofrei ist.<\/p>\n<h2>TikTok Likes kaufen<\/h2>\n<p>Mit mehr <strong>TikTok-Likes<\/strong> f\u00fcr deine Videos wirst du dir auf dieser beliebten App einen Namen machen.<\/p>\n<p>TikTok hat in letzter Zeit an Beliebtheit gewonnen.<\/p>\n<p>Manche Menschen sehen die Plattform als eine hervorragende M\u00f6glichkeit, viral zu gehen.<\/p>\n<p>Es stimmt zwar, dass es auf TikTok leichter ist, viral zu gehen als auf Plattformen wie Instagram, aber du solltest auch wissen, dass du nicht der Einzige bist, der so denkt.<\/p>\n<p>Du wirst \u00fcberrascht sein, dass Menschen tats\u00e4chlich Likes, Fans und Views kaufen.<\/p>\n<p>Wenn du wissen willst, wie du auf TikTok Views bekommst, bist du hier genau richtig.<\/p>\n<p>Denke daran, dass der Wettbewerb immer h\u00e4rter wird und viele deiner Konkurrenten auf TikTok diese Dienste kaufen, um andere auszustechen und ber\u00fchmt zu werden.<\/p>\n<p>Der <strong>TikTok Likes Service<\/strong> ist sehr beliebt unter unseren Diensten und hat eine hervorragende Qualit\u00e4t bewiesen.<\/p>\n<h2>TikTok Likes-kopieren ist nicht nur f\u00fcr pers\u00f6nliche Accounts<\/h2>\n<p><strong>TikTok-Likes<\/strong> sind nicht nur f\u00fcr pers\u00f6nliche Accounts gedacht.<\/p>\n<p>Du kannst auf TikTok auch Likes f\u00fcr deine professionellen Accounts bekommen.<\/p>\n<p>Jeden Tag kommen mehr und mehr Unternehmen und professionelle Nutzer zu TikTok.<\/p>\n<p>Wenn dein Account einer von ihnen ist, ist es entscheidend, dass du Likes bekommst.<\/p>\n<p>Wie auf Instagram gibt es auch auf TikTok viele Influencer.<\/p>\n<p>Manchmal m\u00fcssen Marken nicht selbst in den sozialen Medien aktiv sein, weil es einfacher und effizienter ist, ihre Produkte und Dienstleistungen \u00fcber diese Influencer vorzustellen.<\/p>\n<p>Wenn du ein Influencer bist oder einer werden willst, hilft dir der Kauf von <strong>Likes f\u00fcr TikTok Videos<\/strong> ungemein.<\/p>\n<p>Wenn du willst, dass dein Konto auf der &#8222;F\u00fcr dich-Seite&#8220; gesehen wird, musst du das Engagement deines Kontos erh\u00f6hen.<\/p>\n<p>Wie kannst du das tun?<\/p>\n<p>Nun, das ist ein Teufelskreis.<\/p>\n<p>Wenn du mehr Engagement bekommst, wirst du beliebter, wenn du beliebter wirst, bekommst du mehr Engagement.<\/p>\n<p>Das Wichtigste ist nat\u00fcrlich, dass du qualitativ hochwertige Inhalte lieferst.<\/p>\n<p>Aber selbst wenn deine Inhalte wirklich gut sind, kann es einige Zeit dauern, bis du entdeckt wirst.<\/p>\n<p>Tja, und genau da kommen die TikTok Likes von Likes-kopen ins Spiel.<\/p>\n<p>Wenn du dir die Wartezeit sparen willst, kannst du diese Likes kaufen und deinen TikTok-Account schneller sichtbar machen.<\/p>\n<p>Das ist der beste Weg, um <strong>schnell ein Influencer<\/strong> zu werden.<\/p>\n<h3>Warum ist es wichtig, auf TikTok aktiv zu sein?<\/h3>\n<p>TikTok ver\u00e4ndert alles, was wir \u00fcber soziale Medien wissen.<\/p>\n<p>Millionen von Jugendlichen und jungen Erwachsenen auf der ganzen Welt haben damit begonnen, es zu benutzen.<\/p>\n<p>Lass uns einen Blick darauf werfen, warum TikTok so wichtig ist:<\/p>\n<ul>\n<li>TikTok wird von einer j\u00fcngeren Generation genutzt, die offen daf\u00fcr ist, neue Dinge zu entdecken.<\/li>\n<li>Es ist einfach, interessante Inhalte auf TikTok zu erstellen.<\/li>\n<li>TikTok hat eine gro\u00dfe Anzahl von t\u00e4glichen Nutzern.<\/li>\n<li>Da es sich um eine beliebte Plattform handelt, kannst du dein Unternehmen ohne gro\u00dfen Aufwand bewerben.<\/li>\n<li>Wenn du den Trend aufgreifst, kannst du viral gehen.<\/li>\n<\/ul>\n<p>Andere Social Media Giganten wie <a href=\"https:\/\/www.likes-kopen.nl\/instagram\/\">Instagram<\/a>, <a href=\"https:\/\/www.likes-kopen.nl\/youtube\/\">YouTube<\/a>, Twitter, Snapchat und Facebook sind ernsthaft besorgt \u00fcber diesen rasanten Anstieg der Popularit\u00e4t.<\/p>\n<p>TikTok hat weltweit mehr als 2 Milliarden Nutzer und mindestens 800 Millionen (2023) t\u00e4glich aktive Nutzer.<\/p>\n<p>Auch du kannst auf dieser Plattform ber\u00fchmt werden.<\/p>\n<p>Aber wie kannst du diesen Traum erf\u00fcllen, wenn du keine Follower und keine Likes hast?<\/p>\n<p>TikTok ist nicht nur wichtig, weil viele Teenager es benutzen.<\/p>\n<p>Heute ist es eine Top Plattform.<\/p>\n<p>Nachdem TikTok seinen Aufstieg begann, haben auch einige Unternehmen TikTok Konten eingerichtet.<\/p>\n<p>Das Ergebnis war, dass die Anwendung professioneller aussah.<\/p>\n<p>Als Unternehmen begannen, TikTok Aufmerksamkeit zu schenken, hat seine Bedeutung sicherlich zugenommen.<\/p>\n<p>Deshalb ist TikTok so wichtig.<\/p>\n<p>Wir wissen, dass die Menschen sich f\u00fcr Zahlen interessieren (Likes, Views, Follower usw.), weil sie diese vergleichen.<\/p>\n<p>Sie w\u00fcrden ihre kostbare Zeit nicht damit verschwenden, sich jemanden anzusehen, der keine Likes oder Fans hat.<\/p>\n<p>Mit dem TikTok-Likes-Service von Likes-kopen kannst du dir einen Vorteil gegen\u00fcber deinen Konkurrenten verschaffen, ohne dass andere merken, dass du diesen Trick benutzt.<\/p>\n<h3>Warum TikTok Likes kaufen<\/h3>\n<p>Warum solltest du Likes f\u00fcr das super beliebte TikTok kaufen?<\/p>\n<p>Nun, das ist ganz einfach.<\/p>\n<p>Mehr Likes bedeuten, dass dein Video von vielen Menschen gemocht wird und deshalb auch andere Menschen dein Video sehen wollen.<\/p>\n<p>So bekommst du mehr Zuschauer und diejenigen, die dein Video m\u00f6gen, werden es auch m\u00f6gen.<\/p>\n<p>Die Likes, die du bei uns bestellst, bekommst du nat\u00fcrlich trotzdem.<\/p>\n<p>&nbsp;<\/p>\n<p><img decoding=\"async\" class=\"alignnone size-full wp-image-10608\" src=\"https:\/\/www.likes-kopen.nl\/wp-content\/uploads\/\/2019\/10\/likes-kopen-banner.jpg\" alt=\"vor und nach tiktok likes kaufen\" width=\"498\" height=\"378\" srcset=\"https:\/\/www.likes-kopen.nl\/wp-content\/uploads\/2019\/10\/likes-kopen-banner.jpg 498w, https:\/\/www.likes-kopen.nl\/wp-content\/uploads\/2019\/10\/likes-kopen-banner-462x351.jpg 462w, https:\/\/www.likes-kopen.nl\/wp-content\/uploads\/2019\/10\/likes-kopen-banner-300x228.jpg 300w\" sizes=\"(max-width: 498px) 100vw, 498px\" \/><\/p>\n<p>&nbsp;<\/p>\n<h2>Wie kann ich TikTok Likes kaufen und bestellen?<\/h2>\n<p>Um dir die bestellten Likes f\u00fcr TikTok zu liefern, m\u00fcssen wir wissen, um welches Video es sich handelt.<\/p>\n<p>Daf\u00fcr brauchen wir den richtigen Link, der direkt auf dein Video verweist.<\/p>\n<p>Wie du zu diesem Link kommst, erf\u00e4hrst du unten.<\/p>\n<ol>\n<li>Gehe zur TikTok App und klicke auf dein Profilsymbol in der unteren rechten Ecke<\/li>\n<li>Klicke auf das Video, f\u00fcr das du Likes haben m\u00f6chtest<\/li>\n<li>Auf der rechten Seite siehst du drei Punkte, die du anklicken musst<\/li>\n<li>W\u00e4hle nun die Option &#8222;Link kopieren&#8220;, die du unter SHARE OP siehst<\/li>\n<\/ol>\n<p>Nachdem du den Link kopiert hast, musst du ihn nur noch an uns weiterleiten.<\/p>\n<p>Dazu h\u00e4ltst du das LINK-Feld auf dem Bestellfeld gedr\u00fcckt und w\u00e4hlst Einf\u00fcgen.<\/p>\n<h2>Merkmale der TikTok Likes<\/h2>\n<ul>\n<li>Die Lieferzeit w\u00e4hrend der B\u00fcrozeiten betr\u00e4gt nur ein paar Stunden. Bei gro\u00dfen Zahlen (500+ kann es manchmal etwas l\u00e4nger dauern).<\/li>\n<li>99,9% stabil<\/li>\n<li>100% sicher f\u00fcr dein Konto<\/li>\n<li>Menschen auf der ganzen Welt werden dein Video m\u00f6gen<\/li>\n<li>Bitte halte das Video oder Profil \u00f6ffentlich, solange die Bestellung l\u00e4uft.<\/li>\n<\/ul>\n<h3>Mehr Aufrufe f\u00fcr dein Video? Auch das ist m\u00f6glich!<\/h3>\n<p>Willst du mehr Aufrufe f\u00fcr dein TikTok Video? Auch darum k\u00f6nnen wir uns k\u00fcmmern.<\/p>\n<p>Schlie\u00dflich kannst du auch separat <a href=\"https:\/\/www.likes-kopen.nl\/tiktok-views-kopen\/\">TikTok Views kaufen<\/a>.<\/p>\n<p>Ansichten werden auch St\u00fccke oder Betrachter genannt.<\/p>\n<p>Wir liefern sie blitzschnell und mit Garantie!<\/p>\n<p>Neben den Views kannst du auch dein Profil mit unseren TikTok Followern st\u00e4rken.<\/p>\n<p>Hierf\u00fcr kannst du <a href=\"https:\/\/www.likes-kopen.nl\/tiktok-volgers-kopen\/\">TikTok Follower kaufen<\/a>.<\/p>\n<p>Auch auf TikTok Follower erh\u00e4ltst du unsere ber\u00fchmte 90-t\u00e4gige 100%-Zufriedenheitsgarantie!<\/p>\n<div id=\"gtx-trans\" style=\"position: absolute; left: 643px; top: 1393.1px;\">\n<div class=\"gtx-trans-icon\"><\/div>\n<\/div>\n<h4>Rabatt auf deine n\u00e4chste Bestellung?<\/h4>\n<p>Erstelle ein kostenloses Konto bei uns und erhalte bei jeder Bestellung Treuepunkte.<\/p>\n<p>Diese Treuepunkte werden in deinem Konto gespeichert.<\/p>\n<p>Wenn du das n\u00e4chste Mal bei uns einkaufst, kannst du diese Punkte gleich f\u00fcr Rabatte einl\u00f6sen.<\/p>\n<p>So wirst du bei deiner n\u00e4chsten Bestellung noch g\u00fcnstiger oder shoppst sogar ganz umsonst!<\/p>\n","protected":false},"excerpt":{"rendered":"<p>Steigere deine TikTok-Videos mit Tausenden von Likes. Kaufe ganz einfach TikTok-Likes und erh\u00f6he deine Reichweite sofort!<\/p>\n<p><strong> Likes-kopen Die Vorteile von auf einen Blick: <\/strong><br \/>\n\u2705<br \/>\n\ud83d\udcb0<br \/>\n\ud83d\udd12<br \/>\n\ud83d\ude80 Zuverl\u00e4ssig, 9+ Jahre Erfahrung Bestes Preis-Leistungs-Verh\u00e4ltnis 100% Sicher, keine Anmeldung erforderlich Superschnelle &amp; organische Lieferung<\/p>\n","protected":false},"featured_media":49443,"comment_status":"open","ping_status":"closed","template":"","meta":{"site-sidebar-layout":"default","site-content-layout":"default","ast-site-content-layout":"default","site-content-style":"default","site-sidebar-style":"default","ast-global-header-display":"","ast-banner-title-visibility":"","ast-main-header-display":"","ast-hfb-above-header-display":"","ast-hfb-below-header-display":"","ast-hfb-mobile-header-display":"","site-post-title":"","ast-breadcrumbs-content":"","ast-featured-img":"","footer-sml-layout":"","ast-disable-related-posts":"","theme-transparent-header-meta":"default","adv-header-id-meta":"","stick-header-meta":"default","header-above-stick-meta":"","header-main-stick-meta":"","header-below-stick-meta":"","astra-migrate-meta-layouts":"set","ast-page-background-enabled":"default","ast-page-background-meta":{"desktop":{"background-color":"","background-image":"","background-repeat":"repeat","background-position":"center center","background-size":"auto","background-attachment":"scroll","background-type":"","background-media":"","overlay-type":"","overlay-color":"","overlay-opacity":"","overlay-gradient":""},"tablet":{"background-color":"","background-image":"","background-repeat":"repeat","background-position":"center center","background-size":"auto","background-attachment":"scroll","background-type":"","background-media":"","overlay-type":"","overlay-color":"","overlay-opacity":"","overlay-gradient":""},"mobile":{"background-color":"","background-image":"","background-repeat":"repeat","background-position":"center center","background-size":"auto","background-attachment":"scroll","background-type":"","background-media":"","overlay-type":"","overlay-color":"","overlay-opacity":"","overlay-gradient":""}},"ast-content-background-meta":{"desktop":{"background-color":"var(--ast-global-color-5)","background-image":"","background-repeat":"repeat","background-position":"center center","background-size":"auto","background-attachment":"scroll","background-type":"","background-media":"","overlay-type":"","overlay-color":"","overlay-opacity":"","overlay-gradient":""},"tablet":{"background-color":"var(--ast-global-color-5)","background-image":"","background-repeat":"repeat","background-position":"center center","background-size":"auto","background-attachment":"scroll","background-type":"","background-media":"","overlay-type":"","overlay-color":"","overlay-opacity":"","overlay-gradient":""},"mobile":{"background-color":"var(--ast-global-color-5)","background-image":"","background-repeat":"repeat","background-position":"center center","background-size":"auto","background-attachment":"scroll","background-type":"","background-media":"","overlay-type":"","overlay-color":"","overlay-opacity":"","overlay-gradient":""}}},"product_brand":[],"product_cat":[554],"product_tag":[766,5629,767],"class_list":{"0":"post-57274","1":"product","2":"type-product","3":"status-publish","4":"has-post-thumbnail","6":"product_cat-tiktok-de","7":"product_tag-tiktok-de","8":"product_tag-tiktok-mag","9":"product_tag-tiktok-likes-kaufen","10":"desktop-align-center","11":"tablet-align-center","12":"mobile-align-center","13":"ast-product-gallery-layout-first-image-large","14":"ast-product-gallery-with-no-image","15":"ast-magnify-disabled","16":"ast-product-single-variable","17":"ast-product-tabs-layout-horizontal","19":"first","20":"instock","21":"sale","22":"taxable","23":"shipping-taxable","24":"purchasable","25":"product-type-variable"},"_links":{"self":[{"href":"https:\/\/www.likes-kopen.nl\/de\/wp-json\/wp\/v2\/product\/57274","targetHints":{"allow":["GET"]}}],"collection":[{"href":"https:\/\/www.likes-kopen.nl\/de\/wp-json\/wp\/v2\/product"}],"about":[{"href":"https:\/\/www.likes-kopen.nl\/de\/wp-json\/wp\/v2\/types\/product"}],"replies":[{"embeddable":true,"href":"https:\/\/www.likes-kopen.nl\/de\/wp-json\/wp\/v2\/comments?post=57274"}],"wp:featuredmedia":[{"embeddable":true,"href":"https:\/\/www.likes-kopen.nl\/de\/wp-json\/wp\/v2\/media\/49443"}],"wp:attachment":[{"href":"https:\/\/www.likes-kopen.nl\/de\/wp-json\/wp\/v2\/media?parent=57274"}],"wp:term":[{"taxonomy":"product_brand","embeddable":true,"href":"https:\/\/www.likes-kopen.nl\/de\/wp-json\/wp\/v2\/product_brand?post=57274"},{"taxonomy":"product_cat","embeddable":true,"href":"https:\/\/www.likes-kopen.nl\/de\/wp-json\/wp\/v2\/product_cat?post=57274"},{"taxonomy":"product_tag","embeddable":true,"href":"https:\/\/www.likes-kopen.nl\/de\/wp-json\/wp\/v2\/product_tag?post=57274"}],"curies":[{"name":"wp","href":"https:\/\/api.w.org\/{rel}","templated":true}]}}