{"id":57231,"date":"2019-10-09T14:42:09","date_gmt":"2019-10-09T14:42:09","guid":{"rendered":"https:\/\/www.likes-kopen.nl\/product\/twitter-follower\/"},"modified":"2025-01-27T06:12:01","modified_gmt":"2025-01-27T05:12:01","slug":"twitter-follower-kaufen","status":"publish","type":"product","link":"https:\/\/www.likes-kopen.nl\/de\/twitter-follower-kaufen\/","title":{"rendered":"Twitter Follower kaufen"},"content":{"rendered":"<p>Die Richtlinien von Twitter besagen, dass du keine k\u00fcnstlichen Follower auf deinem Profil ver\u00f6ffentlichen solltest.<br \/>\nDer Kauf erfolgt auf eigene Gefahr. Du kannst bei uns verschiedene Zahlen von Twitter-Followern kaufen. Leider m\u00fcssen wir hinzuf\u00fcgen, dass dieses Produkt nicht stabil ist und die Anh\u00e4ngerschaft ausfallen kann. Zum Gl\u00fcck bekommst du eine 90-Tage Garantie.<\/p>\n<p>&nbsp;<\/p>\n<h2>Twitter Follower kaufen<\/h2>\n<p>Willst du Twitter Follower kaufen? Du kannst sie hier in 25er Paketen bestellen! Die Qualit\u00e4t ist sehr gut und die Lieferzeit kurz. In den meisten F\u00e4llen erh\u00e4ltst du die bestellten Follower also innerhalb von 24 Stunden!<\/p>\n<p>Auch eine gro\u00dfe Anzahl von Anh\u00e4ngern ist kein Problem. Derzeit kannst du bis zu 50.000 Twitter Follower auf einmal bestellen.<\/p>\n<p>Ohne Twitter Follower erreichst du niemanden, deshalb sind Follower sehr wichtig. Besonders als Anf\u00e4nger kannst du einen Schub gebrauchen. Gro\u00dfe Unternehmen kaufen auch Follower, um ihre Reichweite zu erh\u00f6hen und \u00fcberzeugender zu wirken. Bei Likes-kopen kannst du diese sicher kaufen.<\/p>\n<p>&nbsp;<\/p>\n<h2>Steigere deinen Twitter Kanal mit Follower K\u00e4ufen<\/h2>\n<p>Du kannst deinen Twitter Kanal st\u00e4rken, indem du Follower kaufst. Auf diese Weise bekommst du den Z\u00e4hler auf einfache Art und Weise h\u00f6her. Daf\u00fcr musst du also nicht anfangen, selbst Leuten zu folgen, in der Hoffnung, dass sie dir zur\u00fcck folgen. W\u00e4hle die Anzahl, die du hinzuf\u00fcgen m\u00f6chtest, und geh zur Kasse. Wir leiten den Verfolgungsprozess ein, damit sie alle anfangen, dir zu folgen!<\/p>\n<p>&nbsp;<\/p>\n<h2>Twitter Follower kaufen<\/h2>\n<p>Mit uns kannst du Follower kaufen, ohne dein Konto zu gef\u00e4hrden. Wir haben verschiedene Mengen ab 100 St\u00fcck. Mehr Twitter Follower zu kaufen ist m\u00f6glich. Gr\u00f6\u00dfere Mengen sind in der Regel g\u00fcnstiger, sodass du einen sofortigen Rabatt erh\u00e4ltst.<\/p>\n<p>&nbsp;<\/p>\n<h2>SEO Vorteile<\/h2>\n<p>Diejenigen, die eine Website haben und ihren Twitter Account unten verlinkt haben, k\u00f6nnen einen SEO Vorteil erhalten. Der Link von diesem Social Media Kanal wirkt sich sogar als Vorteil aus. Google schaut sich auch die Anzahl der Personen an, die deinem Konto folgen, und ber\u00fccksichtigt dies bei seiner Bewertung. Der Kauf von Followern ist also auf mehreren Ebenen n\u00fctzlich!<\/p>\n<h2>Nicht aktiv auf Twitter?<\/h2>\n<p>Nat\u00fcrlich kannst du das! Neben Produkten f\u00fcr Twitter verkaufen wir auch Produkte f\u00fcr andere Social Media Kan\u00e4le. Du kannst z.B. <a href=\"https:\/\/www.likes-kopen.nl\/tiktok-volgers-kopen\/\">Tiktok Follower kaufen<\/a>. Wir haben auch ein tolles Angebot f\u00fcr Instagram. Du kannst also <a href=\"https:\/\/www.likes-kopen.nl\/instagram-volgers-kopen\/\">Follower kaufen<\/a> und <a href=\"https:\/\/www.likes-kopen.nl\/instagram-likes-kopen\/\">Likes kaufen<\/a>.<\/p>\n","protected":false},"excerpt":{"rendered":"<h2><span style=\"color: #a82a2a; font-size: 150%;\" data-darkreader-inline-color=\"\"><strong>Erhalte l\u00e4cherlich viele Twitter Follower auf deinem Account ohne zus\u00e4tzlichen Aufwand!<\/strong><\/span><\/h2>\n<div id=\"gtx-trans\" style=\"position: absolute; left: 77px; top: 66.2734px;\">\n<div class=\"gtx-trans-icon\"><\/div>\n<\/div>\n","protected":false},"featured_media":49506,"comment_status":"open","ping_status":"closed","template":"","meta":{"site-sidebar-layout":"default","site-content-layout":"default","ast-site-content-layout":"default","site-content-style":"default","site-sidebar-style":"default","ast-global-header-display":"","ast-banner-title-visibility":"","ast-main-header-display":"","ast-hfb-above-header-display":"","ast-hfb-below-header-display":"","ast-hfb-mobile-header-display":"","site-post-title":"","ast-breadcrumbs-content":"","ast-featured-img":"","footer-sml-layout":"","ast-disable-related-posts":"","theme-transparent-header-meta":"default","adv-header-id-meta":"","stick-header-meta":"default","header-above-stick-meta":"","header-main-stick-meta":"","header-below-stick-meta":"","astra-migrate-meta-layouts":"set","ast-page-background-enabled":"default","ast-page-background-meta":{"desktop":{"background-color":"","background-image":"","background-repeat":"repeat","background-position":"center center","background-size":"auto","background-attachment":"scroll","background-type":"","background-media":"","overlay-type":"","overlay-color":"","overlay-opacity":"","overlay-gradient":""},"tablet":{"background-color":"","background-image":"","background-repeat":"repeat","background-position":"center center","background-size":"auto","background-attachment":"scroll","background-type":"","background-media":"","overlay-type":"","overlay-color":"","overlay-opacity":"","overlay-gradient":""},"mobile":{"background-color":"","background-image":"","background-repeat":"repeat","background-position":"center center","background-size":"auto","background-attachment":"scroll","background-type":"","background-media":"","overlay-type":"","overlay-color":"","overlay-opacity":"","overlay-gradient":""}},"ast-content-background-meta":{"desktop":{"background-color":"var(--ast-global-color-5)","background-image":"","background-repeat":"repeat","background-position":"center center","background-size":"auto","background-attachment":"scroll","background-type":"","background-media":"","overlay-type":"","overlay-color":"","overlay-opacity":"","overlay-gradient":""},"tablet":{"background-color":"var(--ast-global-color-5)","background-image":"","background-repeat":"repeat","background-position":"center center","background-size":"auto","background-attachment":"scroll","background-type":"","background-media":"","overlay-type":"","overlay-color":"","overlay-opacity":"","overlay-gradient":""},"mobile":{"background-color":"var(--ast-global-color-5)","background-image":"","background-repeat":"repeat","background-position":"center center","background-size":"auto","background-attachment":"scroll","background-type":"","background-media":"","overlay-type":"","overlay-color":"","overlay-opacity":"","overlay-gradient":""}}},"product_brand":[],"product_cat":[789],"product_tag":[898],"class_list":{"0":"post-57231","1":"product","2":"type-product","3":"status-publish","4":"has-post-thumbnail","6":"product_cat-twitter-de","7":"product_tag-gefolgschaft","8":"desktop-align-center","9":"tablet-align-center","10":"mobile-align-center","11":"ast-product-gallery-layout-first-image-large","12":"ast-product-gallery-with-no-image","13":"ast-magnify-disabled","14":"ast-product-single-variable","15":"ast-product-tabs-layout-horizontal","17":"first","18":"instock","19":"sale","20":"taxable","21":"shipping-taxable","22":"purchasable","23":"product-type-variable"},"_links":{"self":[{"href":"https:\/\/www.likes-kopen.nl\/de\/wp-json\/wp\/v2\/product\/57231","targetHints":{"allow":["GET"]}}],"collection":[{"href":"https:\/\/www.likes-kopen.nl\/de\/wp-json\/wp\/v2\/product"}],"about":[{"href":"https:\/\/www.likes-kopen.nl\/de\/wp-json\/wp\/v2\/types\/product"}],"replies":[{"embeddable":true,"href":"https:\/\/www.likes-kopen.nl\/de\/wp-json\/wp\/v2\/comments?post=57231"}],"wp:featuredmedia":[{"embeddable":true,"href":"https:\/\/www.likes-kopen.nl\/de\/wp-json\/wp\/v2\/media\/49506"}],"wp:attachment":[{"href":"https:\/\/www.likes-kopen.nl\/de\/wp-json\/wp\/v2\/media?parent=57231"}],"wp:term":[{"taxonomy":"product_brand","embeddable":true,"href":"https:\/\/www.likes-kopen.nl\/de\/wp-json\/wp\/v2\/product_brand?post=57231"},{"taxonomy":"product_cat","embeddable":true,"href":"https:\/\/www.likes-kopen.nl\/de\/wp-json\/wp\/v2\/product_cat?post=57231"},{"taxonomy":"product_tag","embeddable":true,"href":"https:\/\/www.likes-kopen.nl\/de\/wp-json\/wp\/v2\/product_tag?post=57231"}],"curies":[{"name":"wp","href":"https:\/\/api.w.org\/{rel}","templated":true}]}}