{"id":57077,"date":"2018-03-13T08:31:10","date_gmt":"2018-03-13T07:31:10","guid":{"rendered":"https:\/\/www.likes-kopen.nl\/product\/spotify-follower\/"},"modified":"2025-01-27T06:13:16","modified_gmt":"2025-01-27T05:13:16","slug":"spotify-follower","status":"publish","type":"product","link":"https:\/\/www.likes-kopen.nl\/de\/spotify-follower\/","title":{"rendered":"Spotify-Follower"},"content":{"rendered":"<p>Standardm\u00e4\u00dfig ist die Anzahl der Follower auf 500 eingestellt. In der Dropdown-Liste kannst du eine gr\u00f6\u00dfere Zahl ausw\u00e4hlen. Die Zahlen enthalten einen Preis. Das sind die zus\u00e4tzlichen Kosten f\u00fcr die zus\u00e4tzliche Nummer.<\/p>\n<ul>\n<li>Die Lieferzeit betr\u00e4gt etwa 3 Tage<\/li>\n<li>Die Nutzer sind weltweit<\/li>\n<\/ul>\n<p>Alles, was wir von dir brauchen, ist dein K\u00fcnstler-Link. Dieser sieht in etwa so aus: https:\/\/open.spotify.com\/artist\/0dwk0w0kdmmDg<\/p>\n<p>&nbsp;<\/p>\n<h2>Mehr auf Spotify<\/h2>\n<p>Spotify entwickelt sich zu einem der gr\u00f6\u00dften Musik-Streaming-Dienste der Welt. Sie wird im April 2018 an die B\u00f6rse gehen. Wir k\u00f6nnen also noch viel mehr von diesem Streaming-Dienst erwarten. Wusstest du, dass es 73 Millionen zahlende Nutzer gibt? Dann \u00fcberleg mal, wie viele kostenlose Nutzer das Unternehmen hat. Wenn du auf dieser Plattform entdeckt wirst, kannst du ganz gro\u00df rauskommen.<\/p>\n<p>&nbsp;<\/p>\n<h2>Was wir tun<\/h2>\n<p><img decoding=\"async\" class=\"alignright size-full wp-image-5992\" src=\"https:\/\/www.likes-kopen.nl\/wp-content\/uploads\/\/2018\/03\/volgers-verhogen-spotify.jpg\" alt=\"mehr Follower Spotify\" width=\"270\" height=\"125\">Wir sorgen daf\u00fcr, dass die Anzahl der Follower auf deiner K\u00fcnstlerseite schnell auf die bestellte Anzahl anw\u00e4chst. Egal, ob der Z\u00e4hler auf 10 oder 3.010 steht. In jedem Fall kannst du bei uns bestellen.<\/p>\n<p>&nbsp;<\/p>\n<p>&nbsp;<\/p>\n<p>Schau dir hier unsere anderen <strong>Produkte<\/strong> an:<\/p>\n<ul>\n<li><a href=\"https:\/\/www.likes-kopen.nl\/instagram-volgers-kopen\/\">Instagram Follower kaufen<\/a><\/li>\n<li><a href=\"https:\/\/www.likes-kopen.nl\/instagram-likes-kopen\/\">Instagram-Likes kaufen<\/a><\/li>\n<li><a href=\"https:\/\/www.likes-kopen.nl\/tiktok-volgers-kopen\/\">Tiktok-Anh\u00e4nger kaufen<\/a><\/li>\n<li><a href=\"https:\/\/www.likes-kopen.nl\/tiktok-likes-kopen\/\">Tiktok mag kaufen<\/a><\/li>\n<\/ul>\n","protected":false},"excerpt":{"rendered":"<p>Spotify-Follower kaufen? Das kannst du mit uns tun!<\/p>\n<p>Mehr Follower auf Spotify sorgen daf\u00fcr, dass die Leute dich nicht als Anf\u00e4nger, sondern als Profi sehen! In den meisten F\u00e4llen werden deine Tracks dann \u00f6fter geh\u00f6rt, und wenn du deine Musik magst, kann das zu neuen Followern f\u00fchren!<\/p>\n<p>Au\u00dferdem wirst du in den Suchergebnissen schneller angezeigt, weil sie teilweise nach der Anzahl der Personen sortiert werden, die dir folgen. Es gibt also mehrere Gr\u00fcnde, Spotify-Follower zu kaufen.<\/p>\n","protected":false},"featured_media":47565,"comment_status":"open","ping_status":"closed","template":"","meta":{"site-sidebar-layout":"default","site-content-layout":"default","ast-site-content-layout":"default","site-content-style":"default","site-sidebar-style":"default","ast-global-header-display":"","ast-banner-title-visibility":"","ast-main-header-display":"","ast-hfb-above-header-display":"","ast-hfb-below-header-display":"","ast-hfb-mobile-header-display":"","site-post-title":"","ast-breadcrumbs-content":"","ast-featured-img":"","footer-sml-layout":"","ast-disable-related-posts":"","theme-transparent-header-meta":"default","adv-header-id-meta":"","stick-header-meta":"default","header-above-stick-meta":"","header-main-stick-meta":"","header-below-stick-meta":"","astra-migrate-meta-layouts":"default","ast-page-background-enabled":"default","ast-page-background-meta":{"desktop":{"background-color":"","background-image":"","background-repeat":"repeat","background-position":"center center","background-size":"auto","background-attachment":"scroll","background-type":"","background-media":"","overlay-type":"","overlay-color":"","overlay-opacity":"","overlay-gradient":""},"tablet":{"background-color":"","background-image":"","background-repeat":"repeat","background-position":"center center","background-size":"auto","background-attachment":"scroll","background-type":"","background-media":"","overlay-type":"","overlay-color":"","overlay-opacity":"","overlay-gradient":""},"mobile":{"background-color":"","background-image":"","background-repeat":"repeat","background-position":"center center","background-size":"auto","background-attachment":"scroll","background-type":"","background-media":"","overlay-type":"","overlay-color":"","overlay-opacity":"","overlay-gradient":""}},"ast-content-background-meta":{"desktop":{"background-color":"var(--ast-global-color-5)","background-image":"","background-repeat":"repeat","background-position":"center center","background-size":"auto","background-attachment":"scroll","background-type":"","background-media":"","overlay-type":"","overlay-color":"","overlay-opacity":"","overlay-gradient":""},"tablet":{"background-color":"var(--ast-global-color-5)","background-image":"","background-repeat":"repeat","background-position":"center center","background-size":"auto","background-attachment":"scroll","background-type":"","background-media":"","overlay-type":"","overlay-color":"","overlay-opacity":"","overlay-gradient":""},"mobile":{"background-color":"var(--ast-global-color-5)","background-image":"","background-repeat":"repeat","background-position":"center center","background-size":"auto","background-attachment":"scroll","background-type":"","background-media":"","overlay-type":"","overlay-color":"","overlay-opacity":"","overlay-gradient":""}}},"product_brand":[],"product_cat":[733],"product_tag":[],"class_list":{"0":"post-57077","1":"product","2":"type-product","3":"status-publish","4":"has-post-thumbnail","6":"product_cat-spotify-de","7":"desktop-align-center","8":"tablet-align-center","9":"mobile-align-center","10":"ast-product-gallery-layout-first-image-large","11":"ast-product-gallery-with-no-image","12":"ast-magnify-disabled","13":"ast-product-tabs-layout-horizontal","15":"first","16":"outofstock","17":"virtual","18":"taxable","19":"purchasable","20":"product-type-simple"},"_links":{"self":[{"href":"https:\/\/www.likes-kopen.nl\/de\/wp-json\/wp\/v2\/product\/57077","targetHints":{"allow":["GET"]}}],"collection":[{"href":"https:\/\/www.likes-kopen.nl\/de\/wp-json\/wp\/v2\/product"}],"about":[{"href":"https:\/\/www.likes-kopen.nl\/de\/wp-json\/wp\/v2\/types\/product"}],"replies":[{"embeddable":true,"href":"https:\/\/www.likes-kopen.nl\/de\/wp-json\/wp\/v2\/comments?post=57077"}],"wp:featuredmedia":[{"embeddable":true,"href":"https:\/\/www.likes-kopen.nl\/de\/wp-json\/wp\/v2\/media\/47565"}],"wp:attachment":[{"href":"https:\/\/www.likes-kopen.nl\/de\/wp-json\/wp\/v2\/media?parent=57077"}],"wp:term":[{"taxonomy":"product_brand","embeddable":true,"href":"https:\/\/www.likes-kopen.nl\/de\/wp-json\/wp\/v2\/product_brand?post=57077"},{"taxonomy":"product_cat","embeddable":true,"href":"https:\/\/www.likes-kopen.nl\/de\/wp-json\/wp\/v2\/product_cat?post=57077"},{"taxonomy":"product_tag","embeddable":true,"href":"https:\/\/www.likes-kopen.nl\/de\/wp-json\/wp\/v2\/product_tag?post=57077"}],"curies":[{"name":"wp","href":"https:\/\/api.w.org\/{rel}","templated":true}]}}