{"id":57074,"date":"2019-09-08T10:15:05","date_gmt":"2019-09-08T10:15:05","guid":{"rendered":"https:\/\/www.likes-kopen.nl\/product\/instagram-post-likes\/"},"modified":"2025-02-10T11:51:37","modified_gmt":"2025-02-10T10:51:37","slug":"instagram-likes-kaufen","status":"publish","type":"product","link":"https:\/\/www.likes-kopen.nl\/de\/instagram-likes-kaufen\/","title":{"rendered":"Instagram Likes kaufen"},"content":{"rendered":"<p>Willst du Instagram Likes kaufen, um deinen Account zu st\u00e4rken?<\/p>\n<p>Dann bist du hier genau richtig.<\/p>\n<p>Innerhalb weniger Minuten gibst du eine Bestellung auf und wir sorgen daf\u00fcr, dass die Instagram Likes schnell geliefert werden.<\/p>\n<p>Die Likes sind 100% stabil und du erh\u00e4ltst au\u00dferdem Garantie und Support!<\/p>\n<p>Mit Instagram-Likes kaufen bekommst du mehr Likes f\u00fcr deinen Beitrag\/dein Reel.<\/p>\n<p>Und das innerhalb weniger Minuten.<\/p>\n<p><img decoding=\"async\" class=\"alignnone size-full wp-image-10742\" src=\"https:\/\/www.likes-kopen.nl\/wp-content\/uploads\/\/2019\/09\/likes-kopen-voor-een-instagram-foto-voor-en-na-effect.jpg\" alt=\"Kauf von Likes, vor und nach dem Effekt\" width=\"530\" height=\"300\" srcset=\"https:\/\/www.likes-kopen.nl\/wp-content\/uploads\/2019\/09\/likes-kopen-voor-een-instagram-foto-voor-en-na-effect.jpg 530w, https:\/\/www.likes-kopen.nl\/wp-content\/uploads\/2019\/09\/likes-kopen-voor-een-instagram-foto-voor-en-na-effect-510x289.jpg 510w, https:\/\/www.likes-kopen.nl\/wp-content\/uploads\/2019\/09\/likes-kopen-voor-een-instagram-foto-voor-en-na-effect-300x170.jpg 300w\" sizes=\"(max-width: 530px) 100vw, 530px\" \/><\/p>\n<h2>Warum Likes kaufen?<\/h2>\n<p><span style=\"font-size: 16px;\">Mit dem Kauf von Likes kannst du schnell und einfach deine Online Pr\u00e4senz erh\u00f6hen und deine Marke auf Instagram ausbauen. <\/span><\/p>\n<p><span style=\"font-size: 16px;\">Wenn du Likes von einem zuverl\u00e4ssigen Dienst wie uns kaufst, kannst du die Anzahl der Likes und Follower auf deinem Profil schnell erh\u00f6hen.  <\/span><\/p>\n<p><span style=\"font-size: 16px;\">Das kann zu mehr Sichtbarkeit und Engagement auf der Plattform f\u00fchren, was wiederum die organische Reichweite erh\u00f6ht und <strong>deinen Online Ruf st\u00e4rkt.<\/strong> <\/span><\/p>\n<p><span style=\"font-size: 16px;\">Unser Service bietet echte Likes von echten Accounts.  <\/span><\/p>\n<p><span style=\"font-size: 16px;\">Du musst dir also keine Sorgen um die Qualit\u00e4t oder Echtheit der Likes machen, die du bekommst.  <\/span><\/p>\n<p><span style=\"font-size: 16px;\">Kurz gesagt: Wenn du deine Online-Pr\u00e4senz schnell und einfach steigern willst, ist der Kauf von Likes eine hervorragende L\u00f6sung.<\/span><\/p>\n<h2>Ist der Kauf von Likes legal?<\/h2>\n<p><span style=\"font-size: 16px;\">Der Kauf von Likes ist grunds\u00e4tzlich legal, da es keine speziellen Gesetze gibt, die ihn verbieten.<\/span><\/p>\n<div class=\"group w-full text-gray-800 dark:text-gray-100 border-b border-black\/10 dark:border-gray-900\/50 bg-gray-50 dark:bg-[#444654]\">\n<div class=\"text-base gap-4 md:gap-6 md:max-w-2xl lg:max-w-xl xl:max-w-3xl p-4 md:py-6 flex lg:px-0 m-auto\">\n<div class=\"relative flex w-[calc(100%-50px)] flex-col gap-1 md:gap-3 lg:w-[calc(100%-115px)]\">\n<div class=\"flex flex-grow flex-col gap-3\">\n<div class=\"min-h-[20px] flex flex-col items-start gap-4 whitespace-pre-wrap\">\n<div class=\"markdown prose w-full break-words dark:prose-invert light\">\n<p>Es gibt viele Websites und Dienste, die Likes und Follower gegen eine Geb\u00fchr anbieten.<\/p>\n<p>Viele Menschen nutzen diese Gelegenheit, um ihre Online-Pr\u00e4senz zu erh\u00f6hen.<\/p>\n<p>Likes-kopen zum Beispiel hat bereits mehr als 15.000+ Bestellungen verarbeitet.<\/p>\n<p>Auch wenn manche sich Sorgen um die Sicherheit und Echtheit dieser Likes machen, ist es im Allgemeinen sicher zu tun.<\/p>\n<p>Die meisten dieser Dienste verwenden echte Accounts und authentische Likes.<\/p>\n<p>\u00c4hnlich verh\u00e4lt es sich mit dem Kauf von Likes<\/p>\n<p>Es ist jedoch wichtig, daran zu denken, dass der Kauf von Likes und Followern kein Garant f\u00fcr Erfolg in den sozialen Medien ist.<\/p>\n<p>Schlie\u00dflich ist es auch wichtig, sich mit deinen Followern zu besch\u00e4ftigen.<\/p>\n<\/div>\n<\/div>\n<\/div>\n<\/div>\n<\/div>\n<\/div>\n<p>So kannst du auch organisch eine Follower Basis aufbauen.<\/p>\n<p>Kurzum, der Kauf von Likes ist v\u00f6llig legal und mit unserem Service auch absolut sicher.<\/p>\n<p>Steigere deinen Einfluss in den sozialen Medien und w\u00e4hle uns als deinen zuverl\u00e4ssigen Partner f\u00fcr dein Online-Wachstum.<\/p>\n<h3>Deine Zufriedenheit ist wichtig<\/h3>\n<div class=\"group w-full text-gray-800 dark:text-gray-100 border-b border-black\/10 dark:border-gray-900\/50 bg-gray-50 dark:bg-[#444654]\">\n<div class=\"text-base gap-4 md:gap-6 md:max-w-2xl lg:max-w-xl xl:max-w-3xl p-4 md:py-6 flex lg:px-0 m-auto\">\n<div class=\"relative flex w-[calc(100%-50px)] flex-col gap-1 md:gap-3 lg:w-[calc(100%-115px)]\">\n<div class=\"flex flex-grow flex-col gap-3\">\n<div class=\"min-h-[20px] flex flex-col items-start gap-4 whitespace-pre-wrap\">\n<div class=\"markdown prose w-full break-words dark:prose-invert light\">\n<p>Bei uns kannst du dich auf einen hervorragenden Kundenservice und eine schnelle und zuverl\u00e4ssige Lieferung verlassen.<\/p>\n<p>Mit unserem Service wirst du innerhalb von Minuten Ergebnisse sehen und deine Online-Sichtbarkeit erh\u00f6hen.<\/p>\n<p>Au\u00dferdem bieten wir wettbewerbsf\u00e4hige Preise und verschiedene Pakete an, die deinen Bed\u00fcrfnissen und deinem Budget entsprechen.<\/p>\n<p>M\u00f6chtest auch du die Vorteile einer gr\u00f6\u00dferen Online-Pr\u00e4senz und eines gr\u00f6\u00dferen Engagements in den sozialen Medien nutzen?<\/p>\n<p>Kaufe deine Likes und Follower noch heute bei uns!<\/p>\n<p>Wir m\u00f6chten dein Partner auf deinem Weg zum Online-Erfolg sein.<\/p>\n<p>Z\u00f6gere also nicht, unseren Kundenservice f\u00fcr weitere Informationen und Unterst\u00fctzung zu kontaktieren.<\/p>\n<\/div>\n<\/div>\n<\/div>\n<\/div>\n<\/div>\n<\/div>\n<h2>Die Funktionen des Kaufs von Instagram Likes:<\/h2>\n<ul>\n<li>Schnelle Lieferung<\/li>\n<li>100% stabil<\/li>\n<li>Garantie und Unterst\u00fctzung<\/li>\n<li>Beste verf\u00fcgbare Qualit\u00e4t<\/li>\n<li>International<\/li>\n<\/ul>\n<p>Willst du zus\u00e4tzlich zu den Instagram Likes mehr Follower? In diesem Fall kannst du hier <a href=\"https:\/\/www.likes-kopen.nl\/instagram-volgers-kopen\/\">Instagram Follower kaufen<\/a>.<\/p>\n<h3>So gibst du den Link zu deinem Instagram-Post\/Reel ein<\/h3>\n<p>Handy oder Tablet: Klicke auf deinem Handy oder Tablet auf das Foto (in der Instagram-App).<\/p>\n<p>Oben rechts kannst du die drei Punkte sehen.<\/p>\n<p>Wenn du darauf klickst, \u00f6ffnet sich ein Men\u00fc.<\/p>\n<p>Dann klicke auf &#8222;Link kopieren&#8220;.<\/p>\n<p>Du musst dann nur noch den Link oder die URL in das daf\u00fcr vorgesehene Feld einf\u00fcgen, wenn du bei Likes-kopen bestellst.<\/p>\n<p>Wenn du den Link von einem Laptop oder Computer aus kopieren m\u00f6chtest, kannst du das ganz einfach tun, indem du die URL oben auf deinem Bildschirm direkt kopierst.<\/p>\n<p>Instagram Likes zu kaufen war noch nie so einfach!<\/p>\n<p><img decoding=\"async\" class=\"alignnone size-full wp-image-10743\" src=\"https:\/\/www.likes-kopen.nl\/wp-content\/uploads\/\/2019\/09\/hoe-de-link-kopieren-instagram-foto.jpg\" alt=\"instagram foto wie man link kopiert\" width=\"720\" height=\"188\" srcset=\"https:\/\/www.likes-kopen.nl\/wp-content\/uploads\/2019\/09\/hoe-de-link-kopieren-instagram-foto.jpg 720w, https:\/\/www.likes-kopen.nl\/wp-content\/uploads\/2019\/09\/hoe-de-link-kopieren-instagram-foto-510x133.jpg 510w, https:\/\/www.likes-kopen.nl\/wp-content\/uploads\/2019\/09\/hoe-de-link-kopieren-instagram-foto-300x78.jpg 300w, https:\/\/www.likes-kopen.nl\/wp-content\/uploads\/2019\/09\/hoe-de-link-kopieren-instagram-foto-462x121.jpg 462w\" sizes=\"(max-width: 720px) 100vw, 720px\" \/><\/p>\n<h3>Lieferzeit der Likes: so schnell wie m\u00f6glich mit deinem Post\/Reel sichtbar<\/h3>\n<p>Die Lieferzeit beim Kauf von Instagram Likes h\u00e4ngt von der gew\u00e4hlten Anzahl ab, die du bestellt hast.<\/p>\n<p>Hundert Likes k\u00f6nnen innerhalb von Minuten oder Stunden auf deinem Beitrag\/Reel zu sehen sein.<\/p>\n<p>10.000 Instagram Likes zu kaufen, kann einen Tag dauern.<\/p>\n<p>Wir bearbeiten alle Bestellungen manuell und sorgf\u00e4ltig und setzen keine Roboter ein, um Bestellungen zu bearbeiten.<\/p>\n<p>So k\u00f6nnen wir genau beobachten, ob alles gut l\u00e4uft.<\/p>\n<p>Sobald du von uns eine E-Mail mit einem Screenshot zur\u00fcckbekommst, der die aktuelle Anzahl der Likes anzeigt, beginnen wir mit der Auslieferung und sie sind schon bald da.<\/p>\n<h3>Hier kommen die Likes her<\/h3>\n<p>Wir haben ein globales Netzwerk, das wir nutzen.<\/p>\n<p>Das bedeutet also, dass die Leute, denen dein Foto gef\u00e4llt, aus verschiedenen L\u00e4ndern kommen k\u00f6nnen.<\/p>\n<p>Leider beinhaltet der Kauf von Instagram Likes keine niederl\u00e4ndischen Likes, daf\u00fcr solltest du <a href=\"https:\/\/www.likes-kopen.nl\/nederlandse-instagram-likes\/\">niederl\u00e4ndische Instagram Likes<\/a> w\u00e4hlen.<\/p>\n<h3>Wie stabil bleibt die Anzahl der Likes nach dem Kauf von Instagram Likes?<\/h3>\n<p>Die von uns gelieferten Likes sind 100% stabil.<\/p>\n<p>Das bedeutet, dass kein Like fehlt.<\/p>\n<p>Sollte das aus irgendeinem Grund passieren, f\u00fcllen wir sie kostenlos wieder auf, damit du immer die bestellte Anzahl erreichst.<\/p>\n<p>Warum wir das tun?<\/p>\n<p>Denn bei Likes-kopen hast du immer eine Garantie, wenn du Instagram Likes kaufst.<\/p>\n<p>Du musst dir also keine Sorgen machen, wenn du Likes verlierst.<\/p>\n<h3>Wie ist die Qualit\u00e4t der Profile, die Posts\/Reels m\u00f6gen?<\/h3>\n<p>Die Qualit\u00e4t von Buy Instagram Likes kann sich von Zeit zu Zeit \u00e4ndern, auch wenn wir immer unser Bestes tun, um die Qualit\u00e4t so hoch wie m\u00f6glich zu halten.<\/p>\n<p>Es kann vorkommen, dass darunter wunderbare Profile mit einer hohen Anzahl an Beitr\u00e4gen und Followern sind, aber auch das Gegenteil passiert manchmal.<\/p>\n<p>Eines ist sicher: Sie sind 100% stabil und k\u00f6nnen deinem Profil nicht schaden.<\/p>\n<p>Wir sind seit 2013 im Gesch\u00e4ft und haben bereits mehr als 15.000 Auftr\u00e4ge bearbeitet.<\/p>\n<p>Wir sind also definitiv die Experten auf diesem Gebiet und geben immer eine Garantie.<\/p>\n<p>Du kannst also mit gutem Gewissen Instagram Likes bei Likes-kopen kaufen.<\/p>\n<h2>Instagram Likes kaufen, ist das klug?<\/h2>\n<p>Instagram Likes zu kaufen ist auf jeden Fall clever und praktisch.<\/p>\n<p>Dein Profil sieht viel attraktiver aus und es ist daher wahrscheinlicher, dass die Leute dir folgen oder einen deiner Beitr\u00e4ge m\u00f6gen.<\/p>\n<p>Eine Win-Win-Situation also!<\/p>\n<p>Au\u00dferdem wird dein Beitrag auch \u00fcber die Suchfunktion von Instagram besser gefunden, wenn du die <a href=\"https:\/\/www.likes-kopen.nl\/social-media-tips\/nut-hashtags-instagram\/\">richtigen Hashtags verwendest<\/a>.<\/p>\n<p>Wenn du also dein Profil deutlich vergr\u00f6\u00dfern und mehr Interaktion bekommen willst, dann ist es eine gute Idee, Instagram Likes zu kaufen!<\/p>\n<h3>Niederl\u00e4ndische Unternehmen, Influencer und professionelle Trader aufgepasst!<\/h3>\n<p>Die Verbrauchermarktbeh\u00f6rde<a title=\"ACM\" href=\"https:\/\/www.acm.nl\/nl\" target=\"_blank\" rel=\"nofollow noopener\">(ACM<\/a>) h\u00e4lt es f\u00fcr nicht richtig, dass niederl\u00e4ndische Unternehmen, Influencer und professionelle H\u00e4ndler Follower, Likes oder Views f\u00fcr ihre sozialen Medien kaufen.<\/p>\n<p>Sie finden das, weil sie glauben, dass die Verbraucher m\u00f6glicherweise in die Irre gef\u00fchrt werden.<\/p>\n<p>Wir erw\u00e4hnen diese Meinung der ACM, weil sie m\u00f6chte, dass wir K\u00e4ufer\/innen darauf aufmerksam machen, die Richtlinien der Plattformen zu konsultieren.<\/p>\n<p>Hier sind wir also am Zug.<\/p>\n<p>Der Kauf von Likes f\u00fcr ein Foto verst\u00f6\u00dft gegen die Instagram Richtlinien, daher erfolgt der Kauf auf eigene Gefahr.<\/p>\n<p>Soziale Plattformen wie Instagram beschreiben, dass du keine &#8222;Drittanbieter&#8220;-Programme verwenden solltest.<\/p>\n<h3>Instagram Likes k\u00f6nnen in unterschiedlicher Anzahl gekauft werden<\/h3>\n<p>Du kannst zwischen kleinen und gro\u00dfen Mengen w\u00e4hlen, wenn du Instagram Likes kaufen m\u00f6chtest.<\/p>\n<p>Unsere kleinste Zahl ist derzeit 20 Likes f\u00fcr Instagram und unsere gr\u00f6\u00dfte Zahl sind 100.000 Likes.<\/p>\n<p>Bestellst du zum Beispiel 200 Likes f\u00fcr dein Foto?<\/p>\n<p>Dann bekommst du auch 200 Likes f\u00fcr dein Foto.<\/p>\n<p>Du kannst auch eine kleine Anzahl von Likes kaufen, z.B. 50 oder sogar 100 Likes f\u00fcr deine Instagram-Posts\/Reels.<\/p>\n<p>Wir werden regelm\u00e4\u00dfig gefragt, ob das m\u00f6glich ist.<\/p>\n<p>Die Antwort lautet also: Ja, du kannst kleine Mengen wie 20, 50 oder 100 Instagram Likes kaufen.<\/p>\n<h2>Likes f\u00fcr Instagram Reels kaufen<\/h2>\n<p>Du kannst auch Likes f\u00fcr Instagram Reels kaufen.<\/p>\n<p>Kurzformatige Videos sind in kurzer Zeit sehr beliebt geworden.<\/p>\n<p>Das liegt vor allem an TikTok und YouTube Shorts.<\/p>\n<p>Es ist auch m\u00f6glich, Likes f\u00fcr deine Reels zu bestellen.<\/p>\n<p>Dazu w\u00e4hlst du oben bei den Likes &#8222;Reels&#8220; aus.<\/p>\n","protected":false},"excerpt":{"rendered":"<p>\u2705<br \/>\n\u2b50 Likes f\u00fcr 1 bestimmtes Instagram-Foto kaufen Schnell und sicher bestellen<\/p>\n","protected":false},"featured_media":55911,"comment_status":"open","ping_status":"closed","template":"","meta":{"site-sidebar-layout":"default","site-content-layout":"default","ast-site-content-layout":"default","site-content-style":"default","site-sidebar-style":"default","ast-global-header-display":"","ast-banner-title-visibility":"","ast-main-header-display":"","ast-hfb-above-header-display":"","ast-hfb-below-header-display":"","ast-hfb-mobile-header-display":"","site-post-title":"","ast-breadcrumbs-content":"","ast-featured-img":"","footer-sml-layout":"","ast-disable-related-posts":"","theme-transparent-header-meta":"default","adv-header-id-meta":"","stick-header-meta":"default","header-above-stick-meta":"","header-main-stick-meta":"","header-below-stick-meta":"","astra-migrate-meta-layouts":"default","ast-page-background-enabled":"default","ast-page-background-meta":{"desktop":{"background-color":"","background-image":"","background-repeat":"repeat","background-position":"center center","background-size":"auto","background-attachment":"scroll","background-type":"","background-media":"","overlay-type":"","overlay-color":"","overlay-opacity":"","overlay-gradient":""},"tablet":{"background-color":"","background-image":"","background-repeat":"repeat","background-position":"center center","background-size":"auto","background-attachment":"scroll","background-type":"","background-media":"","overlay-type":"","overlay-color":"","overlay-opacity":"","overlay-gradient":""},"mobile":{"background-color":"","background-image":"","background-repeat":"repeat","background-position":"center center","background-size":"auto","background-attachment":"scroll","background-type":"","background-media":"","overlay-type":"","overlay-color":"","overlay-opacity":"","overlay-gradient":""}},"ast-content-background-meta":{"desktop":{"background-color":"var(--ast-global-color-5)","background-image":"","background-repeat":"repeat","background-position":"center center","background-size":"auto","background-attachment":"scroll","background-type":"","background-media":"","overlay-type":"","overlay-color":"","overlay-opacity":"","overlay-gradient":""},"tablet":{"background-color":"var(--ast-global-color-5)","background-image":"","background-repeat":"repeat","background-position":"center center","background-size":"auto","background-attachment":"scroll","background-type":"","background-media":"","overlay-type":"","overlay-color":"","overlay-opacity":"","overlay-gradient":""},"mobile":{"background-color":"var(--ast-global-color-5)","background-image":"","background-repeat":"repeat","background-position":"center center","background-size":"auto","background-attachment":"scroll","background-type":"","background-media":"","overlay-type":"","overlay-color":"","overlay-opacity":"","overlay-gradient":""}}},"product_brand":[],"product_cat":[470],"product_tag":[],"class_list":{"0":"post-57074","1":"product","2":"type-product","3":"status-publish","4":"has-post-thumbnail","6":"product_cat-instagram-de","7":"desktop-align-center","8":"tablet-align-center","9":"mobile-align-center","10":"ast-product-gallery-layout-first-image-large","11":"ast-product-gallery-with-no-image","12":"ast-magnify-disabled","13":"ast-product-single-variable","14":"ast-product-tabs-layout-horizontal","16":"first","17":"instock","18":"sale","19":"taxable","20":"shipping-taxable","21":"purchasable","22":"product-type-variable"},"_links":{"self":[{"href":"https:\/\/www.likes-kopen.nl\/de\/wp-json\/wp\/v2\/product\/57074","targetHints":{"allow":["GET"]}}],"collection":[{"href":"https:\/\/www.likes-kopen.nl\/de\/wp-json\/wp\/v2\/product"}],"about":[{"href":"https:\/\/www.likes-kopen.nl\/de\/wp-json\/wp\/v2\/types\/product"}],"replies":[{"embeddable":true,"href":"https:\/\/www.likes-kopen.nl\/de\/wp-json\/wp\/v2\/comments?post=57074"}],"wp:featuredmedia":[{"embeddable":true,"href":"https:\/\/www.likes-kopen.nl\/de\/wp-json\/wp\/v2\/media\/55911"}],"wp:attachment":[{"href":"https:\/\/www.likes-kopen.nl\/de\/wp-json\/wp\/v2\/media?parent=57074"}],"wp:term":[{"taxonomy":"product_brand","embeddable":true,"href":"https:\/\/www.likes-kopen.nl\/de\/wp-json\/wp\/v2\/product_brand?post=57074"},{"taxonomy":"product_cat","embeddable":true,"href":"https:\/\/www.likes-kopen.nl\/de\/wp-json\/wp\/v2\/product_cat?post=57074"},{"taxonomy":"product_tag","embeddable":true,"href":"https:\/\/www.likes-kopen.nl\/de\/wp-json\/wp\/v2\/product_tag?post=57074"}],"curies":[{"name":"wp","href":"https:\/\/api.w.org\/{rel}","templated":true}]}}