{"id":57073,"date":"2019-10-05T06:42:53","date_gmt":"2019-10-05T06:42:53","guid":{"rendered":"https:\/\/www.likes-kopen.nl\/product\/linkedin-likes-interessant-%f0%9f%91%8d\/"},"modified":"2025-02-07T10:16:10","modified_gmt":"2025-02-07T09:16:10","slug":"linkedin-likes-kaufen","status":"publish","type":"product","link":"https:\/\/www.likes-kopen.nl\/de\/linkedin-likes-kaufen\/","title":{"rendered":"Linkedin Likes kaufen"},"content":{"rendered":"<p>HINWEIS: Dieser Dienst kann gegen die Richtlinien von Linkedin versto\u00dfen. Die Bestellung erfolgt daher auf eigene Gefahr.<\/p>\n<p>Die Anlaufzeit betr\u00e4gt zwischen 24 und 48 Stunden. Danach kommen die bestellten Likes ganz reibungslos mit.<\/p>\n<h2>\ud83d\udc4d Interessante Kauf-Likes f\u00fcr Linkedin-Beitrag (Nachricht)<\/h2>\n<p>Auf <a href=\"https:\/\/www.likes-kopen.nl\/linkedin\/\">Linkedin<\/a> kann ein Beitrag geliked oder interessant gefunden werden. Dazu klickst du auf das Vorschaubild. Diese werden auch Likes genannt. Wenn die Leute den Beitrag interessant finden, wird der Beitrag besser gefunden und daher \u00f6fter gesehen. Au\u00dferdem erregt sie mehr Aufmerksamkeit, weil mehr Menschen sie m\u00f6gen. Es unterstreicht auch den Wert des Inhalts, denn wenn viele Menschen ihn interessant finden, muss er auch wertvoll sein.<\/p>\n<p>&nbsp;<\/p>\n<h2>Business-Anwendungen<\/h2>\n<p>Der Social-Media-Kanal ist vor allem gesch\u00e4ftsorientiert, und wenn du dein eigenes Gesch\u00e4ft ankurbeln willst, kann es sicher nicht schaden, Linkedin-Likes zu kaufen. Lass deinen Beitrag von mehr Menschen als interessant empfunden werden, denn das st\u00e4rkt das Image deines Unternehmens. Wenn du deinem Unternehmensprofil selbst noch einen ordentlichen Schub geben willst, kannst du bei uns auch <a href=\"https:\/\/www.likes-kopen.nl\/linkedin-volgers-kopen\/\">Linkedin-Follower bestellen<\/a>!<\/p>\n<p>&nbsp;<\/p>\n<h2>Andere Merkmale<\/h2>\n<p>Die Likes (interessant) kommen von globalen Linkedin-Nutzern. Die Likes sind dauerhaft. Nat\u00fcrlich erh\u00e4ltst du mit jeder Bestellung eine Rechnung mit ausgewiesener Mehrwertsteuer, damit du den Kauf auch in deiner Buchhaltung bearbeiten kannst.<\/p>\n<h2>Nicht aktiv auf LinkedIn?<\/h2>\n<p>Es kann nat\u00fcrlich sein, dass du auf LinkedIn nicht aktiv bist. LinkedIn ist auch vergleichsweise viel kleiner als zum Beispiel Instagram oder Tiktok. Suchst du nach M\u00f6glichkeiten, deinen Insta-Account zu st\u00e4rken? Dann denke dar\u00fcber nach, <a href=\"https:\/\/www.likes-kopen.nl\/\">Likes zu kaufen<\/a>. Du kannst nicht nur deine Fotos aufpeppen, sondern auch dein gesamtes Profil aufwerten, indem du <a href=\"https:\/\/www.likes-kopen.nl\/instagram-volgers-kopen\/\">Insta-Follower<\/a> kaufst.<\/p>\n","protected":false},"excerpt":{"rendered":"<p>Deine Nachricht auf Linkedin aufwerten, indem du daf\u00fcr sorgst, dass sie besser gefunden wird? Bei uns kannst du also Linkedin-Likes kaufen!<\/p>\n","protected":false},"featured_media":49305,"comment_status":"open","ping_status":"closed","template":"","meta":{"site-sidebar-layout":"default","site-content-layout":"default","ast-site-content-layout":"default","site-content-style":"default","site-sidebar-style":"default","ast-global-header-display":"","ast-banner-title-visibility":"","ast-main-header-display":"","ast-hfb-above-header-display":"","ast-hfb-below-header-display":"","ast-hfb-mobile-header-display":"","site-post-title":"","ast-breadcrumbs-content":"","ast-featured-img":"","footer-sml-layout":"","ast-disable-related-posts":"","theme-transparent-header-meta":"default","adv-header-id-meta":"","stick-header-meta":"default","header-above-stick-meta":"","header-main-stick-meta":"","header-below-stick-meta":"","astra-migrate-meta-layouts":"set","ast-page-background-enabled":"default","ast-page-background-meta":{"desktop":{"background-color":"","background-image":"","background-repeat":"repeat","background-position":"center center","background-size":"auto","background-attachment":"scroll","background-type":"","background-media":"","overlay-type":"","overlay-color":"","overlay-opacity":"","overlay-gradient":""},"tablet":{"background-color":"","background-image":"","background-repeat":"repeat","background-position":"center center","background-size":"auto","background-attachment":"scroll","background-type":"","background-media":"","overlay-type":"","overlay-color":"","overlay-opacity":"","overlay-gradient":""},"mobile":{"background-color":"","background-image":"","background-repeat":"repeat","background-position":"center center","background-size":"auto","background-attachment":"scroll","background-type":"","background-media":"","overlay-type":"","overlay-color":"","overlay-opacity":"","overlay-gradient":""}},"ast-content-background-meta":{"desktop":{"background-color":"var(--ast-global-color-5)","background-image":"","background-repeat":"repeat","background-position":"center center","background-size":"auto","background-attachment":"scroll","background-type":"","background-media":"","overlay-type":"","overlay-color":"","overlay-opacity":"","overlay-gradient":""},"tablet":{"background-color":"var(--ast-global-color-5)","background-image":"","background-repeat":"repeat","background-position":"center center","background-size":"auto","background-attachment":"scroll","background-type":"","background-media":"","overlay-type":"","overlay-color":"","overlay-opacity":"","overlay-gradient":""},"mobile":{"background-color":"var(--ast-global-color-5)","background-image":"","background-repeat":"repeat","background-position":"center center","background-size":"auto","background-attachment":"scroll","background-type":"","background-media":"","overlay-type":"","overlay-color":"","overlay-opacity":"","overlay-gradient":""}}},"product_brand":[],"product_cat":[723],"product_tag":[],"class_list":{"0":"post-57073","1":"product","2":"type-product","3":"status-publish","4":"has-post-thumbnail","6":"product_cat-linkedin-de","7":"desktop-align-center","8":"tablet-align-center","9":"mobile-align-center","10":"ast-product-gallery-layout-first-image-large","11":"ast-product-gallery-with-no-image","12":"ast-magnify-disabled","13":"ast-product-single-variable","14":"ast-product-tabs-layout-horizontal","16":"first","17":"instock","18":"sale","19":"taxable","20":"shipping-taxable","21":"purchasable","22":"product-type-variable"},"_links":{"self":[{"href":"https:\/\/www.likes-kopen.nl\/de\/wp-json\/wp\/v2\/product\/57073","targetHints":{"allow":["GET"]}}],"collection":[{"href":"https:\/\/www.likes-kopen.nl\/de\/wp-json\/wp\/v2\/product"}],"about":[{"href":"https:\/\/www.likes-kopen.nl\/de\/wp-json\/wp\/v2\/types\/product"}],"replies":[{"embeddable":true,"href":"https:\/\/www.likes-kopen.nl\/de\/wp-json\/wp\/v2\/comments?post=57073"}],"wp:featuredmedia":[{"embeddable":true,"href":"https:\/\/www.likes-kopen.nl\/de\/wp-json\/wp\/v2\/media\/49305"}],"wp:attachment":[{"href":"https:\/\/www.likes-kopen.nl\/de\/wp-json\/wp\/v2\/media?parent=57073"}],"wp:term":[{"taxonomy":"product_brand","embeddable":true,"href":"https:\/\/www.likes-kopen.nl\/de\/wp-json\/wp\/v2\/product_brand?post=57073"},{"taxonomy":"product_cat","embeddable":true,"href":"https:\/\/www.likes-kopen.nl\/de\/wp-json\/wp\/v2\/product_cat?post=57073"},{"taxonomy":"product_tag","embeddable":true,"href":"https:\/\/www.likes-kopen.nl\/de\/wp-json\/wp\/v2\/product_tag?post=57073"}],"curies":[{"name":"wp","href":"https:\/\/api.w.org\/{rel}","templated":true}]}}