{"id":56992,"date":"2018-01-22T10:39:59","date_gmt":"2018-01-22T10:39:59","guid":{"rendered":"https:\/\/www.likes-kopen.nl\/product\/youtube-likes\/"},"modified":"2025-02-07T15:37:22","modified_gmt":"2025-02-07T14:37:22","slug":"youtube-likes-kaufen","status":"publish","type":"product","link":"https:\/\/www.likes-kopen.nl\/de\/youtube-likes-kaufen\/","title":{"rendered":"YouTube Likes kaufen"},"content":{"rendered":"<p>Der Kauf von Likes verst\u00f6\u00dft gegen die Richtlinien von YouTube. Die Bestellung erfolgt daher auf eigene Gefahr.<\/p>\n<h2>YouTube-Likes kaufen (Daumen hoch)<\/h2>\n<p>Neben Facebook, Instagram und Twitter kannst du auch Likes f\u00fcr YouTube kaufen. Wir bieten dir sowohl einen guten Preis als auch einen zuverl\u00e4ssigen Service. Wir brauchen keine pers\u00f6nlichen Daten wie Passw\u00f6rter von dir. Der Link zum YouTube-Video reicht aus. Super einfach und schnell erledigt. Diese internationalen YouTube-Likes sind der Schl\u00fcssel zum Erfolg deines Videos. Wenn du mehr Likes f\u00fcr dein Video erh\u00e4ltst, wirst du auf YouTube besser gerankt.  Willst du besser ranken? Dann w\u00e4hle unseren Service und bestelle schnell, einfach und zu einem Top Preis!<\/p>\n<hr>\n<h2>YouTube Likes kaufen<\/h2>\n<p>Sobald du ein Video auf YouTube hochgeladen hast, k\u00f6nnen deine <a href=\"https:\/\/www.likes-kopen.nl\/youtube-views-kopen\/\">Views\/Likes<\/a> anfangen zu str\u00f6men. Du bewirbst dein Video \u00fcberall, aber die Likes auf dein Video nehmen nicht wirklich zu. Wir bieten jetzt die M\u00f6glichkeit, die Anzahl der Likes f\u00fcr dein Video zu erh\u00f6hen. 150 Likes sehen nat\u00fcrlich besser aus als 50 Likes. Du willst nat\u00fcrlich die Daumen nach oben unter deinem Video haben!<\/p>\n<hr>\n<h2>Funktionen zum Kauf von YouTube Likes<\/h2>\n<ul>\n<li>100% echte internationale YouTube Likes (niemand sieht, woher sie kommen)<\/li>\n<li>Schnelle Lieferung (innerhalb von 24 Stunden an Werktagen), f\u00fcr kleine Mengen<\/li>\n<li>Wir haben einen superschnellen Support f\u00fcr alle deine Fragen parat<\/li>\n<li>Die beste Qualit\u00e4t in den Europa L\u00e4ndern und die g\u00fcnstigsten Favoriten<\/li>\n<\/ul>\n<hr>\n<h2>Likes f\u00fcr dein Video<\/h2>\n<p>Abgesehen davon, dass du dein Video auf allen m\u00f6glichen Kan\u00e4len promotest, wollen die Likes einfach nicht eintrudeln. Wie stellst du also sicher, dass die Daumen nach oben gehen? Mit unserem Service, nat\u00fcrlich! innerhalb von 2 Tagen hast du pl\u00f6tzlich 100 zus\u00e4tzliche Likes f\u00fcr dein Video. Willst du mehr? Du kannst es! Wir haben die Wahl zwischen 50, 100, 200, 500 und 1000.<\/p>\n<hr>\n<h2>Geld verdienen mit YouTube<\/h2>\n<p>Sobald du eine bestimmte Anzahl von Followern hast, kannst du auch <a href=\"https:\/\/www.likes-kopen.nl\/youtube\/nieuwe-regels-geld-verdienen-youtube\/\">anfangen, mit YouTube Geld zu verdienen<\/a>. Wie cool ist das denn! Dass du auch mit deinen Videos gutes Geld verdienen kannst. Das passiert nicht \u00fcber Nacht. Zum Beispiel musst du in den letzten 12 Monaten mindestens 4.000 Stunden Sehzeit und mindestens 1.000 Abonnenten haben. Sobald du diese Voraussetzungen erf\u00fcllst, kannst du loslegen!<\/p>\n<hr>\n<h2>Wie bekommst du YouTube-Abonnenten?<\/h2>\n<p>In einem Video kannst du immer erw\u00e4hnen: &#8222;Abonniere meinen YouTube-Kanal, um auf dem Laufenden zu bleiben&#8220;. Damit kannst du das Video beginnen und beenden. Aber ob das wirklich alle tun werden, bleibt abzuwarten. Wie kannst du also daf\u00fcr sorgen, dass deine Abonnenten mehr werden, au\u00dfer sie zum Abonnieren aufzufordern?<\/p>\n<hr>\n<h2>Kaufe deine YouTube-Abonnenten!<\/h2>\n<p>Du hast die M\u00f6glichkeit, YouTube-Likes f\u00fcr dein Video bei uns zu kaufen, aber dar\u00fcber hinaus bieten wir noch drei weitere Dienstleistungen an:<\/p>\n<ul>\n<li><a href=\"https:\/\/www.likes-kopen.nl\/youtube-reacties-kopen\/\">YouTube-Kommentare<\/a><\/li>\n<li><a href=\"https:\/\/www.likes-kopen.nl\/youtube-views-kopen\/\">YouTube Ansichten<\/a><\/li>\n<li><a href=\"https:\/\/www.likes-kopen.nl\/youtube-abonnees-kopen\/\">YouTube Abonnenten<\/a><\/li>\n<\/ul>\n<p>Du siehst also, es ist m\u00f6glich, mit YouTube Geld zu verdienen! Wenn du die Voraussetzungen zun\u00e4chst nicht erf\u00fcllst, kannst du sie trotzdem erf\u00fcllen, indem du unsere Dienste kaufst. <a href=\"https:\/\/www.likes-kopen.nl\/youtube-views-kijktijd-kopen\/\">Kaufe YouTube-Sehzeit<\/a> und <a href=\"https:\/\/www.likes-kopen.nl\/youtube-abonnees-kopen\/\">kaufe YouTube-Abonnenten<\/a>. <\/p>\n<hr>\n<h2>Rabatt sparen<\/h2>\n<p>Denkst du jetzt: &#8222;Es kostet mich etwas Geld, Likes, Views und Abonnenten zu kaufen&#8220;? Stimmt, aber am Ende wirst du damit wieder Geld verdienen, wenn deine Videos auf Youtube gut abschneiden. Au\u00dferdem sparst du dir so eine Menge Zeit. In dieser Zeit kannst du wieder neue Videos machen. Wenn du eine Reihe von Bestellungen aufgegeben hast, kannst du bei uns auch <a href=\"https:\/\/www.likes-kopen.nl\/vip-club\/\">Rabatte sparen<\/a>. Diesen Rabatt kannst du bei deiner n\u00e4chsten Bestellung wieder einl\u00f6sen, so dass du z.B. deine n\u00e4chste Bestellung kostenlos bestellen kannst. Daf\u00fcr musst du nichts tun. Du erh\u00e4ltst die Punkte kostenlos bei jeder Bestellung! Je mehr du bestellst, desto mehr Punkte erh\u00e4ltst du.<\/p>\n","protected":false},"excerpt":{"rendered":"<p>\u2714\ufe0fYouTube-Likes kaufen<br \/>\n\u2b50verschiedene Nummern<br \/>\n\u2b50Mache dein Video ganz einfach beliebter<\/p>\n","protected":false},"featured_media":49455,"comment_status":"open","ping_status":"closed","template":"","meta":{"site-sidebar-layout":"default","site-content-layout":"default","ast-site-content-layout":"default","site-content-style":"default","site-sidebar-style":"default","ast-global-header-display":"","ast-banner-title-visibility":"","ast-main-header-display":"","ast-hfb-above-header-display":"","ast-hfb-below-header-display":"","ast-hfb-mobile-header-display":"","site-post-title":"","ast-breadcrumbs-content":"","ast-featured-img":"","footer-sml-layout":"","ast-disable-related-posts":"","theme-transparent-header-meta":"default","adv-header-id-meta":"","stick-header-meta":"default","header-above-stick-meta":"","header-main-stick-meta":"","header-below-stick-meta":"","astra-migrate-meta-layouts":"set","ast-page-background-enabled":"default","ast-page-background-meta":{"desktop":{"background-color":"","background-image":"","background-repeat":"repeat","background-position":"center center","background-size":"auto","background-attachment":"scroll","background-type":"","background-media":"","overlay-type":"","overlay-color":"","overlay-opacity":"","overlay-gradient":""},"tablet":{"background-color":"","background-image":"","background-repeat":"repeat","background-position":"center center","background-size":"auto","background-attachment":"scroll","background-type":"","background-media":"","overlay-type":"","overlay-color":"","overlay-opacity":"","overlay-gradient":""},"mobile":{"background-color":"","background-image":"","background-repeat":"repeat","background-position":"center center","background-size":"auto","background-attachment":"scroll","background-type":"","background-media":"","overlay-type":"","overlay-color":"","overlay-opacity":"","overlay-gradient":""}},"ast-content-background-meta":{"desktop":{"background-color":"var(--ast-global-color-5)","background-image":"","background-repeat":"repeat","background-position":"center center","background-size":"auto","background-attachment":"scroll","background-type":"","background-media":"","overlay-type":"","overlay-color":"","overlay-opacity":"","overlay-gradient":""},"tablet":{"background-color":"var(--ast-global-color-5)","background-image":"","background-repeat":"repeat","background-position":"center center","background-size":"auto","background-attachment":"scroll","background-type":"","background-media":"","overlay-type":"","overlay-color":"","overlay-opacity":"","overlay-gradient":""},"mobile":{"background-color":"var(--ast-global-color-5)","background-image":"","background-repeat":"repeat","background-position":"center center","background-size":"auto","background-attachment":"scroll","background-type":"","background-media":"","overlay-type":"","overlay-color":"","overlay-opacity":"","overlay-gradient":""}}},"product_brand":[],"product_cat":[545],"product_tag":[1189],"class_list":{"0":"post-56992","1":"product","2":"type-product","3":"status-publish","4":"has-post-thumbnail","6":"product_cat-youtube-de","7":"product_tag-youtube-video-boost-de","8":"desktop-align-center","9":"tablet-align-center","10":"mobile-align-center","11":"ast-product-gallery-layout-first-image-large","12":"ast-product-gallery-with-no-image","13":"ast-magnify-disabled","14":"ast-product-single-variable","15":"ast-product-tabs-layout-horizontal","17":"first","18":"instock","19":"sale","20":"taxable","21":"shipping-taxable","22":"purchasable","23":"product-type-variable"},"_links":{"self":[{"href":"https:\/\/www.likes-kopen.nl\/de\/wp-json\/wp\/v2\/product\/56992","targetHints":{"allow":["GET"]}}],"collection":[{"href":"https:\/\/www.likes-kopen.nl\/de\/wp-json\/wp\/v2\/product"}],"about":[{"href":"https:\/\/www.likes-kopen.nl\/de\/wp-json\/wp\/v2\/types\/product"}],"replies":[{"embeddable":true,"href":"https:\/\/www.likes-kopen.nl\/de\/wp-json\/wp\/v2\/comments?post=56992"}],"wp:featuredmedia":[{"embeddable":true,"href":"https:\/\/www.likes-kopen.nl\/de\/wp-json\/wp\/v2\/media\/49455"}],"wp:attachment":[{"href":"https:\/\/www.likes-kopen.nl\/de\/wp-json\/wp\/v2\/media?parent=56992"}],"wp:term":[{"taxonomy":"product_brand","embeddable":true,"href":"https:\/\/www.likes-kopen.nl\/de\/wp-json\/wp\/v2\/product_brand?post=56992"},{"taxonomy":"product_cat","embeddable":true,"href":"https:\/\/www.likes-kopen.nl\/de\/wp-json\/wp\/v2\/product_cat?post=56992"},{"taxonomy":"product_tag","embeddable":true,"href":"https:\/\/www.likes-kopen.nl\/de\/wp-json\/wp\/v2\/product_tag?post=56992"}],"curies":[{"name":"wp","href":"https:\/\/api.w.org\/{rel}","templated":true}]}}