{"id":56936,"date":"2016-12-28T17:06:13","date_gmt":"2016-12-28T17:06:13","guid":{"rendered":"https:\/\/www.likes-kopen.nl\/product\/facebook-event-interesse\/"},"modified":"2025-02-11T11:44:43","modified_gmt":"2025-02-11T10:44:43","slug":"facebook-veranstaltung-interessiert","status":"publish","type":"product","link":"https:\/\/www.likes-kopen.nl\/de\/facebook-veranstaltung-interessiert\/","title":{"rendered":"Facebook Event Interesse"},"content":{"rendered":"<p>&nbsp;<\/p>\n<h2>Facebook-Veranstaltung promoten<\/h2>\n<p>Wir k\u00f6nnen eine private Facebook-Veranstaltung f\u00fcr dich organisieren!<br \/>\n(<strong> Wir verkaufen nur an Verbraucherinnen und Verbraucher)<\/strong> Mit unserem eigenen System k\u00f6nnen wir daf\u00fcr sorgen, dass dein &#8222;Interessentenz\u00e4hler&#8220; nach oben geht.<br \/>\nDas hat den Vorteil, dass deine Veranstaltung viel beliebter wirkt. Wenn die Leute sehen, dass viele Leute bereits auf &#8222;interessiert&#8220; sind, werden sie bald neugierig und werden auch interessiert.<\/p>\n<p>Eine Facebook-Veranstaltung, die nur von 5 Personen besucht wird und nur 1 Person interessiert, wird kein Erfolg sein. Deshalb bieten wir die ideale L\u00f6sung!<\/p>\n<hr>\n<h2>W\u00e4hle eine Nummer<\/h2>\n<p>Der Preis von 9,95 \u20ac gilt f\u00fcr 25 interessierte Personen. Andere Zahlen sind nat\u00fcrlich auch m\u00f6glich. Bei uns kannst du zwischen 50x, 100x, 200x, 500x und 1000x w\u00e4hlen.<\/p>\n<p>Wenn du zum Beispiel 200x bestellst, werden 200 verschiedene eingeloggte Facebook-Nutzer auf deine Seite kommen und auf &#8222;interessiert&#8220; klicken. Das macht dein Facebook-Event sofort viel beliebter! Wenn ein Schaf den Damm \u00fcberquert, werden weitere folgen&#8230;.<\/p>\n<hr>\n<p>Bestelle das Facebook Event GE\u00cfNTERESSEERD mit diesem Service. Der Zinsz\u00e4hler wird mit der Anzahl der gekauften Produkte schnell ansteigen!<\/p>\n<p><strong>Nationalit\u00e4ten: <\/strong>Facebook-Nutzer kommen aus der ganzen Welt. Leider gibt es<em> <span style=\"text-decoration: underline;\">keine<\/span><\/em> Niederl\u00e4nder unter ihnen.<\/p>\n<p><strong>Geschwindigkeit<\/strong>: Wenn du zum Beispiel 50 bestellst, kommen sie alle 1x (d.h. am 1. Tag). Willst du die Lieferung verteilen? Dann kaufe diesen Service in einer kleineren Anzahl.<\/p>\n<p><strong>Lieferzeit<\/strong>: Die Lieferzeit betr\u00e4gt normalerweise 24 Stunden. (4-6-2019: Derzeit betr\u00e4gt die Lieferzeit f\u00fcr dieses Produkt 4-7 Tage).<\/p>\n<p><strong>Preis<\/strong>: Es gibt einen zus\u00e4tzlichen Preis nach der Nummer. Die 25 St\u00fcck kosten 9,95. 50 St\u00fcck kosten 1,00 \u20ac extra, usw.<\/p>\n<p>Brauchst du Werbung? Dann solltest du dieses Produkt unbedingt bestellen!<\/p>\n<hr>\n<h3>Weitere Facebook-Produkte<\/h3>\n<p>Neben diesem Produkt haben wir noch viel mehr f\u00fcr Facebook.<br \/>\nDenk dran: <a href=\"https:\/\/www.likes-kopen.nl\/facebook\/berichten-liken\/\">Likes<\/a>, <a href=\"https:\/\/www.likes-kopen.nl\/facebook-reacties-kopen\/\">Kommentare<\/a> und vieles mehr&#8230;!<\/p>\n<p>\u2705Qualit\u00e4t und Kundenservice sind unsere Priorit\u00e4t<br \/>\n\u2705Mails werden innerhalb von 24 Stunden beantwortet (au\u00dfer am Wochenende)<\/p>\n","protected":false},"excerpt":{"rendered":"<p>Du hast eine Facebook-Veranstaltung auf deiner Seite geplant und m\u00f6chtest Interessenten dazu hinzuf\u00fcgen? Dann bestelle dieses Produkt!<\/p>\n<p>* 22-3-2019 vor\u00fcbergehend l\u00e4ngere Lieferzeit: 4-7 Tage<\/p>\n","protected":false},"featured_media":47826,"comment_status":"open","ping_status":"closed","template":"","meta":{"site-sidebar-layout":"default","site-content-layout":"default","ast-site-content-layout":"default","site-content-style":"default","site-sidebar-style":"default","ast-global-header-display":"","ast-banner-title-visibility":"","ast-main-header-display":"","ast-hfb-above-header-display":"","ast-hfb-below-header-display":"","ast-hfb-mobile-header-display":"","site-post-title":"","ast-breadcrumbs-content":"","ast-featured-img":"","footer-sml-layout":"","ast-disable-related-posts":"","theme-transparent-header-meta":"default","adv-header-id-meta":"","stick-header-meta":"default","header-above-stick-meta":"","header-main-stick-meta":"","header-below-stick-meta":"","astra-migrate-meta-layouts":"default","ast-page-background-enabled":"default","ast-page-background-meta":{"desktop":{"background-color":"","background-image":"","background-repeat":"repeat","background-position":"center center","background-size":"auto","background-attachment":"scroll","background-type":"","background-media":"","overlay-type":"","overlay-color":"","overlay-opacity":"","overlay-gradient":""},"tablet":{"background-color":"","background-image":"","background-repeat":"repeat","background-position":"center center","background-size":"auto","background-attachment":"scroll","background-type":"","background-media":"","overlay-type":"","overlay-color":"","overlay-opacity":"","overlay-gradient":""},"mobile":{"background-color":"","background-image":"","background-repeat":"repeat","background-position":"center center","background-size":"auto","background-attachment":"scroll","background-type":"","background-media":"","overlay-type":"","overlay-color":"","overlay-opacity":"","overlay-gradient":""}},"ast-content-background-meta":{"desktop":{"background-color":"var(--ast-global-color-5)","background-image":"","background-repeat":"repeat","background-position":"center center","background-size":"auto","background-attachment":"scroll","background-type":"","background-media":"","overlay-type":"","overlay-color":"","overlay-opacity":"","overlay-gradient":""},"tablet":{"background-color":"var(--ast-global-color-5)","background-image":"","background-repeat":"repeat","background-position":"center center","background-size":"auto","background-attachment":"scroll","background-type":"","background-media":"","overlay-type":"","overlay-color":"","overlay-opacity":"","overlay-gradient":""},"mobile":{"background-color":"var(--ast-global-color-5)","background-image":"","background-repeat":"repeat","background-position":"center center","background-size":"auto","background-attachment":"scroll","background-type":"","background-media":"","overlay-type":"","overlay-color":"","overlay-opacity":"","overlay-gradient":""}}},"product_brand":[],"product_cat":[475],"product_tag":[1161,1163],"class_list":{"0":"post-56936","1":"product","2":"type-product","3":"status-publish","4":"has-post-thumbnail","6":"product_cat-facebook-de","7":"product_tag-facebook-veranstaltung-promoten","8":"product_tag-geplante-veranstaltungen","9":"desktop-align-center","10":"tablet-align-center","11":"mobile-align-center","12":"ast-product-gallery-layout-first-image-large","13":"ast-product-gallery-with-no-image","14":"ast-magnify-disabled","15":"ast-product-single-variable","16":"ast-product-tabs-layout-horizontal","18":"first","19":"outofstock","20":"taxable","21":"shipping-taxable","22":"product-type-variable"},"_links":{"self":[{"href":"https:\/\/www.likes-kopen.nl\/de\/wp-json\/wp\/v2\/product\/56936","targetHints":{"allow":["GET"]}}],"collection":[{"href":"https:\/\/www.likes-kopen.nl\/de\/wp-json\/wp\/v2\/product"}],"about":[{"href":"https:\/\/www.likes-kopen.nl\/de\/wp-json\/wp\/v2\/types\/product"}],"replies":[{"embeddable":true,"href":"https:\/\/www.likes-kopen.nl\/de\/wp-json\/wp\/v2\/comments?post=56936"}],"wp:featuredmedia":[{"embeddable":true,"href":"https:\/\/www.likes-kopen.nl\/de\/wp-json\/wp\/v2\/media\/47826"}],"wp:attachment":[{"href":"https:\/\/www.likes-kopen.nl\/de\/wp-json\/wp\/v2\/media?parent=56936"}],"wp:term":[{"taxonomy":"product_brand","embeddable":true,"href":"https:\/\/www.likes-kopen.nl\/de\/wp-json\/wp\/v2\/product_brand?post=56936"},{"taxonomy":"product_cat","embeddable":true,"href":"https:\/\/www.likes-kopen.nl\/de\/wp-json\/wp\/v2\/product_cat?post=56936"},{"taxonomy":"product_tag","embeddable":true,"href":"https:\/\/www.likes-kopen.nl\/de\/wp-json\/wp\/v2\/product_tag?post=56936"}],"curies":[{"name":"wp","href":"https:\/\/api.w.org\/{rel}","templated":true}]}}