{"id":56917,"date":"2017-07-29T10:52:22","date_gmt":"2017-07-29T09:52:22","guid":{"rendered":"https:\/\/www.likes-kopen.nl\/product\/youtube-kommentare-zufaellig\/"},"modified":"2025-02-13T01:47:33","modified_gmt":"2025-02-13T00:47:33","slug":"youtube-kommentare-kaufen","status":"publish","type":"product","link":"https:\/\/www.likes-kopen.nl\/de\/youtube-kommentare-kaufen\/","title":{"rendered":"YouTube Kommentare kaufen (zuf\u00e4llig) \ud83d\ude80"},"content":{"rendered":"<h2>YouTube Kommentare kaufen (zuf\u00e4llig) \ud83d\ude80<\/h2>\n<p>Sei dir nur bewusst, dass <a href=\"https:\/\/www.likes-kopen.nl\/youtube\/\">YouTube<\/a> es nicht guthei\u00dft, wenn du Kommentare kaufst. Die Bestellung erfolgt auf dein eigenes Risiko.<\/p>\n<p>Hast du ein neues Video oder ein bereits bestehendes Video auf YouTube, das ein paar zus\u00e4tzliche Reaktionen gebrauchen k\u00f6nnte? Bei uns kannst du sie ganz einfach kaufen!<\/p>\n<p>Ein Video mit angeh\u00e4ngten Kommentaren wirkt nicht nur \u00fcberzeugender, sondern l\u00e4dt auch andere Menschen schneller dazu ein, ebenfalls einen Kommentar zu posten. Es ist also wahrscheinlicher, dass du neue Antworten bekommst, f\u00fcr die du nicht mehr bezahlen musst!<\/p>\n<p>Du kannst unsere YouTube-Reaktionen schon ab 5 St\u00fcck bestellen. Alle Antworten werden in englischer Sprache von Leuten geschrieben, die dein Video tats\u00e4chlich sehen. Sie werden dann versuchen, den relevantesten Kommentar zu posten, der f\u00fcr dich wirklich von Nutzen ist.<\/p>\n<hr>\n<p>Lieferzeit &lt;24 Stunden<\/p>\n<p>Zeitrahmen: Antworten werden unmittelbar nacheinander geliefert<\/p>\n<p>Sprache: Englisch<\/p>\n<p>Relevanz: 80%<\/p>\n<p>W\u00e4hle zwischen 5 Antworten, 10 und 20. Wenn 20 nicht ausreichen, kannst du das Produkt auch \u00f6fter bestellen.<\/p>\n<hr>\n<p><strong>TIPP:<\/strong> Du kannst dieses Produkt gut mit <a href=\"https:\/\/www.likes-kopen.nl\/youtube-views-kopen\/\">YouTube-Aufrufen<\/a> kombinieren. Dadurch wird dein Video h\u00e4ufiger angesehen und fr\u00fcher in den Suchergebnissen angezeigt.<\/p>\n<p>&nbsp;<\/p>\n<p>Der <a href=\"https:\/\/www.likes-kopen.nl\/youtube-reacties-kopen\/\">Kauf von YouTube-Kommentaren<\/a> oder der <a href=\"https:\/\/www.likes-kopen.nl\/youtube-abonnees-kopen\/\">Kauf von YouTube-Abonnenten<\/a> kann bei uns also sehr g\u00fcnstig sein!<\/p>\n","protected":false},"excerpt":{"rendered":"<p>Kaufe echte Reaktionen auf dein YouTube-Video!<\/p>\n","protected":false},"featured_media":49512,"comment_status":"open","ping_status":"closed","template":"","meta":{"site-sidebar-layout":"default","site-content-layout":"default","ast-site-content-layout":"default","site-content-style":"default","site-sidebar-style":"default","ast-global-header-display":"","ast-banner-title-visibility":"","ast-main-header-display":"","ast-hfb-above-header-display":"","ast-hfb-below-header-display":"","ast-hfb-mobile-header-display":"","site-post-title":"","ast-breadcrumbs-content":"","ast-featured-img":"","footer-sml-layout":"","ast-disable-related-posts":"","theme-transparent-header-meta":"default","adv-header-id-meta":"","stick-header-meta":"default","header-above-stick-meta":"","header-main-stick-meta":"","header-below-stick-meta":"","astra-migrate-meta-layouts":"set","ast-page-background-enabled":"default","ast-page-background-meta":{"desktop":{"background-color":"","background-image":"","background-repeat":"repeat","background-position":"center center","background-size":"auto","background-attachment":"scroll","background-type":"","background-media":"","overlay-type":"","overlay-color":"","overlay-opacity":"","overlay-gradient":""},"tablet":{"background-color":"","background-image":"","background-repeat":"repeat","background-position":"center center","background-size":"auto","background-attachment":"scroll","background-type":"","background-media":"","overlay-type":"","overlay-color":"","overlay-opacity":"","overlay-gradient":""},"mobile":{"background-color":"","background-image":"","background-repeat":"repeat","background-position":"center center","background-size":"auto","background-attachment":"scroll","background-type":"","background-media":"","overlay-type":"","overlay-color":"","overlay-opacity":"","overlay-gradient":""}},"ast-content-background-meta":{"desktop":{"background-color":"var(--ast-global-color-5)","background-image":"","background-repeat":"repeat","background-position":"center center","background-size":"auto","background-attachment":"scroll","background-type":"","background-media":"","overlay-type":"","overlay-color":"","overlay-opacity":"","overlay-gradient":""},"tablet":{"background-color":"var(--ast-global-color-5)","background-image":"","background-repeat":"repeat","background-position":"center center","background-size":"auto","background-attachment":"scroll","background-type":"","background-media":"","overlay-type":"","overlay-color":"","overlay-opacity":"","overlay-gradient":""},"mobile":{"background-color":"var(--ast-global-color-5)","background-image":"","background-repeat":"repeat","background-position":"center center","background-size":"auto","background-attachment":"scroll","background-type":"","background-media":"","overlay-type":"","overlay-color":"","overlay-opacity":"","overlay-gradient":""}}},"product_brand":[],"product_cat":[545],"product_tag":[],"class_list":{"0":"post-56917","1":"product","2":"type-product","3":"status-publish","4":"has-post-thumbnail","6":"product_cat-youtube-de","7":"desktop-align-center","8":"tablet-align-center","9":"mobile-align-center","10":"ast-product-gallery-layout-first-image-large","11":"ast-product-gallery-with-no-image","12":"ast-magnify-disabled","13":"ast-product-single-variable","14":"ast-product-tabs-layout-horizontal","16":"first","17":"instock","18":"sale","19":"taxable","20":"shipping-taxable","21":"purchasable","22":"product-type-variable"},"_links":{"self":[{"href":"https:\/\/www.likes-kopen.nl\/de\/wp-json\/wp\/v2\/product\/56917","targetHints":{"allow":["GET"]}}],"collection":[{"href":"https:\/\/www.likes-kopen.nl\/de\/wp-json\/wp\/v2\/product"}],"about":[{"href":"https:\/\/www.likes-kopen.nl\/de\/wp-json\/wp\/v2\/types\/product"}],"replies":[{"embeddable":true,"href":"https:\/\/www.likes-kopen.nl\/de\/wp-json\/wp\/v2\/comments?post=56917"}],"wp:featuredmedia":[{"embeddable":true,"href":"https:\/\/www.likes-kopen.nl\/de\/wp-json\/wp\/v2\/media\/49512"}],"wp:attachment":[{"href":"https:\/\/www.likes-kopen.nl\/de\/wp-json\/wp\/v2\/media?parent=56917"}],"wp:term":[{"taxonomy":"product_brand","embeddable":true,"href":"https:\/\/www.likes-kopen.nl\/de\/wp-json\/wp\/v2\/product_brand?post=56917"},{"taxonomy":"product_cat","embeddable":true,"href":"https:\/\/www.likes-kopen.nl\/de\/wp-json\/wp\/v2\/product_cat?post=56917"},{"taxonomy":"product_tag","embeddable":true,"href":"https:\/\/www.likes-kopen.nl\/de\/wp-json\/wp\/v2\/product_tag?post=56917"}],"curies":[{"name":"wp","href":"https:\/\/api.w.org\/{rel}","templated":true}]}}