{"id":56835,"date":"2016-12-28T15:58:28","date_gmt":"2016-12-28T15:58:28","guid":{"rendered":"https:\/\/www.likes-kopen.nl\/product\/facebook-veranstaltung-gaan\/"},"modified":"2025-09-17T05:39:52","modified_gmt":"2025-09-17T04:39:52","slug":"facebook-event-go","status":"publish","type":"product","link":"https:\/\/www.likes-kopen.nl\/de\/facebook-event-go\/","title":{"rendered":"Facebook Veranstaltung GAAN"},"content":{"rendered":"<h2>Facebook-Event popul\u00e4r machen<\/h2>\n<p>Ja, wir k\u00f6nnen deine Facebook-Veranstaltung popul\u00e4r machen!<br \/>\nWir k\u00f6nnen es so aussehen lassen, als w\u00fcrden viele Leute auf deiner Party sein. Wie wir das machen? Wir verwenden unser eigenes System. Unser System ist 100% sicher, also keine Sorge!<\/p>\n<p>Stell dir Folgendes vor: Jemand l\u00e4dt dich zu einer Party ein.<br \/>\nDu gehst auf die Facebook-Seite und siehst, dass nur 100 Leute hingehen und nur 40 Interesse haben&#8230; W\u00fcrdest du dann zu dieser Party gehen?  Oder w\u00fcrdest du auf eine Party gehen, auf der 1.000 Leute sind? Klingt doch viel gem\u00fctlicher, oder?<\/p>\n<p>Viele Leute bestellen dieses Produkt bei uns, z.B.: Vereine, Yoga-Events, Versammlungen etc&#8230;. Allerdings haben diese Leute alle ein privates Profil und starten ein privates Event. Wenn du eine Veranstaltung starten willst, k\u00f6nnen wir dir leider nicht helfen. Wir verkaufen nur an Verbraucher.<\/p>\n<p>Habt ihr schon viele Leute, die &#8222;mitmachen&#8220;, aber ihr w\u00fcrdet auch gerne noch mehr <a href=\"https:\/\/www.likes-kopen.nl\/facebook-event-geinteresseerd\/\">Interessierte<\/a> haben? Du kannst es!<br \/>\nZ\u00f6gere nicht l\u00e4nger und booste dein fb Event. Kaufe dieses Produkt und wir machen den Rest \ud83d\ude09<\/p>\n<p>\u2705Erhalte sofort eine Rechnung<\/p>\n<p>\u2705wir bieten den besten Kundenservice<\/p>\n<hr>\n<h2>W\u00e4hle eine Nummer<\/h2>\n<p>Standardm\u00e4\u00dfig ist der Dienst auf 25x &#8222;go&#8220; f\u00fcr 9,95 \u20ac eingestellt. Wenn du eine andere Anzahl bestellen m\u00f6chtest, w\u00e4hle 50x, 100x, 200x, 500x oder 1000x.<\/p>\n<p>Wenn du zum Beispiel 100x &#8222;go&#8220; bestellst, werden 100 verschiedene eingeloggte Facebook-Nutzer auf deine Seite kommen und auf &#8222;go&#8220; klicken. Das macht dein Facebook-Event sofort viel beliebter! Wenn ein Schaf den Damm \u00fcberquert, werden weitere folgen&#8230;.<\/p>\n<p><img decoding=\"async\" class=\"alignnone size-full wp-image-3050\" src=\"https:\/\/www.likes-kopen.nl\/wp-content\/uploads\/\/2016\/12\/facebook-event-gaan.jpg\" alt=\"facebook-event-go\" width=\"323\" height=\"92\" srcset=\"https:\/\/www.likes-kopen.nl\/wp-content\/uploads\/2016\/12\/facebook-event-gaan.jpg 323w, https:\/\/www.likes-kopen.nl\/wp-content\/uploads\/2016\/12\/facebook-event-gaan-300x85.jpg 300w\" sizes=\"(max-width: 323px) 100vw, 323px\" \/><\/p>\n<hr>\n<p>Die Bestellung der Facebook-Veranstaltung GAAN wird mit diesem Service durchgef\u00fchrt. Der GAAN-Z\u00e4hler steigt mit der Anzahl der Bestellungen!<\/p>\n<p><strong>Nationalit\u00e4ten: <\/strong>Facebook-Nutzer sind global. Unter ihnen gibt es <span style=\"text-decoration: underline;\">keine<\/span> Niederl\u00e4nder.<\/p>\n<p><strong>Geschwindigkeit<\/strong>: Wenn du zum Beispiel 100 St\u00fcck bestellst, werden sie 1x geliefert. Willst du die Nachricht verbreiten? Dann bestelle den Service mehrmals in kleineren Mengen.<\/p>\n<p><strong>Lieferzeit<\/strong>: Lieferung in den meisten F\u00e4llen innerhalb von 24 Stunden<\/p>\n<p><strong>Preis<\/strong>: Der Preis nach der Zahl ist der Zusatzpreis. Dieser Betrag kommt zu den 9,95 Euro hinzu.<\/p>\n<h2>Nicht aktiv auf Facebook?<\/h2>\n<p>Du kannst es! Schau dir die anderen Produkte hier an:<\/p>\n<ul>\n<li><a href=\"https:\/\/www.likes-kopen.nl\/instagram-volgers-kopen\/\">Instagram Follower kaufen<\/a><\/li>\n<li><a href=\"https:\/\/www.likes-kopen.nl\/instagram-likes-kopen\/\">Instagram-Likes kaufen<\/a><\/li>\n<li><a href=\"https:\/\/www.likes-kopen.nl\/tiktok-volgers-kopen\/\">Tiktok-Anh\u00e4nger kaufen<\/a><\/li>\n<li><a href=\"https:\/\/www.likes-kopen.nl\/tiktok-likes-kopen\/\">Tiktok mag kaufen<\/a><\/li>\n<\/ul>\n","protected":false},"excerpt":{"rendered":"<h3>Facebook-Event popul\u00e4r machen<\/h3>\n<p>Hast du eine Facebook-Veranstaltung auf deiner Seite und m\u00f6chtest diese Facebook-Veranstaltung popul\u00e4r machen? Dann bestelle diesen Service!<br \/>\n**vor\u00fcbergehend andere Lieferzeit (4-7 Tage)<\/p>\n<p>&nbsp;<\/p>\n","protected":false},"featured_media":47823,"comment_status":"open","ping_status":"closed","template":"","meta":{"site-sidebar-layout":"default","site-content-layout":"default","ast-site-content-layout":"default","site-content-style":"default","site-sidebar-style":"default","ast-global-header-display":"","ast-banner-title-visibility":"","ast-main-header-display":"","ast-hfb-above-header-display":"","ast-hfb-below-header-display":"","ast-hfb-mobile-header-display":"","site-post-title":"","ast-breadcrumbs-content":"","ast-featured-img":"","footer-sml-layout":"","ast-disable-related-posts":"","theme-transparent-header-meta":"default","adv-header-id-meta":"","stick-header-meta":"default","header-above-stick-meta":"","header-main-stick-meta":"","header-below-stick-meta":"","astra-migrate-meta-layouts":"default","ast-page-background-enabled":"default","ast-page-background-meta":{"desktop":{"background-color":"","background-image":"","background-repeat":"repeat","background-position":"center center","background-size":"auto","background-attachment":"scroll","background-type":"","background-media":"","overlay-type":"","overlay-color":"","overlay-opacity":"","overlay-gradient":""},"tablet":{"background-color":"","background-image":"","background-repeat":"repeat","background-position":"center center","background-size":"auto","background-attachment":"scroll","background-type":"","background-media":"","overlay-type":"","overlay-color":"","overlay-opacity":"","overlay-gradient":""},"mobile":{"background-color":"","background-image":"","background-repeat":"repeat","background-position":"center center","background-size":"auto","background-attachment":"scroll","background-type":"","background-media":"","overlay-type":"","overlay-color":"","overlay-opacity":"","overlay-gradient":""}},"ast-content-background-meta":{"desktop":{"background-color":"var(--ast-global-color-5)","background-image":"","background-repeat":"repeat","background-position":"center center","background-size":"auto","background-attachment":"scroll","background-type":"","background-media":"","overlay-type":"","overlay-color":"","overlay-opacity":"","overlay-gradient":""},"tablet":{"background-color":"var(--ast-global-color-5)","background-image":"","background-repeat":"repeat","background-position":"center center","background-size":"auto","background-attachment":"scroll","background-type":"","background-media":"","overlay-type":"","overlay-color":"","overlay-opacity":"","overlay-gradient":""},"mobile":{"background-color":"var(--ast-global-color-5)","background-image":"","background-repeat":"repeat","background-position":"center center","background-size":"auto","background-attachment":"scroll","background-type":"","background-media":"","overlay-type":"","overlay-color":"","overlay-opacity":"","overlay-gradient":""}}},"product_brand":[],"product_cat":[475],"product_tag":[1161,1163],"class_list":{"0":"post-56835","1":"product","2":"type-product","3":"status-publish","4":"has-post-thumbnail","6":"product_cat-facebook-de","7":"product_tag-facebook-veranstaltung-promoten","8":"product_tag-geplante-veranstaltungen","9":"desktop-align-center","10":"tablet-align-center","11":"mobile-align-center","12":"ast-product-gallery-layout-first-image-large","13":"ast-product-gallery-with-no-image","14":"ast-magnify-disabled","15":"ast-product-single-variable","16":"ast-product-tabs-layout-horizontal","18":"first","19":"outofstock","20":"taxable","21":"shipping-taxable","22":"product-type-variable"},"_links":{"self":[{"href":"https:\/\/www.likes-kopen.nl\/de\/wp-json\/wp\/v2\/product\/56835","targetHints":{"allow":["GET"]}}],"collection":[{"href":"https:\/\/www.likes-kopen.nl\/de\/wp-json\/wp\/v2\/product"}],"about":[{"href":"https:\/\/www.likes-kopen.nl\/de\/wp-json\/wp\/v2\/types\/product"}],"replies":[{"embeddable":true,"href":"https:\/\/www.likes-kopen.nl\/de\/wp-json\/wp\/v2\/comments?post=56835"}],"wp:featuredmedia":[{"embeddable":true,"href":"https:\/\/www.likes-kopen.nl\/de\/wp-json\/wp\/v2\/media\/47823"}],"wp:attachment":[{"href":"https:\/\/www.likes-kopen.nl\/de\/wp-json\/wp\/v2\/media?parent=56835"}],"wp:term":[{"taxonomy":"product_brand","embeddable":true,"href":"https:\/\/www.likes-kopen.nl\/de\/wp-json\/wp\/v2\/product_brand?post=56835"},{"taxonomy":"product_cat","embeddable":true,"href":"https:\/\/www.likes-kopen.nl\/de\/wp-json\/wp\/v2\/product_cat?post=56835"},{"taxonomy":"product_tag","embeddable":true,"href":"https:\/\/www.likes-kopen.nl\/de\/wp-json\/wp\/v2\/product_tag?post=56835"}],"curies":[{"name":"wp","href":"https:\/\/api.w.org\/{rel}","templated":true}]}}