{"id":56772,"date":"2017-01-04T14:20:24","date_gmt":"2017-01-04T13:20:24","guid":{"rendered":"https:\/\/www.likes-kopen.nl\/product\/instagram-kommentare-zufaellig\/"},"modified":"2025-02-13T01:36:37","modified_gmt":"2025-02-13T00:36:37","slug":"instagram-kommentare-kaufen","status":"publish","type":"product","link":"https:\/\/www.likes-kopen.nl\/de\/instagram-kommentare-kaufen\/","title":{"rendered":"Instagram Kommentare Kaufen (Zuf\u00e4llig) \ud83d\ude80"},"content":{"rendered":"<h2>Instagram Kommentare Kaufen<\/h2>\n<p>Brauchst du mehr Instagram Kommentare?<\/p>\n<p>Wenn du dieses Produkt bestellst, erh\u00e4ltst du deine Antworten innerhalb von 24 Stunden.<\/p>\n<p>Was bedeutet &#8222;zuf\u00e4llig&#8220;? Zuf\u00e4llig bedeutet zuf\u00e4llige positive Emoji-Reaktionen. Ein Beispiel f\u00fcr eine Art von Reaktion: \u2764\ufe0f\u2764\ufe0f\u2764\ufe0f oder \ud83d\ude0a\ud83d\ude0a oder \ud83c\udf89 <\/p>\n<p>Diejenigen, die antworten, sind von internationaler Herkunft und haben ein qualitatives Profil. Neben dem Kauf von Kommentare gibt es auch die M\u00f6glichkeit, <a href=\"https:\/\/www.likes-kopen.nl\/instagram-volgers-kopen\/\">Instagram Follower<\/a> und <a href=\"https:\/\/www.likes-kopen.nl\/instagram-likes-kopen\/\">Instagram Likes<\/a> zu kaufen, um ein noch professionelleres Profil zu erhalten.<\/p>\n<h2>Ist der Kauf von Instagram-Kommentaren sicher?<\/h2>\n<p>Der Kauf von Instagram-Kommentaren f\u00fcr dein Instagram-Profil ist vollkommen sicher. Allerdings sagt Instagram, dass es nicht erlaubt ist, dein Profil durch Apps, Tools und Drittanbieter zu beeinflussen. <\/p>\n<p>Du kannst dir aber sicher sein, dass wir noch nie negative Erfahrungen von Kunden gemacht haben. Instagram kann und wird nicht feststellen, dass du Instagram-Kommentare von uns kaufst. <\/p>\n<p>Diese Ma\u00dfnahme, Instagram-Reaktionen zu kaufen, ist v\u00f6llig legal und sicher.<\/p>\n<h3>Willst du den Text lieber selbst bestimmen?<\/h3>\n<p>Du kannst es! Wenn du m\u00f6chtest, dass Text auf Niederl\u00e4ndisch gepostet wird, schau dir die<a href=\"https:\/\/www.likes-kopen.nl\/instagram-reacties-kopen-op-maat\/\"> benutzerdefinierten Kommentare auf Instagram<\/a> an.<\/p>\n<p>Bei diesem Produkt kannst du den Text selbst festlegen oder ihn von uns schreiben lassen. Wir werden dann daf\u00fcr sorgen, dass die Leute einen netten, relevanten Kommentar hinterlassen.<\/p>\n<hr>\n<h3>Willst du, dass deine eigenen Follower \u00f6fters kommentieren?<\/h3>\n<p>Das ist ganz einfach! Alles, was du tun musst, ist, auf die Posts deiner Follower zu antworten! Wenn du auf einen Beitrag von jemandem antwortest, gehen sie oft auf dein Profil und tun das Gleiche zur\u00fcck!<\/p>\n<p>Zus\u00e4tzlich kannst du auch ein <a href=\"https:\/\/www.likes-kopen.nl\/instagram\/automatisch-liken-bericht\/\">Automatisierungspaket<\/a> bestellen. Dank dieses Pakets kannst du niederl\u00e4ndische Follower \/ Likes \/ Kommentare erhalten! Du l\u00e4sst dein Instagram-Konto einfach automatisieren.<\/p>\n","protected":false},"excerpt":{"rendered":"<p>\u2714\ufe0fMehr Kommentare zu deinem IG-Post<br \/>\n\u2b50Von 10<br \/>\n\u2b50Liefergarantie<\/p>\n","protected":false},"featured_media":49488,"comment_status":"open","ping_status":"closed","template":"","meta":{"site-sidebar-layout":"default","site-content-layout":"default","ast-site-content-layout":"default","site-content-style":"default","site-sidebar-style":"default","ast-global-header-display":"","ast-banner-title-visibility":"","ast-main-header-display":"","ast-hfb-above-header-display":"","ast-hfb-below-header-display":"","ast-hfb-mobile-header-display":"","site-post-title":"","ast-breadcrumbs-content":"","ast-featured-img":"","footer-sml-layout":"","ast-disable-related-posts":"","theme-transparent-header-meta":"default","adv-header-id-meta":"","stick-header-meta":"default","header-above-stick-meta":"","header-main-stick-meta":"","header-below-stick-meta":"","astra-migrate-meta-layouts":"set","ast-page-background-enabled":"default","ast-page-background-meta":{"desktop":{"background-color":"","background-image":"","background-repeat":"repeat","background-position":"center center","background-size":"auto","background-attachment":"scroll","background-type":"","background-media":"","overlay-type":"","overlay-color":"","overlay-opacity":"","overlay-gradient":""},"tablet":{"background-color":"","background-image":"","background-repeat":"repeat","background-position":"center center","background-size":"auto","background-attachment":"scroll","background-type":"","background-media":"","overlay-type":"","overlay-color":"","overlay-opacity":"","overlay-gradient":""},"mobile":{"background-color":"","background-image":"","background-repeat":"repeat","background-position":"center center","background-size":"auto","background-attachment":"scroll","background-type":"","background-media":"","overlay-type":"","overlay-color":"","overlay-opacity":"","overlay-gradient":""}},"ast-content-background-meta":{"desktop":{"background-color":"var(--ast-global-color-5)","background-image":"","background-repeat":"repeat","background-position":"center center","background-size":"auto","background-attachment":"scroll","background-type":"","background-media":"","overlay-type":"","overlay-color":"","overlay-opacity":"","overlay-gradient":""},"tablet":{"background-color":"var(--ast-global-color-5)","background-image":"","background-repeat":"repeat","background-position":"center center","background-size":"auto","background-attachment":"scroll","background-type":"","background-media":"","overlay-type":"","overlay-color":"","overlay-opacity":"","overlay-gradient":""},"mobile":{"background-color":"var(--ast-global-color-5)","background-image":"","background-repeat":"repeat","background-position":"center center","background-size":"auto","background-attachment":"scroll","background-type":"","background-media":"","overlay-type":"","overlay-color":"","overlay-opacity":"","overlay-gradient":""}}},"product_brand":[],"product_cat":[470],"product_tag":[],"class_list":{"0":"post-56772","1":"product","2":"type-product","3":"status-publish","4":"has-post-thumbnail","6":"product_cat-instagram-de","7":"desktop-align-center","8":"tablet-align-center","9":"mobile-align-center","10":"ast-product-gallery-layout-first-image-large","11":"ast-product-gallery-with-no-image","12":"ast-magnify-disabled","13":"ast-product-single-variable","14":"ast-product-tabs-layout-horizontal","16":"first","17":"instock","18":"sale","19":"taxable","20":"shipping-taxable","21":"purchasable","22":"product-type-variable"},"_links":{"self":[{"href":"https:\/\/www.likes-kopen.nl\/de\/wp-json\/wp\/v2\/product\/56772","targetHints":{"allow":["GET"]}}],"collection":[{"href":"https:\/\/www.likes-kopen.nl\/de\/wp-json\/wp\/v2\/product"}],"about":[{"href":"https:\/\/www.likes-kopen.nl\/de\/wp-json\/wp\/v2\/types\/product"}],"replies":[{"embeddable":true,"href":"https:\/\/www.likes-kopen.nl\/de\/wp-json\/wp\/v2\/comments?post=56772"}],"wp:featuredmedia":[{"embeddable":true,"href":"https:\/\/www.likes-kopen.nl\/de\/wp-json\/wp\/v2\/media\/49488"}],"wp:attachment":[{"href":"https:\/\/www.likes-kopen.nl\/de\/wp-json\/wp\/v2\/media?parent=56772"}],"wp:term":[{"taxonomy":"product_brand","embeddable":true,"href":"https:\/\/www.likes-kopen.nl\/de\/wp-json\/wp\/v2\/product_brand?post=56772"},{"taxonomy":"product_cat","embeddable":true,"href":"https:\/\/www.likes-kopen.nl\/de\/wp-json\/wp\/v2\/product_cat?post=56772"},{"taxonomy":"product_tag","embeddable":true,"href":"https:\/\/www.likes-kopen.nl\/de\/wp-json\/wp\/v2\/product_tag?post=56772"}],"curies":[{"name":"wp","href":"https:\/\/api.w.org\/{rel}","templated":true}]}}