{"id":56720,"date":"2016-09-12T12:45:35","date_gmt":"2016-09-12T11:45:35","guid":{"rendered":"https:\/\/www.likes-kopen.nl\/product\/soundcloud-kommentare\/"},"modified":"2025-01-16T12:39:21","modified_gmt":"2025-01-16T11:39:21","slug":"soundcloud-kommentare-kaufen","status":"publish","type":"product","link":"https:\/\/www.likes-kopen.nl\/de\/soundcloud-kommentare-kaufen\/","title":{"rendered":"SoundCloud-Kommentare kaufen"},"content":{"rendered":"<p>Wenn du Soundcloud-Kommentare f\u00fcr deinen Soundcloud-Track kaufst, bekommst du den Schub f\u00fcr deinen Track, den du brauchst, um viral zu gehen.<\/p>\n<p>Sag Hallo zu leeren Gleisen ohne jegliche Interaktion. Mit den Soundcloud-Reaktionen sorgst du daf\u00fcr, dass dein Track lebendig aussieht.<\/p>\n<p>Denn seien wir mal ehrlich: Ein Track mit vielen Reaktionen erweckt den Eindruck, ein beliebter Track zu sein, oder? Genau das ist der Grund, warum K\u00fcnstler hier Soundcloud-Antworten kaufen.<\/p>\n<p>Und das Beste daran ist&#8230; erh\u00e4ltst du eine 30-t\u00e4gige Geld-zur\u00fcck-Garantie!<\/p>\n<p>Wenn du die Richtlinien von SoundCloud liest, ist es nicht erlaubt, Kommentare zu kaufen. Bestelle daher immer auf eigene Gefahr.<\/p>\n<p>Es ist uns jedoch nie in den Sinn gekommen, dass Kunden negatives Feedback geben. Das macht den Kauf von Soundcloud-Antworten v\u00f6llig sicher.<\/p>\n<p>Hier ist eine weitere Liste mit allem, was du bekommst:<\/p>\n<ul>\n<li><strong>Internationale SoundCloud-Reaktionen<\/strong><\/li>\n<li>Die Antworten sind v\u00f6llig zuf\u00e4llig und k\u00f6nnen nicht vorherbestimmt werden<\/li>\n<li>Schnelle Lieferung innerhalb von<strong> +\/- 2 Tagen<\/strong><\/li>\n<li>Kommentare werden direkt nacheinander gepostet<\/li>\n<li>Schneller Support f\u00fcr alle deine Fragen<\/li>\n<li>30 Tage Geld-zur\u00fcck-Garantie!<\/li>\n<\/ul>\n<p>Bist du neugierig auf unsere anderen <strong>Produkte<\/strong>?<\/p>\n<ul>\n<li><a href=\"https:\/\/www.likes-kopen.nl\/instagram-volgers-kopen\/\">Instagram Follower kaufen<\/a><\/li>\n<li><a href=\"https:\/\/www.likes-kopen.nl\/tiktok-likes-kopen\/\">Tiktok mag kaufen<\/a><\/li>\n<li><a href=\"https:\/\/www.likes-kopen.nl\/tiktok-volgers-kopen\/\">Tiktok-Anh\u00e4nger kaufen<\/a><\/li>\n<li><a href=\"https:\/\/www.likes-kopen.nl\/instagram-likes-kopen\/\">Instagram-Likes kaufen<\/a><\/li>\n<\/ul>\n","protected":false},"excerpt":{"rendered":"<p><strong>Internationale SoundCloud-Reaktionen.<\/strong><\/p>\n<p>Willst du mehr als nur Plays und Likes zu deinem Track? Dann kaufe Soundcloud-Kommentare (Reaktionen) zu deinem Track!<\/p>\n<p>Mit diesem Service erh\u00e4ltst du innerhalb k\u00fcrzester Zeit mehr Antworten!<\/p>\n<p><img decoding=\"async\" class=\"alignnone size-full wp-image-2518\" src=\"https:\/\/www.likes-kopen.nl\/wp-content\/uploads\/\/2016\/09\/soundcloud-reactie.jpg\" alt=\"Soundcloud-Antwort\" width=\"385\" height=\"256\" srcset=\"https:\/\/www.likes-kopen.nl\/wp-content\/uploads\/2016\/09\/soundcloud-reactie.jpg 385w, https:\/\/www.likes-kopen.nl\/wp-content\/uploads\/2016\/09\/soundcloud-reactie-300x199.jpg 300w\" sizes=\"(max-width: 385px) 100vw, 385px\" \/><\/p>\n","protected":false},"featured_media":49425,"comment_status":"open","ping_status":"closed","template":"","meta":{"site-sidebar-layout":"default","site-content-layout":"default","ast-site-content-layout":"default","site-content-style":"default","site-sidebar-style":"default","ast-global-header-display":"","ast-banner-title-visibility":"","ast-main-header-display":"","ast-hfb-above-header-display":"","ast-hfb-below-header-display":"","ast-hfb-mobile-header-display":"","site-post-title":"","ast-breadcrumbs-content":"","ast-featured-img":"","footer-sml-layout":"","ast-disable-related-posts":"","theme-transparent-header-meta":"default","adv-header-id-meta":"","stick-header-meta":"default","header-above-stick-meta":"","header-main-stick-meta":"","header-below-stick-meta":"","astra-migrate-meta-layouts":"set","ast-page-background-enabled":"default","ast-page-background-meta":{"desktop":{"background-color":"","background-image":"","background-repeat":"repeat","background-position":"center center","background-size":"auto","background-attachment":"scroll","background-type":"","background-media":"","overlay-type":"","overlay-color":"","overlay-opacity":"","overlay-gradient":""},"tablet":{"background-color":"","background-image":"","background-repeat":"repeat","background-position":"center center","background-size":"auto","background-attachment":"scroll","background-type":"","background-media":"","overlay-type":"","overlay-color":"","overlay-opacity":"","overlay-gradient":""},"mobile":{"background-color":"","background-image":"","background-repeat":"repeat","background-position":"center center","background-size":"auto","background-attachment":"scroll","background-type":"","background-media":"","overlay-type":"","overlay-color":"","overlay-opacity":"","overlay-gradient":""}},"ast-content-background-meta":{"desktop":{"background-color":"var(--ast-global-color-5)","background-image":"","background-repeat":"repeat","background-position":"center center","background-size":"auto","background-attachment":"scroll","background-type":"","background-media":"","overlay-type":"","overlay-color":"","overlay-opacity":"","overlay-gradient":""},"tablet":{"background-color":"var(--ast-global-color-5)","background-image":"","background-repeat":"repeat","background-position":"center center","background-size":"auto","background-attachment":"scroll","background-type":"","background-media":"","overlay-type":"","overlay-color":"","overlay-opacity":"","overlay-gradient":""},"mobile":{"background-color":"var(--ast-global-color-5)","background-image":"","background-repeat":"repeat","background-position":"center center","background-size":"auto","background-attachment":"scroll","background-type":"","background-media":"","overlay-type":"","overlay-color":"","overlay-opacity":"","overlay-gradient":""}}},"product_brand":[],"product_cat":[1082],"product_tag":[1135,1136],"class_list":{"0":"post-56720","1":"product","2":"type-product","3":"status-publish","4":"has-post-thumbnail","6":"product_cat-soundcloud-de","7":"product_tag-soundcloud-kommentare","8":"product_tag-soundcloud-reaktionen","9":"desktop-align-center","10":"tablet-align-center","11":"mobile-align-center","12":"ast-product-gallery-layout-first-image-large","13":"ast-product-gallery-with-no-image","14":"ast-magnify-disabled","15":"ast-product-single-variable","16":"ast-product-tabs-layout-horizontal","18":"first","19":"instock","20":"sale","21":"taxable","22":"shipping-taxable","23":"purchasable","24":"product-type-variable"},"_links":{"self":[{"href":"https:\/\/www.likes-kopen.nl\/de\/wp-json\/wp\/v2\/product\/56720","targetHints":{"allow":["GET"]}}],"collection":[{"href":"https:\/\/www.likes-kopen.nl\/de\/wp-json\/wp\/v2\/product"}],"about":[{"href":"https:\/\/www.likes-kopen.nl\/de\/wp-json\/wp\/v2\/types\/product"}],"replies":[{"embeddable":true,"href":"https:\/\/www.likes-kopen.nl\/de\/wp-json\/wp\/v2\/comments?post=56720"}],"wp:featuredmedia":[{"embeddable":true,"href":"https:\/\/www.likes-kopen.nl\/de\/wp-json\/wp\/v2\/media\/49425"}],"wp:attachment":[{"href":"https:\/\/www.likes-kopen.nl\/de\/wp-json\/wp\/v2\/media?parent=56720"}],"wp:term":[{"taxonomy":"product_brand","embeddable":true,"href":"https:\/\/www.likes-kopen.nl\/de\/wp-json\/wp\/v2\/product_brand?post=56720"},{"taxonomy":"product_cat","embeddable":true,"href":"https:\/\/www.likes-kopen.nl\/de\/wp-json\/wp\/v2\/product_cat?post=56720"},{"taxonomy":"product_tag","embeddable":true,"href":"https:\/\/www.likes-kopen.nl\/de\/wp-json\/wp\/v2\/product_tag?post=56720"}],"curies":[{"name":"wp","href":"https:\/\/api.w.org\/{rel}","templated":true}]}}