{"id":56680,"date":"2014-07-20T08:53:24","date_gmt":"2014-07-20T08:53:24","guid":{"rendered":"https:\/\/www.likes-kopen.nl\/product\/pinterest-follower\/"},"modified":"2025-01-23T08:50:51","modified_gmt":"2025-01-23T07:50:51","slug":"pinterest-follower-kaufen","status":"publish","type":"product","link":"https:\/\/www.likes-kopen.nl\/de\/pinterest-follower-kaufen\/","title":{"rendered":"Pinterest Follower kaufen <\/br> <h2><span style=\"color: #ae60e1;\">Direkt zugestellt<\/span> \ud83d\ude80<\/h2>"},"content":{"rendered":"<p>In den Richtlinien von Pinterest steht, dass es nicht erlaubt ist, Follower zu kaufen. Die Bestellung erfolgt daher auf eigene Gefahr.<\/p>\n<h2>Mehr Follower auf Pinterest<\/h2>\n<p>Viele Menschen suchen nach der Frage &#8222;Wie bekomme ich mehr Follower auf Pinterest&#8220;. Die einzige M\u00f6glichkeit, dies schnell zu erreichen, ist der Kauf von Pinterest Followern. Das macht dein Profil nicht nur attraktiver, sondern erh\u00f6ht auch die Wahrscheinlichkeit, dass dir jemand folgt! Du kannst bei uns Follower ab 9,95 \u20ac kaufen. Dies kann sowohl f\u00fcr private als auch f\u00fcr gesch\u00e4ftliche Profile geschehen.<\/p>\n<p>Willst du auch mehr Aufmerksamkeit auf TikTok? Dann \u00fcberlege dir, <a href=\"https:\/\/www.likes-kopen.nl\/tiktok-volgers-kopen\/\">Tiktok Follower zu kaufen<\/a>!<\/p>\n<p>&nbsp;<\/p>\n<h2>Merkmale unserer Anh\u00e4ngerschaft<\/h2>\n<ul>\n<li>Internationale Pinterest Follower<\/li>\n<li>Schnelle Lieferung, kleine Mengen innerhalb von 2 Tagen<\/li>\n<\/ul>\n","protected":false},"excerpt":{"rendered":"<p>\u2714\ufe0fAnh\u00e4nger g\u00fcnstig bestellen<br \/>\n\u2b50Schnelle Lieferung<br \/>\n\u2b50Professionelles Aussehen<\/p>\n","protected":false},"featured_media":49317,"comment_status":"open","ping_status":"closed","template":"","meta":{"site-sidebar-layout":"default","site-content-layout":"default","ast-site-content-layout":"default","site-content-style":"default","site-sidebar-style":"default","ast-global-header-display":"","ast-banner-title-visibility":"","ast-main-header-display":"","ast-hfb-above-header-display":"","ast-hfb-below-header-display":"","ast-hfb-mobile-header-display":"","site-post-title":"","ast-breadcrumbs-content":"","ast-featured-img":"","footer-sml-layout":"","ast-disable-related-posts":"","theme-transparent-header-meta":"default","adv-header-id-meta":"","stick-header-meta":"default","header-above-stick-meta":"","header-main-stick-meta":"","header-below-stick-meta":"","astra-migrate-meta-layouts":"set","ast-page-background-enabled":"default","ast-page-background-meta":{"desktop":{"background-color":"","background-image":"","background-repeat":"repeat","background-position":"center center","background-size":"auto","background-attachment":"scroll","background-type":"","background-media":"","overlay-type":"","overlay-color":"","overlay-opacity":"","overlay-gradient":""},"tablet":{"background-color":"","background-image":"","background-repeat":"repeat","background-position":"center center","background-size":"auto","background-attachment":"scroll","background-type":"","background-media":"","overlay-type":"","overlay-color":"","overlay-opacity":"","overlay-gradient":""},"mobile":{"background-color":"","background-image":"","background-repeat":"repeat","background-position":"center center","background-size":"auto","background-attachment":"scroll","background-type":"","background-media":"","overlay-type":"","overlay-color":"","overlay-opacity":"","overlay-gradient":""}},"ast-content-background-meta":{"desktop":{"background-color":"var(--ast-global-color-5)","background-image":"","background-repeat":"repeat","background-position":"center center","background-size":"auto","background-attachment":"scroll","background-type":"","background-media":"","overlay-type":"","overlay-color":"","overlay-opacity":"","overlay-gradient":""},"tablet":{"background-color":"var(--ast-global-color-5)","background-image":"","background-repeat":"repeat","background-position":"center center","background-size":"auto","background-attachment":"scroll","background-type":"","background-media":"","overlay-type":"","overlay-color":"","overlay-opacity":"","overlay-gradient":""},"mobile":{"background-color":"var(--ast-global-color-5)","background-image":"","background-repeat":"repeat","background-position":"center center","background-size":"auto","background-attachment":"scroll","background-type":"","background-media":"","overlay-type":"","overlay-color":"","overlay-opacity":"","overlay-gradient":""}}},"product_brand":[],"product_cat":[1128],"product_tag":[],"class_list":{"0":"post-56680","1":"product","2":"type-product","3":"status-publish","4":"has-post-thumbnail","6":"product_cat-pinterest-de","7":"desktop-align-center","8":"tablet-align-center","9":"mobile-align-center","10":"ast-product-gallery-layout-first-image-large","11":"ast-product-gallery-with-no-image","12":"ast-magnify-disabled","13":"ast-product-single-variable","14":"ast-product-tabs-layout-horizontal","16":"first","17":"instock","18":"sale","19":"taxable","20":"shipping-taxable","21":"purchasable","22":"product-type-variable"},"_links":{"self":[{"href":"https:\/\/www.likes-kopen.nl\/de\/wp-json\/wp\/v2\/product\/56680","targetHints":{"allow":["GET"]}}],"collection":[{"href":"https:\/\/www.likes-kopen.nl\/de\/wp-json\/wp\/v2\/product"}],"about":[{"href":"https:\/\/www.likes-kopen.nl\/de\/wp-json\/wp\/v2\/types\/product"}],"replies":[{"embeddable":true,"href":"https:\/\/www.likes-kopen.nl\/de\/wp-json\/wp\/v2\/comments?post=56680"}],"wp:featuredmedia":[{"embeddable":true,"href":"https:\/\/www.likes-kopen.nl\/de\/wp-json\/wp\/v2\/media\/49317"}],"wp:attachment":[{"href":"https:\/\/www.likes-kopen.nl\/de\/wp-json\/wp\/v2\/media?parent=56680"}],"wp:term":[{"taxonomy":"product_brand","embeddable":true,"href":"https:\/\/www.likes-kopen.nl\/de\/wp-json\/wp\/v2\/product_brand?post=56680"},{"taxonomy":"product_cat","embeddable":true,"href":"https:\/\/www.likes-kopen.nl\/de\/wp-json\/wp\/v2\/product_cat?post=56680"},{"taxonomy":"product_tag","embeddable":true,"href":"https:\/\/www.likes-kopen.nl\/de\/wp-json\/wp\/v2\/product_tag?post=56680"}],"curies":[{"name":"wp","href":"https:\/\/api.w.org\/{rel}","templated":true}]}}