{"id":56603,"date":"2015-01-02T18:24:20","date_gmt":"2015-01-02T17:24:20","guid":{"rendered":"https:\/\/www.likes-kopen.nl\/product\/facebook-nachrichten-teilen\/"},"modified":"2025-01-16T05:41:31","modified_gmt":"2025-01-16T04:41:31","slug":"facebook-message-sharing","status":"publish","type":"product","link":"https:\/\/www.likes-kopen.nl\/de\/facebook-message-sharing\/","title":{"rendered":"Facebook Message Sharing Kaufen"},"content":{"rendered":"<p>K\u00fcnstliche Aktivit\u00e4ten versto\u00dfen gegen die Nutzungsbedingungen von Facebook. Die Bestellung erfolgt auf dein eigenes Risiko.<\/p>\n<h2>Teilen von Facebook-Posts<\/h2>\n<p>M\u00f6chtest du, dass dein Facebook-Post von mehreren Personen gesehen wird? Mit den Produkten, die du unten siehst, ist das m\u00f6glich! Wir k\u00f6nnen deine Botschaft einfach und schnell verbreiten.<\/p>\n<h2>Nachricht auf Facebook teilen lassen<\/h2>\n<p>Wir k\u00f6nnen deinen Beitrag auf Facebook teilen lassen! Wie? Alles, was wir von dir brauchen, ist der Link\/die URL zu deinem Beitrag! W\u00e4hle die Menge und gehe zur Kasse. Wir werden dann daf\u00fcr sorgen, dass der Z\u00e4hler f\u00fcr die &#8222;Anzahl der geteilten Male&#8220; schnell steigt!<\/p>\n<p><img decoding=\"async\" class=\"alignnone wp-image-664 size-full\" src=\"https:\/\/www.likes-kopen.nl\/wp-content\/uploads\/\/2015\/01\/facebook-bericht-delen-25.png\" alt=\"facebook message-sharing-25\" width=\"300\" height=\"100\"><\/p>\n<p>&nbsp;<\/p>\n<h2>Wie bekomme ich den Link oder die Url?<\/h2>\n<p>Du kannst den Link oder die Url deines Beitrags auf verschiedene Arten erhalten.<\/p>\n<p>\u25ba Klicke auf dem <strong>PC<\/strong> auf das Datum\/die Uhrzeit deines Beitrags und kopiere die neue URL aus der Adressleiste. Du kannst auch mit der rechten Maustaste auf das Datum\/die Uhrzeit klicken und dann Link kopieren w\u00e4hlen.<\/p>\n<p>\u25baKlicke auf <strong>MOBILE<\/strong> auf die 3 Punkte, die du neben der Nachricht siehst. Klicke dann auf den Link zum Kopieren. Halte in unserem Bestellformular das Feld gedr\u00fcckt und w\u00e4hle dann Einf\u00fcgen.<\/p>\n<h2>Wer wird meinen Beitrag teilen?<\/h2>\n<p>Die Menschen, die deinen Beitrag teilen werden, sind international.<br \/>\nHast du ein internationales Unternehmen? <\/p>\n<p>Dann k\u00f6nnte dies ideal sein, denn wenn dein Beitrag geteilt wird, spiegelt er ein \u00fcberzeugendes Bild wider! Die 25 Shares werden innerhalb von 24 Stunden realisiert, bei einer gr\u00f6\u00dferen Anzahl kann es etwas l\u00e4nger dauern. Dieses Produkt ist nur f\u00fcr gesch\u00e4ftliche Facebook-Seiten gedacht.<\/p>\n<p>HINWEIS: Achte darauf, dass deine Seite f\u00fcr alle sichtbar ist.<\/p>\n<p>&nbsp;<\/p>\n<hr>\n<h2>Warum sollte ich Facebook-Aktien kaufen?<\/h2>\n<p><span style=\"font-weight: 400;\">Manche Leute f\u00fchren eine Gewinnkampagne auf Facebook durch und versuchen dann, die Leute dazu zu bringen, den Beitrag so oft wie m\u00f6glich zu teilen. Wenn sie sehen, dass der Beitrag nur 0 Mal geteilt wurde, werden nur wenige Menschen den ersten Schritt machen, um ihn zu teilen.<\/span><span style=\"font-weight: 400;\"><br \/>\n<\/span><span style=\"font-weight: 400;\">Wir k\u00f6nnen daf\u00fcr sorgen, dass mehrere Leute deinen Beitrag teilen werden!<\/span><\/p>\n<p><span style=\"font-weight: 400;\">Au\u00dferdem vermittelt es ein \u00fcberzeugendes Bild. Wenn der Beitrag einer Person viele Male geteilt wurde, dann scheint es, als ob der Beitrag viral gegangen ist.  <\/span><\/p>\n<p><span style=\"font-weight: 400;\">Jeder kann seinen eigenen Grund haben, dieses Produkt zu bestellen! Es ist f\u00fcr jeden Facebook-Nutzer geeignet.<\/span><\/p>\n<p>&nbsp;<\/p>\n<hr>\n<h2>Welche Leute werden meinen Beitrag teilen?<\/h2>\n<p><span style=\"font-weight: 400;\">Die Facebook-Shares sind international, also werden alle m\u00f6glichen Leute den Beitrag teilen.<\/span><\/p>\n<p>&nbsp;<\/p>\n<hr>\n<h2>F\u00e4llt es auf, wenn ich Facebook-Aktien kaufe?<\/h2>\n<p><span style=\"font-weight: 400;\">Wer Facebook-Aktien kauft, muss nicht unbedingt auffallen. Nur wenige Menschen werden darauf achten, wer die Botschaft geteilt hat. Nat\u00fcrlich wird es einige wenige geben, die das tun, aber die Chancen sind gering. Heutzutage schaut fast jeder nur noch auf die Zahl.<\/span><\/p>\n<p><span style=\"font-weight: 400;\">Achte nur darauf, dass dein Beitrag mehr Likes als Shares hat. Sonst wirkt es nicht glaubw\u00fcrdig. Wir verkaufen auch <a href=\"https:\/\/www.likes-kopen.nl\/facebook\/berichten-liken\/\">Facebook-Likes<\/a>, schau doch mal rein.<\/span><\/p>\n<p>&nbsp;<\/p>\n<h2>Produktmerkmale<\/h2>\n<ul>\n<li>Nur f\u00fcr 1 Facebook-Post gedacht. Die Verteilung auf mehrere Stellen ist nicht m\u00f6glich.<\/li>\n<li>Beitr\u00e4ge werden nur geteilt und nicht geliked. <a href=\"https:\/\/www.likes-kopen.nl\/facebook-bericht-likes-kopen\/\">Daf\u00fcr<\/a> kannst du bei uns <a href=\"https:\/\/www.likes-kopen.nl\/facebook-bericht-likes-kopen\/\">Likes kaufen<\/a>.<\/li>\n<li>Das Teilen wird von internationalen Facebook-Nutzern durchgef\u00fchrt<\/li>\n<li>Ideal f\u00fcr einen glaubw\u00fcrdigen Look<\/li>\n<li>Lieferung normalerweise innerhalb von 24 Stunden f\u00fcr 25x.<\/li>\n<\/ul>\n<p>&nbsp;<\/p>\n<h2>Stelle sicher, dass dein Profil\/deine Nachricht \u00f6ffentlich ist<\/h2>\n<p>W\u00e4hrend der Erbringung unserer Dienstleistungen sollte dein Profil vor\u00fcbergehend \u00f6ffentlich sein. Vergleiche, ob dein Profil die gleichen Einstellungen hat wie das unten gezeigte Bild. Wenn dein Profil nicht vollst\u00e4ndig \u00f6ffentlich ist, k\u00f6nnen wir nicht alle Likes oder Shares bereitstellen.<\/p>\n<p><img decoding=\"async\" class=\"alignnone size-full wp-image-691\" src=\"https:\/\/www.likes-kopen.nl\/wp-content\/uploads\/\/2015\/01\/facebook-instellingen.jpg\" alt=\"Facebook-Einstellungen\" width=\"473\" height=\"95\" srcset=\"https:\/\/www.likes-kopen.nl\/wp-content\/uploads\/2015\/01\/facebook-instellingen.jpg 473w, https:\/\/www.likes-kopen.nl\/wp-content\/uploads\/2015\/01\/facebook-instellingen-462x93.jpg 462w, https:\/\/www.likes-kopen.nl\/wp-content\/uploads\/2015\/01\/facebook-instellingen-300x60.jpg 300w\" sizes=\"(max-width: 473px) 100vw, 473px\" \/><\/p>\n<p><img decoding=\"async\" class=\"alignnone size-full wp-image-692\" src=\"https:\/\/www.likes-kopen.nl\/wp-content\/uploads\/\/2015\/01\/facebook-instellingen-profiel-openbaar.png\" alt=\"facebook-einstellungen-profil-\u00f6ffentlich\" width=\"630\" height=\"587\" srcset=\"https:\/\/www.likes-kopen.nl\/wp-content\/uploads\/2015\/01\/facebook-instellingen-profiel-openbaar.png 630w, https:\/\/www.likes-kopen.nl\/wp-content\/uploads\/2015\/01\/facebook-instellingen-profiel-openbaar-510x475.png 510w, https:\/\/www.likes-kopen.nl\/wp-content\/uploads\/2015\/01\/facebook-instellingen-profiel-openbaar-300x279.png 300w\" sizes=\"(max-width: 630px) 100vw, 630px\" \/><\/p>\n<p>&nbsp;<\/p>\n<h2>Bist du neugierig auf unsere anderen <strong>Produkte<\/strong>?<\/h2>\n<p>Wir haben eine gro\u00dfe Auswahl an Produkten, diese sind die beliebtesten:<\/p>\n<ul>\n<li><a href=\"https:\/\/www.likes-kopen.nl\/instagram-volgers-kopen\/\">Instagram Follower kaufen<\/a><\/li>\n<li><a href=\"https:\/\/www.likes-kopen.nl\/tiktok-likes-kopen\/\">Tiktok mag kaufen<\/a><\/li>\n<li><a href=\"https:\/\/www.likes-kopen.nl\/tiktok-volgers-kopen\/\">Tiktok-Anh\u00e4nger kaufen<\/a><\/li>\n<li><a href=\"https:\/\/www.likes-kopen.nl\/instagram-likes-kopen\/\">Instagram-Likes kaufen<\/a><\/li>\n<\/ul>\n","protected":false},"excerpt":{"rendered":"<p><span style=\"font-size: 16px;\">\u2714\ufe0fLass deine Botschaft von uns TEILEN!<br \/>\n<\/span>\u2b50 <span style=\"font-size: 16px;\">ab 100 St\u00fcck<br \/>\n\u2b50 gut f\u00fcr mehr Interaktion<\/span><\/p>\n","protected":false},"featured_media":49353,"comment_status":"open","ping_status":"closed","template":"","meta":{"site-sidebar-layout":"default","site-content-layout":"default","ast-site-content-layout":"default","site-content-style":"default","site-sidebar-style":"default","ast-global-header-display":"","ast-banner-title-visibility":"","ast-main-header-display":"","ast-hfb-above-header-display":"","ast-hfb-below-header-display":"","ast-hfb-mobile-header-display":"","site-post-title":"","ast-breadcrumbs-content":"","ast-featured-img":"","footer-sml-layout":"","ast-disable-related-posts":"","theme-transparent-header-meta":"default","adv-header-id-meta":"","stick-header-meta":"default","header-above-stick-meta":"","header-main-stick-meta":"","header-below-stick-meta":"","astra-migrate-meta-layouts":"default","ast-page-background-enabled":"default","ast-page-background-meta":{"desktop":{"background-color":"","background-image":"","background-repeat":"repeat","background-position":"center center","background-size":"auto","background-attachment":"scroll","background-type":"","background-media":"","overlay-type":"","overlay-color":"","overlay-opacity":"","overlay-gradient":""},"tablet":{"background-color":"","background-image":"","background-repeat":"repeat","background-position":"center center","background-size":"auto","background-attachment":"scroll","background-type":"","background-media":"","overlay-type":"","overlay-color":"","overlay-opacity":"","overlay-gradient":""},"mobile":{"background-color":"","background-image":"","background-repeat":"repeat","background-position":"center center","background-size":"auto","background-attachment":"scroll","background-type":"","background-media":"","overlay-type":"","overlay-color":"","overlay-opacity":"","overlay-gradient":""}},"ast-content-background-meta":{"desktop":{"background-color":"var(--ast-global-color-5)","background-image":"","background-repeat":"repeat","background-position":"center center","background-size":"auto","background-attachment":"scroll","background-type":"","background-media":"","overlay-type":"","overlay-color":"","overlay-opacity":"","overlay-gradient":""},"tablet":{"background-color":"var(--ast-global-color-5)","background-image":"","background-repeat":"repeat","background-position":"center center","background-size":"auto","background-attachment":"scroll","background-type":"","background-media":"","overlay-type":"","overlay-color":"","overlay-opacity":"","overlay-gradient":""},"mobile":{"background-color":"var(--ast-global-color-5)","background-image":"","background-repeat":"repeat","background-position":"center center","background-size":"auto","background-attachment":"scroll","background-type":"","background-media":"","overlay-type":"","overlay-color":"","overlay-opacity":"","overlay-gradient":""}}},"product_brand":[],"product_cat":[475],"product_tag":[],"class_list":{"0":"post-56603","1":"product","2":"type-product","3":"status-publish","4":"has-post-thumbnail","6":"product_cat-facebook-de","7":"desktop-align-center","8":"tablet-align-center","9":"mobile-align-center","10":"ast-product-gallery-layout-first-image-large","11":"ast-product-gallery-with-no-image","12":"ast-magnify-disabled","13":"ast-product-single-variable","14":"ast-product-tabs-layout-horizontal","16":"first","17":"instock","18":"sale","19":"taxable","20":"shipping-taxable","21":"purchasable","22":"product-type-variable"},"_links":{"self":[{"href":"https:\/\/www.likes-kopen.nl\/de\/wp-json\/wp\/v2\/product\/56603","targetHints":{"allow":["GET"]}}],"collection":[{"href":"https:\/\/www.likes-kopen.nl\/de\/wp-json\/wp\/v2\/product"}],"about":[{"href":"https:\/\/www.likes-kopen.nl\/de\/wp-json\/wp\/v2\/types\/product"}],"replies":[{"embeddable":true,"href":"https:\/\/www.likes-kopen.nl\/de\/wp-json\/wp\/v2\/comments?post=56603"}],"wp:featuredmedia":[{"embeddable":true,"href":"https:\/\/www.likes-kopen.nl\/de\/wp-json\/wp\/v2\/media\/49353"}],"wp:attachment":[{"href":"https:\/\/www.likes-kopen.nl\/de\/wp-json\/wp\/v2\/media?parent=56603"}],"wp:term":[{"taxonomy":"product_brand","embeddable":true,"href":"https:\/\/www.likes-kopen.nl\/de\/wp-json\/wp\/v2\/product_brand?post=56603"},{"taxonomy":"product_cat","embeddable":true,"href":"https:\/\/www.likes-kopen.nl\/de\/wp-json\/wp\/v2\/product_cat?post=56603"},{"taxonomy":"product_tag","embeddable":true,"href":"https:\/\/www.likes-kopen.nl\/de\/wp-json\/wp\/v2\/product_tag?post=56603"}],"curies":[{"name":"wp","href":"https:\/\/api.w.org\/{rel}","templated":true}]}}