{"id":56579,"date":"2015-12-19T15:43:53","date_gmt":"2015-12-19T14:43:53","guid":{"rendered":"https:\/\/www.likes-kopen.nl\/product\/linkedin-verbindungen-100-echt\/"},"modified":"2025-01-27T06:18:53","modified_gmt":"2025-01-27T05:18:53","slug":"linkedin-connections-kaufen","status":"publish","type":"product","link":"https:\/\/www.likes-kopen.nl\/de\/linkedin-connections-kaufen\/","title":{"rendered":"Linkedin-Verbindungen kaufen (100% echt) \ud83d\ude80"},"content":{"rendered":"<p>H\u00f6r auf, Linkedin-Verbindungen zu kaufen, die nie geliefert werden. W\u00e4hle <strong>100% echte Linkedin-Verbindungen<\/strong>, die auch geliefert werden, oder du bekommst dein Geld zur\u00fcck!<\/p>\n<h2>Linkedin-Verbindungen kaufen<\/h2>\n<p>Willst du mehr Kontakte auf <a href=\"https:\/\/www.likes-kopen.nl\/linkedin\/\">Linkedin<\/a>? Wir liefern dir neue Einladungen von echten Menschen mit echten Berufsprofilen.<\/p>\n<p><img decoding=\"async\" class=\"alignnone size-full wp-image-1571\" src=\"https:\/\/www.likes-kopen.nl\/wp-content\/uploads\/\/2015\/12\/linkedin-teller-ophogen.jpg\" alt=\"linkedin-counter-raise\" width=\"201\" height=\"192\"><\/p>\n<p>&nbsp;<\/p>\n<h2>Warum Linkedin-Verbindungen kaufen?<\/h2>\n<p>Der Grund, warum du ein Linkedin-Profil angelegt hast, war nicht ohne Grund. Du willst anfangen, dich professionell im Internet zu profilieren. Professionelle Inhalte kannst du kontrollieren, aber die Anzahl der Verbindungen ist eine andere Sache.<\/p>\n<p>Wenn du gerade erst anf\u00e4ngst, Linkedin zu nutzen, startest du bei 0 Verbindungen. Du kannst dann Freunde, Kollegen und Bekannte bitten, sich mit dir zu verbinden. Oft bekommst du nicht viel mehr als 50 Verbindungen und die Zahl steigt nur sehr langsam an. Potenzielle Kontakte, die bei Google oder Linkedin auf dich sto\u00dfen, sehen die Anzahl deiner Verbindungen und beurteilen dich entsprechend. Wenn du ein Gesch\u00e4ftsmann bist und Linkedin nutzen willst, um deine Gesch\u00e4ftsm\u00f6glichkeiten zu verbessern, dann ist die Anzahl der Verbindungen sehr wichtig. Das ist dein Online-Auftritt.<\/p>\n<p>Wenige Verbindungen auf Linkedin wirken offensichtlich nicht sehr professionell. Die Leute nehmen dich nicht ernst und sehen dich als Anf\u00e4nger\/in an und sind weniger geneigt, mit dir Gesch\u00e4fte zu machen. \u00c4ndere das und wirke seri\u00f6ser.<\/p>\n<p>Wie bekommst du mehr Linkedin-Verbindungen? Nun&#8230; indem du sie einfach bei uns kaufst!<\/p>\n<p><img decoding=\"async\" class=\"alignnone size-full wp-image-1568\" src=\"https:\/\/www.likes-kopen.nl\/wp-content\/uploads\/\/2015\/12\/nieuwe-connecties-op-linkedin-krijgen.jpg\" alt=\"neue-verbindungen-auf-linkedin-holen\" width=\"330\" height=\"204\" srcset=\"https:\/\/www.likes-kopen.nl\/wp-content\/uploads\/2015\/12\/nieuwe-connecties-op-linkedin-krijgen.jpg 330w, https:\/\/www.likes-kopen.nl\/wp-content\/uploads\/2015\/12\/nieuwe-connecties-op-linkedin-krijgen-300x185.jpg 300w\" sizes=\"(max-width: 330px) 100vw, 330px\" \/><\/p>\n<p>&nbsp;<\/p>\n<h2>Behalte deinen eigenen Einfluss auf deine neuen Kontakte<\/h2>\n<p>Du entscheidest, wer eine Verbindung bekommt und wer nicht. Das liegt daran, dass du Einladungen von neuen Leuten bekommst, die du selbst annehmen kannst. So kannst du auch kontrollieren, wie schnell der Z\u00e4hler bei dir ansteigt. Die Anzahl der neuen Verbindungen bleibt genauso lange bestehen, bis du sie akzeptierst oder ablehnst.<\/p>\n<p>&nbsp;<\/p>\n<h2>Die neuen Linkedin-Verbindungen<\/h2>\n<p>Alle Verbindungen sind international, die meisten kommen aus den USA und ein kleiner Teil aus Gro\u00dfbritannien und Australien. 95% der Namen sind amerikanisch oder englisch. Das Verh\u00e4ltnis von M\u00e4nnern und Frauen variiert. Im Durchschnitt sind 2 von 10 Frauen.<\/p>\n<p>Beispielhafte Namen: Mary Charron, Tara Maddox, Jeremiah Fintain, Martin Emmanuel, Jordan Lisak, Rosemary Brenton und James McTighe.<\/p>\n<p>Alle Profile sind 100% echt und professionell. Das bedeutet, dass die durchschnittliche Verbindung 500+ Verbindungen hat und dass sie ein umfangreiches Profil hat, in dem alles ausgef\u00fcllt ist. Nat\u00fcrlich ist auch ein gutes Foto dabei.<\/p>\n<p>Au\u00dferdem haben beide viele Unterst\u00fctzungen. Die meisten sind sehr gebildet und haben ein Universit\u00e4tsstudium absolviert. Im Profil kannst du verschiedene Studien und Unternehmen sehen, in denen sie gearbeitet haben.<\/p>\n<p>Zu den Branchen, in denen diese Menschen arbeiten, geh\u00f6ren: IT, Automatisierung, Fotografie, Design, Marketing, Webentwicklung, SEO, Software, (Projekt-)Management, CEOs, Manager, IBM, Apple, Microsoft, Philips, etc.<\/p>\n<p>&nbsp;<\/p>\n<h2>Lieferfrist<\/h2>\n<p>Da es sich um echte Verbindungen handelt, ist die Lieferzeit variabel. Wenn du z.B. 75 neue Verbindungen w\u00e4hlst, werden sie in den meisten F\u00e4llen innerhalb von 14 Tagen geliefert. Da dieser Dienst sehr beliebt ist, kann es manchmal ein paar Tage dauern, bis die ersten neuen Linkedin-Verbindungen eintrudeln.<\/p>\n<h2>Eigenschaften<\/h2>\n<ul>\n<li>Dieses Produkt ist nur f\u00fcr 1 Linkedin-Profil geeignet. Wir k\u00f6nnen also keine Zahlen auf mehrere Linkedin-Profile verteilen.<\/li>\n<li>Die Lieferzeit f\u00fcr 150+ Verbindungen betr\u00e4gt zwischen 1 und 14 Tagen.<\/li>\n<li>Die neuen Verbindungen sind international und kommen haupts\u00e4chlich aus Amerika. 99% der Profile sehen sehr professionell aus und haben 500+ Verbindungen.<\/li>\n<li>Wenn du dein Linkedin-Profil mit mehr Verbindungen \u00fcberzeugender machen willst, ist dieser Service genau das Richtige f\u00fcr dich.<\/li>\n<li>Wir werden dir keine Liste mit Namen geben, die du einladen sollst, denn wir werden daf\u00fcr sorgen, dass du eingeladen wirst!<\/li>\n<\/ul>\n<h2>Nicht aktiv auf Linkedin, aber aktiv auf Instagram?<\/h2>\n<p>Nicht jeder ist auf LinkedIn aktiv. Das liegt daran, dass LinkedIn eine gesch\u00e4ftliche Social-Media-Plattform ist. Wenn du auch auf Instagram aktiv bist, haben wir auch daf\u00fcr viele Produkte. Um dein Profil zu st\u00e4rken, indem du <a href=\"https:\/\/www.likes-kopen.nl\/instagram-volgers-kopen\/\">Instagram-Follower<\/a> kaufst, kannst du auch dar\u00fcber nachdenken, <a href=\"https:\/\/www.likes-kopen.nl\/\">Likes zu kaufen<\/a>.<\/p>\n<div id=\"gtx-trans\" style=\"position: absolute; left: -122px; top: -1.5px;\">\n<div class=\"gtx-trans-icon\"><\/div>\n<\/div>\n","protected":false},"excerpt":{"rendered":"<p>\u2b50\ufe0f H\u00f6r auf, Linkedin-Verbindungen zu kaufen, die nie geliefert werden. W\u00e4hle <strong>100% echte Linkedin-Verbindungen<\/strong>, die auch geliefert werden, oder du bekommst dein Geld zur\u00fcck!<\/p>\n","protected":false},"featured_media":49405,"comment_status":"open","ping_status":"closed","template":"","meta":{"site-sidebar-layout":"default","site-content-layout":"default","ast-site-content-layout":"default","site-content-style":"default","site-sidebar-style":"default","ast-global-header-display":"","ast-banner-title-visibility":"","ast-main-header-display":"","ast-hfb-above-header-display":"","ast-hfb-below-header-display":"","ast-hfb-mobile-header-display":"","site-post-title":"","ast-breadcrumbs-content":"","ast-featured-img":"","footer-sml-layout":"","ast-disable-related-posts":"","theme-transparent-header-meta":"default","adv-header-id-meta":"","stick-header-meta":"default","header-above-stick-meta":"","header-main-stick-meta":"","header-below-stick-meta":"","astra-migrate-meta-layouts":"default","ast-page-background-enabled":"default","ast-page-background-meta":{"desktop":{"background-color":"","background-image":"","background-repeat":"repeat","background-position":"center center","background-size":"auto","background-attachment":"scroll","background-type":"","background-media":"","overlay-type":"","overlay-color":"","overlay-opacity":"","overlay-gradient":""},"tablet":{"background-color":"","background-image":"","background-repeat":"repeat","background-position":"center center","background-size":"auto","background-attachment":"scroll","background-type":"","background-media":"","overlay-type":"","overlay-color":"","overlay-opacity":"","overlay-gradient":""},"mobile":{"background-color":"","background-image":"","background-repeat":"repeat","background-position":"center center","background-size":"auto","background-attachment":"scroll","background-type":"","background-media":"","overlay-type":"","overlay-color":"","overlay-opacity":"","overlay-gradient":""}},"ast-content-background-meta":{"desktop":{"background-color":"var(--ast-global-color-5)","background-image":"","background-repeat":"repeat","background-position":"center center","background-size":"auto","background-attachment":"scroll","background-type":"","background-media":"","overlay-type":"","overlay-color":"","overlay-opacity":"","overlay-gradient":""},"tablet":{"background-color":"var(--ast-global-color-5)","background-image":"","background-repeat":"repeat","background-position":"center center","background-size":"auto","background-attachment":"scroll","background-type":"","background-media":"","overlay-type":"","overlay-color":"","overlay-opacity":"","overlay-gradient":""},"mobile":{"background-color":"var(--ast-global-color-5)","background-image":"","background-repeat":"repeat","background-position":"center center","background-size":"auto","background-attachment":"scroll","background-type":"","background-media":"","overlay-type":"","overlay-color":"","overlay-opacity":"","overlay-gradient":""}}},"product_brand":[],"product_cat":[723],"product_tag":[1120],"class_list":{"0":"post-56579","1":"product","2":"type-product","3":"status-publish","4":"has-post-thumbnail","6":"product_cat-linkedin-de","7":"product_tag-mehr-linkedin-verbindungen","8":"desktop-align-center","9":"tablet-align-center","10":"mobile-align-center","11":"ast-product-gallery-layout-first-image-large","12":"ast-product-gallery-with-no-image","13":"ast-magnify-disabled","14":"ast-product-single-variable","15":"ast-product-tabs-layout-horizontal","17":"first","18":"instock","19":"sale","20":"taxable","21":"shipping-taxable","22":"purchasable","23":"product-type-variable"},"_links":{"self":[{"href":"https:\/\/www.likes-kopen.nl\/de\/wp-json\/wp\/v2\/product\/56579","targetHints":{"allow":["GET"]}}],"collection":[{"href":"https:\/\/www.likes-kopen.nl\/de\/wp-json\/wp\/v2\/product"}],"about":[{"href":"https:\/\/www.likes-kopen.nl\/de\/wp-json\/wp\/v2\/types\/product"}],"replies":[{"embeddable":true,"href":"https:\/\/www.likes-kopen.nl\/de\/wp-json\/wp\/v2\/comments?post=56579"}],"wp:featuredmedia":[{"embeddable":true,"href":"https:\/\/www.likes-kopen.nl\/de\/wp-json\/wp\/v2\/media\/49405"}],"wp:attachment":[{"href":"https:\/\/www.likes-kopen.nl\/de\/wp-json\/wp\/v2\/media?parent=56579"}],"wp:term":[{"taxonomy":"product_brand","embeddable":true,"href":"https:\/\/www.likes-kopen.nl\/de\/wp-json\/wp\/v2\/product_brand?post=56579"},{"taxonomy":"product_cat","embeddable":true,"href":"https:\/\/www.likes-kopen.nl\/de\/wp-json\/wp\/v2\/product_cat?post=56579"},{"taxonomy":"product_tag","embeddable":true,"href":"https:\/\/www.likes-kopen.nl\/de\/wp-json\/wp\/v2\/product_tag?post=56579"}],"curies":[{"name":"wp","href":"https:\/\/api.w.org\/{rel}","templated":true}]}}