{"id":56342,"date":"2016-05-16T07:46:19","date_gmt":"2016-05-16T06:46:19","guid":{"rendered":"https:\/\/www.likes-kopen.nl\/product\/instagram-auto-likes\/"},"modified":"2025-01-16T12:40:51","modified_gmt":"2025-01-16T11:40:51","slug":"instagram-autolikes","status":"publish","type":"product","link":"https:\/\/www.likes-kopen.nl\/de\/instagram-autolikes\/","title":{"rendered":"Instagram-Posts automatisch zum Like machen <\/br> <h2><span style=\"color: #ae60e1;\">Direkt zugestellt<\/span> \ud83d\ude80<\/h2>"},"content":{"rendered":"<p>Laut den Richtlinien von Instagram ist es dir nicht erlaubt, die Anzahl der Follower, Likes, Views und Kommentare k\u00fcnstlich zu beeinflussen. Der Kauf erfolgt auf eigene Gefahr.<\/p>\n<h2>Automatische Likes f\u00fcr Instagram<\/h2>\n<p>Bist du auf der Suche nach einem Produkt oder einer Dienstleistung, die daf\u00fcr sorgt, dass jedes Foto oder Video, das du auf Instagram postest, automatisch geliked wird? Dann such nicht weiter! Tats\u00e4chlich kannst du diesen Service hier bei uns bestellen! Schlie\u00dflich kannst du bei uns Auto-Likes f\u00fcr Instagram kaufen. Wir haben verschiedene Pakete, also w\u00e4hle aus, was am besten zu dir passt!<\/p>\n<p>Die Auto-Likes von Instagram sind die L\u00f6sung f\u00fcr alle, die nicht nachtr\u00e4glich Likes f\u00fcr einen Post kaufen wollen. Au\u00dferdem kommen die Auto-Likes fast sofort, nachdem du gepostet hast! So verlierst du keine wertvolle Zeit mit Warten. Da die Likes automatisch zu deinem Beitrag hinzugef\u00fcgt werden, erscheinst du noch beliebter und bist au\u00dferdem g\u00fcnstiger, als wenn du die Likes einzeln pro Beitrag bestellen w\u00fcrdest. Alle Optionen findest du unter <a href=\"https:\/\/www.likes-kopen.nl\/instagram-likes-kopen\/\">Instagram-Likes kaufen <\/a>und <a href=\"https:\/\/www.likes-kopen.nl\/instagram-volgers-kopen\/\">Instagram-Follower kaufen<\/a>.<\/p>\n<p>&nbsp;<\/p>\n<h2>Verschiedene \u00e4hnliche Pakete<\/h2>\n<p>Du kannst 5 Beitr\u00e4ge, 10 Beitr\u00e4ge oder 20 Beitr\u00e4ge automatisch liken lassen. Das hei\u00dft, wenn du &#8222;5&#8220; w\u00e4hlst, werden die n\u00e4chsten 5 Fotos und\/oder Videos automatisch geliked.<\/p>\n<p>Au\u00dferdem kannst du festlegen, wie oft jeder Beitrag geliked werden soll. Unsere Pakete beginnen bei 50 Likes. Willst du mehr haben? Kein Problem, denn wir gehen bis zu 1.000 Herzen pro Foto.<\/p>\n<p>&nbsp;<\/p>\n<h2>Warum Instagram Auto-Likes kaufen<\/h2>\n<p>Es gibt nichts \u00c4rgerlicheres, als wenn du ein super s\u00fc\u00dfes Bild oder Video gepostet hast und es niemandem gef\u00e4llt. Nat\u00fcrlich willst du, dass deine Beitr\u00e4ge auch geliked werden, und zwar am besten von so vielen Menschen wie m\u00f6glich! Durch unsere Pakete ist dies v\u00f6llig automatisch und du entscheidest, wie oft und wie oft. Um es auszuprobieren, haben wir ein Paket f\u00fcr 5 Fotos\/Videos mit 50 Likes pro Beitrag.<\/p>\n<p>Mehr Aktivit\u00e4t auf deinem Instagram-Konto? Dann lass es einfach automatisieren!<\/p>\n<p>Willst du auch mehr Likes auf deinem Instagram-Account erhalten? Dann bestelle diesen Service!<\/p>\n<ul>\n<li>Alles geht automatisch<\/li>\n<li>Nach kurzer Zeit bekommst du automatisch Likes<\/li>\n<li>Optional kannst du dich f\u00fcr mehr Likes entscheiden<\/li>\n<li>Kein Passwort erforderlich<\/li>\n<li>Du musst nicht nachtr\u00e4glich bestellen, da du im Voraus kaufst<\/li>\n<li>Unser System wei\u00df, wenn du etwas Neues postest<\/li>\n<li>Sowohl f\u00fcr Videos als auch f\u00fcr Fotos<\/li>\n<\/ul>\n<p>&nbsp;<\/p>\n<h2>Sowohl Fotos als auch Videos<\/h2>\n<p>Sowohl Videos als auch Fotos sind mit Herzen versehen. Unser System unterscheidet nicht zwischen einem Foto oder einem Video. Das liegt daran, dass Videos auch geliked werden k\u00f6nnen. Wenn du dein Video mit Zuschauern aufwerten willst, bestelle unsere <a href=\"https:\/\/www.likes-kopen.nl\/instagram-views-kopen\/\">IG Video Views<\/a>. F\u00fcr alle, die sich noch nicht ganz im Klaren sind\/waren&#8230; Dieser Service liefert also nur etwas, nachdem du etwas bestellt hast und nicht auf das, was schon auf deinem Profil stand, bevor du bei uns bestellt hast. Nachdem unser Service also gestartet ist, wird jeder Beitrag mit der Anzahl der von dir gekauften Likes versehen.<\/p>\n<p>&nbsp;<\/p>\n<h2>Nur auf \u00f6ffentlichen Profilen verf\u00fcgbar<\/h2>\n<p>Um diesen Dienst zu nutzen, muss dein Profil \u00f6ffentlich sein und bleiben, nachdem du etwas gepostet hast. Manche Menschen entscheiden sich daf\u00fcr, ihr Profil so weit wie m\u00f6glich privat zu halten, und das ist an sich kein Problem. Was du in diesem Fall tun kannst, ist, dein Profil \u00f6ffentlich zu machen, ein Foto oder Video zu posten und dann zu warten, bis du alle Likes f\u00fcr diesen Beitrag bekommst. Wenn das erledigt ist, stellst du sie wieder auf privat. Du musst jedoch bedenken, dass du Likes verpassen kannst, wenn du sie zu fr\u00fch wieder auf privat zur\u00fcckstellst &#8211; vorausgesetzt nat\u00fcrlich, dass alles in Ordnung ist.<\/p>\n<p>&nbsp;<\/p>\n<h2>Lieferzeiten und Spezifikationen<\/h2>\n<ul>\n<li>Deine Beitr\u00e4ge werden von ausl\u00e4ndischen Konten geliked<\/li>\n<li>Ein paar Minuten bis ein paar Stunden nach der Platzierung kommen die ersten Likes<\/li>\n<li>W\u00e4hle ein Paket f\u00fcr 5, 10 oder 20 Nachrichten<\/li>\n<li>W\u00e4hle aus, ob du m\u00f6chtest, dass jeder Beitrag 50, 100, 150, 200, 500 oder 1.000 Mal geliked wird<\/li>\n<li>Wir <span style=\"text-decoration: underline;\">brauchen nur deinen Profilnamen<\/span><\/li>\n<li>BITTE BEACHTEN: Dein Profil MUSS \u00f6ffentlich sein und bleiben. Wenn du dein Profil wieder auf privat stellst, verpasst du die Likes.<\/li>\n<\/ul>\n<p>Bist du neugierig auf unsere anderen <strong>Produkte<\/strong>?<\/p>\n<ul>\n<li><a href=\"https:\/\/www.likes-kopen.nl\/instagram-volgers-kopen\/\">Instagram Follower kaufen<\/a><\/li>\n<li><a href=\"https:\/\/www.likes-kopen.nl\/tiktok-likes-kopen\/\">Tiktok mag kaufen<\/a><\/li>\n<li><a href=\"https:\/\/www.likes-kopen.nl\/tiktok-volgers-kopen\/\">Tiktok-Anh\u00e4nger kaufen<\/a><\/li>\n<li><a href=\"https:\/\/www.likes-kopen.nl\/instagram-likes-kopen\/\">Instagram-Likes kaufen<\/a><\/li>\n<\/ul>\n<p>&nbsp;<\/p>\n<div id=\"gtx-trans\" style=\"position: absolute; left: 219px; top: 1937.44px;\">\n<div class=\"gtx-trans-icon\"><\/div>\n<\/div>\n","protected":false},"excerpt":{"rendered":"<p><span style=\"color: #008000;\">\u2714\ufe0f<\/span>Jedes Foto automatisch liken<br \/>\n\u2b50Keine Bestellung einzelner Fotos mehr<br \/>\n\u2b50Immer direkt geliked<\/p>\n","protected":false},"featured_media":49344,"comment_status":"open","ping_status":"closed","template":"","meta":{"site-sidebar-layout":"default","site-content-layout":"default","ast-site-content-layout":"default","site-content-style":"default","site-sidebar-style":"default","ast-global-header-display":"","ast-banner-title-visibility":"","ast-main-header-display":"","ast-hfb-above-header-display":"","ast-hfb-below-header-display":"","ast-hfb-mobile-header-display":"","site-post-title":"","ast-breadcrumbs-content":"","ast-featured-img":"","footer-sml-layout":"","ast-disable-related-posts":"","theme-transparent-header-meta":"default","adv-header-id-meta":"","stick-header-meta":"default","header-above-stick-meta":"","header-main-stick-meta":"","header-below-stick-meta":"","astra-migrate-meta-layouts":"default","ast-page-background-enabled":"default","ast-page-background-meta":{"desktop":{"background-color":"","background-image":"","background-repeat":"repeat","background-position":"center center","background-size":"auto","background-attachment":"scroll","background-type":"","background-media":"","overlay-type":"","overlay-color":"","overlay-opacity":"","overlay-gradient":""},"tablet":{"background-color":"","background-image":"","background-repeat":"repeat","background-position":"center center","background-size":"auto","background-attachment":"scroll","background-type":"","background-media":"","overlay-type":"","overlay-color":"","overlay-opacity":"","overlay-gradient":""},"mobile":{"background-color":"","background-image":"","background-repeat":"repeat","background-position":"center center","background-size":"auto","background-attachment":"scroll","background-type":"","background-media":"","overlay-type":"","overlay-color":"","overlay-opacity":"","overlay-gradient":""}},"ast-content-background-meta":{"desktop":{"background-color":"var(--ast-global-color-5)","background-image":"","background-repeat":"repeat","background-position":"center center","background-size":"auto","background-attachment":"scroll","background-type":"","background-media":"","overlay-type":"","overlay-color":"","overlay-opacity":"","overlay-gradient":""},"tablet":{"background-color":"var(--ast-global-color-5)","background-image":"","background-repeat":"repeat","background-position":"center center","background-size":"auto","background-attachment":"scroll","background-type":"","background-media":"","overlay-type":"","overlay-color":"","overlay-opacity":"","overlay-gradient":""},"mobile":{"background-color":"var(--ast-global-color-5)","background-image":"","background-repeat":"repeat","background-position":"center center","background-size":"auto","background-attachment":"scroll","background-type":"","background-media":"","overlay-type":"","overlay-color":"","overlay-opacity":"","overlay-gradient":""}}},"product_brand":[],"product_cat":[470],"product_tag":[],"class_list":{"0":"post-56342","1":"product","2":"type-product","3":"status-publish","4":"has-post-thumbnail","6":"product_cat-instagram-de","7":"desktop-align-center","8":"tablet-align-center","9":"mobile-align-center","10":"ast-product-gallery-layout-first-image-large","11":"ast-product-gallery-with-no-image","12":"ast-magnify-disabled","13":"ast-product-single-variable","14":"ast-product-tabs-layout-horizontal","16":"first","17":"instock","18":"sale","19":"taxable","20":"shipping-taxable","21":"purchasable","22":"product-type-variable"},"_links":{"self":[{"href":"https:\/\/www.likes-kopen.nl\/de\/wp-json\/wp\/v2\/product\/56342","targetHints":{"allow":["GET"]}}],"collection":[{"href":"https:\/\/www.likes-kopen.nl\/de\/wp-json\/wp\/v2\/product"}],"about":[{"href":"https:\/\/www.likes-kopen.nl\/de\/wp-json\/wp\/v2\/types\/product"}],"replies":[{"embeddable":true,"href":"https:\/\/www.likes-kopen.nl\/de\/wp-json\/wp\/v2\/comments?post=56342"}],"wp:featuredmedia":[{"embeddable":true,"href":"https:\/\/www.likes-kopen.nl\/de\/wp-json\/wp\/v2\/media\/49344"}],"wp:attachment":[{"href":"https:\/\/www.likes-kopen.nl\/de\/wp-json\/wp\/v2\/media?parent=56342"}],"wp:term":[{"taxonomy":"product_brand","embeddable":true,"href":"https:\/\/www.likes-kopen.nl\/de\/wp-json\/wp\/v2\/product_brand?post=56342"},{"taxonomy":"product_cat","embeddable":true,"href":"https:\/\/www.likes-kopen.nl\/de\/wp-json\/wp\/v2\/product_cat?post=56342"},{"taxonomy":"product_tag","embeddable":true,"href":"https:\/\/www.likes-kopen.nl\/de\/wp-json\/wp\/v2\/product_tag?post=56342"}],"curies":[{"name":"wp","href":"https:\/\/api.w.org\/{rel}","templated":true}]}}