{"id":56338,"date":"2015-01-03T16:10:37","date_gmt":"2015-01-03T15:10:37","guid":{"rendered":"https:\/\/www.likes-kopen.nl\/product\/website-freigabe-auf-facebook-paket\/"},"modified":"2025-01-16T05:35:39","modified_gmt":"2025-01-16T04:35:39","slug":"website-sharing-on-facebook","status":"publish","type":"product","link":"https:\/\/www.likes-kopen.nl\/de\/website-sharing-on-facebook\/","title":{"rendered":"Website-Freigabe auf Facebook (Paket)"},"content":{"rendered":"<ul>\n<li>Website-URL auf Facebook teilen<\/li>\n<li>100% Google Panda sicher<\/li>\n<li>SEO-Boost<\/li>\n<li>Jeder Share ist ein Backlink mehr! 5.000 steht f\u00fcr 5.000 Backlinks<\/li>\n<li>Effekt: mehr Besucher, bessere Google-Position<\/li>\n<li>Ideal, um das Linkprofil zu variieren mehr<\/li>\n<\/ul>\n<p><strong>Nicht erlaubt:<\/strong><\/p>\n<ul>\n<li>18+ Websites<\/li>\n<li>Der Link zu deiner Facebook-Seite selbst<\/li>\n<\/ul>\n<h2>Bist du neugierig auf unsere anderen <strong>Produkte<\/strong>?<\/h2>\n<p>Wir haben eine gro\u00dfe Auswahl an Produkten, diese sind die beliebtesten:<\/p>\n<ul>\n<li><a href=\"https:\/\/www.likes-kopen.nl\/instagram-volgers-kopen\/\">Instagram Follower kaufen<\/a><\/li>\n<li><a href=\"https:\/\/www.likes-kopen.nl\/tiktok-likes-kopen\/\">Tiktok mag kaufen<\/a><\/li>\n<li><a href=\"https:\/\/www.likes-kopen.nl\/tiktok-volgers-kopen\/\">Tiktok-Anh\u00e4nger kaufen<\/a><\/li>\n<li><a href=\"https:\/\/www.likes-kopen.nl\/instagram-likes-kopen\/\">Instagram-Likes kaufen<\/a><\/li>\n<\/ul>\n","protected":false},"excerpt":{"rendered":"<p>Website auf Facebook teilen<\/p>\n<p>Teile die URL deiner Website auf Facebook und erhalte auf diese Weise Social Media Backlinks zu deiner Website! Ideal, um deiner Website einen SEO BOOST zu verpassen! Dieser Schub kann daf\u00fcr sorgen, dass deine Website eine bessere und st\u00e4rkere Position in der Google-Suchmaschine erh\u00e4lt.<\/p>\n<p>Social Media Backlinks sind nach dem letzten Google Panda Update (4.1) noch effektiver geworden.<\/p>\n<p>&nbsp;<\/p>\n<hr>\n<h2><\/h2>\n<p>Du kannst die URL deiner Website oder Webseite auf der rechten Seite eingeben. Dieser Dienst ist f\u00fcr 1 URL bestimmt.<\/p>\n","protected":false},"featured_media":48726,"comment_status":"open","ping_status":"closed","template":"","meta":{"site-sidebar-layout":"default","site-content-layout":"default","ast-site-content-layout":"default","site-content-style":"default","site-sidebar-style":"default","ast-global-header-display":"","ast-banner-title-visibility":"","ast-main-header-display":"","ast-hfb-above-header-display":"","ast-hfb-below-header-display":"","ast-hfb-mobile-header-display":"","site-post-title":"","ast-breadcrumbs-content":"","ast-featured-img":"","footer-sml-layout":"","ast-disable-related-posts":"","theme-transparent-header-meta":"default","adv-header-id-meta":"","stick-header-meta":"default","header-above-stick-meta":"","header-main-stick-meta":"","header-below-stick-meta":"","astra-migrate-meta-layouts":"default","ast-page-background-enabled":"default","ast-page-background-meta":{"desktop":{"background-color":"","background-image":"","background-repeat":"repeat","background-position":"center center","background-size":"auto","background-attachment":"scroll","background-type":"","background-media":"","overlay-type":"","overlay-color":"","overlay-opacity":"","overlay-gradient":""},"tablet":{"background-color":"","background-image":"","background-repeat":"repeat","background-position":"center center","background-size":"auto","background-attachment":"scroll","background-type":"","background-media":"","overlay-type":"","overlay-color":"","overlay-opacity":"","overlay-gradient":""},"mobile":{"background-color":"","background-image":"","background-repeat":"repeat","background-position":"center center","background-size":"auto","background-attachment":"scroll","background-type":"","background-media":"","overlay-type":"","overlay-color":"","overlay-opacity":"","overlay-gradient":""}},"ast-content-background-meta":{"desktop":{"background-color":"var(--ast-global-color-5)","background-image":"","background-repeat":"repeat","background-position":"center center","background-size":"auto","background-attachment":"scroll","background-type":"","background-media":"","overlay-type":"","overlay-color":"","overlay-opacity":"","overlay-gradient":""},"tablet":{"background-color":"var(--ast-global-color-5)","background-image":"","background-repeat":"repeat","background-position":"center center","background-size":"auto","background-attachment":"scroll","background-type":"","background-media":"","overlay-type":"","overlay-color":"","overlay-opacity":"","overlay-gradient":""},"mobile":{"background-color":"var(--ast-global-color-5)","background-image":"","background-repeat":"repeat","background-position":"center center","background-size":"auto","background-attachment":"scroll","background-type":"","background-media":"","overlay-type":"","overlay-color":"","overlay-opacity":"","overlay-gradient":""}}},"product_brand":[],"product_cat":[564],"product_tag":[],"class_list":{"0":"post-56338","1":"product","2":"type-product","3":"status-publish","4":"has-post-thumbnail","6":"product_cat-seo-pakete","7":"desktop-align-center","8":"tablet-align-center","9":"mobile-align-center","10":"ast-product-gallery-layout-first-image-large","11":"ast-product-gallery-with-no-image","12":"ast-magnify-disabled","13":"ast-product-single-variable","14":"ast-product-tabs-layout-horizontal","16":"first","17":"instock","18":"sale","19":"taxable","20":"shipping-taxable","21":"purchasable","22":"product-type-variable"},"_links":{"self":[{"href":"https:\/\/www.likes-kopen.nl\/de\/wp-json\/wp\/v2\/product\/56338","targetHints":{"allow":["GET"]}}],"collection":[{"href":"https:\/\/www.likes-kopen.nl\/de\/wp-json\/wp\/v2\/product"}],"about":[{"href":"https:\/\/www.likes-kopen.nl\/de\/wp-json\/wp\/v2\/types\/product"}],"replies":[{"embeddable":true,"href":"https:\/\/www.likes-kopen.nl\/de\/wp-json\/wp\/v2\/comments?post=56338"}],"wp:featuredmedia":[{"embeddable":true,"href":"https:\/\/www.likes-kopen.nl\/de\/wp-json\/wp\/v2\/media\/48726"}],"wp:attachment":[{"href":"https:\/\/www.likes-kopen.nl\/de\/wp-json\/wp\/v2\/media?parent=56338"}],"wp:term":[{"taxonomy":"product_brand","embeddable":true,"href":"https:\/\/www.likes-kopen.nl\/de\/wp-json\/wp\/v2\/product_brand?post=56338"},{"taxonomy":"product_cat","embeddable":true,"href":"https:\/\/www.likes-kopen.nl\/de\/wp-json\/wp\/v2\/product_cat?post=56338"},{"taxonomy":"product_tag","embeddable":true,"href":"https:\/\/www.likes-kopen.nl\/de\/wp-json\/wp\/v2\/product_tag?post=56338"}],"curies":[{"name":"wp","href":"https:\/\/api.w.org\/{rel}","templated":true}]}}