{"id":56210,"date":"2015-10-14T20:01:09","date_gmt":"2015-10-14T19:01:09","guid":{"rendered":"https:\/\/www.likes-kopen.nl\/product\/dutch-backlinks-paket\/"},"modified":"2025-01-16T05:30:31","modified_gmt":"2025-01-16T04:30:31","slug":"hollandische-rucklinks-kaufen","status":"publish","type":"product","link":"https:\/\/www.likes-kopen.nl\/de\/hollandische-rucklinks-kaufen\/","title":{"rendered":"Dutch Backlinks Paket"},"content":{"rendered":"<p>Kein SEO-Spezialist kommt um den Linkaufbau herum. Linkbuiding und der Kauf niederl\u00e4ndischer Backlinks ist oft das fehlende St\u00fcck, wenn es darum geht, in den Suchergebnissen gut abzuschneiden. Websites, die in den Suchergebnissen an erster Stelle stehen, haben strukturell ein besseres Linkprofil. Das hei\u00dft, sie haben oft einen h\u00f6heren Domain Rank (DR) und Page Rank (PR).<\/p>\n<p><em>Was ist das eigentlich f\u00fcr ein Geheimnis?  <\/em><\/p>\n<p>Der Kauf von Backlinks ist nicht das Einzige, was du tun musst, um gut zu ranken, aber er ist einer der wichtigsten Rankingfaktoren von Suchmaschinen wie Google, Bing und Yahoo.<\/p>\n<p>Du kannst Backlinks bei Likes-Kopen.de kaufen, der vertrauensw\u00fcrdigen Adresse f\u00fcr alle deine SEO &amp; Social Media Produkte.<\/p>\n<p>&nbsp;<\/p>\n<h2>Warum niederl\u00e4ndische Backlinks kaufen?<\/h2>\n<p>Wenn du in den Suchergebnissen auf dem niederl\u00e4ndischen Markt gut abschneiden willst, brauchst du relevante Links. Suchmaschinen achten zunehmend auf die Relevanz von Links und weniger auf ihren Wert. Niederl\u00e4ndische Backlinks sind f\u00fcr niederl\u00e4ndische Websites sehr wichtig. Hier hast du also schon einen gro\u00dfen Vorsprung.<\/p>\n<p>&nbsp;<\/p>\n<h2>Das niederl\u00e4ndische Backlink-Paket<\/h2>\n<p>Das Standard-Backlink-Paket enth\u00e4lt bis zu 100 niederl\u00e4ndische Backlinks von echten Websites, die auf niederl\u00e4ndischen Servern gehostet werden. Du kannst mehr niederl\u00e4ndische Backlinks kaufen, indem du das Paket erweiterst. Die Seiten, auf denen deine Links erscheinen, sind exklusiv und nicht voll von tausenden anderen Links. Auf diese Weise erh\u00e4ltst du garantiert einen guten Linkwert.<\/p>\n<p>&nbsp;<\/p>\n<h2>Gute Seiten- und Domainautorit\u00e4t<\/h2>\n<p>Die Domain Authority (DA) liegt zwischen 12 und 30. Die Page Authority (PA) liegt zwischen 15 und 40.<\/p>\n<p>&nbsp;<\/p>\n<h2>URL und Schl\u00fcsselw\u00f6rter<\/h2>\n<p>Dieses Paket ist f\u00fcr 1 URL bestimmt. Dabei kannst du bis zu 5 Schl\u00fcsselw\u00f6rter angeben. Auf der rechten Seite beim Bestellbutton kannst du diese Informationen eingeben.<\/p>\n<p>&nbsp;<\/p>\n<ul>\n<li>100 oder mehr niederl\u00e4ndische Backlinks<\/li>\n<li>Von gesch\u00e4tzten .NL-Seiten bezogen<\/li>\n<li>Hohe PA\/DA:<\/li>\n<li>PA-Werte: 15-40<\/li>\n<li>DA-Werte: 12-30<\/li>\n<li>Dofollow und permanent<\/li>\n<li>Das Paket ist f\u00fcr 1 URL bestimmt<\/li>\n<li>Gib bis zu 5 Schl\u00fcsselw\u00f6rter ein (max. 1 pro Url)<\/li>\n<li>Lieferung von 10 Backlinks pro Tag (f\u00fcr optimale Ergebnisse)<\/li>\n<\/ul>\n<p>Du kannst mehrere Backlinks kaufen, weil wir viele Websites verwalten!<\/p>\n<h2>H\u00e4ufig gestellte Fragen<\/h2>\n<h3>1. &#8222;Warum sind Backlinks so teuer?&#8220;<\/h3>\n<p>Es stimmt, dass der Kauf von Backlinks mit Kosten verbunden ist, aber du solltest seinen Wert als eine Investition in das Wachstum und die Sichtbarkeit deiner Website sehen. Langfristig kannst du damit sogar Geld sparen, weil du mehr organischen Traffic generierst.<\/p>\n<h3>2. &#8222;Ist Backlink-Kauf Betrug?&#8220;<\/h3>\n<p>Das ist ein Missverst\u00e4ndnis. Der Kauf von Backlinks ist nicht illegal oder unethisch, solange du dies mit hochwertigen und relevanten Websites tust, die nicht Teil eines Linknetzwerks sind. Es ist einfach eine M\u00f6glichkeit, deine Website zu bewerben und zu verbessern.<\/p>\n<h3>3. &#8222;Ist es nicht besser, organische Backlinks zu verdienen?&#8220;<\/h3>\n<p>Stimmt, aber es ist auch viel schwieriger und zeitaufw\u00e4ndiger, als Backlinks zu kaufen. Der Aufbau eines organischen Backlinkprofils braucht Zeit und M\u00fche, und selbst dann ist es keine Garantie daf\u00fcr, dass du in den Suchergebnissen weit oben rangierst. Der Kauf von Backlinks kann dir helfen, schneller Ergebnisse zu erzielen. Sogar gro\u00dfe Unternehmen machen das in gro\u00dfem Stil.<\/p>\n<h3>4. &#8222;Warum sollte ich es nicht selbst tun?&#8220;<\/h3>\n<p>Ja, du kannst es selbst machen, aber wie gesagt, es kostet viel Zeit und M\u00fche. Es kann auch schwierig sein, hochwertige Backlinks zu finden und zu erhalten. Au\u00dferdem musst du in 99% der F\u00e4lle auch daf\u00fcr bezahlen, dass ein einzelner Backlink gesetzt wird. Wenn du ein professionelles Backlink-Paket kaufst, sparst du Zeit und bekommst hochwertige Backlinks.<\/p>\n<h3>5. &#8222;Warum sind Backlinks wichtig f\u00fcr meine Website?&#8220;<\/h3>\n<p>Backlinks sind ein wichtiger Teil der Suchmaschinenoptimierung und k\u00f6nnen einen gro\u00dfen Unterschied f\u00fcr die Auffindbarkeit und den Erfolg deiner Website ausmachen. Ohne Backlinks l\u00e4ufst du Gefahr, hinter Konkurrenten zur\u00fcckzufallen, die welche haben.<\/p>\n<h3>6. &#8222;Ich habe keine Ahnung, wo ich anfangen soll. Wo soll ich anfangen?&#8220;<\/h3>\n<p>Das ist verst\u00e4ndlich, aber genau da kommen die Profis ins Spiel. Wenn du ein Backlink-Paket von einem zuverl\u00e4ssigen und erfahrenen Anbieter kaufst, musst du dir keine Gedanken machen, wo du anfangen sollst. Sie nehmen dir die Arbeit ab und sorgen f\u00fcr hochwertige Backlinks, die das Wachstum deiner Website f\u00f6rdern.<\/p>\n<h3>7. &#8222;Wirkt sich der Kauf von Backlinks nicht negativ auf meine Website aus?&#8220;<\/h3>\n<p>Es ist verst\u00e4ndlich, dass du dir Sorgen \u00fcber m\u00f6gliche Risiken machst, aber wenn du mit einem erfahrenen Backlink-Anbieter zusammenarbeitest, der nur hochwertige Backlinks von relevanten Websites liefert, ist das Risiko negativer Folgen gering. Solange du dich an die Richtlinien von Google h\u00e4ltst und deine Backlinks von hoher Qualit\u00e4t sind, brauchst du dir keine Sorgen zu machen.<\/p>\n<h2>Andere Backlinks kaufen?<\/h2>\n<p>Dann schau dir die anderen Pakete an:<\/p>\n<ul>\n<li><a href=\"https:\/\/www.likes-kopen.nl\/seo-pakketten\/\" target=\"_blank\" rel=\"noopener\">Starke Backlinks DA60+ Profil Links kaufen (ausverkauft)<\/a><\/li>\n<li><a href=\"https:\/\/www.likes-kopen.nl\/seo-pakketten\/\" target=\"_blank\" rel=\"noopener\">10 starke DA40+ DR50+ Backlinks (ausverkauft)<\/a><\/li>\n<\/ul>\n<h2>Bist du neugierig auf unsere anderen <strong>Produkte<\/strong>?<\/h2>\n<p>Wir haben eine gro\u00dfe Auswahl an Produkten, diese sind die beliebtesten:<\/p>\n<ul>\n<li><a href=\"https:\/\/www.likes-kopen.nl\/instagram-volgers-kopen\/\">Instagram Follower kaufen<\/a><\/li>\n<li><a href=\"https:\/\/www.likes-kopen.nl\/tiktok-likes-kopen\/\">Tiktok mag kaufen<\/a><\/li>\n<li><a href=\"https:\/\/www.likes-kopen.nl\/tiktok-volgers-kopen\/\">Tiktok-Anh\u00e4nger kaufen<\/a><\/li>\n<li><a href=\"https:\/\/www.likes-kopen.nl\/instagram-likes-kopen\/\">Instagram-Likes kaufen<\/a><\/li>\n<\/ul>\n<p style=\"text-align: center;\"><strong><a href=\"#top\">Zur\u00fcck zum Anfang \u2191<\/a><\/strong><\/p>\n","protected":false},"excerpt":{"rendered":"<p>Kaufe jetzt vertrauensw\u00fcrdige und schnelle Backlinks bei Likes-buying!<br \/>\nSuchst du nach einer M\u00f6glichkeit, deine Website besser zu ranken? Der Kauf von Backlinks hilft dabei!<\/p>\n","protected":false},"featured_media":48708,"comment_status":"open","ping_status":"closed","template":"","meta":{"site-sidebar-layout":"default","site-content-layout":"default","ast-site-content-layout":"default","site-content-style":"default","site-sidebar-style":"default","ast-global-header-display":"","ast-banner-title-visibility":"","ast-main-header-display":"","ast-hfb-above-header-display":"","ast-hfb-below-header-display":"","ast-hfb-mobile-header-display":"","site-post-title":"","ast-breadcrumbs-content":"","ast-featured-img":"","footer-sml-layout":"","ast-disable-related-posts":"","theme-transparent-header-meta":"default","adv-header-id-meta":"","stick-header-meta":"default","header-above-stick-meta":"","header-main-stick-meta":"","header-below-stick-meta":"","astra-migrate-meta-layouts":"default","ast-page-background-enabled":"default","ast-page-background-meta":{"desktop":{"background-color":"","background-image":"","background-repeat":"repeat","background-position":"center center","background-size":"auto","background-attachment":"scroll","background-type":"","background-media":"","overlay-type":"","overlay-color":"","overlay-opacity":"","overlay-gradient":""},"tablet":{"background-color":"","background-image":"","background-repeat":"repeat","background-position":"center center","background-size":"auto","background-attachment":"scroll","background-type":"","background-media":"","overlay-type":"","overlay-color":"","overlay-opacity":"","overlay-gradient":""},"mobile":{"background-color":"","background-image":"","background-repeat":"repeat","background-position":"center center","background-size":"auto","background-attachment":"scroll","background-type":"","background-media":"","overlay-type":"","overlay-color":"","overlay-opacity":"","overlay-gradient":""}},"ast-content-background-meta":{"desktop":{"background-color":"var(--ast-global-color-5)","background-image":"","background-repeat":"repeat","background-position":"center center","background-size":"auto","background-attachment":"scroll","background-type":"","background-media":"","overlay-type":"","overlay-color":"","overlay-opacity":"","overlay-gradient":""},"tablet":{"background-color":"var(--ast-global-color-5)","background-image":"","background-repeat":"repeat","background-position":"center center","background-size":"auto","background-attachment":"scroll","background-type":"","background-media":"","overlay-type":"","overlay-color":"","overlay-opacity":"","overlay-gradient":""},"mobile":{"background-color":"var(--ast-global-color-5)","background-image":"","background-repeat":"repeat","background-position":"center center","background-size":"auto","background-attachment":"scroll","background-type":"","background-media":"","overlay-type":"","overlay-color":"","overlay-opacity":"","overlay-gradient":""}}},"product_brand":[],"product_cat":[564],"product_tag":[1086],"class_list":{"0":"post-56210","1":"product","2":"type-product","3":"status-publish","4":"has-post-thumbnail","6":"product_cat-seo-pakete","7":"product_tag-linkbuilding-de","8":"desktop-align-center","9":"tablet-align-center","10":"mobile-align-center","11":"ast-product-gallery-layout-first-image-large","12":"ast-product-gallery-with-no-image","13":"ast-magnify-disabled","14":"ast-product-single-variable","15":"ast-product-tabs-layout-horizontal","17":"first","18":"instock","19":"taxable","20":"shipping-taxable","21":"purchasable","22":"product-type-variable"},"_links":{"self":[{"href":"https:\/\/www.likes-kopen.nl\/de\/wp-json\/wp\/v2\/product\/56210","targetHints":{"allow":["GET"]}}],"collection":[{"href":"https:\/\/www.likes-kopen.nl\/de\/wp-json\/wp\/v2\/product"}],"about":[{"href":"https:\/\/www.likes-kopen.nl\/de\/wp-json\/wp\/v2\/types\/product"}],"replies":[{"embeddable":true,"href":"https:\/\/www.likes-kopen.nl\/de\/wp-json\/wp\/v2\/comments?post=56210"}],"wp:featuredmedia":[{"embeddable":true,"href":"https:\/\/www.likes-kopen.nl\/de\/wp-json\/wp\/v2\/media\/48708"}],"wp:attachment":[{"href":"https:\/\/www.likes-kopen.nl\/de\/wp-json\/wp\/v2\/media?parent=56210"}],"wp:term":[{"taxonomy":"product_brand","embeddable":true,"href":"https:\/\/www.likes-kopen.nl\/de\/wp-json\/wp\/v2\/product_brand?post=56210"},{"taxonomy":"product_cat","embeddable":true,"href":"https:\/\/www.likes-kopen.nl\/de\/wp-json\/wp\/v2\/product_cat?post=56210"},{"taxonomy":"product_tag","embeddable":true,"href":"https:\/\/www.likes-kopen.nl\/de\/wp-json\/wp\/v2\/product_tag?post=56210"}],"curies":[{"name":"wp","href":"https:\/\/api.w.org\/{rel}","templated":true}]}}