{"id":56207,"date":"2014-07-20T10:31:55","date_gmt":"2014-07-20T09:31:55","guid":{"rendered":"https:\/\/www.likes-kopen.nl\/product\/soundcloud-follower\/"},"modified":"2025-01-27T06:21:07","modified_gmt":"2025-01-27T05:21:07","slug":"soundcloud-follower-kaufen","status":"publish","type":"product","link":"https:\/\/www.likes-kopen.nl\/de\/soundcloud-follower-kaufen\/","title":{"rendered":"SoundCloud-Follower kaufen \ud83d\ude80"},"content":{"rendered":"<p>Wenn du die Richtlinien von Soundcloud liest, ist es nicht erlaubt, Follower zu kaufen. Die Bestellung erfolgt daher auf eigene Gefahr.<\/p>\n<p>Suchst du nach einer M\u00f6glichkeit, deinen SoundCloud Kanal \u00fcberzeugender aussehen zu lassen? Dann haben wir hier den perfekten Weg f\u00fcr dich! Du kannst sogar SoundCloud Follower kaufen, um deinem Profil einen guten Schub zu geben.<\/p>\n<p>&nbsp;<\/p>\n<h2>Warum Follower f\u00fcr SoundCloud kaufen?<\/h2>\n<p>Willst du deine Musik f\u00f6rdern und die Leute dazu bringen, sich \u00f6fter anzuh\u00f6ren, was du machst oder auflegst? Dann ist dies der ideale Weg. Wenn dein Kanal viele Follower hat, ist es nicht nur wahrscheinlicher, dass er gefunden wird, sondern es ist auch wahrscheinlicher, dass die Leute sich anh\u00f6ren, was du zu sagen hast. So erzielst du in kurzer Zeit viel mehr Ergebnisse und mehr echte Fans! Viele ber\u00fchmte Menschen haben diesen Trick schon erfunden und angewendet. Einige von ihnen haben dadurch eine Menge Bekanntheit erlangt. Du kannst das auch tun! Alles, was du tun musst, ist Follower f\u00fcr SoundCloud zu kaufen.<\/p>\n<p>&nbsp;<\/p>\n<h2>Was beinhaltet das Produkt?<\/h2>\n<ul>\n<li style=\"list-style-type: none;\">\n<ul>\n<li>Du erh\u00e4ltst die Anzahl der Follower deiner Wahl. Im Dropdown-Men\u00fc kannst du die Nummer ausw\u00e4hlen.<\/li>\n<li>Die Leute (aus dem Ausland), die anfangen, dir zu folgen, bleiben dir im Grunde genommen auch treu, du verlierst also keine Follower.<\/li>\n<li>Mit einer relativ kleinen Anzahl von Personen bist du in etwa 2 Tagen dort.<\/li>\n<\/ul>\n<\/li>\n<\/ul>\n<ul>\n<li>Wir liefern die beste Qualit\u00e4t in den Beneluxl\u00e4ndern.<\/li>\n<li>Neben SoundCloud-Followern kannst du auch Likes bei uns oder anderen <a href=\"https:\/\/www.likes-kopen.nl\/soundcloud\/\">SoundCloud-Diensten<\/a> kaufen.<\/li>\n<\/ul>\n<h2>Bist du neugierig auf unsere anderen <strong>Produkte<\/strong>?<\/h2>\n<p>Wir haben eine gro\u00dfe Auswahl an Produkten, diese sind die beliebtesten:<\/p>\n<ul>\n<li><a href=\"https:\/\/www.likes-kopen.nl\/instagram-volgers-kopen\/\">Instagram Follower kaufen<\/a><\/li>\n<li><a href=\"https:\/\/www.likes-kopen.nl\/tiktok-likes-kopen\/\">Tiktok mag kaufen<\/a><\/li>\n<li><a href=\"https:\/\/www.likes-kopen.nl\/tiktok-volgers-kopen\/\">Tiktok-Anh\u00e4nger kaufen<\/a><\/li>\n<li><a href=\"https:\/\/www.likes-kopen.nl\/instagram-likes-kopen\/\">Instagram-Likes kaufen<\/a><\/li>\n<\/ul>\n","protected":false},"excerpt":{"rendered":"<p>\u2714\ufe0f<br \/>\n\u2b50Hochwertige Soundcloud-Follower Liefergarantie<\/p>\n","protected":false},"featured_media":49431,"comment_status":"open","ping_status":"closed","template":"","meta":{"site-sidebar-layout":"default","site-content-layout":"default","ast-site-content-layout":"default","site-content-style":"default","site-sidebar-style":"default","ast-global-header-display":"","ast-banner-title-visibility":"","ast-main-header-display":"","ast-hfb-above-header-display":"","ast-hfb-below-header-display":"","ast-hfb-mobile-header-display":"","site-post-title":"","ast-breadcrumbs-content":"","ast-featured-img":"","footer-sml-layout":"","ast-disable-related-posts":"","theme-transparent-header-meta":"default","adv-header-id-meta":"","stick-header-meta":"default","header-above-stick-meta":"","header-main-stick-meta":"","header-below-stick-meta":"","astra-migrate-meta-layouts":"set","ast-page-background-enabled":"default","ast-page-background-meta":{"desktop":{"background-color":"","background-image":"","background-repeat":"repeat","background-position":"center center","background-size":"auto","background-attachment":"scroll","background-type":"","background-media":"","overlay-type":"","overlay-color":"","overlay-opacity":"","overlay-gradient":""},"tablet":{"background-color":"","background-image":"","background-repeat":"repeat","background-position":"center center","background-size":"auto","background-attachment":"scroll","background-type":"","background-media":"","overlay-type":"","overlay-color":"","overlay-opacity":"","overlay-gradient":""},"mobile":{"background-color":"","background-image":"","background-repeat":"repeat","background-position":"center center","background-size":"auto","background-attachment":"scroll","background-type":"","background-media":"","overlay-type":"","overlay-color":"","overlay-opacity":"","overlay-gradient":""}},"ast-content-background-meta":{"desktop":{"background-color":"var(--ast-global-color-5)","background-image":"","background-repeat":"repeat","background-position":"center center","background-size":"auto","background-attachment":"scroll","background-type":"","background-media":"","overlay-type":"","overlay-color":"","overlay-opacity":"","overlay-gradient":""},"tablet":{"background-color":"var(--ast-global-color-5)","background-image":"","background-repeat":"repeat","background-position":"center center","background-size":"auto","background-attachment":"scroll","background-type":"","background-media":"","overlay-type":"","overlay-color":"","overlay-opacity":"","overlay-gradient":""},"mobile":{"background-color":"var(--ast-global-color-5)","background-image":"","background-repeat":"repeat","background-position":"center center","background-size":"auto","background-attachment":"scroll","background-type":"","background-media":"","overlay-type":"","overlay-color":"","overlay-opacity":"","overlay-gradient":""}}},"product_brand":[],"product_cat":[1082],"product_tag":[],"class_list":{"0":"post-56207","1":"product","2":"type-product","3":"status-publish","4":"has-post-thumbnail","6":"product_cat-soundcloud-de","7":"desktop-align-center","8":"tablet-align-center","9":"mobile-align-center","10":"ast-product-gallery-layout-first-image-large","11":"ast-product-gallery-with-no-image","12":"ast-magnify-disabled","13":"ast-product-single-variable","14":"ast-product-tabs-layout-horizontal","16":"first","17":"instock","18":"sale","19":"taxable","20":"shipping-taxable","21":"purchasable","22":"product-type-variable"},"_links":{"self":[{"href":"https:\/\/www.likes-kopen.nl\/de\/wp-json\/wp\/v2\/product\/56207","targetHints":{"allow":["GET"]}}],"collection":[{"href":"https:\/\/www.likes-kopen.nl\/de\/wp-json\/wp\/v2\/product"}],"about":[{"href":"https:\/\/www.likes-kopen.nl\/de\/wp-json\/wp\/v2\/types\/product"}],"replies":[{"embeddable":true,"href":"https:\/\/www.likes-kopen.nl\/de\/wp-json\/wp\/v2\/comments?post=56207"}],"wp:featuredmedia":[{"embeddable":true,"href":"https:\/\/www.likes-kopen.nl\/de\/wp-json\/wp\/v2\/media\/49431"}],"wp:attachment":[{"href":"https:\/\/www.likes-kopen.nl\/de\/wp-json\/wp\/v2\/media?parent=56207"}],"wp:term":[{"taxonomy":"product_brand","embeddable":true,"href":"https:\/\/www.likes-kopen.nl\/de\/wp-json\/wp\/v2\/product_brand?post=56207"},{"taxonomy":"product_cat","embeddable":true,"href":"https:\/\/www.likes-kopen.nl\/de\/wp-json\/wp\/v2\/product_cat?post=56207"},{"taxonomy":"product_tag","embeddable":true,"href":"https:\/\/www.likes-kopen.nl\/de\/wp-json\/wp\/v2\/product_tag?post=56207"}],"curies":[{"name":"wp","href":"https:\/\/api.w.org\/{rel}","templated":true}]}}