{"id":53214,"date":"2022-05-17T10:36:29","date_gmt":"2022-05-17T09:36:29","guid":{"rendered":"https:\/\/www.likes-kopen.nl\/product\/mitglieder-der-telegrammgruppe\/"},"modified":"2025-01-27T15:44:29","modified_gmt":"2025-01-27T14:44:29","slug":"telegram-mitglieder-kaufen","status":"publish","type":"product","link":"https:\/\/www.likes-kopen.nl\/de\/telegram-mitglieder-kaufen\/","title":{"rendered":"Telegramm-Mitglieder kaufen \ud83d\ude80"},"content":{"rendered":"<p>Du m\u00f6chtest Telegram-Mitglieder f\u00fcr deine <a href=\"https:\/\/telegram.org\/\" target=\"_blank\" rel=\"noopener\">Telegram Gruppe<\/a> kaufen. Und ich bin mir nicht sicher, ob das helfen wird? Dann lies bald weiter.<\/p>\n<h2>Warum Telegram Mitglieder kaufen?<\/h2>\n<p><img decoding=\"async\" class=\" wp-image-256572 alignright\" src=\"https:\/\/www.likes-kopen.nl\/wp-content\/uploads\/2022\/05\/Telegram-leden-kopen-1024x683.jpeg\" alt=\"Telegramm Mitglieder kaufen\" width=\"450\" height=\"300\" srcset=\"https:\/\/www.likes-kopen.nl\/wp-content\/uploads\/2022\/05\/Telegram-leden-kopen-1024x683.jpeg 1024w, https:\/\/www.likes-kopen.nl\/wp-content\/uploads\/2022\/05\/Telegram-leden-kopen-510x340.jpeg 510w, https:\/\/www.likes-kopen.nl\/wp-content\/uploads\/2022\/05\/Telegram-leden-kopen-300x200.jpeg 300w, https:\/\/www.likes-kopen.nl\/wp-content\/uploads\/2022\/05\/Telegram-leden-kopen-768x512.jpeg 768w, https:\/\/www.likes-kopen.nl\/wp-content\/uploads\/2022\/05\/Telegram-leden-kopen-1536x1024.jpeg 1536w, https:\/\/www.likes-kopen.nl\/wp-content\/uploads\/2022\/05\/Telegram-leden-kopen.jpeg 1920w\" sizes=\"(max-width: 450px) 100vw, 450px\" \/><\/p>\n<p>Der Kauf von Telegram Mitgliedern erh\u00f6ht die Anzahl der Mitglieder in deiner Telegram Gruppe. Wenn du deine Telegram Gruppe mit Mitgliedern aufstockst, wirkt sie attraktiver. Das hat den Nebeneffekt, dass deine Gruppe f\u00fcr neue Mitglieder attraktiver wird.<\/p>\n<p>Eine Telegram Gruppe mit nur 20 Mitgliedern ist wahrscheinlich nicht sehr attraktiv oder beliebt. Das hat zur Folge, dass die Gruppe nicht so schnell neue Mitglieder anziehen wird. W\u00e4hrend eine Telegram Gruppe mit 1.000 oder mehr Mitgliedern sofort attraktiv und beliebt aussieht und daher schnell neue Mitglieder anzieht.<\/p>\n<p>Der Kauf von Telegram Mitgliedern ist auch ideal, um deine Krypto Telegram Gruppe zu st\u00e4rken. Regelm\u00e4\u00dfig kommen Krypto Projekte daher, um ihre Krypto Gruppe zu st\u00e4rken.<\/p>\n<h2>Wie schnell werden Telegram Mitglieder beliefert?<\/h2>\n<p>Die Lieferung erfolgt blitzschnell. Da alles vollautomatisch abgewickelt wird, wird deine Bestellung gestartet, sobald die Zahlung eingegangen ist.<\/p>\n<p>Die Lieferung dauert dann ein paar Minuten bis zu zwei Stunden, je nachdem, wie viele Mitglieder du bestellst. Das ist also super schnell im Vergleich zu anderen Wegen.<\/p>\n<h2>Ist der Kauf von Telegram Mitgliedern zuverl\u00e4ssig?<\/h2>\n<p>Wir werden regelm\u00e4\u00dfig gefragt, ob der Kauf von Telegram-Mitgliedern nicht strafbar ist. In der Tat gibt es diesbez\u00fcglich eine Menge Unklarheiten.<\/p>\n<p>Der Kauf von Telegram Mitgliedern ist gesetzlich v\u00f6llig legal und daher nicht strafbar. Allerdings steht in den Gesch\u00e4ftsbedingungen von Telegram, dass du keine &#8222;Dritten&#8220; benutzen darfst, um deine Gruppe zu beeinflussen. Die Frage ist jedoch, inwieweit du hier verantwortlich bist. Alles, was du tun musst, ist deine Bestellung aufzugeben und wir erledigen den Rest. So kommst du nie in Kontakt mit einer solchen dritten Partei.<\/p>\n<p>Au\u00dferdem m\u00f6chte die <a href=\"https:\/\/www.acm.nl\/nl\" target=\"_blank\" rel=\"noopener\">ACM<\/a> dich daran erinnern, dass es in den Niederlanden nicht erlaubt ist, Engagement f\u00fcr Unternehmen zu kaufen. Gl\u00fccklicherweise hat das Unternehmen hinter Likes-buying seinen Sitz in Gro\u00dfbritannien, so dass sich die Unternehmen auch keine Sorgen machen m\u00fcssen, dass ihre Daten weitergegeben werden.<\/p>\n<h2>Du m\u00f6chtest lieber einen anderen Social-Media-Kanal st\u00e4rken?<\/h2>\n<p>Sieh dir andere M\u00f6glichkeiten an, wie du deine sozialen Netzwerke st\u00e4rken kannst:<\/p>\n<ul>\n<li><a href=\"https:\/\/www.likes-kopen.nl\/discord-members-kopen\/\">Discord Server Mitglieder kaufen<\/a><\/li>\n<li><a href=\"https:\/\/www.likes-kopen.nl\/twitter-crypto-volgers-kopen\/\">Krypto Follower auf Twitter kaufen<\/a><\/li>\n<li><a href=\"https:\/\/www.likes-kopen.nl\/instagram-volgers-kopen\/\">Instagram Follower kaufen<\/a><\/li>\n<li><a href=\"https:\/\/www.likes-kopen.nl\/tiktok-volgers-kopen\/\">Tiktok Follower kaufen<\/a><\/li>\n<\/ul>\n","protected":false},"excerpt":{"rendered":"<p>Du m\u00f6chtest Telegram-Mitglieder f\u00fcr deine Telegram Gruppe kaufen. Und ich bin mir nicht sicher, ob das helfen wird? Dann lies bald weiter. Warum Telegram Mitglieder kaufen? Der Kauf von Telegram Mitgliedern erh\u00f6ht die Anzahl der Mitglieder in deiner Telegram Gruppe. Wenn du deine Telegram Gruppe mit Mitgliedern aufstockst, wirkt sie attraktiver. Das hat den Nebeneffekt, [&hellip;]<\/p>\n","protected":false},"featured_media":49341,"comment_status":"open","ping_status":"closed","template":"","meta":{"site-sidebar-layout":"default","site-content-layout":"default","ast-site-content-layout":"default","site-content-style":"default","site-sidebar-style":"default","ast-global-header-display":"","ast-banner-title-visibility":"","ast-main-header-display":"","ast-hfb-above-header-display":"","ast-hfb-below-header-display":"","ast-hfb-mobile-header-display":"","site-post-title":"","ast-breadcrumbs-content":"","ast-featured-img":"","footer-sml-layout":"","ast-disable-related-posts":"","theme-transparent-header-meta":"default","adv-header-id-meta":"","stick-header-meta":"default","header-above-stick-meta":"","header-main-stick-meta":"","header-below-stick-meta":"","astra-migrate-meta-layouts":"set","ast-page-background-enabled":"default","ast-page-background-meta":{"desktop":{"background-color":"","background-image":"","background-repeat":"repeat","background-position":"center center","background-size":"auto","background-attachment":"scroll","background-type":"","background-media":"","overlay-type":"","overlay-color":"","overlay-opacity":"","overlay-gradient":""},"tablet":{"background-color":"","background-image":"","background-repeat":"repeat","background-position":"center center","background-size":"auto","background-attachment":"scroll","background-type":"","background-media":"","overlay-type":"","overlay-color":"","overlay-opacity":"","overlay-gradient":""},"mobile":{"background-color":"","background-image":"","background-repeat":"repeat","background-position":"center center","background-size":"auto","background-attachment":"scroll","background-type":"","background-media":"","overlay-type":"","overlay-color":"","overlay-opacity":"","overlay-gradient":""}},"ast-content-background-meta":{"desktop":{"background-color":"var(--ast-global-color-5)","background-image":"","background-repeat":"repeat","background-position":"center center","background-size":"auto","background-attachment":"scroll","background-type":"","background-media":"","overlay-type":"","overlay-color":"","overlay-opacity":"","overlay-gradient":""},"tablet":{"background-color":"var(--ast-global-color-5)","background-image":"","background-repeat":"repeat","background-position":"center center","background-size":"auto","background-attachment":"scroll","background-type":"","background-media":"","overlay-type":"","overlay-color":"","overlay-opacity":"","overlay-gradient":""},"mobile":{"background-color":"var(--ast-global-color-5)","background-image":"","background-repeat":"repeat","background-position":"center center","background-size":"auto","background-attachment":"scroll","background-type":"","background-media":"","overlay-type":"","overlay-color":"","overlay-opacity":"","overlay-gradient":""}}},"product_brand":[],"product_cat":[964],"product_tag":[968,972,5671,5667],"class_list":{"0":"post-53214","1":"product","2":"type-product","3":"status-publish","4":"has-post-thumbnail","6":"product_cat-telegramm","7":"product_tag-telegramm","8":"product_tag-telegramm-kaufen","9":"product_tag-telegramm-mitglieder","10":"product_tag-telegramm-mitglieder-kaufen","11":"desktop-align-center","12":"tablet-align-center","13":"mobile-align-center","14":"ast-product-gallery-layout-first-image-large","15":"ast-product-gallery-with-no-image","16":"ast-magnify-disabled","17":"ast-product-single-variable","18":"ast-product-tabs-layout-horizontal","20":"first","21":"instock","22":"sale","23":"taxable","24":"shipping-taxable","25":"purchasable","26":"product-type-variable"},"_links":{"self":[{"href":"https:\/\/www.likes-kopen.nl\/de\/wp-json\/wp\/v2\/product\/53214","targetHints":{"allow":["GET"]}}],"collection":[{"href":"https:\/\/www.likes-kopen.nl\/de\/wp-json\/wp\/v2\/product"}],"about":[{"href":"https:\/\/www.likes-kopen.nl\/de\/wp-json\/wp\/v2\/types\/product"}],"replies":[{"embeddable":true,"href":"https:\/\/www.likes-kopen.nl\/de\/wp-json\/wp\/v2\/comments?post=53214"}],"wp:featuredmedia":[{"embeddable":true,"href":"https:\/\/www.likes-kopen.nl\/de\/wp-json\/wp\/v2\/media\/49341"}],"wp:attachment":[{"href":"https:\/\/www.likes-kopen.nl\/de\/wp-json\/wp\/v2\/media?parent=53214"}],"wp:term":[{"taxonomy":"product_brand","embeddable":true,"href":"https:\/\/www.likes-kopen.nl\/de\/wp-json\/wp\/v2\/product_brand?post=53214"},{"taxonomy":"product_cat","embeddable":true,"href":"https:\/\/www.likes-kopen.nl\/de\/wp-json\/wp\/v2\/product_cat?post=53214"},{"taxonomy":"product_tag","embeddable":true,"href":"https:\/\/www.likes-kopen.nl\/de\/wp-json\/wp\/v2\/product_tag?post=53214"}],"curies":[{"name":"wp","href":"https:\/\/api.w.org\/{rel}","templated":true}]}}