{"id":53094,"date":"2022-06-10T11:15:20","date_gmt":"2022-06-10T10:15:20","guid":{"rendered":"https:\/\/www.likes-kopen.nl\/product\/tiktok-follower\/"},"modified":"2025-01-30T09:03:18","modified_gmt":"2025-01-30T08:03:18","slug":"tiktok-follower-upsell","status":"publish","type":"product","link":"https:\/\/www.likes-kopen.nl\/de\/tiktok-follower-upsell\/","title":{"rendered":"TikTok-Follower kaufen \ud83d\ude80"},"content":{"rendered":"<div class=\"wpb-content-wrapper\"><p>[vc_row][vc_column][vc_column_text]<\/p>\n<h2>Kann man TikTok Follower kaufen?<\/h2>\n<p>Ja, TikTok Follower k\u00f6nnen gekauft werden. Wie teuer das ist, h\u00e4ngt davon ab, wie viele TikTok Follower du kaufst. Likes-kopenDu kannst TikTok-Follower schon ab 1,95 \u20ac auf .co.uk kaufen. Wenn du dich zum Beispiel f\u00fcr mehr TikTok Follower entscheidest, zahlst du 47,95 \u20ac f\u00fcr 1.000 Follower. M\u00f6chtest du mehr \u00fcber Mengen und Preise erfahren? W\u00e4hle dann eine Nummer aus, um den genauen Preis zu sehen.<\/p>\n<p>Hinweis: Der Kauf von TikTok Followern verst\u00f6\u00dft gegen die Richtlinien von Tiktok, was die Bestellung nicht 100% risikofrei macht.<\/p>\n<h2>Kaufe TikTok Follower mit Qualit\u00e4ts Followern!<\/h2>\n<p>TikTok Follower kaufen? Bei uns kannst du sie schnell und sicher bestellen. Alles, was wir brauchen, ist dein Profilname, der nach dem @ beginnt.<\/p>\n<h2><img decoding=\"async\" class=\"alignnone wp-image-19994\" src=\"https:\/\/www.likes-kopen.nl\/wp-content\/uploads\/\/2019\/10\/TikTok-profiel-volgers-voorbeeld.jpeg\" alt=\"Beispiel f\u00fcr ein TikTok Follower Profil\" width=\"506\" height=\"368\" srcset=\"https:\/\/www.likes-kopen.nl\/wp-content\/uploads\/2019\/10\/TikTok-profiel-volgers-voorbeeld.jpeg 600w, https:\/\/www.likes-kopen.nl\/wp-content\/uploads\/2019\/10\/TikTok-profiel-volgers-voorbeeld-510x371.jpeg 510w, https:\/\/www.likes-kopen.nl\/wp-content\/uploads\/2019\/10\/TikTok-profiel-volgers-voorbeeld-300x218.jpeg 300w, https:\/\/www.likes-kopen.nl\/wp-content\/uploads\/2019\/10\/TikTok-profiel-volgers-voorbeeld-462x336.jpeg 462w\" sizes=\"(max-width: 506px) 100vw, 506px\" \/><\/h2>\n<p>&nbsp;<\/p>\n<h2>TikTok Follower kaufen &#8211; Funktionen<\/h2>\n<ul>\n<li>Die Lieferzeit betr\u00e4gt etwa 24 Stunden pro 500 Follower<\/li>\n<li>Fans sind zu 99,9% stabil und fallen nicht aus<\/li>\n<li>Die Anh\u00e4nger kommen aus der ganzen Welt<\/li>\n<li>HINWEIS: Du musst mindestens 1 Video online haben und dein Profil muss \u00f6ffentlich sein.<\/li>\n<\/ul>\n<h2>Gib deinen TikTok Profilnamen ein<\/h2>\n<p>W\u00fcrdest du auch gerne TikTok Follower kaufen?<br \/>\nDann brauchen wir deinen Profilnamen. Dein TikTok-Name beginnt mit @. Vervollst\u00e4ndige dies, ohne das @ hinzuzuf\u00fcgen.<\/p>\n<p>Achte darauf, dass du den richtigen Namen eingibst, denn wenn wir einmal angefangen haben, k\u00f6nnen wir die Reihenfolge nicht mehr umkehren. Wir pr\u00fcfen immer manuell, ob der eingegebene Profilname existiert.<\/p>\n<h2>Warum TikTok Follower kaufen?<\/h2>\n<p>Zun\u00e4chst einmal sieht dein Profil mit mehr Followern viel attraktiver aus. Je mehr Menschen dir also folgen, desto mehr Aufmerksamkeit wirst du erregen. Mehr Aufmerksamkeit bedeutet mehr Likes und Kommentare. Au\u00dferdem erreicht dein Video auch schneller andere Menschen, denn Videos, die geliked werden, werden schneller neuen Menschen gezeigt. Probiere es selbst aus. Du kannst bereits 100 TikTok Follower kaufen, um unseren Service auszuprobieren.<\/p>\n<h2>Wie bekomme ich schnell 1.000 Follower auf TikTok?<\/h2>\n<p>Der schnellste Weg, 1.000 Follower auf TikTok zu bekommen, ist, sie zu kaufen. Auf diese Weise siehst du sie innerhalb weniger Minuten auf deinem Konto. Likes-kopen Bei , kannst du auch 1.000 TikTok-Follower auf einen Schlag kaufen (47,95 \u20ac), damit du sofort live gehen und schnell wachsen kannst. So sparst du viel Zeit und die Bestellung ist mit nur wenigen Klicks erledigt.<\/p>\n<p>Du kannst auch versuchen, schneller TikTok Follower zu bekommen, indem du auf &#8222;nat\u00fcrliche&#8220; Weise Follower anziehst, nur zeigt die Praxis, dass das nicht einfach ist und viel Zeit und Energie kostet.<\/p>\n<h2>Wir garantieren die Lieferung<\/h2>\n<p>Wir sind vielleicht nicht der billigste Anbieter, wenn es um den Kauf von TikTok Followern geht, aber wir sind der beste und zuverl\u00e4ssigste. Unsere Follower werden mit der Zeit nicht weniger, und dein Konto wird auch nicht gesperrt. Auch die TikTok Follower, die wir liefern, sind von h\u00f6chster Qualit\u00e4t. Au\u00dferdem bekommst du eine Liefergarantie, d.h. wir garantieren dir, dass du tats\u00e4chlich die Anzahl an TikTok Followern bekommst, die du bestellt hast!<\/p>\n<p>Brauchst du mehr TikTok Follower? Bestelle sie bei Likes-kopen!<\/p>\n<h2>Kaufen von Likes f\u00fcr Tik Tok<\/h2>\n<p>Zus\u00e4tzlich zum Kauf von TikTok Followern kannst du jetzt auch <a href=\"https:\/\/www.likes-kopen.nl\/tiktok-likes-kopen\/\">Likes f\u00fcr dein Tiktok Video kaufen<\/a>! Mit mehr Likes wird dein Video attraktiver, was es nicht nur schneller f\u00fcr andere Menschen sichtbar macht, sondern auch automatisch mehr Likes anzieht.<\/p>\n<h2>TikTok Follower kaufen und extra Rabatt? Dann spare kostenlos!<\/h2>\n<p>Du willst TikTok Follower kaufen und m\u00f6chtest einen Extra Rabatt auf deine n\u00e4chste Bestellung? Dann erstelle schnell ein Konto. Das Anlegen eines Kontos ist v\u00f6llig kostenlos. F\u00fcr jede Bestellung, die du machst, erh\u00e4ltst du Punkte. Bei deiner n\u00e4chsten Bestellung kannst du die Punkte an der Kasse gegen einen Rabatt einl\u00f6sen oder weiter sparen, damit du erst einmal gar nichts bezahlen musst! Du kannst <a href=\"https:\/\/www.likes-kopen.nl\/mijn-account\/\">hier<\/a> ein Konto erstellen (dich registrieren).<\/p>\n<p>TikTok Follower kaufen? Worauf wartest du noch? Hier beginnt dein Weg zu mehr Aufmerksamkeit.<\/p>\n<hr>\n<div id=\"gtx-trans\" style=\"position: absolute; left: 174px; top: 101.523px;\">\n<div class=\"gtx-trans-icon\"><\/div>\n<\/div>\n<p>[\/vc_column_text][\/vc_column][\/vc_row]<\/p>\n<\/div>","protected":false},"excerpt":{"rendered":"<p>\u2705Hochwertige TikTok-Follower kaufen?<br \/>\n\u2b50Follower bleiben stabil<br \/>\n\u2b50Liefergarantie<\/p>\n<div id=\"gtx-trans\" style=\"position: absolute; left: -17px; top: -2px;\">\n<div class=\"gtx-trans-icon\"><\/div>\n<\/div>\n","protected":false},"featured_media":49449,"comment_status":"open","ping_status":"closed","template":"","meta":{"site-sidebar-layout":"no-sidebar","site-content-layout":"plain-container","ast-site-content-layout":"default","site-content-style":"default","site-sidebar-style":"default","ast-global-header-display":"","ast-banner-title-visibility":"","ast-main-header-display":"","ast-hfb-above-header-display":"","ast-hfb-below-header-display":"","ast-hfb-mobile-header-display":"","site-post-title":"disabled","ast-breadcrumbs-content":"","ast-featured-img":"disabled","footer-sml-layout":"","ast-disable-related-posts":"","theme-transparent-header-meta":"default","adv-header-id-meta":"","stick-header-meta":"default","header-above-stick-meta":"","header-main-stick-meta":"","header-below-stick-meta":"","astra-migrate-meta-layouts":"default","ast-page-background-enabled":"default","ast-page-background-meta":{"desktop":{"background-color":"","background-image":"","background-repeat":"repeat","background-position":"center center","background-size":"auto","background-attachment":"scroll","background-type":"","background-media":"","overlay-type":"","overlay-color":"","overlay-opacity":"","overlay-gradient":""},"tablet":{"background-color":"","background-image":"","background-repeat":"repeat","background-position":"center center","background-size":"auto","background-attachment":"scroll","background-type":"","background-media":"","overlay-type":"","overlay-color":"","overlay-opacity":"","overlay-gradient":""},"mobile":{"background-color":"","background-image":"","background-repeat":"repeat","background-position":"center center","background-size":"auto","background-attachment":"scroll","background-type":"","background-media":"","overlay-type":"","overlay-color":"","overlay-opacity":"","overlay-gradient":""}},"ast-content-background-meta":{"desktop":{"background-color":"var(--ast-global-color-5)","background-image":"","background-repeat":"repeat","background-position":"center center","background-size":"auto","background-attachment":"scroll","background-type":"","background-media":"","overlay-type":"","overlay-color":"","overlay-opacity":"","overlay-gradient":""},"tablet":{"background-color":"var(--ast-global-color-5)","background-image":"","background-repeat":"repeat","background-position":"center center","background-size":"auto","background-attachment":"scroll","background-type":"","background-media":"","overlay-type":"","overlay-color":"","overlay-opacity":"","overlay-gradient":""},"mobile":{"background-color":"var(--ast-global-color-5)","background-image":"","background-repeat":"repeat","background-position":"center center","background-size":"auto","background-attachment":"scroll","background-type":"","background-media":"","overlay-type":"","overlay-color":"","overlay-opacity":"","overlay-gradient":""}}},"product_brand":[],"product_cat":[554],"product_tag":[],"class_list":{"0":"post-53094","1":"product","2":"type-product","3":"status-publish","4":"has-post-thumbnail","6":"product_cat-tiktok-de","7":"desktop-align-center","8":"tablet-align-center","9":"mobile-align-center","10":"ast-product-gallery-layout-first-image-large","11":"ast-magnify-disabled","12":"ast-product-single-variable","13":"ast-product-tabs-layout-horizontal","15":"first","16":"instock","17":"sale","18":"taxable","19":"shipping-taxable","20":"purchasable","21":"product-type-variable"},"_links":{"self":[{"href":"https:\/\/www.likes-kopen.nl\/de\/wp-json\/wp\/v2\/product\/53094","targetHints":{"allow":["GET"]}}],"collection":[{"href":"https:\/\/www.likes-kopen.nl\/de\/wp-json\/wp\/v2\/product"}],"about":[{"href":"https:\/\/www.likes-kopen.nl\/de\/wp-json\/wp\/v2\/types\/product"}],"replies":[{"embeddable":true,"href":"https:\/\/www.likes-kopen.nl\/de\/wp-json\/wp\/v2\/comments?post=53094"}],"wp:featuredmedia":[{"embeddable":true,"href":"https:\/\/www.likes-kopen.nl\/de\/wp-json\/wp\/v2\/media\/49449"}],"wp:attachment":[{"href":"https:\/\/www.likes-kopen.nl\/de\/wp-json\/wp\/v2\/media?parent=53094"}],"wp:term":[{"taxonomy":"product_brand","embeddable":true,"href":"https:\/\/www.likes-kopen.nl\/de\/wp-json\/wp\/v2\/product_brand?post=53094"},{"taxonomy":"product_cat","embeddable":true,"href":"https:\/\/www.likes-kopen.nl\/de\/wp-json\/wp\/v2\/product_cat?post=53094"},{"taxonomy":"product_tag","embeddable":true,"href":"https:\/\/www.likes-kopen.nl\/de\/wp-json\/wp\/v2\/product_tag?post=53094"}],"curies":[{"name":"wp","href":"https:\/\/api.w.org\/{rel}","templated":true}]}}