{"id":53089,"date":"2022-05-12T15:58:54","date_gmt":"2022-05-12T14:58:54","guid":{"rendered":"https:\/\/www.likes-kopen.nl\/product\/discord-server-mitglieder-offline\/"},"modified":"2025-01-21T07:46:21","modified_gmt":"2025-01-21T06:46:21","slug":"discord-mitglieder-kaufen","status":"publish","type":"product","link":"https:\/\/www.likes-kopen.nl\/de\/discord-mitglieder-kaufen\/","title":{"rendered":"Discord Mitglieder kaufen (Offline \u26aa\ufe0f) <\/br> <h2><span style=\"color: #ae60e1;\">Direkt zugestellt<\/span> \ud83d\ude80<\/h2>"},"content":{"rendered":"<p>Discord Mitglieder kaufen f\u00fcr deinen Discord Server. Besonders f\u00fcr Krypto, Gamer und Entwickler.<\/p>\n<h2>Warum Discord Mitglieder kaufen?<\/h2>\n<p>Der Kauf von Discord Mitgliedern gibt deinem Discord Server einen gro\u00dfen Schub. Es ist oft unglaublich schwierig, neue Mitglieder zu rekrutieren, wenn dein Server nur eine kleine Anzahl von Mitgliedern hat. Wenn du mehr Mitglieder auf deinem Discord Server hast, wirkt er sofort attraktiver.<\/p>\n<h2>Sind die Mitglieder offline \u26aa\ufe0f oder online \ud83d\udfe2?<\/h2>\n<p>Die Discord Mitglieder, die du hier kaufst, sind offline \u26aa\ufe0f. Das bedeutet, dass sie auf deinem Server nicht aktiv sein werden. M\u00f6chtest du auch Online Discord Mitglieder hinzuf\u00fcgen, damit dein Projekt lebendig und aktiv wirkt? Dann w\u00e4hle aus, dass du <a href=\"https:\/\/www.likes-kopen.nl\/discord-members-kopen-online\/\"><span style=\"text-decoration: underline;\">Online Discord Mitglieder<\/span><\/a> hinzuf\u00fcgen. Ein guter Discord-Server umfasst sowohl Online- als auch Offline-Mitglieder.<\/p>\n<h2>Ist der Kauf von Discord-Mitgliedern strafbar?<\/h2>\n<p>Wir werden regelm\u00e4\u00dfig gefragt, ob der Kauf von Discord-Mitgliedern zuverl\u00e4ssig und nicht strafbar ist. Discord schreibt n\u00e4mlich im Kleingedruckten, dass es dir nicht erlaubt ist, deinen Server durch Dritte zu beeinflussen.<\/p>\n<p>Die Frage ist nur, inwieweit du davon Gebrauch machst. Niemand kann beweisen, dass du Discord-Mitglieder von uns kaufst. Das macht den Kauf von Discord-Mitgliedern absolut sicher und gesch\u00fctzt. Au\u00dferdem ist der Kauf von Discord-Mitgliedern v\u00f6llig legal und daher nicht strafbar. Weitere Informationen findest du in der <a href=\"https:\/\/www.acm.nl\/nl\" target=\"_blank\" rel=\"noopener\">ACM<\/a>.<\/p>\n<h2>Wie schnell werden Discord Mitglieder ausgeliefert?<\/h2>\n<p>Normalerweise wird dein Auftrag fast sofort nach der Bestellung ausgef\u00fchrt. Manchmal kann dies bis zu 24 Stunden dauern. Bei einer Bestellung von 1.000 Discord-Mitgliedern kannst du mit einer Lieferzeit von bis zu 24 Stunden rechnen. Gr\u00f6\u00dfere Zahlen k\u00f6nnen etwas l\u00e4nger dauern. Da wir Bio-Profile verwenden, k\u00f6nnen wir leider keine genaue Lieferzeit angeben.<\/p>\n<h2>Brauchst du meine Anmeldedaten?<\/h2>\n<p>Nein, wir brauchen sie nicht. Alles, was wir brauchen, ist ein Einladungslink von deinem Discord-Server. Dieser Link sollte dauerhaft sein. Das bedeutet, dass der Link NICHT ablaufen darf.<\/p>\n<h2>Sind die Discord Profile echt?<\/h2>\n<p>In den meisten F\u00e4llen verwenden wir echte Profile. Diese sind mit einem Profilbild versehen. Wir locken Discord Profile mithilfe eines Algorithmus auf deinen Discord Server. Die Discord-Mitglieder werden sonst nicht auf deinem Server aktiv sein.<\/p>\n<h2>Bekomme ich Garantie, wenn Discord Mitglieder kaufen?<\/h2>\n<p>Ja, beim Kauf erhalten Discord Mitglieder eine 90-Tage-Garantie. Diese Garantie besteht aus einer 90-t\u00e4gigen Zufriedenheitsgarantie und einer 90-t\u00e4gigen Nachf\u00fcllgarantie. Das macht den Kauf von Mitgliedern f\u00fcr deinen Discord Server absolut sicher und zuverl\u00e4ssig.<\/p>\n<p>Die Algorithmen der Plattformen \u00e4ndern sich st\u00e4ndig. Was gestern funktioniert hat, funktioniert heute nicht mehr. Deshalb ist es wichtig, st\u00e4ndig zu innovieren und zu wachsen. Die Erweiterung deines Discord Servers ist eine davon.<\/p>\n<p>Der beste Tag, um einen Baum zu pflanzen, war vor 20 Jahren. Der zweitbeste Tag ist heute. Worauf wartest du also noch&#8230; Fange noch heute an, einen Baum auf deinem Discord-Server zu pflanzen, und ernte in wenigen Tagen die Fr\u00fcchte!<\/p>\n","protected":false},"excerpt":{"rendered":"<p>\u2b50\ufe0f Offline Discord Mitglieder kaufen<\/p>\n","protected":false},"featured_media":49338,"comment_status":"open","ping_status":"closed","template":"","meta":{"site-sidebar-layout":"default","site-content-layout":"default","ast-site-content-layout":"default","site-content-style":"default","site-sidebar-style":"default","ast-global-header-display":"","ast-banner-title-visibility":"","ast-main-header-display":"","ast-hfb-above-header-display":"","ast-hfb-below-header-display":"","ast-hfb-mobile-header-display":"","site-post-title":"","ast-breadcrumbs-content":"","ast-featured-img":"","footer-sml-layout":"","ast-disable-related-posts":"","theme-transparent-header-meta":"default","adv-header-id-meta":"","stick-header-meta":"default","header-above-stick-meta":"","header-main-stick-meta":"","header-below-stick-meta":"","astra-migrate-meta-layouts":"set","ast-page-background-enabled":"default","ast-page-background-meta":{"desktop":{"background-color":"","background-image":"","background-repeat":"repeat","background-position":"center center","background-size":"auto","background-attachment":"scroll","background-type":"","background-media":"","overlay-type":"","overlay-color":"","overlay-opacity":"","overlay-gradient":""},"tablet":{"background-color":"","background-image":"","background-repeat":"repeat","background-position":"center center","background-size":"auto","background-attachment":"scroll","background-type":"","background-media":"","overlay-type":"","overlay-color":"","overlay-opacity":"","overlay-gradient":""},"mobile":{"background-color":"","background-image":"","background-repeat":"repeat","background-position":"center center","background-size":"auto","background-attachment":"scroll","background-type":"","background-media":"","overlay-type":"","overlay-color":"","overlay-opacity":"","overlay-gradient":""}},"ast-content-background-meta":{"desktop":{"background-color":"var(--ast-global-color-5)","background-image":"","background-repeat":"repeat","background-position":"center center","background-size":"auto","background-attachment":"scroll","background-type":"","background-media":"","overlay-type":"","overlay-color":"","overlay-opacity":"","overlay-gradient":""},"tablet":{"background-color":"var(--ast-global-color-5)","background-image":"","background-repeat":"repeat","background-position":"center center","background-size":"auto","background-attachment":"scroll","background-type":"","background-media":"","overlay-type":"","overlay-color":"","overlay-opacity":"","overlay-gradient":""},"mobile":{"background-color":"var(--ast-global-color-5)","background-image":"","background-repeat":"repeat","background-position":"center center","background-size":"auto","background-attachment":"scroll","background-type":"","background-media":"","overlay-type":"","overlay-color":"","overlay-opacity":"","overlay-gradient":""}}},"product_brand":[],"product_cat":[836,834],"product_tag":[838,911,906,910,912],"class_list":{"0":"post-53089","1":"product","2":"type-product","3":"status-publish","4":"has-post-thumbnail","6":"product_cat-discord-de","7":"product_cat-krypto","8":"product_tag-discord-de","9":"product_tag-discord-mitglieder-de","10":"product_tag-discord-mitglieder","11":"product_tag-discord-mitglieder-kaufen","12":"product_tag-discord-mitglieder-kaufen-de","13":"desktop-align-center","14":"tablet-align-center","15":"mobile-align-center","16":"ast-product-gallery-layout-first-image-large","17":"ast-product-gallery-with-no-image","18":"ast-magnify-disabled","19":"ast-product-single-variable","20":"ast-product-tabs-layout-horizontal","22":"first","23":"instock","24":"sale","25":"taxable","26":"shipping-taxable","27":"purchasable","28":"product-type-variable"},"_links":{"self":[{"href":"https:\/\/www.likes-kopen.nl\/de\/wp-json\/wp\/v2\/product\/53089","targetHints":{"allow":["GET"]}}],"collection":[{"href":"https:\/\/www.likes-kopen.nl\/de\/wp-json\/wp\/v2\/product"}],"about":[{"href":"https:\/\/www.likes-kopen.nl\/de\/wp-json\/wp\/v2\/types\/product"}],"replies":[{"embeddable":true,"href":"https:\/\/www.likes-kopen.nl\/de\/wp-json\/wp\/v2\/comments?post=53089"}],"wp:featuredmedia":[{"embeddable":true,"href":"https:\/\/www.likes-kopen.nl\/de\/wp-json\/wp\/v2\/media\/49338"}],"wp:attachment":[{"href":"https:\/\/www.likes-kopen.nl\/de\/wp-json\/wp\/v2\/media?parent=53089"}],"wp:term":[{"taxonomy":"product_brand","embeddable":true,"href":"https:\/\/www.likes-kopen.nl\/de\/wp-json\/wp\/v2\/product_brand?post=53089"},{"taxonomy":"product_cat","embeddable":true,"href":"https:\/\/www.likes-kopen.nl\/de\/wp-json\/wp\/v2\/product_cat?post=53089"},{"taxonomy":"product_tag","embeddable":true,"href":"https:\/\/www.likes-kopen.nl\/de\/wp-json\/wp\/v2\/product_tag?post=53089"}],"curies":[{"name":"wp","href":"https:\/\/api.w.org\/{rel}","templated":true}]}}