{"id":53021,"date":"2022-09-21T15:39:42","date_gmt":"2022-09-21T14:39:42","guid":{"rendered":"https:\/\/www.likes-kopen.nl\/product\/youtube-kommentare-von-uns-geschrieben\/"},"modified":"2025-01-21T07:47:57","modified_gmt":"2025-01-21T06:47:57","slug":"youtube-reaktionen-auf-unsere-schrift","status":"publish","type":"product","link":"https:\/\/www.likes-kopen.nl\/de\/youtube-reaktionen-auf-unsere-schrift\/","title":{"rendered":"YouTube Kommentare kaufen (von uns geschrieben) <\/br> <h2><span style=\"color: #ae60e1;\">Direkt zugestellt<\/span> \ud83d\ude80<\/h2>"},"content":{"rendered":"<p>Sei dir nur bewusst, dass <a href=\"https:\/\/www.likes-kopen.nl\/youtube\/\">YouTube<\/a> es nicht guthei\u00dft, wenn du Kommentare kaufst. Die Bestellung erfolgt auf dein eigenes Risiko.<\/p>\n<p>Kommentare erh\u00f6hen die Interaktion und machen dein Video besser auffindbar. Au\u00dferdem sieht dein Video viel \u00fcberzeugender aus.<\/p>\n<h2>Wie funktionieren die &#8222;Von uns geschriebenen&#8220; Kommentare?<\/h2>\n<p>Mit diesem Produkt hast du mehrere M\u00f6glichkeiten. So kannst du die Anzahl der benutzerdefinierten Kommentare f\u00fcr Youtube ausw\u00e4hlen und uns entscheiden lassen, was in den Kommentaren erscheinen soll. Wir k\u00f6nnen sie f\u00fcr dich auf Niederl\u00e4ndisch (NLD), Englisch (ENG) oder einer Kombination davon erstellen. Wir schauen uns das Video an und versuchen dann, eine gute Verbindung in Bezug auf die Reaktionen zu finden.<\/p>\n<p>Alles, was du tun musst, ist, in einem <strong>Satz<\/strong> anzugeben, worum es in den Kommentaren gehen soll (oder lass sie einfach leer und wir schauen uns das Video an).<\/p>\n<hr>\n<p><strong>Produkt-Details:<\/strong><\/p>\n<p>Lieferzeit +\/-24 Stunden<\/p>\n<p>Zeitrahmen: Antworten werden unmittelbar nacheinander geliefert<\/p>\n<p>Ausl\u00e4ndische (englischsprachige) Profile, die die angegebenen Kommentare posten<\/p>\n<p>Relevanz: 100%<\/p>\n<p>W\u00e4hle zwischen 5 Antworten, 10 und 20. Wenn 20 nicht ausreichen, kannst du das Produkt auch \u00f6fter bestellen.<\/p>\n<hr>\n<p><strong>TIPP:<\/strong> Kombiniere dieses Produkt mit unseren <a href=\"https:\/\/www.likes-kopen.nl\/youtube-views-kopen\/\">Youtube-Views<\/a>.und <a href=\"https:\/\/www.likes-kopen.nl\/youtube-likes-kopen\/\">Youtube-Likes<\/a>! So wird dein Video schneller gefunden und in den Suchergebnissen angezeigt.<\/p>\n","protected":false},"excerpt":{"rendered":"<p>Kommentare zu deinem YouTube-Video sind ein Muss!<\/p>\n<p>Hier kannst du ma\u00dfgeschneiderte Antworten kaufen, die von uns geschrieben wurden. Alles, was du tun musst, ist, dein Video einzugeben und in einem <strong>Satz<\/strong> die Antworten zu beschreiben, die du erhalten m\u00f6chtest.<\/p>\n","protected":false},"featured_media":49515,"comment_status":"open","ping_status":"closed","template":"","meta":{"site-sidebar-layout":"default","site-content-layout":"default","ast-site-content-layout":"default","site-content-style":"default","site-sidebar-style":"default","ast-global-header-display":"","ast-banner-title-visibility":"","ast-main-header-display":"","ast-hfb-above-header-display":"","ast-hfb-below-header-display":"","ast-hfb-mobile-header-display":"","site-post-title":"","ast-breadcrumbs-content":"","ast-featured-img":"","footer-sml-layout":"","ast-disable-related-posts":"","theme-transparent-header-meta":"default","adv-header-id-meta":"","stick-header-meta":"default","header-above-stick-meta":"","header-main-stick-meta":"","header-below-stick-meta":"","astra-migrate-meta-layouts":"default","ast-page-background-enabled":"default","ast-page-background-meta":{"desktop":{"background-color":"","background-image":"","background-repeat":"repeat","background-position":"center center","background-size":"auto","background-attachment":"scroll","background-type":"","background-media":"","overlay-type":"","overlay-color":"","overlay-opacity":"","overlay-gradient":""},"tablet":{"background-color":"","background-image":"","background-repeat":"repeat","background-position":"center center","background-size":"auto","background-attachment":"scroll","background-type":"","background-media":"","overlay-type":"","overlay-color":"","overlay-opacity":"","overlay-gradient":""},"mobile":{"background-color":"","background-image":"","background-repeat":"repeat","background-position":"center center","background-size":"auto","background-attachment":"scroll","background-type":"","background-media":"","overlay-type":"","overlay-color":"","overlay-opacity":"","overlay-gradient":""}},"ast-content-background-meta":{"desktop":{"background-color":"var(--ast-global-color-5)","background-image":"","background-repeat":"repeat","background-position":"center center","background-size":"auto","background-attachment":"scroll","background-type":"","background-media":"","overlay-type":"","overlay-color":"","overlay-opacity":"","overlay-gradient":""},"tablet":{"background-color":"var(--ast-global-color-5)","background-image":"","background-repeat":"repeat","background-position":"center center","background-size":"auto","background-attachment":"scroll","background-type":"","background-media":"","overlay-type":"","overlay-color":"","overlay-opacity":"","overlay-gradient":""},"mobile":{"background-color":"var(--ast-global-color-5)","background-image":"","background-repeat":"repeat","background-position":"center center","background-size":"auto","background-attachment":"scroll","background-type":"","background-media":"","overlay-type":"","overlay-color":"","overlay-opacity":"","overlay-gradient":""}}},"product_brand":[],"product_cat":[545],"product_tag":[],"class_list":{"0":"post-53021","1":"product","2":"type-product","3":"status-publish","4":"has-post-thumbnail","6":"product_cat-youtube-de","7":"desktop-align-center","8":"tablet-align-center","9":"mobile-align-center","10":"ast-product-gallery-layout-first-image-large","11":"ast-product-gallery-with-no-image","12":"ast-magnify-disabled","13":"ast-product-single-variable","14":"ast-product-tabs-layout-horizontal","16":"first","17":"instock","18":"sale","19":"taxable","20":"shipping-taxable","21":"purchasable","22":"product-type-variable"},"_links":{"self":[{"href":"https:\/\/www.likes-kopen.nl\/de\/wp-json\/wp\/v2\/product\/53021","targetHints":{"allow":["GET"]}}],"collection":[{"href":"https:\/\/www.likes-kopen.nl\/de\/wp-json\/wp\/v2\/product"}],"about":[{"href":"https:\/\/www.likes-kopen.nl\/de\/wp-json\/wp\/v2\/types\/product"}],"replies":[{"embeddable":true,"href":"https:\/\/www.likes-kopen.nl\/de\/wp-json\/wp\/v2\/comments?post=53021"}],"wp:featuredmedia":[{"embeddable":true,"href":"https:\/\/www.likes-kopen.nl\/de\/wp-json\/wp\/v2\/media\/49515"}],"wp:attachment":[{"href":"https:\/\/www.likes-kopen.nl\/de\/wp-json\/wp\/v2\/media?parent=53021"}],"wp:term":[{"taxonomy":"product_brand","embeddable":true,"href":"https:\/\/www.likes-kopen.nl\/de\/wp-json\/wp\/v2\/product_brand?post=53021"},{"taxonomy":"product_cat","embeddable":true,"href":"https:\/\/www.likes-kopen.nl\/de\/wp-json\/wp\/v2\/product_cat?post=53021"},{"taxonomy":"product_tag","embeddable":true,"href":"https:\/\/www.likes-kopen.nl\/de\/wp-json\/wp\/v2\/product_tag?post=53021"}],"curies":[{"name":"wp","href":"https:\/\/api.w.org\/{rel}","templated":true}]}}