{"id":52983,"date":"2022-05-03T23:06:06","date_gmt":"2022-05-03T22:06:06","guid":{"rendered":"https:\/\/www.likes-kopen.nl\/product\/youtube-shorts-ansichten\/"},"modified":"2025-01-30T09:00:43","modified_gmt":"2025-01-30T08:00:43","slug":"youtube-shorts-ansichten","status":"publish","type":"product","link":"https:\/\/www.likes-kopen.nl\/de\/youtube-shorts-ansichten\/","title":{"rendered":"YouTube Shorts Views kaufen \ud83d\ude80"},"content":{"rendered":"<div class=\"wpb-content-wrapper\"><p>[vc_row][vc_column][vc_column_text]Der Kauf erfolgt auf eigene Gefahr. Laut den Nutzungsbedingungen von Youtube ist es nicht erlaubt, die Klicks k\u00fcnstlich zu erh\u00f6hen.<\/p>\n<h2>YouTube Views f\u00fcr deine SHORTS kaufen<\/h2>\n<p>Hier kaufst du deine YouTube Views f\u00fcr deine Shorts! Shorts sind die Kurzversionen von YouTube Videos. Dank TikTok und Instagram Reels sind diese kurzen Videos in kurzer Zeit SEHR beliebt geworden. Verpasse nicht deinen Ruhm, indem du jetzt jede Menge Aufrufe f\u00fcr deine YouTube-Kurzfilme bekommst. Also kaufe jetzt YouTube-Kurzfilmansichten!<\/p>\n<h2>Altersbeschr\u00e4nkung muss ausgeschaltet sein<\/h2>\n<p>Die Altersbeschr\u00e4nkung muss f\u00fcr das Video ausgeschaltet sein, sonst kannst du die Views nicht erhalten. Die Shorts sollten also f\u00fcr jeden geeignet sein. Schau im Zweifelsfall auf deinem YouTube-Kanal nach, um sicherzugehen.<\/p>\n<h2>Wie bekomme ich mehr Youtube Klicks?<\/h2>\n<p>F\u00fcr jedes kurze Video kannst du schnell und einfach Zuschauer f\u00fcr dein Video bestellen, damit die Zahl der Aufrufe sch\u00f6n in die H\u00f6he geht. Videos mit mehr Klicks werden in den Listen weiter oben platziert, wodurch sie noch mehr Aufmerksamkeit erhalten. Mehr Aufmerksamkeit bedeutet noch mehr Views, Likes und so weiter.  <img decoding=\"async\" class=\"alignright size-full wp-image-11721\" src=\"https:\/\/www.likes-kopen.nl\/wp-content\/uploads\/\/2014\/07\/meer-youtube-weergaven.jpg\" alt=\"mehr youtube klicks\" width=\"300\" height=\"409\" srcset=\"https:\/\/www.likes-kopen.nl\/wp-content\/uploads\/2014\/07\/meer-youtube-weergaven.jpg 300w, https:\/\/www.likes-kopen.nl\/wp-content\/uploads\/2014\/07\/meer-youtube-weergaven-220x300.jpg 220w\" sizes=\"(max-width: 300px) 100vw, 300px\" \/>Es ist also klug, Views f\u00fcr dein Video zu kaufen!<\/p>\n<ul>\n<li>Von derzeit 100 Ansichten.<\/li>\n<li>Herkunft der Zuschauer: International<\/li>\n<li>100% echte YouTube Views<\/li>\n<li>Schnelle Lieferung in. Kleine Zahlen innerhalb von 24 Stunden sind normal.<\/li>\n<li>100% Liefergarantie<\/li>\n<li>Immer die beste Qualit\u00e4t<\/li>\n<\/ul>\n<p>Neben Zuschauern kannst du bei uns auch andere <a href=\"https:\/\/www.likes-kopen.nl\/de\/produkt-kategorie\/youtube-de\/\">YouTube Produkte<\/a> kaufen!<\/p>\n<p>&nbsp;<\/p>\n<h2>Ansichten f\u00fcr Shorts zu kaufen war noch nie so einfach<\/h2>\n<p>500, 1000, 2000 oder noch viel mehr Views f\u00fcr dein kurzes Video auf Youtube zu kaufen ist super einfach! Diese Kurzansichten kommen superschnell an, und die Bestellung ist einfach und g\u00fcnstig. Hast du ein cooles kurzes Video gemacht, das mehr Aufmerksamkeit verdient? Dann ist dies der richtige Weg, um dein kurzes Video hervorzuheben. Du erh\u00e4ltst kurze Ansichten von guter Qualit\u00e4t mit hoher Behaltensquote. So hast du auch mehr Zeit zum Ansehen!<br \/>\nDer Kauf von YouTube-Kurzfilmen ist also die ideale L\u00f6sung, um deinem Video einen popul\u00e4ren\/professionellen Look zu geben.<\/p>\n<p>&nbsp;<\/p>\n<h2>Youtube Anzeigen<\/h2>\n<p>Wenn du mit YouTube Anzeigen (Adsense) Geld verdienen willst, dann ist der Kauf von Zuschauern eine weitere M\u00f6glichkeit, dazu beizutragen. Mit unseren Zuschauern kommst du schneller zu deiner Einschaltquote und kannst so schneller und mehr Geld mit deinen YT Videos\/Kan\u00e4len verdienen.<\/p>\n<p>&nbsp;<\/p>\n<h2>Youtube Inhalt<\/h2>\n<p><img decoding=\"async\" class=\"alignright size-full wp-image-11720\" src=\"https:\/\/www.likes-kopen.nl\/wp-content\/uploads\/\/2014\/07\/youtube-content.jpg\" alt=\"Inhalt youtube video\" width=\"300\" height=\"221\">Die Bereitstellung von Inhalten ist sehr wichtig. Auf YouTube geht es dann darum, Videos f\u00fcr deinen Kanal zu liefern. Au\u00dferdem kannst du deine anderen Social Media Kan\u00e4le wie Instagram nutzen, um auf deinen YouTube Kanal zu verlinken. Erw\u00e4hne in deinen Instastories ein kurzes Snippet, dass du ein neues Video hast. Die Funktion &#8222;Wischen nach oben&#8220; wird daf\u00fcr h\u00e4ufig verwendet. Dann musst du auch ein Gesch\u00e4ftsprofil haben, wenn du diese Option nutzen und 10.000 Follower haben willst.<\/p>\n<p>Willst du <b>zus\u00e4tzliche Aufrufe<\/b> f\u00fcr dein YouTube-Kurzfilmvideo? Dann warte nicht l\u00e4nger und bestelle deine Shorts-Ansichten auf dieser Seite.<\/p>\n<p>&nbsp;<\/p>\n<h2>Willst du wirklich mit YouTube gl\u00e4nzen?<\/h2>\n<p>Dann entscheide dich auch f\u00fcr unsere <a href=\"https:\/\/www.likes-kopen.nl\/youtube-reacties-kopen\/\">YouTube-Kommentare<\/a>, <a href=\"https:\/\/www.likes-kopen.nl\/youtube-likes-kopen\/\">YouTube-Likes<\/a> und <a href=\"https:\/\/www.likes-kopen.nl\/de\/youtube-abonnees-kopen-3\/\">YouTube-Abonnenten-Services<\/a>. Ein komplettes Paket, um alles anzubauen. Deine Abonnenten wachsen, du hast mehr Views (Klicks), mehr Likes und Kommentare. Das Gesamtpaket, um deinen Kanal blitzschnell zu vergr\u00f6\u00dfern. Was normalerweise Wochen, Monate oder sogar Jahre dauert, kannst du jetzt innerhalb von 2 Tagen erledigt haben. Wie schnell ist das! Bist du bereit, durch Youtube zu wachsen und etwas zu bewirken!?<\/p>\n<p>Wenn wir die Bestellung erhalten, beginnen wir sofort mit der Arbeit. Unser Support Team ist f\u00fcr dich da, wenn du Fragen hast. Wir beantworten gerne deine Fragen, damit du so schnell wie m\u00f6glich mit dem Ausbau deines YouTube Kanals beginnen kannst.<\/p>\n<p>&nbsp;<\/p>\n<h2>Online Reichweite<\/h2>\n<p><img decoding=\"async\" class=\"alignright size-full wp-image-11722\" src=\"https:\/\/www.likes-kopen.nl\/wp-content\/uploads\/\/2014\/07\/groter-bereik-youtube.jpg\" alt=\"gr\u00f6\u00dfere Reichweite youtube\" width=\"300\" height=\"157\">Mit unseren Diensten kannst du deine Online-Reichweite erh\u00f6hen. Bist du bereit f\u00fcr deinen <b>Online-Schub<\/b>? Nicht nur auf Youtube, sondern wir haben Pakete f\u00fcr fast alle Social Media Kan\u00e4le, mit denen du online wachsen kannst. Hast du zum Beispiel eine Facebook Seite mit weniger Likes als deine YouTube Seite? Dann kannst du diese gleich mit dem Kauf unserer Pakete erhalten.<\/p>\n<p>&nbsp;<\/p>\n<h2>Daumen hoch!<\/h2>\n<p>Du kennst das ja: Am Anfang oder Ende deines Videos erw\u00e4hnst du, dass die Zuschauer deinen Kanal auch abonnieren k\u00f6nnen, um kein Video zu verpassen! Aber h\u00f6ren alle darauf und setzen es um? Nein, wenn nur. Dann h\u00e4ttest du mit jedem Zuschauer einen zus\u00e4tzlichen Abonnenten. Aber du kannst daf\u00fcr sorgen, dass deine Videos viele Klicks erhalten, was dein Video automatisch interessanter f\u00fcr die Zuschauer macht.<\/p>\n<p>&nbsp;<\/p>\n<h2>Mehr Abonnenten<\/h2>\n<p>J<img decoding=\"async\" class=\"alignright size-full wp-image-11723\" src=\"https:\/\/www.likes-kopen.nl\/wp-content\/uploads\/\/2014\/07\/meer-abonnees-op-youtube-krijgen.jpg\" alt=\"Mehr Abonnenten auf youtube bekommen\" width=\"300\" height=\"180\">ie Videos werden angeschaut, aber deine Abonnentenzahlen stagnieren. Hebe dich einfach von all den YouTube Videos ab. Das kannst du unter anderem durch den Kauf von Klicks auf dieser Seite tun, aber auch durch den Kauf von Abonnenten. Ist das m\u00f6glich? Ja, wir bieten auch 50, 275 und 1.000 Abonnenten an.<\/p>\n<p>&nbsp;<\/p>\n<h2>Willst du mit deinem Kurzfilm h\u00f6her ranken?<\/h2>\n<p>Es gibt eine Reihe von Faktoren, die ausschlaggebend daf\u00fcr sind, ob dein Kurzfilm gut oder schlecht abschneidet. Das h\u00e4ngt von Likes, Views und Reaktionen ab. Hast du eine gro\u00dfe Anzahl an Likes, Kommentaren und Klicks? Die Chancen stehen gut, dass dein Video auf Youtube popul\u00e4r und angesagt ist! Jetzt kannst du selbst daf\u00fcr sorgen, dass dein Video zum Trending wird. Bestelle jetzt die 10.000 Views f\u00fcr dein Video!<\/p>\n<p>&nbsp;<\/p>\n<h2>Auch ber\u00fchmte K\u00fcnstler kaufen Klicks<\/h2>\n<p><img decoding=\"async\" class=\"alignright size-full wp-image-11724\" src=\"https:\/\/www.likes-kopen.nl\/wp-content\/uploads\/\/2014\/07\/bekende-mensen-kopen-youtube-views.jpg\" alt=\"Ber\u00fchmte Leute kaufen youtube Klicks\" width=\"300\" height=\"180\">Jeder tut es. Es gibt viele tolle Accounts, die regelm\u00e4\u00dfig Kommentare, Likes und Views bestellen &#8211; warum also nicht auch du? Auch du w\u00fcrdest dir nat\u00fcrlich lieber ein Video ansehen, das bereits 2 Millionen Mal angesehen wurde, als eines mit 50 Klicks. Da so viele Menschen dieses eine Video gesehen haben, wird es bestimmt interessant sein. Mach dein Video interessant und hol dir die 10.000 Views![\/vc_column_text][\/vc_column][\/vc_row][vc_row css=&#8220;.vc_custom_1598943505858{background-color: #eeeeee !important;}&#8220;][vc_column][vc_btn title=&#8220;YouTube Views bestellen&#8220; color=&#8220;green&#8220; size=&#8220;lg&#8220; align=&#8220;center&#8220; link=&#8220;url:%23top|&#8220; css=&#8220;.vc_custom_1649908788519{margin-top: -5px !important;}&#8220;][\/vc_column][\/vc_row][vc_row][vc_column][vc_zigzag][\/vc_column][\/vc_row][vc_row][vc_column][vc_masonry_grid post_type=&#8220;product&#8220; max_items=&#8220;4&#8243; element_width=&#8220;3&#8243; grid_id=&#8220;vc_gid:1651615586480-f423bc86-316a-6&#8243; taxonomies=&#8220;31&#8243;][\/vc_column][\/vc_row]<\/p>\n<\/div>","protected":false},"excerpt":{"rendered":"<p>\u2705 Kaufe Views f\u00fcr deine YouTube Shorts<br \/>\n\u2b50 Hervorragende Qualit\u00e4t<br \/>\n\u2b50 Ab 100 Views pro Paket<\/p>\n<div id=\"gtx-trans\" style=\"position: absolute; left: -89px; top: -2px;\">\n<div class=\"gtx-trans-icon\"><\/div>\n<\/div>\n","protected":false},"featured_media":49518,"comment_status":"open","ping_status":"closed","template":"","meta":{"site-sidebar-layout":"no-sidebar","site-content-layout":"plain-container","ast-site-content-layout":"default","site-content-style":"default","site-sidebar-style":"default","ast-global-header-display":"","ast-banner-title-visibility":"","ast-main-header-display":"","ast-hfb-above-header-display":"","ast-hfb-below-header-display":"","ast-hfb-mobile-header-display":"","site-post-title":"disabled","ast-breadcrumbs-content":"","ast-featured-img":"disabled","footer-sml-layout":"","ast-disable-related-posts":"","theme-transparent-header-meta":"default","adv-header-id-meta":"","stick-header-meta":"default","header-above-stick-meta":"","header-main-stick-meta":"","header-below-stick-meta":"","astra-migrate-meta-layouts":"default","ast-page-background-enabled":"default","ast-page-background-meta":{"desktop":{"background-color":"","background-image":"","background-repeat":"repeat","background-position":"center center","background-size":"auto","background-attachment":"scroll","background-type":"","background-media":"","overlay-type":"","overlay-color":"","overlay-opacity":"","overlay-gradient":""},"tablet":{"background-color":"","background-image":"","background-repeat":"repeat","background-position":"center center","background-size":"auto","background-attachment":"scroll","background-type":"","background-media":"","overlay-type":"","overlay-color":"","overlay-opacity":"","overlay-gradient":""},"mobile":{"background-color":"","background-image":"","background-repeat":"repeat","background-position":"center center","background-size":"auto","background-attachment":"scroll","background-type":"","background-media":"","overlay-type":"","overlay-color":"","overlay-opacity":"","overlay-gradient":""}},"ast-content-background-meta":{"desktop":{"background-color":"var(--ast-global-color-5)","background-image":"","background-repeat":"repeat","background-position":"center center","background-size":"auto","background-attachment":"scroll","background-type":"","background-media":"","overlay-type":"","overlay-color":"","overlay-opacity":"","overlay-gradient":""},"tablet":{"background-color":"var(--ast-global-color-5)","background-image":"","background-repeat":"repeat","background-position":"center center","background-size":"auto","background-attachment":"scroll","background-type":"","background-media":"","overlay-type":"","overlay-color":"","overlay-opacity":"","overlay-gradient":""},"mobile":{"background-color":"var(--ast-global-color-5)","background-image":"","background-repeat":"repeat","background-position":"center center","background-size":"auto","background-attachment":"scroll","background-type":"","background-media":"","overlay-type":"","overlay-color":"","overlay-opacity":"","overlay-gradient":""}}},"product_brand":[],"product_cat":[545],"product_tag":[921,923],"class_list":{"0":"post-52983","1":"product","2":"type-product","3":"status-publish","4":"has-post-thumbnail","6":"product_cat-youtube-de","7":"product_tag-youtube-kurzfilme","8":"product_tag-youtube-kurzfilme-ansehen","9":"desktop-align-center","10":"tablet-align-center","11":"mobile-align-center","12":"ast-product-gallery-layout-first-image-large","13":"ast-product-gallery-with-no-image","14":"ast-magnify-disabled","15":"ast-product-single-variable","16":"ast-product-tabs-layout-horizontal","18":"first","19":"instock","20":"sale","21":"taxable","22":"shipping-taxable","23":"purchasable","24":"product-type-variable"},"_links":{"self":[{"href":"https:\/\/www.likes-kopen.nl\/de\/wp-json\/wp\/v2\/product\/52983","targetHints":{"allow":["GET"]}}],"collection":[{"href":"https:\/\/www.likes-kopen.nl\/de\/wp-json\/wp\/v2\/product"}],"about":[{"href":"https:\/\/www.likes-kopen.nl\/de\/wp-json\/wp\/v2\/types\/product"}],"replies":[{"embeddable":true,"href":"https:\/\/www.likes-kopen.nl\/de\/wp-json\/wp\/v2\/comments?post=52983"}],"wp:featuredmedia":[{"embeddable":true,"href":"https:\/\/www.likes-kopen.nl\/de\/wp-json\/wp\/v2\/media\/49518"}],"wp:attachment":[{"href":"https:\/\/www.likes-kopen.nl\/de\/wp-json\/wp\/v2\/media?parent=52983"}],"wp:term":[{"taxonomy":"product_brand","embeddable":true,"href":"https:\/\/www.likes-kopen.nl\/de\/wp-json\/wp\/v2\/product_brand?post=52983"},{"taxonomy":"product_cat","embeddable":true,"href":"https:\/\/www.likes-kopen.nl\/de\/wp-json\/wp\/v2\/product_cat?post=52983"},{"taxonomy":"product_tag","embeddable":true,"href":"https:\/\/www.likes-kopen.nl\/de\/wp-json\/wp\/v2\/product_tag?post=52983"}],"curies":[{"name":"wp","href":"https:\/\/api.w.org\/{rel}","templated":true}]}}