{"id":52955,"date":"2022-02-19T20:34:57","date_gmt":"2022-02-19T19:34:57","guid":{"rendered":"https:\/\/www.likes-kopen.nl\/product\/spotify-kuenstler-follower\/"},"modified":"2025-01-27T15:46:12","modified_gmt":"2025-01-27T14:46:12","slug":"spotify-artist-follower-kaufen","status":"publish","type":"product","link":"https:\/\/www.likes-kopen.nl\/de\/spotify-artist-follower-kaufen\/","title":{"rendered":"Spotify Artist Followers kaufen"},"content":{"rendered":"<h1>Spotify K\u00fcnstler-Follower kaufen<\/h1>\n<p>Kaufe Spotify-K\u00fcnstler-Follower f\u00fcr dein Spotify-K\u00fcnstlerprofil sicher und schnell auf likes-kopen.de<\/p>\n<h3>Willst du mehr Follower f\u00fcr dein Spotify-K\u00fcnstlerprofil gewinnen?<\/h3>\n<p>Dann entscheide dich daf\u00fcr, Spotify-Follower f\u00fcr dein Spotify-Profil zu kaufen. Indem du Spotify-Follower zu deinem K\u00fcnstlerprofil schickst, sorgst du daf\u00fcr, dass dein Profil besser und schneller wahrgenommen wird. Der Z\u00e4hler f\u00fcr die Anzahl der Follower auf deinem Profil wird im Handumdrehen nach oben gehen!<\/p>\n<h2><img decoding=\"async\" class=\" wp-image-33575 aligncenter\" src=\"https:\/\/www.likes-kopen.nl\/wp-content\/uploads\/\/2022\/02\/Spotify-iPhone-headphones-maroon-5-819x1024.jpeg\" alt=\"\" width=\"405\" height=\"507\" srcset=\"https:\/\/www.likes-kopen.nl\/wp-content\/uploads\/2022\/02\/Spotify-iPhone-headphones-maroon-5-819x1024.jpeg 819w, https:\/\/www.likes-kopen.nl\/wp-content\/uploads\/2022\/02\/Spotify-iPhone-headphones-maroon-5-510x638.jpeg 510w, https:\/\/www.likes-kopen.nl\/wp-content\/uploads\/2022\/02\/Spotify-iPhone-headphones-maroon-5-240x300.jpeg 240w, https:\/\/www.likes-kopen.nl\/wp-content\/uploads\/2022\/02\/Spotify-iPhone-headphones-maroon-5-768x960.jpeg 768w, https:\/\/www.likes-kopen.nl\/wp-content\/uploads\/2022\/02\/Spotify-iPhone-headphones-maroon-5-1228x1536.jpeg 1228w, https:\/\/www.likes-kopen.nl\/wp-content\/uploads\/2022\/02\/Spotify-iPhone-headphones-maroon-5-1638x2048.jpeg 1638w, https:\/\/www.likes-kopen.nl\/wp-content\/uploads\/2022\/02\/Spotify-iPhone-headphones-maroon-5-462x578.jpeg 462w, https:\/\/www.likes-kopen.nl\/wp-content\/uploads\/2022\/02\/Spotify-iPhone-headphones-maroon-5.jpeg 1920w\" sizes=\"(max-width: 405px) 100vw, 405px\" \/><\/h2>\n<p>&nbsp;<\/p>\n<h2>Wie funktioniert der Kauf von Spotify-K\u00fcnstler-Followern?<\/h2>\n<p>Nachdem du deine Bestellung aufgegeben hast, beginnt unser System sofort f\u00fcr dich zu arbeiten. Das System bewirbt dein Spotify-Profil bei einem gro\u00dfen Netzwerk von Fans und H\u00f6rern.<\/p>\n<p>Sie werden dann beginnen, deinem Profil zu folgen, bis deine bestellte Anzahl erreicht ist. Diese sind immer Anh\u00e4nger von <strong>echten Profilen.<\/strong> Sobald deine Bestellung geliefert wird, benachrichtigen wir dich.<\/p>\n<h2>Ist der Kauf von Spotify-K\u00fcnstler-Followern sicher?<\/h2>\n<p>Der Kauf von Spotify-K\u00fcnstler-Followern ist absolut sicher. Deine Daten sind bei uns sicher und werden nicht an Spotify oder andere Parteien weitergegeben. Spotify wird niemals herausfinden, dass du bei uns eine Bestellung aufgegeben hast. Deshalb wurde bei uns noch nie ein Konto gesperrt oder ein Profil gel\u00f6scht.<\/p>\n<p>Vergiss nicht, dass die ACM es nicht mag, wenn du als Unternehmen &#8222;Engagement&#8220; kaufst. Sie raten davon ab, Likes, Follower und Views f\u00fcr deine Social Media Kan\u00e4le zu bestellen. Die ACM w\u00fcrde es lieber sehen, wenn du dein Geld f\u00fcr die \u00fcberteuerten Werbeteile der Plattformen selbst ausgibst. Wir haben dich gewarnt!<\/p>\n<p>Du bekommst eine 90-t\u00e4gige Zufriedenheitsgarantie auf alle Bestellungen. Das ganze Risiko liegt also bei uns!<\/p>\n<h3>Wie schnell erhalte ich meine Spotify Artist Follower?<\/h3>\n<p>In der Regel erh\u00e4ltst du innerhalb weniger Tage Spotify-K\u00fcnstler-Follower auf deinem Profil. Manchmal kann es eine Weile dauern, weil Spotify die Anzahl der Follower\/Likes nicht immer sofort aktualisiert. Denke daran, dass dies bei Spotify manchmal bis zu 72 Stunden dauern kann.<\/p>\n<h3>W\u00e4hle auch Spotify-Streams f\u00fcr deinen Track!<\/h3>\n<p>Neben der Anzahl der K\u00fcnstler-Follower auf deinem Spotify-Profil ist auch die Anzahl der Streams deiner Songs sehr wichtig. Dies ist eine Zahl, die immer weiter steigt. Je mehr Streams du hast, desto beliebter wird dein Lied.<\/p>\n<p><a href=\"https:\/\/www.likes-kopen.nl\/spotify-streams-kopen\/\">Entscheide dich f\u00fcr Spotify-Streams von Likes-buy.co.uk  &gt;<\/a><\/p>\n<h3>Steigere auch deine anderen Social-Media-Profile!<\/h3>\n<p>Neben Spotify ist es auch wichtig, deine anderen Social-Media-Kan\u00e4le zu bewerben. Cross Promoting nennen wir das. Entscheide dich zum Beispiel daf\u00fcr, <a href=\"https:\/\/www.likes-kopen.nl\/instagram-volgers-kopen\/\">mehr Follower f\u00fcr dein Instagram-Profil zu gewinnen<\/a>. Oder steigere dein <a href=\"https:\/\/www.likes-kopen.nl\/soundcloud-plays-kopen\/\">SoundCloud-Profil mit mehr Plays.<\/a><\/p>\n","protected":false},"excerpt":{"rendered":"<p>Spotify K\u00fcnstler-Follower kaufen Kaufe Spotify-K\u00fcnstler-Follower f\u00fcr dein Spotify-K\u00fcnstlerprofil sicher und schnell auf likes-kopen.de Willst du mehr Follower f\u00fcr dein Spotify-K\u00fcnstlerprofil gewinnen? Dann entscheide dich daf\u00fcr, Spotify-Follower f\u00fcr dein Spotify-Profil zu kaufen. Indem du Spotify-Follower zu deinem K\u00fcnstlerprofil schickst, sorgst du daf\u00fcr, dass dein Profil besser und schneller wahrgenommen wird. Der Z\u00e4hler f\u00fcr die Anzahl der [&hellip;]<\/p>\n","protected":false},"featured_media":49434,"comment_status":"open","ping_status":"closed","template":"","meta":{"site-sidebar-layout":"default","site-content-layout":"default","ast-site-content-layout":"default","site-content-style":"default","site-sidebar-style":"default","ast-global-header-display":"","ast-banner-title-visibility":"","ast-main-header-display":"","ast-hfb-above-header-display":"","ast-hfb-below-header-display":"","ast-hfb-mobile-header-display":"","site-post-title":"","ast-breadcrumbs-content":"","ast-featured-img":"","footer-sml-layout":"","ast-disable-related-posts":"","theme-transparent-header-meta":"default","adv-header-id-meta":"","stick-header-meta":"default","header-above-stick-meta":"","header-main-stick-meta":"","header-below-stick-meta":"","astra-migrate-meta-layouts":"set","ast-page-background-enabled":"default","ast-page-background-meta":{"desktop":{"background-color":"","background-image":"","background-repeat":"repeat","background-position":"center center","background-size":"auto","background-attachment":"scroll","background-type":"","background-media":"","overlay-type":"","overlay-color":"","overlay-opacity":"","overlay-gradient":""},"tablet":{"background-color":"","background-image":"","background-repeat":"repeat","background-position":"center center","background-size":"auto","background-attachment":"scroll","background-type":"","background-media":"","overlay-type":"","overlay-color":"","overlay-opacity":"","overlay-gradient":""},"mobile":{"background-color":"","background-image":"","background-repeat":"repeat","background-position":"center center","background-size":"auto","background-attachment":"scroll","background-type":"","background-media":"","overlay-type":"","overlay-color":"","overlay-opacity":"","overlay-gradient":""}},"ast-content-background-meta":{"desktop":{"background-color":"var(--ast-global-color-5)","background-image":"","background-repeat":"repeat","background-position":"center center","background-size":"auto","background-attachment":"scroll","background-type":"","background-media":"","overlay-type":"","overlay-color":"","overlay-opacity":"","overlay-gradient":""},"tablet":{"background-color":"var(--ast-global-color-5)","background-image":"","background-repeat":"repeat","background-position":"center center","background-size":"auto","background-attachment":"scroll","background-type":"","background-media":"","overlay-type":"","overlay-color":"","overlay-opacity":"","overlay-gradient":""},"mobile":{"background-color":"var(--ast-global-color-5)","background-image":"","background-repeat":"repeat","background-position":"center center","background-size":"auto","background-attachment":"scroll","background-type":"","background-media":"","overlay-type":"","overlay-color":"","overlay-opacity":"","overlay-gradient":""}}},"product_brand":[],"product_cat":[733],"product_tag":[915,787],"class_list":{"0":"post-52955","1":"product","2":"type-product","3":"status-publish","4":"has-post-thumbnail","6":"product_cat-spotify-de","7":"product_tag-spotify-kunstler-follower","8":"product_tag-spotify-follower","9":"desktop-align-center","10":"tablet-align-center","11":"mobile-align-center","12":"ast-product-gallery-layout-first-image-large","13":"ast-product-gallery-with-no-image","14":"ast-magnify-disabled","15":"ast-product-single-variable","16":"ast-product-tabs-layout-horizontal","18":"first","19":"instock","20":"sale","21":"taxable","22":"shipping-taxable","23":"purchasable","24":"product-type-variable"},"_links":{"self":[{"href":"https:\/\/www.likes-kopen.nl\/de\/wp-json\/wp\/v2\/product\/52955","targetHints":{"allow":["GET"]}}],"collection":[{"href":"https:\/\/www.likes-kopen.nl\/de\/wp-json\/wp\/v2\/product"}],"about":[{"href":"https:\/\/www.likes-kopen.nl\/de\/wp-json\/wp\/v2\/types\/product"}],"replies":[{"embeddable":true,"href":"https:\/\/www.likes-kopen.nl\/de\/wp-json\/wp\/v2\/comments?post=52955"}],"wp:featuredmedia":[{"embeddable":true,"href":"https:\/\/www.likes-kopen.nl\/de\/wp-json\/wp\/v2\/media\/49434"}],"wp:attachment":[{"href":"https:\/\/www.likes-kopen.nl\/de\/wp-json\/wp\/v2\/media?parent=52955"}],"wp:term":[{"taxonomy":"product_brand","embeddable":true,"href":"https:\/\/www.likes-kopen.nl\/de\/wp-json\/wp\/v2\/product_brand?post=52955"},{"taxonomy":"product_cat","embeddable":true,"href":"https:\/\/www.likes-kopen.nl\/de\/wp-json\/wp\/v2\/product_cat?post=52955"},{"taxonomy":"product_tag","embeddable":true,"href":"https:\/\/www.likes-kopen.nl\/de\/wp-json\/wp\/v2\/product_tag?post=52955"}],"curies":[{"name":"wp","href":"https:\/\/api.w.org\/{rel}","templated":true}]}}