{"id":52769,"date":"2022-02-26T18:37:27","date_gmt":"2022-02-26T17:37:27","guid":{"rendered":"https:\/\/www.likes-kopen.nl\/product\/niederlaendische-spotify-streams\/"},"modified":"2025-02-07T16:06:31","modified_gmt":"2025-02-07T15:06:31","slug":"niederlaendische-spotify-streams-kaufen","status":"publish","type":"product","link":"https:\/\/www.likes-kopen.nl\/de\/niederlaendische-spotify-streams-kaufen\/","title":{"rendered":"Niederl\u00e4ndische Spotify Streams kaufen \ud83c\uddf3\ud83c\uddf1"},"content":{"rendered":"<h1>Niederl\u00e4ndische Spotify-Streams kaufen<\/h1>\n<p>Kaufe niederl\u00e4ndische Spotify-Streams f\u00fcr deine Spotify-Songs sicher und schnell, auf likes-kopen.de<\/p>\n<h3>M\u00f6chtest du mehr niederl\u00e4ndische Streams f\u00fcr deinen niederl\u00e4ndischen Spotify-Song erhalten?<\/h3>\n<p>W\u00e4hle dann aus, dass du niederl\u00e4ndische Spotify-Streams f\u00fcr deine Spotify-Songs kaufen m\u00f6chtest. Indem du niederl\u00e4ndische Spotify-Streams zu deinem Track schickst, sorgst du daf\u00fcr, dass dein niederl\u00e4ndischer Track besser und schneller Aufmerksamkeit bekommt. Der Z\u00e4hler, der anzeigt, wie oft dein Track angeh\u00f6rt wurde, wird im Handumdrehen nach oben gehen!<\/p>\n<h2><img decoding=\"async\" class=\" wp-image-33575 aligncenter\" src=\"https:\/\/www.likes-kopen.nl\/wp-content\/uploads\/\/2022\/02\/Spotify-iPhone-headphones-maroon-5-819x1024.jpeg\" alt=\"\" width=\"405\" height=\"507\" srcset=\"https:\/\/www.likes-kopen.nl\/wp-content\/uploads\/2022\/02\/Spotify-iPhone-headphones-maroon-5-819x1024.jpeg 819w, https:\/\/www.likes-kopen.nl\/wp-content\/uploads\/2022\/02\/Spotify-iPhone-headphones-maroon-5-510x638.jpeg 510w, https:\/\/www.likes-kopen.nl\/wp-content\/uploads\/2022\/02\/Spotify-iPhone-headphones-maroon-5-240x300.jpeg 240w, https:\/\/www.likes-kopen.nl\/wp-content\/uploads\/2022\/02\/Spotify-iPhone-headphones-maroon-5-768x960.jpeg 768w, https:\/\/www.likes-kopen.nl\/wp-content\/uploads\/2022\/02\/Spotify-iPhone-headphones-maroon-5-1228x1536.jpeg 1228w, https:\/\/www.likes-kopen.nl\/wp-content\/uploads\/2022\/02\/Spotify-iPhone-headphones-maroon-5-1638x2048.jpeg 1638w, https:\/\/www.likes-kopen.nl\/wp-content\/uploads\/2022\/02\/Spotify-iPhone-headphones-maroon-5-462x578.jpeg 462w, https:\/\/www.likes-kopen.nl\/wp-content\/uploads\/2022\/02\/Spotify-iPhone-headphones-maroon-5.jpeg 1920w\" sizes=\"(max-width: 405px) 100vw, 405px\" \/><\/h2>\n<p>&nbsp;<\/p>\n<h2>Wie funktioniert der Kauf von niederl\u00e4ndischen Spotify-Streams?<\/h2>\n<p>Nachdem du deine Bestellung aufgegeben hast, beginnt unser System sofort f\u00fcr dich zu arbeiten. Das System bewirbt deinen Spotify-Song bei einem gro\u00dfen Netzwerk von niederl\u00e4ndischen H\u00f6rern.<\/p>\n<p>Sie h\u00f6ren sich dann deinen Track an, bis die bestellte Anzahl erreicht ist. Das sind immer Zuh\u00f6rer von <strong>echten niederl\u00e4ndischen Profilen.<\/strong> Sobald deine Bestellung geliefert wird, benachrichtigen wir dich.<\/p>\n<h2>Ist der Kauf von niederl\u00e4ndischen Spotify-Streams sicher?<\/h2>\n<p>Der Kauf von niederl\u00e4ndischen Spotify-Streams ist absolut sicher. Deine Daten sind bei uns sicher und werden nicht an Spotify oder andere Parteien weitergegeben. Spotify wird niemals herausfinden, dass du bei uns eine Bestellung aufgegeben hast. Es ist uns also noch nie passiert, dass ein Konto gesperrt wurde.<\/p>\n<p>Bedenke aber, dass die ACM es nicht mag, wenn du &#8222;Engagement&#8220; kaufst. Sie raten davon ab, Likes, Follower und Views f\u00fcr deine Social Media Kan\u00e4le zu bestellen. Die ACM w\u00fcrde es lieber sehen, wenn du dein Geld f\u00fcr die \u00fcberteuerten Werbeteile der Plattformen selbst ausgibst. Wir haben dich gewarnt!<\/p>\n<p>Du bekommst eine 90-t\u00e4gige Zufriedenheitsgarantie auf alle Bestellungen. Das ganze Risiko liegt also bei uns!<\/p>\n<h3>Du erh\u00e4ltst auch Tantiemen f\u00fcr deine niederl\u00e4ndischen Streams!<\/h3>\n<p>Du hast es richtig gelesen. F\u00fcr die niederl\u00e4ndischen Streams, die du jetzt hier bestellst, erh\u00e4ltst du auch Tantiemen von Spotify. Das bedeutet, dass du einen Teil deiner Bestellung erstattet bekommst. Ist das nicht toll?<\/p>\n<h3>Wie schnell werde ich meine niederl\u00e4ndischen Streams erhalten?<\/h3>\n<p>In der Regel erh\u00e4ltst du die niederl\u00e4ndischen Streams zu deinem Track innerhalb weniger Tage. Manchmal kann es eine Weile dauern, weil Spotify die Anzahl der Streams nicht immer sofort aktualisiert. Denke daran, dass dies bei Spotify manchmal bis zu 72 Stunden dauern kann.<\/p>\n<h3>W\u00e4hle auch monatliche H\u00f6rer!<\/h3>\n<p>Neben der Anzahl der Streams deiner Spotify Titel ist auch die Anzahl der monatlichen H\u00f6rer deines Kontos sehr wichtig. Dies ist eine dynamische Zahl, die jeden Tag aktualisiert wird. Je mehr Zuh\u00f6rer, desto wahrscheinlicher ist es, dass du den Durchbruch schaffst.<\/p>\n<p><a href=\"https:\/\/www.likes-kopen.nl\/spotify-maandelijkse-luisteraars-kopen\/\">W\u00e4hle die monatlichen Spotify H\u00f6rer von Likes-kopen.nl\/de &gt;<\/a><\/p>\n<h3>F\u00f6rdere deine anderen sozialen Kan\u00e4le<\/h3>\n<p>Bist du nicht nur auf Spotify aktiv und willst auch auf Instagram wachsen? Dann denke dar\u00fcber nach, <a href=\"https:\/\/www.likes-kopen.nl\/instagram-likes-kopen\/\">Instagram Likes zu kaufen<\/a>. So kannst du eine noch st\u00e4rkere Gemeinschaft aufbauen.<\/p>\n<div id=\"gtx-trans\" style=\"position: absolute; left: 851px; top: 1593.46px;\">\n<div class=\"gtx-trans-icon\"><\/div>\n<\/div>\n","protected":false},"excerpt":{"rendered":"<p>Niederl\u00e4ndische Spotify-Streams kaufen Kaufe niederl\u00e4ndische Spotify-Streams f\u00fcr deine Spotify-Songs sicher und schnell, auf likes-kopen.de M\u00f6chtest du mehr niederl\u00e4ndische Streams f\u00fcr deinen niederl\u00e4ndischen Spotify-Song erhalten? W\u00e4hle dann aus, dass du niederl\u00e4ndische Spotify-Streams f\u00fcr deine Spotify-Songs kaufen m\u00f6chtest. Indem du niederl\u00e4ndische Spotify-Streams zu deinem Track schickst, sorgst du daf\u00fcr, dass dein niederl\u00e4ndischer Track besser und schneller Aufmerksamkeit [&hellip;]<\/p>\n","protected":false},"featured_media":49467,"comment_status":"open","ping_status":"closed","template":"","meta":{"site-sidebar-layout":"default","site-content-layout":"default","ast-site-content-layout":"default","site-content-style":"default","site-sidebar-style":"default","ast-global-header-display":"","ast-banner-title-visibility":"","ast-main-header-display":"","ast-hfb-above-header-display":"","ast-hfb-below-header-display":"","ast-hfb-mobile-header-display":"","site-post-title":"","ast-breadcrumbs-content":"","ast-featured-img":"","footer-sml-layout":"","ast-disable-related-posts":"","theme-transparent-header-meta":"default","adv-header-id-meta":"","stick-header-meta":"default","header-above-stick-meta":"","header-main-stick-meta":"","header-below-stick-meta":"","astra-migrate-meta-layouts":"set","ast-page-background-enabled":"default","ast-page-background-meta":{"desktop":{"background-color":"","background-image":"","background-repeat":"repeat","background-position":"center center","background-size":"auto","background-attachment":"scroll","background-type":"","background-media":"","overlay-type":"","overlay-color":"","overlay-opacity":"","overlay-gradient":""},"tablet":{"background-color":"","background-image":"","background-repeat":"repeat","background-position":"center center","background-size":"auto","background-attachment":"scroll","background-type":"","background-media":"","overlay-type":"","overlay-color":"","overlay-opacity":"","overlay-gradient":""},"mobile":{"background-color":"","background-image":"","background-repeat":"repeat","background-position":"center center","background-size":"auto","background-attachment":"scroll","background-type":"","background-media":"","overlay-type":"","overlay-color":"","overlay-opacity":"","overlay-gradient":""}},"ast-content-background-meta":{"desktop":{"background-color":"var(--ast-global-color-5)","background-image":"","background-repeat":"repeat","background-position":"center center","background-size":"auto","background-attachment":"scroll","background-type":"","background-media":"","overlay-type":"","overlay-color":"","overlay-opacity":"","overlay-gradient":""},"tablet":{"background-color":"var(--ast-global-color-5)","background-image":"","background-repeat":"repeat","background-position":"center center","background-size":"auto","background-attachment":"scroll","background-type":"","background-media":"","overlay-type":"","overlay-color":"","overlay-opacity":"","overlay-gradient":""},"mobile":{"background-color":"var(--ast-global-color-5)","background-image":"","background-repeat":"repeat","background-position":"center center","background-size":"auto","background-attachment":"scroll","background-type":"","background-media":"","overlay-type":"","overlay-color":"","overlay-opacity":"","overlay-gradient":""}}},"product_brand":[],"product_cat":[733,469],"product_tag":[763,762],"class_list":{"0":"post-52769","1":"product","2":"type-product","3":"status-publish","4":"has-post-thumbnail","6":"product_cat-spotify-de","7":"product_cat-hohe-qualitat-100-echt","8":"product_tag-kauf-von-spotify-streams","9":"product_tag-spotify-streams-de","10":"desktop-align-center","11":"tablet-align-center","12":"mobile-align-center","13":"ast-product-gallery-layout-first-image-large","14":"ast-product-gallery-with-no-image","15":"ast-magnify-disabled","16":"ast-product-single-variable","17":"ast-product-tabs-layout-horizontal","19":"first","20":"instock","21":"sale","22":"taxable","23":"shipping-taxable","24":"purchasable","25":"product-type-variable"},"_links":{"self":[{"href":"https:\/\/www.likes-kopen.nl\/de\/wp-json\/wp\/v2\/product\/52769","targetHints":{"allow":["GET"]}}],"collection":[{"href":"https:\/\/www.likes-kopen.nl\/de\/wp-json\/wp\/v2\/product"}],"about":[{"href":"https:\/\/www.likes-kopen.nl\/de\/wp-json\/wp\/v2\/types\/product"}],"replies":[{"embeddable":true,"href":"https:\/\/www.likes-kopen.nl\/de\/wp-json\/wp\/v2\/comments?post=52769"}],"wp:featuredmedia":[{"embeddable":true,"href":"https:\/\/www.likes-kopen.nl\/de\/wp-json\/wp\/v2\/media\/49467"}],"wp:attachment":[{"href":"https:\/\/www.likes-kopen.nl\/de\/wp-json\/wp\/v2\/media?parent=52769"}],"wp:term":[{"taxonomy":"product_brand","embeddable":true,"href":"https:\/\/www.likes-kopen.nl\/de\/wp-json\/wp\/v2\/product_brand?post=52769"},{"taxonomy":"product_cat","embeddable":true,"href":"https:\/\/www.likes-kopen.nl\/de\/wp-json\/wp\/v2\/product_cat?post=52769"},{"taxonomy":"product_tag","embeddable":true,"href":"https:\/\/www.likes-kopen.nl\/de\/wp-json\/wp\/v2\/product_tag?post=52769"}],"curies":[{"name":"wp","href":"https:\/\/api.w.org\/{rel}","templated":true}]}}