{"id":52765,"date":"2022-05-26T05:02:40","date_gmt":"2022-05-26T04:02:40","guid":{"rendered":"https:\/\/www.likes-kopen.nl\/product\/discord-activity-pack\/"},"modified":"2025-01-21T07:46:46","modified_gmt":"2025-01-21T06:46:46","slug":"diskord-nachrichten-kaufen","status":"publish","type":"product","link":"https:\/\/www.likes-kopen.nl\/de\/diskord-nachrichten-kaufen\/","title":{"rendered":"Erhalte mehr Aktivit\u00e4t auf deinem Discord Sever <\/br> <h2><span style=\"color: #ae60e1;\">Ohne selbst aktiv zu werden<\/span> \ud83d\ude80 <\/h2>"},"content":{"rendered":"<p>Kaufe Discord-Aktivit\u00e4ten (Nachrichten) f\u00fcr deinen Discord-Server. Besonders f\u00fcr Krypto, NFT-Projekte, Gamer und Entwickler.<\/p>\n<h2>Warum ein Discord-Aktivit\u00e4tspaket (Messaging) kaufen?<\/h2>\n<p>F\u00fcr viele neue Projekte besteht das Problem, dass es noch wenig Aktivit\u00e4t auf dem Discord-Server gibt. Das macht es oft unglaublich schwierig, neue Mitglieder zum Schreiben von Beitr\u00e4gen zu ermutigen. Der Administrator ist oft Tag und Nacht damit besch\u00e4ftigt, Beitr\u00e4ge zu schreiben, nur um den Anschein von Aktivit\u00e4t zu erwecken.<\/p>\n<p>Das ist schade, denn viel von der Zeit, die du daf\u00fcr aufbringst, k\u00f6nntest du f\u00fcr wichtigere Aufgaben verwenden.<\/p>\n<p>Aus diesem Grund wurde das Discord-Aktivit\u00e4tenpaket ins Leben gerufen. Mit diesem Paket kannst du automatisch mehr Aktivit\u00e4t auf deinem Discord-Server erzeugen, ohne selbst aktiv zu sein. So kannst du dich auf die Dinge konzentrieren, die wirklich wichtig sind.<\/p>\n<h2>Wann ist der beste Zeitpunkt, um das Discord Activity Pack zu kaufen?<\/h2>\n<p>Der beste Tag, um einen Baum zu pflanzen, war vor 20 Jahren. Der zweitbeste Tag ist heute. Je fr\u00fcher du damit beginnst, desto eher wirst du mehr organische Discord-Mitglieder anziehen. Wenn du damit zu lange wartest, ist dein Projekt wahrscheinlich schon tot, wenn du es startest. Und das willst du nicht. Denn gerade je mehr Aktivit\u00e4t du am Anfang erzeugst, desto schneller wirst du mehr organisch interessierte Mitglieder anziehen. Also warte nicht und fang jetzt an!<\/p>\n<h2>Was bekomme ich mit dem Discord-Aktivit\u00e4tenpaket?<\/h2>\n<p>Je nach Projekt und Wahl kannst du entscheiden, wie viel Aktivit\u00e4t du erzeugen m\u00f6chtest. Aktivit\u00e4t bedeutet einfach, dass unsere Mitglieder anfangen, Nachrichten auf deinem Server zu schreiben und anderen Mitgliedern zeigen, dass dein Discord-Server aktiv ist. Das wirkt sich positiv auf bestehende und neue Mitglieder aus und l\u00e4sst dein Projekt vertrauensw\u00fcrdiger erscheinen. Das spricht sowohl deine bestehenden Mitglieder als auch neue Mitglieder an.<\/p>\n<p>Du kannst aus den folgenden Paketen w\u00e4hlen:<\/p>\n<table>\n<tbody>\n<tr>\n<th>Paket<\/th>\n<th>Tage<\/th>\n<th>Nachrichten<\/th>\n<th>Mitglieder<\/th>\n<\/tr>\n<tr>\n<td><strong>\ud83d\udfe4 Bronze 7<\/strong><\/td>\n<td>7<\/td>\n<td>40 pro Tag, 280+ insgesamt<\/td>\n<td>10 bis 20<\/td>\n<\/tr>\n<tr>\n<td><strong>\u26aa\ufe0f\u26aa\ufe0f Silber 7<\/strong><\/td>\n<td>7<\/td>\n<td>80 pro Tag, 560+ insgesamt<\/td>\n<td>20 bis 40<\/td>\n<\/tr>\n<tr>\n<td><strong>\ud83d\udfe1\ud83d\udfe1\ud83d\udfe1 Gold 7<\/strong><\/td>\n<td>7<\/td>\n<td>120 pro Tag, 840+ insgesamt<\/td>\n<td>40 bis 80<\/td>\n<\/tr>\n<tr>\n<td><strong>\u26ab\ufe0f\u26ab\ufe0f\u26ab\ufe0f\u26ab\ufe0f Platin 7<\/strong><\/td>\n<td>7<\/td>\n<td>240 pro Tag, 1680+ insgesamt<\/td>\n<td>80 bis 160<\/td>\n<\/tr>\n<tr>\n<td><strong>\ud83d\udfe4 Bronze 28<\/strong><\/td>\n<td>28<\/td>\n<td>40 pro Tag, 1.200+ insgesamt<\/td>\n<td>10 bis 20<\/td>\n<\/tr>\n<tr>\n<td><strong>\u26aa\ufe0f\u26aa\ufe0f Silber 28<\/strong><\/td>\n<td>28<\/td>\n<td>80 pro Tag, 2.400+ insgesamt<\/td>\n<td>20 bis 40<\/td>\n<\/tr>\n<tr>\n<td><strong>\ud83d\udfe1\ud83d\udfe1\ud83d\udfe1 Gold 28<\/strong><\/td>\n<td>28<\/td>\n<td>120 pro Tag, 3.600+ insgesamt<\/td>\n<td>40 bis 80<\/td>\n<\/tr>\n<tr>\n<td><strong>\u26ab\ufe0f\u26ab\ufe0f\u26ab\ufe0f\u26ab\ufe0f Platin 28<\/strong><\/td>\n<td>28<\/td>\n<td>240 pro Tag, 7.200+ insgesamt<\/td>\n<td>80 bis 160<\/td>\n<\/tr>\n<\/tbody>\n<\/table>\n<h2>Sind die Mitglieder offline oder online?<\/h2>\n<p>Die Discord-Mitglieder, die auf deinem Server Nachrichten schreiben, werden die meiste Zeit, die du sie bestellst, online sein. Je nach Paket sind es also 7 oder 28 Tage. Das bedeutet, dass sie auf deinem Server als Online-Mitglieder sichtbar sind.<\/p>\n<p>Nachdem die Lieferung von unserer Seite aus erfolgt ist, gehen die Mitglieder offline oder verlassen deinen Server wieder leise. Wenn alles gut geht, wirst du dann mehr Aktivit\u00e4t von organischen Mitgliedern haben, so dass es nicht auff\u00e4llt, dass Mitglieder verschwunden sind.<\/p>\n<p>Wir empfehlen, zus\u00e4tzlich zu den Online-Mitgliedern immer auch Offline-Discord-Mitglieder hinzuzuf\u00fcgen. Schlie\u00dflich w\u00fcrde es nicht zuverl\u00e4ssig aussehen, wenn du nur Online-Discord-Mitglieder hast. Ein guter Discord-Server enth\u00e4lt sowohl aktive Online- als auch Offline-Mitglieder.<\/p>\n<p>M\u00f6chtest du auch Offline-Mitglieder des Discord-Servers hinzuf\u00fcgen? Dann f\u00fcge auch hinzu <a href=\"https:\/\/www.likes-kopen.nl\/discord-members-kopen\/\"><br \/>\n  <span style=\"text-decoration: underline;\">offline Discord Server Mitglieder<\/span><br \/>\n<\/a> zu deiner Bestellung.<\/p>\n<h2>Ist der Kauf eines Discord-Aktivit\u00e4tspakets strafbar?<\/h2>\n<p>Wir werden regelm\u00e4\u00dfig gefragt, ob der Kauf von Discord-Aktivit\u00e4ten auf deinem Server verl\u00e4sslich und nicht strafbar ist. Discord schreibt n\u00e4mlich im Kleingedruckten, dass es dir nicht erlaubt ist, deinen Server durch Dritte zu beeinflussen.<\/p>\n<p>Das ist eigentlich ganz normal und es ist sogar erlaubt, dass du Bots auf deinem Server einsetzt. Discord m\u00f6chte jedoch, dass die Profile, die du bei uns benutzt, als Bots und nicht als Mitglieder markiert werden. Wir k\u00f6nnen dir jedoch versichern, dass die Mitglieder, die du bei uns kaufst, 100% echt und aktiv sind.<\/p>\n<p>Das macht den Kauf eines Discord-Aktivit\u00e4tspakets absolut sicher und zuverl\u00e4ssig. Au\u00dferdem ist der Kauf von Discord-Boostern v\u00f6llig legal und daher nicht strafbar. Weitere Informationen findest du in der <a href=\"https:\/\/www.acm.nl\/nl\" target=\"_blank\" rel=\"noopener\">ACM<\/a>.<\/p>\n<h2>Wie schnell erhalte ich die ersten Nachrichten?<\/h2>\n<p>Normalerweise wird dein Auftrag fast sofort nach der Bestellung ausgef\u00fchrt. Manchmal kann dies bis zu 24 Stunden dauern. Da wir organische Profile verwenden, k\u00f6nnen wir leider keine genaue Startzeit angeben.<\/p>\n<h2>Brauchst du meine Anmeldedaten?<\/h2>\n<p>Nein, wir brauchen sie nicht. Alles, was wir brauchen, ist ein Einladungslink von deinem Discord-Server. Dieser Link sollte dauerhaft sein. Das bedeutet, dass der Link NICHT ablaufen darf.<\/p>\n<h2>Sind die Discord Profile echt?<\/h2>\n<p>In den meisten F\u00e4llen verwenden wir echte Profile. Diese sind mit einem Profilbild versehen. Discord-Mitglieder werden auf deinem Server landen und echte Nachrichten schreiben und Interesse an deinem Projekt zeigen. Sie ist also ideal f\u00fcr Krypto\/NFT-Projekte geeignet.<\/p>\n<h2>Bekomme ich eine Garantie auf mein Discord-Aktivit\u00e4tspaket?<\/h2>\n<p>Ja, beim Kauf von Discord-Mitgliedern, die Aktivit\u00e4t erzeugen, bekommst du eine 90-Tage-Garantie. Diese Garantie besteht aus einer 90-t\u00e4gigen Zufriedenheitsgarantie und einer 90-t\u00e4gigen Nachf\u00fcllgarantie. Das macht den Kauf von Mitgliedern f\u00fcr deinen Discord Server absolut sicher und zuverl\u00e4ssig.<\/p>\n<p>Die Algorithmen der Plattformen \u00e4ndern sich st\u00e4ndig. Was gestern funktioniert hat, funktioniert heute nicht mehr. Deshalb ist es wichtig, st\u00e4ndig zu innovieren und zu wachsen. Deinen Discord-Server zu vergr\u00f6\u00dfern und Aktivit\u00e4t zu erzeugen ist eine davon.<\/p>\n<p>Der beste Tag, um einen Baum zu pflanzen, war vor 20 Jahren. Der zweitbeste Tag ist heute. Worauf wartest du also noch? Fange heute an, einen Baum auf deinem Discord-Server zu pflanzen, und ernte in ein paar Monaten die Fr\u00fcchte!<\/p>\n","protected":false},"excerpt":{"rendered":"<p><a href=\"https:\/\/www.likes-kopen.nl\/discord-berichten-kopen\/#tab-description\">Siehe, was jedes Paket enth\u00e4lt<\/a><\/p>\n","protected":false},"featured_media":49338,"comment_status":"open","ping_status":"closed","template":"","meta":{"site-sidebar-layout":"default","site-content-layout":"default","ast-site-content-layout":"default","site-content-style":"default","site-sidebar-style":"default","ast-global-header-display":"","ast-banner-title-visibility":"","ast-main-header-display":"","ast-hfb-above-header-display":"","ast-hfb-below-header-display":"","ast-hfb-mobile-header-display":"","site-post-title":"","ast-breadcrumbs-content":"","ast-featured-img":"","footer-sml-layout":"","ast-disable-related-posts":"","theme-transparent-header-meta":"default","adv-header-id-meta":"","stick-header-meta":"default","header-above-stick-meta":"","header-main-stick-meta":"","header-below-stick-meta":"","astra-migrate-meta-layouts":"default","ast-page-background-enabled":"default","ast-page-background-meta":{"desktop":{"background-color":"","background-image":"","background-repeat":"repeat","background-position":"center center","background-size":"auto","background-attachment":"scroll","background-type":"","background-media":"","overlay-type":"","overlay-color":"","overlay-opacity":"","overlay-gradient":""},"tablet":{"background-color":"","background-image":"","background-repeat":"repeat","background-position":"center center","background-size":"auto","background-attachment":"scroll","background-type":"","background-media":"","overlay-type":"","overlay-color":"","overlay-opacity":"","overlay-gradient":""},"mobile":{"background-color":"","background-image":"","background-repeat":"repeat","background-position":"center center","background-size":"auto","background-attachment":"scroll","background-type":"","background-media":"","overlay-type":"","overlay-color":"","overlay-opacity":"","overlay-gradient":""}},"ast-content-background-meta":{"desktop":{"background-color":"var(--ast-global-color-5)","background-image":"","background-repeat":"repeat","background-position":"center center","background-size":"auto","background-attachment":"scroll","background-type":"","background-media":"","overlay-type":"","overlay-color":"","overlay-opacity":"","overlay-gradient":""},"tablet":{"background-color":"var(--ast-global-color-5)","background-image":"","background-repeat":"repeat","background-position":"center center","background-size":"auto","background-attachment":"scroll","background-type":"","background-media":"","overlay-type":"","overlay-color":"","overlay-opacity":"","overlay-gradient":""},"mobile":{"background-color":"var(--ast-global-color-5)","background-image":"","background-repeat":"repeat","background-position":"center center","background-size":"auto","background-attachment":"scroll","background-type":"","background-media":"","overlay-type":"","overlay-color":"","overlay-opacity":"","overlay-gradient":""}}},"product_brand":[],"product_cat":[836,834],"product_tag":[838,840,845],"class_list":{"0":"post-52765","1":"product","2":"type-product","3":"status-publish","4":"has-post-thumbnail","6":"product_cat-discord-de","7":"product_cat-krypto","8":"product_tag-discord-de","9":"product_tag-discord-nachrichten","10":"product_tag-discord-nachrichten-kaufen","11":"desktop-align-center","12":"tablet-align-center","13":"mobile-align-center","14":"ast-product-gallery-layout-first-image-large","15":"ast-product-gallery-with-no-image","16":"ast-magnify-disabled","17":"ast-product-single-variable","18":"ast-product-tabs-layout-horizontal","20":"first","21":"instock","22":"sale","23":"taxable","24":"shipping-taxable","25":"purchasable","26":"product-type-variable"},"_links":{"self":[{"href":"https:\/\/www.likes-kopen.nl\/de\/wp-json\/wp\/v2\/product\/52765","targetHints":{"allow":["GET"]}}],"collection":[{"href":"https:\/\/www.likes-kopen.nl\/de\/wp-json\/wp\/v2\/product"}],"about":[{"href":"https:\/\/www.likes-kopen.nl\/de\/wp-json\/wp\/v2\/types\/product"}],"replies":[{"embeddable":true,"href":"https:\/\/www.likes-kopen.nl\/de\/wp-json\/wp\/v2\/comments?post=52765"}],"wp:featuredmedia":[{"embeddable":true,"href":"https:\/\/www.likes-kopen.nl\/de\/wp-json\/wp\/v2\/media\/49338"}],"wp:attachment":[{"href":"https:\/\/www.likes-kopen.nl\/de\/wp-json\/wp\/v2\/media?parent=52765"}],"wp:term":[{"taxonomy":"product_brand","embeddable":true,"href":"https:\/\/www.likes-kopen.nl\/de\/wp-json\/wp\/v2\/product_brand?post=52765"},{"taxonomy":"product_cat","embeddable":true,"href":"https:\/\/www.likes-kopen.nl\/de\/wp-json\/wp\/v2\/product_cat?post=52765"},{"taxonomy":"product_tag","embeddable":true,"href":"https:\/\/www.likes-kopen.nl\/de\/wp-json\/wp\/v2\/product_tag?post=52765"}],"curies":[{"name":"wp","href":"https:\/\/api.w.org\/{rel}","templated":true}]}}