{"id":52666,"date":"2021-08-27T07:15:47","date_gmt":"2021-08-27T06:15:47","guid":{"rendered":"https:\/\/www.likes-kopen.nl\/product\/instagram-post-likes-hq\/"},"modified":"2025-02-03T08:38:41","modified_gmt":"2025-02-03T07:38:41","slug":"instagram-likes-hq","status":"publish","type":"product","link":"https:\/\/www.likes-kopen.nl\/de\/instagram-likes-hq\/","title":{"rendered":"Instagram Post Likes (HQ) Kaufen"},"content":{"rendered":"<p>Hochwertige Likes f\u00fcr ein Foto zu kaufen, verst\u00f6\u00dft gegen die Instagram-Richtlinien. Der Kauf erfolgt also auf eigene Gefahr.<\/p>\n<p>Bevorzugst du regelm\u00e4\u00dfige Likes f\u00fcr deine Instagram-Posts? In diesem Fall kannst du <a href=\"https:\/\/www.likes-kopen.nl\/instagram-likes-kopen\/\">Instagram-Likes kaufen<\/a>!<\/p>\n<p>Wir liefern schnell die gew\u00fcnschte Anzahl von Likes. Die Likes sind 100% stabil und von hoher Qualit\u00e4t. Sie erhalten auch Garantie und Support!<br \/>\n<img decoding=\"async\" class=\"alignnone size-full wp-image-10742\" src=\"https:\/\/www.likes-kopen.nl\/wp-content\/uploads\/\/2019\/09\/likes-kopen-voor-een-instagram-foto-voor-en-na-effect.jpg\" alt=\"Kauf von Likes, vor und nach dem Effekt\" width=\"530\" height=\"300\" srcset=\"https:\/\/www.likes-kopen.nl\/wp-content\/uploads\/2019\/09\/likes-kopen-voor-een-instagram-foto-voor-en-na-effect.jpg 530w, https:\/\/www.likes-kopen.nl\/wp-content\/uploads\/2019\/09\/likes-kopen-voor-een-instagram-foto-voor-en-na-effect-510x289.jpg 510w, https:\/\/www.likes-kopen.nl\/wp-content\/uploads\/2019\/09\/likes-kopen-voor-een-instagram-foto-voor-en-na-effect-300x170.jpg 300w\" sizes=\"(max-width: 530px) 100vw, 530px\" \/><\/p>\n<p>&nbsp;<\/p>\n<h2>Merkmale dieses Produkts:<\/h2>\n<ul>\n<li>Hohe Qualit\u00e4t<\/li>\n<li>Normalerweise innerhalb einer Stunde geliefert<\/li>\n<li>100% stabil, mit Garantie<\/li>\n<li>Beste verf\u00fcgbare Qualit\u00e4t<\/li>\n<li>International<\/li>\n<\/ul>\n<p>&nbsp;<\/p>\n<h2>Wie man den Link bereitstellt<\/h2>\n<p>Handy\/Tablet: Auf dem Handy oder Tablet klickst du auf das Bild (in der App). Oben rechts sehen Sie die 3 Punkte. Wenn Sie darauf klicken, \u00f6ffnet sich ein Men\u00fc. Klicken Sie dann auf &#8222;Link kopieren&#8220;.<br \/>\nHalten Sie dann auf unserer Website das Feld gedr\u00fcckt, in das der Link oder die URL eingegeben werden soll, und w\u00e4hlen Sie Einf\u00fcgen.<\/p>\n<p><img decoding=\"async\" class=\"alignnone size-full wp-image-10743\" src=\"https:\/\/www.likes-kopen.nl\/wp-content\/uploads\/\/2019\/09\/hoe-de-link-kopieren-instagram-foto.jpg\" alt=\"instagram foto wie man link kopiert\" width=\"720\" height=\"188\" srcset=\"https:\/\/www.likes-kopen.nl\/wp-content\/uploads\/2019\/09\/hoe-de-link-kopieren-instagram-foto.jpg 720w, https:\/\/www.likes-kopen.nl\/wp-content\/uploads\/2019\/09\/hoe-de-link-kopieren-instagram-foto-510x133.jpg 510w, https:\/\/www.likes-kopen.nl\/wp-content\/uploads\/2019\/09\/hoe-de-link-kopieren-instagram-foto-300x78.jpg 300w, https:\/\/www.likes-kopen.nl\/wp-content\/uploads\/2019\/09\/hoe-de-link-kopieren-instagram-foto-462x121.jpg 462w\" sizes=\"(max-width: 720px) 100vw, 720px\" \/><\/p>\n<p>\u00dcber den PC (Desktop\/Laptop) kannst du die URL des Instagram-Fotos einfach kopieren und einf\u00fcgen, aber auf dem Handy oder Tablet funktioniert es etwas anders.<\/p>\n<p>&nbsp;<\/p>\n<h2><\/h2>\n<h2>Lieferzeit von HQ likes<\/h2>\n<p>Die Lieferzeit h\u00e4ngt von der gew\u00e4hlten Anzahl ab. 100 Likes sind innerhalb weniger Stunden da. 5000 Likes k\u00f6nnen einen Tag oder manchmal auch zwei Tage dauern. Wir bearbeiten alle Bestellungen manuell. Wir verwenden keine Roboter, um Bestellungen zu bearbeiten. Auf diese Weise k\u00f6nnen wir \u00fcberwachen, ob alles gut l\u00e4uft. Sobald du von uns eine E-Mail mit einem Screenshot zur\u00fcckbekommst, der die aktuelle Anzahl der Likes anzeigt, beginnen wir mit der Auslieferung und sie sind schon bald da.<\/p>\n<p>&nbsp;<\/p>\n<h2>Woher kommen die HQ-Likes?<\/h2>\n<p>Wir haben ein globales Netzwerk, das wir nutzen. Das bedeutet also, dass die Leute, denen dein Foto gef\u00e4llt, aus verschiedenen L\u00e4ndern kommen k\u00f6nnen. Leider sind keine niederl\u00e4ndischen Instagram Likes darunter, denn das ist derzeit noch nicht m\u00f6glich. Sobald sie das tun, werden wir sie nat\u00fcrlich sofort anbieten. Fr\u00fcher waren sie k\u00e4uflich zu erwerben, aber durch das j\u00fcngste Instagram Update ist das nicht mehr m\u00f6glich.<\/p>\n<p>&nbsp;<\/p>\n<h2>Wie stabil bleibt der Z\u00e4hler<\/h2>\n<p>Die an uns gelieferten Likes sind 100% stabil. Das bedeutet, dass keine Likes abfallen werden. Sollte das aus irgendeinem Grund passieren, f\u00fcllen wir sie kostenlos wieder auf, damit du immer die bestellte Anzahl erreichst.<\/p>\n<p>&nbsp;<\/p>\n<h2>Wie ist die Qualit\u00e4t der Profile<\/h2>\n<p>Im Vergleich zu den Standard-Likes sind die High Quality-Likes von viel besserer Qualit\u00e4t. Die Standard-Likes sind nicht schlecht. Sie sind einfach Standard. Die hochwertigen Likes hingegen sind von hoher Qualit\u00e4t. Eines ist sicher: Sie sind 100% stabil und k\u00f6nnen deinem Profil nicht schaden. Wir sind seit 2013 im Gesch\u00e4ft und haben bereits mehr als 15.000 Auftr\u00e4ge bearbeitet. Wir sind also definitiv die Experten auf diesem Gebiet.<\/p>\n<p>&nbsp;<\/p>\n<h2>Ist es klug, Likes zu kaufen<\/h2>\n<p>Es ist definitiv schlau, Instagram-Likes zu kaufen! Das liegt daran, dass dein Profil viel attraktiver aussieht und es daher wahrscheinlicher ist, dass die Leute dir folgen oder einen deiner Beitr\u00e4ge m\u00f6gen. Au\u00dferdem wird dein Beitrag auch \u00fcber die Suchfunktion von Instagram besser gefunden, wenn du die <a href=\"https:\/\/www.likes-kopen.nl\/social-media-tips\/nut-hashtags-instagram\/\">richtigen Hashtags verwendest<\/a>. Wenn du also dein Profil deutlich vergr\u00f6\u00dfern und mehr Interaktion bekommen willst, dann ist es eine gute Idee, Instagram Likes zu kaufen!<\/p>\n<p>&nbsp;<\/p>\n<h2>Verschiedene Mengen bestellen<\/h2>\n<p>Bei uns kannst du zwischen kleinen und gro\u00dfen Mengen w\u00e4hlen. Wenn du zum Beispiel 200 Likes f\u00fcr dein Foto bestellst, bekommst du auch 200 Likes f\u00fcr dein Foto. Die kleinste Anzahl, die wir derzeit liefern, sind 100 pro Foto. Wenn du eine geringere Anzahl von Likes kaufen m\u00f6chtest, und das vielleicht f\u00fcr mehrere Fotos auf einmal, empfehlen wir dir unser Like-Paket. Mit dem Like-Paket kannst du mehrere Fotos gleichzeitig liken lassen, um deinem Profil einen guten Schub zu geben.<\/p>\n","protected":false},"excerpt":{"rendered":"<p>\u2705 Kaufe Likes f\u00fcr 1 bestimmtes Instagram-Foto<br \/>\n\u2b50 Schnell und sicher bestellen<br \/>\n\u2b50 Auswahl an Likes f\u00fcr:<br \/>\n<span style=\"text-decoration: underline;\"><a href=\"https:\/\/www.likes-kopen.nl\/instagram-reels-likes-kopen\/\">Rollen<\/a><\/span> | <span style=\"text-decoration: underline;\"><a href=\"https:\/\/www.likes-kopen.nl\/instagram-igtv-likes-kopen\/\">IGTV<\/a><\/span> | <span style=\"text-decoration: underline;\"><a href=\"https:\/\/www.likes-kopen.nl\/instagram-likes-kopen\/\">Normale Beitr\u00e4ge<\/a><\/span><\/p>\n","protected":false},"featured_media":49296,"comment_status":"open","ping_status":"closed","template":"","meta":{"site-sidebar-layout":"default","site-content-layout":"default","ast-site-content-layout":"default","site-content-style":"default","site-sidebar-style":"default","ast-global-header-display":"","ast-banner-title-visibility":"","ast-main-header-display":"","ast-hfb-above-header-display":"","ast-hfb-below-header-display":"","ast-hfb-mobile-header-display":"","site-post-title":"","ast-breadcrumbs-content":"","ast-featured-img":"","footer-sml-layout":"","ast-disable-related-posts":"","theme-transparent-header-meta":"default","adv-header-id-meta":"","stick-header-meta":"default","header-above-stick-meta":"","header-main-stick-meta":"","header-below-stick-meta":"","astra-migrate-meta-layouts":"default","ast-page-background-enabled":"default","ast-page-background-meta":{"desktop":{"background-color":"","background-image":"","background-repeat":"repeat","background-position":"center center","background-size":"auto","background-attachment":"scroll","background-type":"","background-media":"","overlay-type":"","overlay-color":"","overlay-opacity":"","overlay-gradient":""},"tablet":{"background-color":"","background-image":"","background-repeat":"repeat","background-position":"center center","background-size":"auto","background-attachment":"scroll","background-type":"","background-media":"","overlay-type":"","overlay-color":"","overlay-opacity":"","overlay-gradient":""},"mobile":{"background-color":"","background-image":"","background-repeat":"repeat","background-position":"center center","background-size":"auto","background-attachment":"scroll","background-type":"","background-media":"","overlay-type":"","overlay-color":"","overlay-opacity":"","overlay-gradient":""}},"ast-content-background-meta":{"desktop":{"background-color":"var(--ast-global-color-5)","background-image":"","background-repeat":"repeat","background-position":"center center","background-size":"auto","background-attachment":"scroll","background-type":"","background-media":"","overlay-type":"","overlay-color":"","overlay-opacity":"","overlay-gradient":""},"tablet":{"background-color":"var(--ast-global-color-5)","background-image":"","background-repeat":"repeat","background-position":"center center","background-size":"auto","background-attachment":"scroll","background-type":"","background-media":"","overlay-type":"","overlay-color":"","overlay-opacity":"","overlay-gradient":""},"mobile":{"background-color":"var(--ast-global-color-5)","background-image":"","background-repeat":"repeat","background-position":"center center","background-size":"auto","background-attachment":"scroll","background-type":"","background-media":"","overlay-type":"","overlay-color":"","overlay-opacity":"","overlay-gradient":""}}},"product_brand":[],"product_cat":[470,469],"product_tag":[],"class_list":{"0":"post-52666","1":"product","2":"type-product","3":"status-publish","4":"has-post-thumbnail","6":"product_cat-instagram-de","7":"product_cat-hohe-qualitat-100-echt","8":"desktop-align-center","9":"tablet-align-center","10":"mobile-align-center","11":"ast-product-gallery-layout-first-image-large","12":"ast-product-gallery-with-no-image","13":"ast-magnify-disabled","14":"ast-product-single-variable","15":"ast-product-tabs-layout-horizontal","17":"first","18":"instock","19":"sale","20":"taxable","21":"shipping-taxable","22":"purchasable","23":"product-type-variable"},"_links":{"self":[{"href":"https:\/\/www.likes-kopen.nl\/de\/wp-json\/wp\/v2\/product\/52666","targetHints":{"allow":["GET"]}}],"collection":[{"href":"https:\/\/www.likes-kopen.nl\/de\/wp-json\/wp\/v2\/product"}],"about":[{"href":"https:\/\/www.likes-kopen.nl\/de\/wp-json\/wp\/v2\/types\/product"}],"replies":[{"embeddable":true,"href":"https:\/\/www.likes-kopen.nl\/de\/wp-json\/wp\/v2\/comments?post=52666"}],"wp:featuredmedia":[{"embeddable":true,"href":"https:\/\/www.likes-kopen.nl\/de\/wp-json\/wp\/v2\/media\/49296"}],"wp:attachment":[{"href":"https:\/\/www.likes-kopen.nl\/de\/wp-json\/wp\/v2\/media?parent=52666"}],"wp:term":[{"taxonomy":"product_brand","embeddable":true,"href":"https:\/\/www.likes-kopen.nl\/de\/wp-json\/wp\/v2\/product_brand?post=52666"},{"taxonomy":"product_cat","embeddable":true,"href":"https:\/\/www.likes-kopen.nl\/de\/wp-json\/wp\/v2\/product_cat?post=52666"},{"taxonomy":"product_tag","embeddable":true,"href":"https:\/\/www.likes-kopen.nl\/de\/wp-json\/wp\/v2\/product_tag?post=52666"}],"curies":[{"name":"wp","href":"https:\/\/api.w.org\/{rel}","templated":true}]}}