{"id":52638,"date":"2022-02-19T15:44:25","date_gmt":"2022-02-19T14:44:25","guid":{"rendered":"https:\/\/www.likes-kopen.nl\/product\/twitch-follower\/"},"modified":"2025-01-27T15:45:11","modified_gmt":"2025-01-27T14:45:11","slug":"twitch-follower-kaufen","status":"publish","type":"product","link":"https:\/\/www.likes-kopen.nl\/de\/twitch-follower-kaufen\/","title":{"rendered":"Twitch-Follower kaufen \ud83d\ude80"},"content":{"rendered":"<p>Steigere deinen Twitch Kanal durch den Kauf von Twitch Followern!<\/p>\n<h2>Warum Twitch Follower kaufen?<\/h2>\n<p>Der Kauf von Twitch Followern kann deinem Kanal einen gigantischen Schub geben. Schlie\u00dflich sieht ein Profil, das mehr Follower hat, beliebter und damit attraktiver f\u00fcr neue Follower aus.<\/p>\n<p>Wenn du auf Twitch wachsen willst, brauchst du mehr Follower. Und der Kauf von Twitch Followern sorgt daf\u00fcr, dass du deinem Profil einen Schub in die richtige Richtung gibst! In jedem Fall sind mehr Twitch Follower sogar unbestreitbar f\u00fcr weiteres Wachstum.<\/p>\n<h2>Wie funktioniert der Kauf von Twitch Followern?<\/h2>\n<p>Sobald du angegeben hast, wie viele Follower du an deinen Twitch Kanal &#8222;schicken&#8220; m\u00f6chtest und deine Bestellung abgeschlossen hast, beginnen wir sofort mit der Arbeit f\u00fcr dich. Wir bewerben deinen Kanal dann in einem gro\u00dfen Netzwerk. Dadurch werden verschiedene Twitch Follower anfangen, deinem Kanal zu folgen.<\/p>\n<p>Sobald die von dir bestellte Anzahl an Followern erreicht ist, werden wir dich benachrichtigen, dass deine Bestellung ausgeliefert worden ist. Dann kannst du jetzt einen Twitch Kanal mit sofort mehr Followern genie\u00dfen.<\/p>\n<h2>Welche Art von Anh\u00e4ngern werde ich bekommen?<\/h2>\n<p>Die Follower, die deinem Twitch Kanal folgen werden, sind alle von echten Profilen. Wir verwalten diese Profile nicht. Wir k\u00f6nnen also auch nach deiner Bestellung keine Follower mehr l\u00f6schen.<\/p>\n<p>Der Zweck dieser Profile besteht haupts\u00e4chlich darin, die Anzahl der Follower auf deinem Profil zu erh\u00f6hen. Wir achten also nicht so sehr auf die Qualit\u00e4t der Profile, sondern eher auf ihre Haltbarkeit. Das bedeutet: Wie lange wird dieser Follower dir noch folgen? Unserer Erfahrung nach folgen diese Profile deinem Kanal im Grunde f\u00fcr immer.<\/p>\n<h2>Ist der Kauf von Twitch Followern sicher?<\/h2>\n<p>Der Kauf von Twitch Followern ist absolut sicher. Wir geben deine Daten niemals an Twitch oder andere \u00e4hnliche Parteien weiter. So wird Twitch nie herausfinden, dass du Twitch Follower bei uns kaufst. Au\u00dferdem ist es bei uns noch nie vorgekommen, dass ein Konto gesperrt wurde.<\/p>\n<p>Au\u00dferdem bekommst du eine 90-t\u00e4gige Zufriedenheitsgarantie auf alle deine Bestellungen. Das Risiko liegt also ganz bei uns!<\/p>\n<h2>Kann ich auch Twitch Live Views bestellen?<\/h2>\n<p>Du kannst auch Twitch Live Views bei uns bestellen. Das kannst du schon ab 30 Minuten Betrachtungszeit tun! Du kannst sie hinzuf\u00fcgen, indem du die Nummer bei den Followern unter der \u00dcberschrift &#8222;JA! F\u00fcge auch Live Views (30 Minuten) hinzu!&#8216;<\/p>\n<h2>Kann ich auch andere soziale Medienkan\u00e4le boosten?<\/h2>\n<p>Ja, wenn du zum Beispiel auch auf YouTube aktiv bist, kannst du <span style=\"text-decoration: underline;\"><br \/>\n  <a href=\"https:\/\/www.likes-kopen.nl\/youtube-abonnees-kopen\/\">Abonnenten f\u00fcr deinen Kanal<\/a><br \/>\n<\/span> bestellen. Bist du auf Instagram aktiv? Dann solltest du einen Blick auf die <span style=\"text-decoration: underline;\"><a href=\"https:\/\/www.likes-kopen.nl\/instagram-volgers-kopen\/\">Instagram Follower<\/a><\/span> werfen .<\/p>\n<div id=\"gtx-trans\" style=\"position: absolute; left: 255px; top: 954.336px;\">\n<div class=\"gtx-trans-icon\"><\/div>\n<\/div>\n","protected":false},"excerpt":{"rendered":"<p>Steigere deinen Twitch Kanal durch den Kauf von Twitch Followern! Warum Twitch Follower kaufen? Der Kauf von Twitch Followern kann deinem Kanal einen gigantischen Schub geben. Schlie\u00dflich sieht ein Profil, das mehr Follower hat, beliebter und damit attraktiver f\u00fcr neue Follower aus. Wenn du auf Twitch wachsen willst, brauchst du mehr Follower. Und der Kauf [&hellip;]<\/p>\n","protected":false},"featured_media":49311,"comment_status":"open","ping_status":"closed","template":"","meta":{"site-sidebar-layout":"default","site-content-layout":"default","ast-site-content-layout":"default","site-content-style":"default","site-sidebar-style":"default","ast-global-header-display":"","ast-banner-title-visibility":"","ast-main-header-display":"","ast-hfb-above-header-display":"","ast-hfb-below-header-display":"","ast-hfb-mobile-header-display":"","site-post-title":"","ast-breadcrumbs-content":"","ast-featured-img":"","footer-sml-layout":"","ast-disable-related-posts":"","theme-transparent-header-meta":"default","adv-header-id-meta":"","stick-header-meta":"default","header-above-stick-meta":"","header-main-stick-meta":"","header-below-stick-meta":"","astra-migrate-meta-layouts":"set","ast-page-background-enabled":"default","ast-page-background-meta":{"desktop":{"background-color":"","background-image":"","background-repeat":"repeat","background-position":"center center","background-size":"auto","background-attachment":"scroll","background-type":"","background-media":"","overlay-type":"","overlay-color":"","overlay-opacity":"","overlay-gradient":""},"tablet":{"background-color":"","background-image":"","background-repeat":"repeat","background-position":"center center","background-size":"auto","background-attachment":"scroll","background-type":"","background-media":"","overlay-type":"","overlay-color":"","overlay-opacity":"","overlay-gradient":""},"mobile":{"background-color":"","background-image":"","background-repeat":"repeat","background-position":"center center","background-size":"auto","background-attachment":"scroll","background-type":"","background-media":"","overlay-type":"","overlay-color":"","overlay-opacity":"","overlay-gradient":""}},"ast-content-background-meta":{"desktop":{"background-color":"var(--ast-global-color-5)","background-image":"","background-repeat":"repeat","background-position":"center center","background-size":"auto","background-attachment":"scroll","background-type":"","background-media":"","overlay-type":"","overlay-color":"","overlay-opacity":"","overlay-gradient":""},"tablet":{"background-color":"var(--ast-global-color-5)","background-image":"","background-repeat":"repeat","background-position":"center center","background-size":"auto","background-attachment":"scroll","background-type":"","background-media":"","overlay-type":"","overlay-color":"","overlay-opacity":"","overlay-gradient":""},"mobile":{"background-color":"var(--ast-global-color-5)","background-image":"","background-repeat":"repeat","background-position":"center center","background-size":"auto","background-attachment":"scroll","background-type":"","background-media":"","overlay-type":"","overlay-color":"","overlay-opacity":"","overlay-gradient":""}}},"product_brand":[],"product_cat":[746],"product_tag":[804,801],"class_list":{"0":"post-52638","1":"product","2":"type-product","3":"status-publish","4":"has-post-thumbnail","6":"product_cat-twitch-de","7":"product_tag-kaufen-von-twitch-followern","8":"product_tag-twitch-follower","9":"desktop-align-center","10":"tablet-align-center","11":"mobile-align-center","12":"ast-product-gallery-layout-first-image-large","13":"ast-product-gallery-with-no-image","14":"ast-magnify-disabled","15":"ast-product-single-variable","16":"ast-product-tabs-layout-horizontal","18":"first","19":"instock","20":"sale","21":"taxable","22":"shipping-taxable","23":"purchasable","24":"product-type-variable"},"_links":{"self":[{"href":"https:\/\/www.likes-kopen.nl\/de\/wp-json\/wp\/v2\/product\/52638","targetHints":{"allow":["GET"]}}],"collection":[{"href":"https:\/\/www.likes-kopen.nl\/de\/wp-json\/wp\/v2\/product"}],"about":[{"href":"https:\/\/www.likes-kopen.nl\/de\/wp-json\/wp\/v2\/types\/product"}],"replies":[{"embeddable":true,"href":"https:\/\/www.likes-kopen.nl\/de\/wp-json\/wp\/v2\/comments?post=52638"}],"wp:featuredmedia":[{"embeddable":true,"href":"https:\/\/www.likes-kopen.nl\/de\/wp-json\/wp\/v2\/media\/49311"}],"wp:attachment":[{"href":"https:\/\/www.likes-kopen.nl\/de\/wp-json\/wp\/v2\/media?parent=52638"}],"wp:term":[{"taxonomy":"product_brand","embeddable":true,"href":"https:\/\/www.likes-kopen.nl\/de\/wp-json\/wp\/v2\/product_brand?post=52638"},{"taxonomy":"product_cat","embeddable":true,"href":"https:\/\/www.likes-kopen.nl\/de\/wp-json\/wp\/v2\/product_cat?post=52638"},{"taxonomy":"product_tag","embeddable":true,"href":"https:\/\/www.likes-kopen.nl\/de\/wp-json\/wp\/v2\/product_tag?post=52638"}],"curies":[{"name":"wp","href":"https:\/\/api.w.org\/{rel}","templated":true}]}}