{"id":52594,"date":"2021-12-29T20:17:22","date_gmt":"2021-12-29T19:17:22","guid":{"rendered":"https:\/\/www.likes-kopen.nl\/product\/automatische-twitter-likes\/"},"modified":"2025-01-21T07:40:39","modified_gmt":"2025-01-21T06:40:39","slug":"auto-twitter-likes","status":"publish","type":"product","link":"https:\/\/www.likes-kopen.nl\/de\/auto-twitter-likes\/","title":{"rendered":"Automatische Twitter Likes kaufen mit <span style=\"color: #ae60e1;\">Sofortige Lieferung<\/span> \ud83d\ude80  "},"content":{"rendered":"<p>In den Twitter-Richtlinien steht, dass du keine k\u00fcnstlichen Likes auf deinen Beitrag setzen solltest. Der Kauf erfolgt auf eigene Gefahr. Twitter kann deine gekauften Likes l\u00f6schen. Aus diesem Grund k\u00f6nnen wir dir die Anzahl der Likes nicht garantieren.<\/p>\n<h2>Kaufe automatische Twitter Likes f\u00fcr deinen Tweet<\/h2>\n<p>Hast du einen Beitrag auf Twitter, den du hervorheben und Aufmerksamkeit erregen m\u00f6chtest? In diesem Fall kannst du Twitter-Likes kaufen!<\/p>\n<p>Mach das jetzt mit automatischen Twitter-Likes. Der Vorteil? Du zahlst einmal im Voraus und erh\u00e4ltst Twitter-Likes so lange, wie es deine Bestellung zul\u00e4sst. W\u00e4hle im Voraus aus, wie viele Tweets automatisch geliked werden sollen, melde dich ab und erhalte dann automatisch Likes, sobald du einen neuen Tweet postest.<\/p>\n<p>&nbsp;<\/p>\n<h2>Wie erhalte ich Likes?<\/h2>\n<p>Damit dein Tweet auf Twitter automatisch geliked wird, brauchen wir nur deinen Profilnamen. Das ist dein Name, den du hinter dem @ siehst.<\/p>\n<p>Unser System scannt dann alle 30 Minuten dein Profil nach neuen Tweets. Sobald unser System einen neuen Tweet entdeckt, macht es sich sofort an die Arbeit und sendet die Likes.<\/p>\n<h2>Produktmerkmale<\/h2>\n<ul>\n<li>Du kannst aus verschiedenen Nummern w\u00e4hlen, beginnend mit 25 St\u00fcck<\/li>\n<li>Die Lieferzeit betr\u00e4gt etwa 24 Stunden pro 1.000 Likes<\/li>\n<\/ul>\n<h2>Nicht aktiv auf Twitter?<\/h2>\n<p>Schau dir hier unsere anderen Produkte an:<\/p>\n<ul>\n<li><a href=\"https:\/\/www.likes-kopen.nl\/instagram-volgers-kopen\/\">Instagram Follower kaufen<\/a><\/li>\n<li><a href=\"https:\/\/www.likes-kopen.nl\/instagram-likes-kopen\/\">Instagram-Likes kaufen<\/a><\/li>\n<li><a href=\"https:\/\/www.likes-kopen.nl\/tiktok-volgers-kopen\/\">Tiktok-Anh\u00e4nger kaufen<\/a><\/li>\n<li><a href=\"https:\/\/www.likes-kopen.nl\/tiktok-likes-kopen\/\">Tiktok mag kaufen<\/a><\/li>\n<\/ul>\n","protected":false},"excerpt":{"rendered":"<p><span style=\"font-size: 16px;\">\u2714\ufe0f Dein Tweet wird automatisch auf Twitter geliked<br \/>\n<\/span>\u2b50 <span style=\"font-size: 16px;\">ab 25 Einheiten<br \/>\n<\/span><\/p>\n","protected":false},"featured_media":49320,"comment_status":"open","ping_status":"closed","template":"","meta":{"site-sidebar-layout":"default","site-content-layout":"default","ast-site-content-layout":"default","site-content-style":"default","site-sidebar-style":"default","ast-global-header-display":"","ast-banner-title-visibility":"","ast-main-header-display":"","ast-hfb-above-header-display":"","ast-hfb-below-header-display":"","ast-hfb-mobile-header-display":"","site-post-title":"","ast-breadcrumbs-content":"","ast-featured-img":"","footer-sml-layout":"","ast-disable-related-posts":"","theme-transparent-header-meta":"default","adv-header-id-meta":"","stick-header-meta":"default","header-above-stick-meta":"","header-main-stick-meta":"","header-below-stick-meta":"","astra-migrate-meta-layouts":"default","ast-page-background-enabled":"default","ast-page-background-meta":{"desktop":{"background-color":"","background-image":"","background-repeat":"repeat","background-position":"center center","background-size":"auto","background-attachment":"scroll","background-type":"","background-media":"","overlay-type":"","overlay-color":"","overlay-opacity":"","overlay-gradient":""},"tablet":{"background-color":"","background-image":"","background-repeat":"repeat","background-position":"center center","background-size":"auto","background-attachment":"scroll","background-type":"","background-media":"","overlay-type":"","overlay-color":"","overlay-opacity":"","overlay-gradient":""},"mobile":{"background-color":"","background-image":"","background-repeat":"repeat","background-position":"center center","background-size":"auto","background-attachment":"scroll","background-type":"","background-media":"","overlay-type":"","overlay-color":"","overlay-opacity":"","overlay-gradient":""}},"ast-content-background-meta":{"desktop":{"background-color":"var(--ast-global-color-5)","background-image":"","background-repeat":"repeat","background-position":"center center","background-size":"auto","background-attachment":"scroll","background-type":"","background-media":"","overlay-type":"","overlay-color":"","overlay-opacity":"","overlay-gradient":""},"tablet":{"background-color":"var(--ast-global-color-5)","background-image":"","background-repeat":"repeat","background-position":"center center","background-size":"auto","background-attachment":"scroll","background-type":"","background-media":"","overlay-type":"","overlay-color":"","overlay-opacity":"","overlay-gradient":""},"mobile":{"background-color":"var(--ast-global-color-5)","background-image":"","background-repeat":"repeat","background-position":"center center","background-size":"auto","background-attachment":"scroll","background-type":"","background-media":"","overlay-type":"","overlay-color":"","overlay-opacity":"","overlay-gradient":""}}},"product_brand":[],"product_cat":[789],"product_tag":[790,791],"class_list":{"0":"post-52594","1":"product","2":"type-product","3":"status-publish","4":"has-post-thumbnail","6":"product_cat-twitter-de","7":"product_tag-einen-tweet-hervorheben","8":"product_tag-twitter-favoriten","9":"desktop-align-center","10":"tablet-align-center","11":"mobile-align-center","12":"ast-product-gallery-layout-first-image-large","13":"ast-product-gallery-with-no-image","14":"ast-magnify-disabled","15":"ast-product-single-variable","16":"ast-product-tabs-layout-horizontal","18":"first","19":"outofstock","20":"taxable","21":"shipping-taxable","22":"product-type-variable"},"_links":{"self":[{"href":"https:\/\/www.likes-kopen.nl\/de\/wp-json\/wp\/v2\/product\/52594","targetHints":{"allow":["GET"]}}],"collection":[{"href":"https:\/\/www.likes-kopen.nl\/de\/wp-json\/wp\/v2\/product"}],"about":[{"href":"https:\/\/www.likes-kopen.nl\/de\/wp-json\/wp\/v2\/types\/product"}],"replies":[{"embeddable":true,"href":"https:\/\/www.likes-kopen.nl\/de\/wp-json\/wp\/v2\/comments?post=52594"}],"wp:featuredmedia":[{"embeddable":true,"href":"https:\/\/www.likes-kopen.nl\/de\/wp-json\/wp\/v2\/media\/49320"}],"wp:attachment":[{"href":"https:\/\/www.likes-kopen.nl\/de\/wp-json\/wp\/v2\/media?parent=52594"}],"wp:term":[{"taxonomy":"product_brand","embeddable":true,"href":"https:\/\/www.likes-kopen.nl\/de\/wp-json\/wp\/v2\/product_brand?post=52594"},{"taxonomy":"product_cat","embeddable":true,"href":"https:\/\/www.likes-kopen.nl\/de\/wp-json\/wp\/v2\/product_cat?post=52594"},{"taxonomy":"product_tag","embeddable":true,"href":"https:\/\/www.likes-kopen.nl\/de\/wp-json\/wp\/v2\/product_tag?post=52594"}],"curies":[{"name":"wp","href":"https:\/\/api.w.org\/{rel}","templated":true}]}}