{"id":52584,"date":"2022-02-19T19:03:01","date_gmt":"2022-02-19T18:03:01","guid":{"rendered":"https:\/\/www.likes-kopen.nl\/product\/spotify-playlist-follower\/"},"modified":"2025-02-07T16:02:11","modified_gmt":"2025-02-07T15:02:11","slug":"spotify-playlist-follower-kaufen","status":"publish","type":"product","link":"https:\/\/www.likes-kopen.nl\/de\/spotify-playlist-follower-kaufen\/","title":{"rendered":"Spotify Playlist Follower kaufen"},"content":{"rendered":"<h1>Spotify Playlist Follower kaufen<\/h1>\n<p>Kaufe Spotify-Playlist-Follower f\u00fcr deine Spotify-Playlist sicher und schnell bei likes-kopen.de<\/p>\n<h2>Willst du mehr Follower f\u00fcr deine Spotify-Playlist gewinnen?<\/h2>\n<p>Dann entscheide dich daf\u00fcr, Spotify-Follower f\u00fcr deine Spotify-Playlist zu kaufen. Indem du Spotify-Follower zu deiner Playlist schickst, sorgst du daf\u00fcr, dass deine Playlist besser und schneller wahrgenommen wird. Der Z\u00e4hler, der anzeigt, wie oft deine Wiedergabeliste verfolgt wird, wird im Handumdrehen steigen!<\/p>\n<h2><img decoding=\"async\" class=\" wp-image-33575 aligncenter\" src=\"https:\/\/www.likes-kopen.nl\/wp-content\/uploads\/\/2022\/02\/Spotify-iPhone-headphones-maroon-5-819x1024.jpeg\" alt=\"\" width=\"405\" height=\"507\" srcset=\"https:\/\/www.likes-kopen.nl\/wp-content\/uploads\/2022\/02\/Spotify-iPhone-headphones-maroon-5-819x1024.jpeg 819w, https:\/\/www.likes-kopen.nl\/wp-content\/uploads\/2022\/02\/Spotify-iPhone-headphones-maroon-5-510x638.jpeg 510w, https:\/\/www.likes-kopen.nl\/wp-content\/uploads\/2022\/02\/Spotify-iPhone-headphones-maroon-5-240x300.jpeg 240w, https:\/\/www.likes-kopen.nl\/wp-content\/uploads\/2022\/02\/Spotify-iPhone-headphones-maroon-5-768x960.jpeg 768w, https:\/\/www.likes-kopen.nl\/wp-content\/uploads\/2022\/02\/Spotify-iPhone-headphones-maroon-5-1228x1536.jpeg 1228w, https:\/\/www.likes-kopen.nl\/wp-content\/uploads\/2022\/02\/Spotify-iPhone-headphones-maroon-5-1638x2048.jpeg 1638w, https:\/\/www.likes-kopen.nl\/wp-content\/uploads\/2022\/02\/Spotify-iPhone-headphones-maroon-5-462x578.jpeg 462w, https:\/\/www.likes-kopen.nl\/wp-content\/uploads\/2022\/02\/Spotify-iPhone-headphones-maroon-5.jpeg 1920w\" sizes=\"(max-width: 405px) 100vw, 405px\" \/><\/h2>\n<p>&nbsp;<\/p>\n<h3>Welchen Vorteil hat es, mehr Follower auf deiner Spotify-Playlist zu haben?<\/h3>\n<p>Mehr Follower auf deiner Spotify-Playlist zu haben, kann mehrere Vorteile haben. Das h\u00e4ngt davon ab, welches Ziel du mit deiner Playlist verfolgst.<\/p>\n<ol>\n<li><strong>Mehr Sichtbarkeit:<\/strong> Je mehr Follower deine Playlist hat, desto wahrscheinlicher ist es, dass andere deine Playlist entdecken. Wenn jemand deiner Wiedergabeliste folgt, kann sie in seiner eigenen Wiedergabeliste erscheinen, so dass mehr Leute sie sehen und ihr folgen k\u00f6nnen.<\/li>\n<li><strong>Gesteigerte Autorit\u00e4t:<\/strong> Wenn du eine Spotify-Playlist mit vielen Followern hast, kann dies deine Autorit\u00e4t und deinen Ruf in der Musikbranche st\u00e4rken. Die Leute sehen dich vielleicht als Experten f\u00fcr bestimmte Musikrichtungen oder als jemanden, der eine interessante und einzigartige Musikauswahl trifft.<\/li>\n<li><strong>Potenzielle Kollaborationen:<\/strong> Du denkst vielleicht nicht sofort daran, aber wenn du eine einflussreiche Playlist hast, kommen vielleicht Musiker und Plattenfirmen auf dich zu, um dich zu promoten oder mit dir zusammenzuarbeiten. Das k\u00f6nnte zu interessanten Kooperationen und neuen Kontakten in der Musikindustrie f\u00fchren.<\/li>\n<li><strong>Mehr Streams:<\/strong> Wenn du ein K\u00fcnstler bist und deine eigene Musik in einer beliebten Wiedergabeliste platziert hast, kann das zu mehr Streams und mehr Aufmerksamkeit f\u00fcr deine Musik f\u00fchren.<\/li>\n<\/ol>\n<p>Wenn du also mehr Follower f\u00fcr deine Spotify-Playlist hast, kannst du ein gr\u00f6\u00dferes Publikum erreichen. Au\u00dferdem kann es deinen Ruf verbessern und neue M\u00f6glichkeiten in der Musikwelt schaffen.<\/p>\n<h2>Wie funktioniert der Kauf von Spotify-Playlist-Followern?<\/h2>\n<p>Nachdem du deine Bestellung aufgegeben hast, beginnt unser System sofort f\u00fcr dich zu arbeiten. Das System bewirbt deine Spotify-Playlist bei einem gro\u00dfen Netzwerk von Fans und H\u00f6rern.<\/p>\n<p>Sie fangen dann an, deiner Wiedergabeliste zu folgen und\/oder sie zu liken, bis deine bestellte Anzahl erreicht ist. Das sind immer Follower und Likes von <strong>echten Profilen.<\/strong> Sobald deine Bestellung geliefert wurde, werden wir dich benachrichtigen.<\/p>\n<h2>Ist der Kauf von Spotify-Playlist-Followern sicher?<\/h2>\n<p>Der Kauf von Spotify-Playlist-Followern ist absolut sicher. Deine Daten sind bei uns sicher und werden nicht an Spotify oder andere Parteien weitergegeben. Spotify wird niemals herausfinden, dass du bei uns eine Bestellung aufgegeben hast. Es ist uns daher noch nie passiert, dass ein Konto gesperrt oder eine Playlist gel\u00f6scht wurde.<\/p>\n<p>Vergiss nicht, dass die ACM es nicht mag, wenn du als Unternehmen &#8222;Engagement&#8220; kaufst. Sie raten davon ab, Likes, Follower und Views f\u00fcr deine Social Media Kan\u00e4le zu bestellen. Die ACM w\u00fcrde es lieber sehen, wenn du dein Geld f\u00fcr die \u00fcberteuerten Werbeteile der Plattformen selbst ausgibst. Wir haben dich gewarnt!<\/p>\n<p>Du bekommst eine 90-t\u00e4gige Zufriedenheitsgarantie auf alle Bestellungen. Das ganze Risiko liegt also bei uns!<\/p>\n<h3>Wie schnell erhalte ich meine Spotify-Playlist-Follower?<\/h3>\n<p>In der Regel erh\u00e4ltst du innerhalb weniger Tage Spotify-Playlist-Follower f\u00fcr deine Playlist. Manchmal kann es eine Weile dauern, weil Spotify die Anzahl der Follower\/Likes nicht immer sofort aktualisiert. Denke daran, dass dies bei Spotify manchmal bis zu 72 Stunden dauern kann.<\/p>\n<h3>W\u00e4hle auch Spotify-Streams f\u00fcr deinen Track!<\/h3>\n<p>Neben der Anzahl der Follower deiner Spotify-Wiedergabeliste ist auch die Anzahl der Streams deiner Songs sehr wichtig. Dies ist eine Zahl, die immer weiter steigt. Je mehr Streams du hast, desto beliebter wird dein Lied.<\/p>\n<p><a href=\"https:\/\/www.likes-kopen.nl\/spotify-streams-kopen\/\">Entscheide dich f\u00fcr Spotify-Streams von Likes-buy.co.uk  &gt;<\/a><\/p>\n<h3>Steigere auch deine anderen Social-Media-Profile!<\/h3>\n<p>Neben Spotify ist es auch wichtig, deine anderen Social-Media-Kan\u00e4le zu bewerben. Cross Promoting nennen wir das. Entscheide dich zum Beispiel daf\u00fcr, <a href=\"https:\/\/www.likes-kopen.nl\/instagram-volgers-kopen\/\">mehr Follower f\u00fcr dein Instagram-Profil zu gewinnen<\/a>. Oder steigere dein <a href=\"https:\/\/www.likes-kopen.nl\/soundcloud-plays-kopen\/\">SoundCloud-Profil mit mehr Plays.<\/a><\/p>\n","protected":false},"excerpt":{"rendered":"<p>Spotify Playlist Follower kaufen Kaufe Spotify-Playlist-Follower f\u00fcr deine Spotify-Playlist sicher und schnell bei likes-kopen.de Willst du mehr Follower f\u00fcr deine Spotify-Playlist gewinnen? Dann entscheide dich daf\u00fcr, Spotify-Follower f\u00fcr deine Spotify-Playlist zu kaufen. Indem du Spotify-Follower zu deiner Playlist schickst, sorgst du daf\u00fcr, dass deine Playlist besser und schneller wahrgenommen wird. Der Z\u00e4hler, der anzeigt, wie [&hellip;]<\/p>\n","protected":false},"featured_media":49440,"comment_status":"open","ping_status":"closed","template":"","meta":{"site-sidebar-layout":"default","site-content-layout":"default","ast-site-content-layout":"default","site-content-style":"default","site-sidebar-style":"default","ast-global-header-display":"","ast-banner-title-visibility":"","ast-main-header-display":"","ast-hfb-above-header-display":"","ast-hfb-below-header-display":"","ast-hfb-mobile-header-display":"","site-post-title":"","ast-breadcrumbs-content":"","ast-featured-img":"","footer-sml-layout":"","ast-disable-related-posts":"","theme-transparent-header-meta":"default","adv-header-id-meta":"","stick-header-meta":"default","header-above-stick-meta":"","header-main-stick-meta":"","header-below-stick-meta":"","astra-migrate-meta-layouts":"set","ast-page-background-enabled":"default","ast-page-background-meta":{"desktop":{"background-color":"","background-image":"","background-repeat":"repeat","background-position":"center center","background-size":"auto","background-attachment":"scroll","background-type":"","background-media":"","overlay-type":"","overlay-color":"","overlay-opacity":"","overlay-gradient":""},"tablet":{"background-color":"","background-image":"","background-repeat":"repeat","background-position":"center center","background-size":"auto","background-attachment":"scroll","background-type":"","background-media":"","overlay-type":"","overlay-color":"","overlay-opacity":"","overlay-gradient":""},"mobile":{"background-color":"","background-image":"","background-repeat":"repeat","background-position":"center center","background-size":"auto","background-attachment":"scroll","background-type":"","background-media":"","overlay-type":"","overlay-color":"","overlay-opacity":"","overlay-gradient":""}},"ast-content-background-meta":{"desktop":{"background-color":"var(--ast-global-color-5)","background-image":"","background-repeat":"repeat","background-position":"center center","background-size":"auto","background-attachment":"scroll","background-type":"","background-media":"","overlay-type":"","overlay-color":"","overlay-opacity":"","overlay-gradient":""},"tablet":{"background-color":"var(--ast-global-color-5)","background-image":"","background-repeat":"repeat","background-position":"center center","background-size":"auto","background-attachment":"scroll","background-type":"","background-media":"","overlay-type":"","overlay-color":"","overlay-opacity":"","overlay-gradient":""},"mobile":{"background-color":"var(--ast-global-color-5)","background-image":"","background-repeat":"repeat","background-position":"center center","background-size":"auto","background-attachment":"scroll","background-type":"","background-media":"","overlay-type":"","overlay-color":"","overlay-opacity":"","overlay-gradient":""}}},"product_brand":[],"product_cat":[733],"product_tag":[5650,5652],"class_list":{"0":"post-52584","1":"product","2":"type-product","3":"status-publish","4":"has-post-thumbnail","6":"product_cat-spotify-de","7":"product_tag-pengikut-daftar-putar-spotify-de","8":"product_tag-pengikut-spotify-de","9":"desktop-align-center","10":"tablet-align-center","11":"mobile-align-center","12":"ast-product-gallery-layout-first-image-large","13":"ast-product-gallery-with-no-image","14":"ast-magnify-disabled","15":"ast-product-single-variable","16":"ast-product-tabs-layout-horizontal","18":"first","19":"instock","20":"sale","21":"taxable","22":"shipping-taxable","23":"purchasable","24":"product-type-variable"},"_links":{"self":[{"href":"https:\/\/www.likes-kopen.nl\/de\/wp-json\/wp\/v2\/product\/52584","targetHints":{"allow":["GET"]}}],"collection":[{"href":"https:\/\/www.likes-kopen.nl\/de\/wp-json\/wp\/v2\/product"}],"about":[{"href":"https:\/\/www.likes-kopen.nl\/de\/wp-json\/wp\/v2\/types\/product"}],"replies":[{"embeddable":true,"href":"https:\/\/www.likes-kopen.nl\/de\/wp-json\/wp\/v2\/comments?post=52584"}],"wp:featuredmedia":[{"embeddable":true,"href":"https:\/\/www.likes-kopen.nl\/de\/wp-json\/wp\/v2\/media\/49440"}],"wp:attachment":[{"href":"https:\/\/www.likes-kopen.nl\/de\/wp-json\/wp\/v2\/media?parent=52584"}],"wp:term":[{"taxonomy":"product_brand","embeddable":true,"href":"https:\/\/www.likes-kopen.nl\/de\/wp-json\/wp\/v2\/product_brand?post=52584"},{"taxonomy":"product_cat","embeddable":true,"href":"https:\/\/www.likes-kopen.nl\/de\/wp-json\/wp\/v2\/product_cat?post=52584"},{"taxonomy":"product_tag","embeddable":true,"href":"https:\/\/www.likes-kopen.nl\/de\/wp-json\/wp\/v2\/product_tag?post=52584"}],"curies":[{"name":"wp","href":"https:\/\/api.w.org\/{rel}","templated":true}]}}