{"id":52473,"date":"2022-02-11T23:55:31","date_gmt":"2022-02-11T22:55:31","guid":{"rendered":"https:\/\/www.likes-kopen.nl\/product\/automatische-tiktok-likes\/"},"modified":"2025-01-27T06:11:41","modified_gmt":"2025-01-27T05:11:41","slug":"tiktok-auto-likes","status":"publish","type":"product","link":"https:\/\/www.likes-kopen.nl\/de\/tiktok-auto-likes\/","title":{"rendered":"TikTok dazu bringen, Videos automatisch zu m\u00f6gen \ud83d\ude80"},"content":{"rendered":"<p>Automatische TikTok-Likes f\u00fcr dein TikTok-Profil kaufen? Mach das bei Likes-buying, dem besten Anbieter von Social-Media-Diensten!<\/p>\n<h2>Was bewirken die automatischen TikTok-Likes?<\/h2>\n<p>Automatische TikTok-Likes sorgen daf\u00fcr, dass deine zuk\u00fcnftigen Videos automatisch von unserem Server geliked werden. Jedes Mal, wenn du ein neues Video auf deinem TikTok-Profil postest, erh\u00e4ltst du automatisch neue TikTok-Likes daf\u00fcr.<\/p>\n<p>Unser System \u00fcberpr\u00fcft alle halbe Stunde, ob du ein neues Video gepostet hast. Sobald unser System sieht, dass du ein neues Video gepostet hast, sorgen wir daf\u00fcr, dass du fast DIREKT Likes daf\u00fcr bekommst.<\/p>\n<h2>Warum solltest du automatische TikTok-Likes kaufen?<\/h2>\n<p>Der Kauf von automatischen TikTok-Likes stellt sicher, dass du fast DIREKT wieder automatisch Likes f\u00fcr deine NEUEN TikTok-Videos bekommst. Das bedeutet, dass du, sobald du ein neues Video postest, fast sofort Likes von uns daf\u00fcr bekommst, OHNE dass du jedes Mal <a href=\"https:\/\/www.likes-kopen.nl\/tiktok-likes-kopen\/\">TikTok-Likes<\/a> bestellen musst.<\/p>\n<p>Anstatt jedes Mal Likes zu kaufen, musst du jetzt nur noch einmal ein Paket mit automatischen TikTok-Likes vorbestellen. Den Rest der Zeit kannst du dich auf das konzentrieren, was du gut kannst: Videos machen. Wir machen dann den Rest.<\/p>\n<h2>Ist der Kauf von automatischen TikTok-Likes sicher?<\/h2>\n<p>Auf jeden Fall! Wir speichern deine Daten nicht und werden sie ganz sicher nicht an TikTok weitergeben.<\/p>\n<p>Du solltest jedoch beachten, dass es laut TikTok nicht erlaubt ist, deine Videos mit &#8222;Drittanbieterprogrammen&#8220; zu beeinflussen. Das liegt daran, dass sie wollen, dass du ihre eigene (viel zu teure) Art der Werbung nutzt.<\/p>\n<p>Dar\u00fcber hinaus m\u00f6chte die ACM, dass wir Unternehmen und Influencer davor warnen, &#8222;Engagement&#8220; zu kaufen. Die ACM zielt n\u00e4mlich darauf ab, den unlauteren Wettbewerb zwischen Unternehmen zu bek\u00e4mpfen. Du kannst dir jedoch sicher sein, dass wir deine Daten NIEMALS an die ACM oder solche Parteien weitergeben werden.<\/p>\n<h2>Habe ich eine Garantie f\u00fcr den Kauf von automatischen TikTok-Likes?<\/h2>\n<p>F\u00fcr alle unsere Dienstleistungen gilt unsere standardm\u00e4\u00dfige 100% Zufriedenheitsgarantie. Das bedeutet, dass du bei uns mit Sicherheit einkaufen kannst.<\/p>\n<h2>Kann ich auch mehr Follower und Views bekommen?<\/h2>\n<p>Ja, du kannst auch dein TikTok-Profil mit mehr Followern aufwerten. Daf\u00fcr kannst du <a href=\"https:\/\/www.likes-kopen.nl\/tiktok-volgers-kopen\/\">TikTok-Follower kaufen<\/a>. Au\u00dferdem kannst du deine Videos mit TikTok-Ansichten aufwerten. Du kannst dies mit dem <a href=\"https:\/\/www.likes-kopen.nl\/tiktok-views-kopen\/\">Kauf von TikTok-Ansichten<\/a> tun. Du bekommst immer unsere ber\u00fchmte 90-t\u00e4gige 100% Zufriedenheitsgarantie auf alle Bestellungen.<\/p>\n<h2>Warum sind deine automatischen TikTok-Likes die besten?<\/h2>\n<p>Wir glauben, dass Qualit\u00e4t das Wichtigste ist. Wir sind au\u00dferdem der Meinung, dass Klarheit und Transparenz ebenfalls wichtig sind. Du bekommst eine 100% Zufriedenheitsgarantie, wenn du Automatic TikTok Likes kaufst. Das liegt daran, dass wir zu 100% an unser Produkt glauben.<\/p>\n<p>Au\u00dferdem wissen wir, wie schwierig es ist, dein TikTok-Profil aufzubauen. Automatische TikTok-Likes sind die perfekte L\u00f6sung, denn so kannst du schnell mehr Likes bekommen, w\u00e4hrend du einfach weiter dein Ding machen kannst (n\u00e4mlich Videos drehen).<\/p>\n<div id=\"gtx-trans\" style=\"position: absolute; left: 77px; top: 28.2109px;\">\n<div class=\"gtx-trans-icon\"><\/div>\n<\/div>\n","protected":false},"excerpt":{"rendered":"<p>\u2714\ufe0f Automatische TikTok-Likes kaufen<br \/>\n\u2714\ufe0f Im Voraus bestellen, geliefert bekommen, sobald du postest!<br \/>\n\u2b50 90 Tage Zufriedenheitsgarantie<\/p>\n","protected":false},"featured_media":49347,"comment_status":"open","ping_status":"closed","template":"","meta":{"site-sidebar-layout":"default","site-content-layout":"default","ast-site-content-layout":"default","site-content-style":"default","site-sidebar-style":"default","ast-global-header-display":"","ast-banner-title-visibility":"","ast-main-header-display":"","ast-hfb-above-header-display":"","ast-hfb-below-header-display":"","ast-hfb-mobile-header-display":"","site-post-title":"","ast-breadcrumbs-content":"","ast-featured-img":"","footer-sml-layout":"","ast-disable-related-posts":"","theme-transparent-header-meta":"default","adv-header-id-meta":"","stick-header-meta":"default","header-above-stick-meta":"","header-main-stick-meta":"","header-below-stick-meta":"","astra-migrate-meta-layouts":"default","ast-page-background-enabled":"default","ast-page-background-meta":{"desktop":{"background-color":"","background-image":"","background-repeat":"repeat","background-position":"center center","background-size":"auto","background-attachment":"scroll","background-type":"","background-media":"","overlay-type":"","overlay-color":"","overlay-opacity":"","overlay-gradient":""},"tablet":{"background-color":"","background-image":"","background-repeat":"repeat","background-position":"center center","background-size":"auto","background-attachment":"scroll","background-type":"","background-media":"","overlay-type":"","overlay-color":"","overlay-opacity":"","overlay-gradient":""},"mobile":{"background-color":"","background-image":"","background-repeat":"repeat","background-position":"center center","background-size":"auto","background-attachment":"scroll","background-type":"","background-media":"","overlay-type":"","overlay-color":"","overlay-opacity":"","overlay-gradient":""}},"ast-content-background-meta":{"desktop":{"background-color":"var(--ast-global-color-5)","background-image":"","background-repeat":"repeat","background-position":"center center","background-size":"auto","background-attachment":"scroll","background-type":"","background-media":"","overlay-type":"","overlay-color":"","overlay-opacity":"","overlay-gradient":""},"tablet":{"background-color":"var(--ast-global-color-5)","background-image":"","background-repeat":"repeat","background-position":"center center","background-size":"auto","background-attachment":"scroll","background-type":"","background-media":"","overlay-type":"","overlay-color":"","overlay-opacity":"","overlay-gradient":""},"mobile":{"background-color":"var(--ast-global-color-5)","background-image":"","background-repeat":"repeat","background-position":"center center","background-size":"auto","background-attachment":"scroll","background-type":"","background-media":"","overlay-type":"","overlay-color":"","overlay-opacity":"","overlay-gradient":""}}},"product_brand":[],"product_cat":[554],"product_tag":[765,766,767],"class_list":{"0":"post-52473","1":"product","2":"type-product","3":"status-publish","4":"has-post-thumbnail","6":"product_cat-tiktok-de","7":"product_tag-automatische-tiktok-likes-de","8":"product_tag-tiktok-de","9":"product_tag-tiktok-likes-kaufen","10":"desktop-align-center","11":"tablet-align-center","12":"mobile-align-center","13":"ast-product-gallery-layout-first-image-large","14":"ast-product-gallery-with-no-image","15":"ast-magnify-disabled","16":"ast-product-single-variable","17":"ast-product-tabs-layout-horizontal","19":"first","20":"outofstock","21":"taxable","22":"shipping-taxable","23":"product-type-variable"},"_links":{"self":[{"href":"https:\/\/www.likes-kopen.nl\/de\/wp-json\/wp\/v2\/product\/52473","targetHints":{"allow":["GET"]}}],"collection":[{"href":"https:\/\/www.likes-kopen.nl\/de\/wp-json\/wp\/v2\/product"}],"about":[{"href":"https:\/\/www.likes-kopen.nl\/de\/wp-json\/wp\/v2\/types\/product"}],"replies":[{"embeddable":true,"href":"https:\/\/www.likes-kopen.nl\/de\/wp-json\/wp\/v2\/comments?post=52473"}],"wp:featuredmedia":[{"embeddable":true,"href":"https:\/\/www.likes-kopen.nl\/de\/wp-json\/wp\/v2\/media\/49347"}],"wp:attachment":[{"href":"https:\/\/www.likes-kopen.nl\/de\/wp-json\/wp\/v2\/media?parent=52473"}],"wp:term":[{"taxonomy":"product_brand","embeddable":true,"href":"https:\/\/www.likes-kopen.nl\/de\/wp-json\/wp\/v2\/product_brand?post=52473"},{"taxonomy":"product_cat","embeddable":true,"href":"https:\/\/www.likes-kopen.nl\/de\/wp-json\/wp\/v2\/product_cat?post=52473"},{"taxonomy":"product_tag","embeddable":true,"href":"https:\/\/www.likes-kopen.nl\/de\/wp-json\/wp\/v2\/product_tag?post=52473"}],"curies":[{"name":"wp","href":"https:\/\/api.w.org\/{rel}","templated":true}]}}