{"id":52398,"date":"2021-08-27T06:30:55","date_gmt":"2021-08-27T05:30:55","guid":{"rendered":"https:\/\/www.likes-kopen.nl\/product\/tiktok-views-verteilt\/"},"modified":"2025-01-16T10:53:42","modified_gmt":"2025-01-16T09:53:42","slug":"tiktok-views-verteilt","status":"publish","type":"product","link":"https:\/\/www.likes-kopen.nl\/de\/tiktok-views-verteilt\/","title":{"rendered":"TikTok Views (verteilt)"},"content":{"rendered":"<div class=\"wpb-content-wrapper\"><p>[vc_row][vc_column][vc_column_text][vc_row][vc_column width=&#8220;1\/1&#8243;][vc_column_text]TikTok Views kaufen? Mit uns kannst du genau das tun! 100% risikofrei ist es nicht, weil es gegen die Richtlinien von Tiktok verst\u00f6\u00dft.<\/p>\n<p>&nbsp;<\/p>\n<h2>Warum TikTok-Ansichten (Spread) kaufen?<\/h2>\n<p>Der Kauf von Tiktok-Views sorgt daf\u00fcr, dass dein Video \u00f6fter gesehen und angesehen wird. Likes von unseren Views wirst du nicht bekommen, aber von anderen Leuten vielleicht schon.<\/p>\n<p>Denn wenn dein Tiktok-Video viele Aufrufe hat, wird es viel schneller gefunden.<\/p>\n<p>Indem du besser auffindbar bist, ziehst du mehr Aufmerksamkeit auf dich und damit nat\u00fcrlich auch <a href=\"https:\/\/www.likes-kopen.nl\/tiktok-likes-kopen\/\">mehr Likes<\/a> und <a href=\"https:\/\/www.likes-kopen.nl\/de\/tiktok-volgers-kopen-3\/\">Follower (Anh\u00e4nger)<\/a> an, und zwar nicht nur f\u00fcr ein Foto, sondern f\u00fcr deinen gesamten Kanal. So k\u00f6nnen Spiele einen positiven Beitrag leisten!<\/p>\n<p><img decoding=\"async\" class=\"alignnone size-full wp-image-12354\" src=\"https:\/\/www.likes-kopen.nl\/wp-content\/uploads\/\/2020\/03\/tiktok-kijkers-views.jpg\" alt=\"Tiktok Views\" width=\"640\" height=\"480\" srcset=\"https:\/\/www.likes-kopen.nl\/wp-content\/uploads\/2020\/03\/tiktok-kijkers-views.jpg 640w, https:\/\/www.likes-kopen.nl\/wp-content\/uploads\/2020\/03\/tiktok-kijkers-views-510x383.jpg 510w, https:\/\/www.likes-kopen.nl\/wp-content\/uploads\/2020\/03\/tiktok-kijkers-views-300x225.jpg 300w, https:\/\/www.likes-kopen.nl\/wp-content\/uploads\/2020\/03\/tiktok-kijkers-views-462x347.jpg 462w\" sizes=\"(max-width: 640px) 100vw, 640px\" \/><\/p>\n<h2>Was bedeutet &#8222;ausbreiten&#8220;?<\/h2>\n<p>Standardm\u00e4\u00dfig werden unsere Ansichten fast sofort geliefert. Bei gr\u00f6\u00dferen Zahlen kann das manchmal l\u00e4stig sein. Wenn du es vorziehst, deine Views \u00fcber einen l\u00e4ngeren Zeitraum auf dein Video zu erhalten, w\u00e4hle gestaffelte Views. Du bestimmst die Zeit, wir machen den Rest. Bitte beachte, dass wir diese Bestellungen manuell eingeben. Das bedeutet, dass die Inbetriebnahme manchmal etwas l\u00e4nger dauern kann, wenn wir deine Bestellung nicht bearbeiten k\u00f6nnen.<\/p>\n<p>Die optionalen Likes, die du ausw\u00e4hlen kannst, werden <span style=\"text-decoration: underline;\">NICHT<\/span> verteilt gesendet.<\/p>\n<h2>Wie bestellen?<\/h2>\n<p>Um die TikTok Views f\u00fcr dein Video zu liefern, m\u00fcssen wir wissen, um welches Video es sich handelt. Daf\u00fcr brauchen wir den Link (url). Mit der Tiktok-App kannst du den Link kopieren (Link teilen) und in unser Bestellformular einf\u00fcgen.<\/p>\n<ol>\n<li>Gehe zur TikTok App und klicke auf dein Profilsymbol in der unteren rechten Ecke<\/li>\n<li>Klicke auf das Video, zu dem du die Views sehen m\u00f6chtest<\/li>\n<li>Auf der rechten Seite siehst du drei Punkte, die du anklicken musst<\/li>\n<li>W\u00e4hle nun die Option &#8222;Link kopieren&#8220;, die du unter SHARE OP siehst<\/li>\n<\/ol>\n<p>Nachdem du den Link kopiert hast, musst du ihn nur noch an uns weiterleiten. Dazu h\u00e4ltst du das LINK-Feld auf dem Bestellfeld gedr\u00fcckt und w\u00e4hlst Einf\u00fcgen.<\/p>\n<p>&nbsp;<\/p>\n<h2><\/h2>\n<h2>Merkmale der Ansichten f\u00fcr Tik Tok<\/h2>\n<ul>\n<li>Lieferzeit w\u00e4hrend der B\u00fcrozeiten +\/- 1 Stunde<\/li>\n<li>100% sicher f\u00fcr dein Konto<\/li>\n<li>Nur f\u00fcr 1 Video vorgesehen<\/li>\n<li>Die Verteilung auf mehrere Videos ist nicht m\u00f6glich, du musst sie separat bestellen.<\/li>\n<\/ul>\n<p>[\/vc_column_text][\/vc_column][\/vc_row]<\/p>\n<\/div>","protected":false},"excerpt":{"rendered":"<p>\u2714\ufe0f<br \/>\n\u2b50Superschnelle Zuschauer f\u00fcr dein Video Liefergarantie<\/p>\n","protected":false},"featured_media":48983,"comment_status":"open","ping_status":"closed","template":"","meta":{"site-sidebar-layout":"default","site-content-layout":"default","ast-site-content-layout":"default","site-content-style":"default","site-sidebar-style":"default","ast-global-header-display":"","ast-banner-title-visibility":"","ast-main-header-display":"","ast-hfb-above-header-display":"","ast-hfb-below-header-display":"","ast-hfb-mobile-header-display":"","site-post-title":"","ast-breadcrumbs-content":"","ast-featured-img":"","footer-sml-layout":"","ast-disable-related-posts":"","theme-transparent-header-meta":"default","adv-header-id-meta":"","stick-header-meta":"default","header-above-stick-meta":"","header-main-stick-meta":"","header-below-stick-meta":"","astra-migrate-meta-layouts":"default","ast-page-background-enabled":"default","ast-page-background-meta":{"desktop":{"background-color":"","background-image":"","background-repeat":"repeat","background-position":"center center","background-size":"auto","background-attachment":"scroll","background-type":"","background-media":"","overlay-type":"","overlay-color":"","overlay-opacity":"","overlay-gradient":""},"tablet":{"background-color":"","background-image":"","background-repeat":"repeat","background-position":"center center","background-size":"auto","background-attachment":"scroll","background-type":"","background-media":"","overlay-type":"","overlay-color":"","overlay-opacity":"","overlay-gradient":""},"mobile":{"background-color":"","background-image":"","background-repeat":"repeat","background-position":"center center","background-size":"auto","background-attachment":"scroll","background-type":"","background-media":"","overlay-type":"","overlay-color":"","overlay-opacity":"","overlay-gradient":""}},"ast-content-background-meta":{"desktop":{"background-color":"var(--ast-global-color-5)","background-image":"","background-repeat":"repeat","background-position":"center center","background-size":"auto","background-attachment":"scroll","background-type":"","background-media":"","overlay-type":"","overlay-color":"","overlay-opacity":"","overlay-gradient":""},"tablet":{"background-color":"var(--ast-global-color-5)","background-image":"","background-repeat":"repeat","background-position":"center center","background-size":"auto","background-attachment":"scroll","background-type":"","background-media":"","overlay-type":"","overlay-color":"","overlay-opacity":"","overlay-gradient":""},"mobile":{"background-color":"var(--ast-global-color-5)","background-image":"","background-repeat":"repeat","background-position":"center center","background-size":"auto","background-attachment":"scroll","background-type":"","background-media":"","overlay-type":"","overlay-color":"","overlay-opacity":"","overlay-gradient":""}}},"product_brand":[],"product_cat":[554],"product_tag":[568],"class_list":{"0":"post-52398","1":"product","2":"type-product","3":"status-publish","4":"has-post-thumbnail","6":"product_cat-tiktok-de","7":"product_tag-musical-ly-de","8":"desktop-align-center","9":"tablet-align-center","10":"mobile-align-center","11":"ast-product-gallery-layout-first-image-large","12":"ast-magnify-disabled","13":"ast-product-single-variable","14":"ast-product-tabs-layout-horizontal","16":"first","17":"outofstock","18":"taxable","19":"shipping-taxable","20":"product-type-variable"},"_links":{"self":[{"href":"https:\/\/www.likes-kopen.nl\/de\/wp-json\/wp\/v2\/product\/52398","targetHints":{"allow":["GET"]}}],"collection":[{"href":"https:\/\/www.likes-kopen.nl\/de\/wp-json\/wp\/v2\/product"}],"about":[{"href":"https:\/\/www.likes-kopen.nl\/de\/wp-json\/wp\/v2\/types\/product"}],"replies":[{"embeddable":true,"href":"https:\/\/www.likes-kopen.nl\/de\/wp-json\/wp\/v2\/comments?post=52398"}],"wp:featuredmedia":[{"embeddable":true,"href":"https:\/\/www.likes-kopen.nl\/de\/wp-json\/wp\/v2\/media\/48983"}],"wp:attachment":[{"href":"https:\/\/www.likes-kopen.nl\/de\/wp-json\/wp\/v2\/media?parent=52398"}],"wp:term":[{"taxonomy":"product_brand","embeddable":true,"href":"https:\/\/www.likes-kopen.nl\/de\/wp-json\/wp\/v2\/product_brand?post=52398"},{"taxonomy":"product_cat","embeddable":true,"href":"https:\/\/www.likes-kopen.nl\/de\/wp-json\/wp\/v2\/product_cat?post=52398"},{"taxonomy":"product_tag","embeddable":true,"href":"https:\/\/www.likes-kopen.nl\/de\/wp-json\/wp\/v2\/product_tag?post=52398"}],"curies":[{"name":"wp","href":"https:\/\/api.w.org\/{rel}","templated":true}]}}