{"id":52390,"date":"2022-02-19T18:14:39","date_gmt":"2022-02-19T17:14:39","guid":{"rendered":"https:\/\/www.likes-kopen.nl\/product\/twitch-zuschauer-live-ansichten-30-min\/"},"modified":"2025-01-22T12:33:53","modified_gmt":"2025-01-22T11:33:53","slug":"twitch-zuschauer-kaufen","status":"publish","type":"product","link":"https:\/\/www.likes-kopen.nl\/de\/twitch-zuschauer-kaufen\/","title":{"rendered":"Twitch Zuschauer kaufen (Live Views: 30 min)<\/br> <h2><span style=\"color: #ae60e1;\">Direkt zugestellt<\/span> \ud83d\ude80<\/h2>"},"content":{"rendered":"<p>Steigere deinen Twitch Livestream jetzt DIREKT, indem du Twitch Zuschauer kaufst!<\/p>\n<h2>Warum Twitch Zuschauer kaufen?<\/h2>\n<p>Der Kauf von Twitch Zuschauern kann deinem Live Stream einen gigantischen Schub geben. Schlie\u00dflich wirkt ein Live-Stream mit vielen Zuschauern beliebter und damit attraktiver f\u00fcr neue Zuschauer.<\/p>\n<p>Wenn du auf Twitch wachsen willst, brauchst du, genau wie Follower, mehr Zuschauer. Und der Kauf von Twitch Zuschauern sorgt daf\u00fcr, dass du deinem Live Stream einen Schub in die richtige Richtung gibst! In jedem Fall sind mehr Twitch Zuschauer sogar unbestreitbar f\u00fcr weiteres Wachstum.<\/p>\n<h2>Wie funktioniert der Kauf von Twitch Zuschauern?<\/h2>\n<p>Gib deine Bestellung auf, sobald dein Livestream live ist! Nur dann kannst du Betrachter empfangen.<\/p>\n<p>Sobald du angegeben hast, wie viele Live Zuschauer du zu deinem Twitch Kanal &#8222;schicken&#8220; m\u00f6chtest und deine Bestellung abgeschlossen hast, beginnen wir sofort mit der Arbeit f\u00fcr dich. Wir bewerben dann deinen Kanal und streamen in einem gro\u00dfen Netzwerk. Das hat zur Folge, dass mehrere Twitch Live Zuschauer deinen Live-Stream sehen werden.<\/p>\n<p>Sobald die von dir bestellte Anzahl an Zuschauern erreicht ist, benachrichtigen wir dich, dass deine Bestellung ausgeliefert wurde. Dann kannst du jetzt einen Twitch Kanal mit sofort mehr Zuschauern genie\u00dfen.<\/p>\n<h2>Wie lange schauen die Zuschauer auf Twitch zu?<\/h2>\n<p>Twitch Zuschauer bleiben im Durchschnitt etwa 30 Minuten lang, um live zuzuschauen. Die Anzahl der Betrachter wird sich nach deiner Bestellung ziemlich schnell erh\u00f6hen. Nach etwa 30 Minuten werden die Zuschauer deinen Twitch Livestream wieder verlassen. Du kannst dann w\u00e4hlen, ob du noch einmal Twitch Zuschauer bestellen m\u00f6chtest.<\/p>\n<p>Die Zuschauer werden nur deinen Live Stream sehen. Sie werden nicht weiter mit dir interagieren. So kannst du sicher sein, dass du w\u00e4hrend deines Streams keine seltsamen Kommentare oder Reaktionen bekommst. Wenn du deinen Stream vor Ablauf der 30 Minuten beendest, werden die Zuschauer auch nicht zu deinem Twitch Stream zur\u00fcckkehren.<\/p>\n<h2>Ist der Kauf von Twitch Zuschauern sicher?<\/h2>\n<p>Der Kauf von Twitch Zuschauern ist absolut sicher. Wir geben deine Daten niemals an Twitch oder andere \u00e4hnliche Parteien weiter. So wird Twitch nie herausfinden, dass du Zuschauer von uns kaufst. Au\u00dferdem ist es uns noch nie passiert, dass ein Konto oder ein Stream gesperrt wurde.<\/p>\n<p>Au\u00dferdem bekommst du eine 90-t\u00e4gige Zufriedenheitsgarantie auf alle deine Bestellungen. Das Risiko liegt also ganz bei uns!<\/p>\n<h2>Kann ich auch Twitch Follower bestellen?<\/h2>\n<p>Du kannst auch Twitch Follower bei uns bestellen. Du kannst dies tun, indem du bei deiner Bestellung angibst, dass du auch Follower auf deinem Kanal erhalten m\u00f6chtest.<\/p>\n<h2>Kann ich auch andere soziale Medienkan\u00e4le boosten?<\/h2>\n<p>Ja, wenn du zum Beispiel auch auf YouTube aktiv bist, kannst du <span style=\"text-decoration: underline;\"><br \/>\n  <a href=\"https:\/\/www.likes-kopen.nl\/youtube-abonnees-kopen\/\">Abonnenten f\u00fcr deinen Kanal<\/a><br \/>\n<\/span> bestellen. Bist du auf Instagram aktiv? Dann solltest du einen Blick auf die <span style=\"text-decoration: underline;\"><a href=\"https:\/\/www.likes-kopen.nl\/instagram-volgers-kopen\/\">Instagram Follower<\/a><\/span> werfen .<\/p>\n<div id=\"gtx-trans\" style=\"position: absolute; left: 439px; top: 311.812px;\">\n<div class=\"gtx-trans-icon\"><\/div>\n<\/div>\n","protected":false},"excerpt":{"rendered":"<p>Steigere deinen Twitch Livestream jetzt DIREKT, indem du Twitch Zuschauer kaufst! Warum Twitch Zuschauer kaufen? Der Kauf von Twitch Zuschauern kann deinem Live Stream einen gigantischen Schub geben. Schlie\u00dflich wirkt ein Live-Stream mit vielen Zuschauern beliebter und damit attraktiver f\u00fcr neue Zuschauer. Wenn du auf Twitch wachsen willst, brauchst du, genau wie Follower, mehr Zuschauer. [&hellip;]<\/p>\n","protected":false},"featured_media":49311,"comment_status":"open","ping_status":"closed","template":"","meta":{"site-sidebar-layout":"default","site-content-layout":"default","ast-site-content-layout":"default","site-content-style":"default","site-sidebar-style":"default","ast-global-header-display":"","ast-banner-title-visibility":"","ast-main-header-display":"","ast-hfb-above-header-display":"","ast-hfb-below-header-display":"","ast-hfb-mobile-header-display":"","site-post-title":"","ast-breadcrumbs-content":"","ast-featured-img":"","footer-sml-layout":"","ast-disable-related-posts":"","theme-transparent-header-meta":"default","adv-header-id-meta":"","stick-header-meta":"default","header-above-stick-meta":"","header-main-stick-meta":"","header-below-stick-meta":"","astra-migrate-meta-layouts":"set","ast-page-background-enabled":"default","ast-page-background-meta":{"desktop":{"background-color":"","background-image":"","background-repeat":"repeat","background-position":"center center","background-size":"auto","background-attachment":"scroll","background-type":"","background-media":"","overlay-type":"","overlay-color":"","overlay-opacity":"","overlay-gradient":""},"tablet":{"background-color":"","background-image":"","background-repeat":"repeat","background-position":"center center","background-size":"auto","background-attachment":"scroll","background-type":"","background-media":"","overlay-type":"","overlay-color":"","overlay-opacity":"","overlay-gradient":""},"mobile":{"background-color":"","background-image":"","background-repeat":"repeat","background-position":"center center","background-size":"auto","background-attachment":"scroll","background-type":"","background-media":"","overlay-type":"","overlay-color":"","overlay-opacity":"","overlay-gradient":""}},"ast-content-background-meta":{"desktop":{"background-color":"var(--ast-global-color-5)","background-image":"","background-repeat":"repeat","background-position":"center center","background-size":"auto","background-attachment":"scroll","background-type":"","background-media":"","overlay-type":"","overlay-color":"","overlay-opacity":"","overlay-gradient":""},"tablet":{"background-color":"var(--ast-global-color-5)","background-image":"","background-repeat":"repeat","background-position":"center center","background-size":"auto","background-attachment":"scroll","background-type":"","background-media":"","overlay-type":"","overlay-color":"","overlay-opacity":"","overlay-gradient":""},"mobile":{"background-color":"var(--ast-global-color-5)","background-image":"","background-repeat":"repeat","background-position":"center center","background-size":"auto","background-attachment":"scroll","background-type":"","background-media":"","overlay-type":"","overlay-color":"","overlay-opacity":"","overlay-gradient":""}}},"product_brand":[],"product_cat":[746],"product_tag":[5890,5893,5906,749,751,5888,5898,5879,5905,5886],"class_list":{"0":"post-52390","1":"product","2":"type-product","3":"status-publish","4":"has-post-thumbnail","6":"product_cat-twitch-de","7":"product_tag-betrachter-kaufen-de","8":"product_tag-betrachter-kaufen-de-2","9":"product_tag-live-ansichten-de","10":"product_tag-twich-live-stream-de","11":"product_tag-twitch-live-ansichten","12":"product_tag-twitch-live-zuschauer-kaufen-de","13":"product_tag-twitch-zuschauer-de","14":"product_tag-twitch-zuschauer","15":"product_tag-twitch-zuschauer-kaufen-de-3","16":"product_tag-twitch-zuschauer-kaufen-de","17":"desktop-align-center","18":"tablet-align-center","19":"mobile-align-center","20":"ast-product-gallery-layout-first-image-large","21":"ast-product-gallery-with-no-image","22":"ast-magnify-disabled","23":"ast-product-single-variable","24":"ast-product-tabs-layout-horizontal","26":"first","27":"instock","28":"sale","29":"taxable","30":"shipping-taxable","31":"purchasable","32":"product-type-variable"},"_links":{"self":[{"href":"https:\/\/www.likes-kopen.nl\/de\/wp-json\/wp\/v2\/product\/52390","targetHints":{"allow":["GET"]}}],"collection":[{"href":"https:\/\/www.likes-kopen.nl\/de\/wp-json\/wp\/v2\/product"}],"about":[{"href":"https:\/\/www.likes-kopen.nl\/de\/wp-json\/wp\/v2\/types\/product"}],"replies":[{"embeddable":true,"href":"https:\/\/www.likes-kopen.nl\/de\/wp-json\/wp\/v2\/comments?post=52390"}],"wp:featuredmedia":[{"embeddable":true,"href":"https:\/\/www.likes-kopen.nl\/de\/wp-json\/wp\/v2\/media\/49311"}],"wp:attachment":[{"href":"https:\/\/www.likes-kopen.nl\/de\/wp-json\/wp\/v2\/media?parent=52390"}],"wp:term":[{"taxonomy":"product_brand","embeddable":true,"href":"https:\/\/www.likes-kopen.nl\/de\/wp-json\/wp\/v2\/product_brand?post=52390"},{"taxonomy":"product_cat","embeddable":true,"href":"https:\/\/www.likes-kopen.nl\/de\/wp-json\/wp\/v2\/product_cat?post=52390"},{"taxonomy":"product_tag","embeddable":true,"href":"https:\/\/www.likes-kopen.nl\/de\/wp-json\/wp\/v2\/product_tag?post=52390"}],"curies":[{"name":"wp","href":"https:\/\/api.w.org\/{rel}","templated":true}]}}