{"id":52376,"date":"2022-02-19T00:24:17","date_gmt":"2022-02-18T23:24:17","guid":{"rendered":"https:\/\/www.likes-kopen.nl\/product\/inhaltliche-planung-1-jahr\/"},"modified":"2023-05-20T08:44:38","modified_gmt":"2023-05-20T07:44:38","slug":"inhalt-planung-1-jahr","status":"publish","type":"product","link":"https:\/\/www.likes-kopen.nl\/de\/inhalt-planung-1-jahr\/","title":{"rendered":"<strong>Verabschiede dich vom Mangel an Kreativit\u00e4t: Lass uns deine Inhaltsplanung erstellen!<\/strong>"},"content":{"rendered":"<p>Mit dem <strong><br \/>\n  <a href=\"https:\/\/www.likes-kopen.nl\/de\/produkt\/content-planer\/\">superpraktischer revolution\u00e4rer Magic Content Planner\u2122<\/a><br \/>\n<\/strong>erh\u00e4ltst du einen Inhaltsplan f\u00fcr ein Jahr.<\/p>\n<p>Gemeinsam schauen wir uns in einem kurzen Gespr\u00e4ch an, was deine Ziele sind. Auf der Grundlage dieses Gespr\u00e4chs erstellen wir einen detaillierten Inhaltsplan f\u00fcr dein Profil\/Unternehmen.<\/p>\n<p>Diese Inhaltsplanung wird dir dann helfen, deine Ziele in den sozialen Medien zu erreichen.<\/p>\n<p>Mit diesem ma\u00dfgeschneiderten Inhaltsplan, der speziell f\u00fcr dich erstellt wird, hast du dann immer etwas zu posten in deinen sozialen Medien.<\/p>\n<p>Wo n\u00f6tig, geben wir dir Tipps, wie du bessere Inhalte posten kannst. Und du bekommst Hilfe bei der Erstellung deines ersten Inhalts.<\/p>\n<h2>F\u00fcr wen ist Content Planning (1 Jahr) geeignet?<\/h2>\n<p>Die Planung von Inhalten ist f\u00fcr Menschen geeignet, die Influencer sind oder werden wollen. Und f\u00fcr Unternehmen, die soziale Medien nutzen wollen, um ihr Gesch\u00e4ft auszubauen. Es ist auch f\u00fcr Menschen geeignet, die nicht die Zeit oder die Kreativit\u00e4t haben, ihre Inhalte selbst zu planen.<\/p>\n<h2>Was bekommst du mit Content Planning von Likes-buying?<\/h2>\n<p>Du erh\u00e4ltst einen ma\u00dfgeschneiderten Inhaltsplan f\u00fcr 1 Jahr, der dir hilft, deine Reichweite in den sozialen Medien zu erh\u00f6hen. Dar\u00fcber hinaus erh\u00e4ltst du Unterst\u00fctzung bei der Erstellung deines ersten Beitrags. Danach lernst du, wie du selbst Inhalte erstellen kannst.<\/p>\n<h2>Kann ich auch alle meine sozialen Medien an dich auslagern?<\/h2>\n<p>Es ist auch m\u00f6glich, deine sozialen Medien komplett auszulagern, um die Inhalte zu planen. Wir haben jedes Jahr nur eine begrenzte Anzahl an Pl\u00e4tzen zur Verf\u00fcgung, also kontaktiere uns bitte, um die Optionen zu erfragen.<\/p>\n<h2>Kann ich auch meinen eigenen Inhaltsplan erstellen?<\/h2>\n<p>Ja, du kannst auch ganz einfach deine eigene Inhaltsplanung erstellen. Du kannst dies tun, indem du die revolution\u00e4re <strong><br \/>\n  <a href=\"https:\/\/www.likes-kopen.nl\/de\/produkt\/content-planer\/\">Magic Content Planner\u2122<\/a><br \/>\n<\/strong> von der Website herunterladen. Du kannst sie direkt herunterladen.<\/p>\n","protected":false},"excerpt":{"rendered":"<p>Mit dem superpraktischer revolution\u00e4rer Magic Content Planner\u2122 erh\u00e4ltst du einen Inhaltsplan f\u00fcr ein Jahr. Gemeinsam schauen wir uns in einem kurzen Gespr\u00e4ch an, was deine Ziele sind. Auf der Grundlage dieses Gespr\u00e4chs erstellen wir einen detaillierten Inhaltsplan f\u00fcr dein Profil\/Unternehmen. Diese Inhaltsplanung wird dir dann helfen, deine Ziele in den sozialen Medien zu erreichen. Mit [&hellip;]<\/p>\n","protected":false},"featured_media":49136,"comment_status":"open","ping_status":"closed","template":"","meta":{"site-sidebar-layout":"default","site-content-layout":"default","ast-site-content-layout":"default","site-content-style":"default","site-sidebar-style":"default","ast-global-header-display":"","ast-banner-title-visibility":"","ast-main-header-display":"","ast-hfb-above-header-display":"","ast-hfb-below-header-display":"","ast-hfb-mobile-header-display":"","site-post-title":"","ast-breadcrumbs-content":"","ast-featured-img":"","footer-sml-layout":"","ast-disable-related-posts":"","theme-transparent-header-meta":"","adv-header-id-meta":"","stick-header-meta":"","header-above-stick-meta":"","header-main-stick-meta":"","header-below-stick-meta":"","astra-migrate-meta-layouts":"default","ast-page-background-enabled":"default","ast-page-background-meta":{"desktop":{"background-color":"","background-image":"","background-repeat":"repeat","background-position":"center center","background-size":"auto","background-attachment":"scroll","background-type":"","background-media":"","overlay-type":"","overlay-color":"","overlay-opacity":"","overlay-gradient":""},"tablet":{"background-color":"","background-image":"","background-repeat":"repeat","background-position":"center center","background-size":"auto","background-attachment":"scroll","background-type":"","background-media":"","overlay-type":"","overlay-color":"","overlay-opacity":"","overlay-gradient":""},"mobile":{"background-color":"","background-image":"","background-repeat":"repeat","background-position":"center center","background-size":"auto","background-attachment":"scroll","background-type":"","background-media":"","overlay-type":"","overlay-color":"","overlay-opacity":"","overlay-gradient":""}},"ast-content-background-meta":{"desktop":{"background-color":"var(--ast-global-color-5)","background-image":"","background-repeat":"repeat","background-position":"center center","background-size":"auto","background-attachment":"scroll","background-type":"","background-media":"","overlay-type":"","overlay-color":"","overlay-opacity":"","overlay-gradient":""},"tablet":{"background-color":"var(--ast-global-color-5)","background-image":"","background-repeat":"repeat","background-position":"center center","background-size":"auto","background-attachment":"scroll","background-type":"","background-media":"","overlay-type":"","overlay-color":"","overlay-opacity":"","overlay-gradient":""},"mobile":{"background-color":"var(--ast-global-color-5)","background-image":"","background-repeat":"repeat","background-position":"center center","background-size":"auto","background-attachment":"scroll","background-type":"","background-media":"","overlay-type":"","overlay-color":"","overlay-opacity":"","overlay-gradient":""}}},"product_brand":[],"product_cat":[620],"product_tag":[],"class_list":{"0":"post-52376","1":"product","2":"type-product","3":"status-publish","4":"has-post-thumbnail","6":"product_cat-verschiedene","7":"desktop-align-center","8":"tablet-align-center","9":"mobile-align-center","10":"ast-product-gallery-layout-first-image-large","11":"ast-product-gallery-with-no-image","12":"ast-magnify-disabled","13":"ast-product-tabs-layout-horizontal","15":"first","16":"instock","17":"sale","18":"taxable","19":"shipping-taxable","20":"purchasable","21":"product-type-simple"},"_links":{"self":[{"href":"https:\/\/www.likes-kopen.nl\/de\/wp-json\/wp\/v2\/product\/52376","targetHints":{"allow":["GET"]}}],"collection":[{"href":"https:\/\/www.likes-kopen.nl\/de\/wp-json\/wp\/v2\/product"}],"about":[{"href":"https:\/\/www.likes-kopen.nl\/de\/wp-json\/wp\/v2\/types\/product"}],"replies":[{"embeddable":true,"href":"https:\/\/www.likes-kopen.nl\/de\/wp-json\/wp\/v2\/comments?post=52376"}],"wp:featuredmedia":[{"embeddable":true,"href":"https:\/\/www.likes-kopen.nl\/de\/wp-json\/wp\/v2\/media\/49136"}],"wp:attachment":[{"href":"https:\/\/www.likes-kopen.nl\/de\/wp-json\/wp\/v2\/media?parent=52376"}],"wp:term":[{"taxonomy":"product_brand","embeddable":true,"href":"https:\/\/www.likes-kopen.nl\/de\/wp-json\/wp\/v2\/product_brand?post=52376"},{"taxonomy":"product_cat","embeddable":true,"href":"https:\/\/www.likes-kopen.nl\/de\/wp-json\/wp\/v2\/product_cat?post=52376"},{"taxonomy":"product_tag","embeddable":true,"href":"https:\/\/www.likes-kopen.nl\/de\/wp-json\/wp\/v2\/product_tag?post=52376"}],"curies":[{"name":"wp","href":"https:\/\/api.w.org\/{rel}","templated":true}]}}