{"id":52292,"date":"2022-02-16T12:55:33","date_gmt":"2022-02-16T11:55:33","guid":{"rendered":"https:\/\/www.likes-kopen.nl\/product\/100-echte-instagram-follower\/"},"modified":"2025-01-18T16:09:17","modified_gmt":"2025-01-18T15:09:17","slug":"real-instagram-followers","status":"publish","type":"product","link":"https:\/\/www.likes-kopen.nl\/de\/real-instagram-followers\/","title":{"rendered":"100% echte Instagram-Follower kaufen mit <span style=\"color: #ae60e1;\">Sofortige Lieferung<\/span> \ud83d\ude80  "},"content":{"rendered":"<p>Laut den Nutzungsbedingungen von Instagram ist es nicht erlaubt, Follower zu kaufen. Die Bestellung erfolgt daher auf eigene Gefahr.<\/p>\n<h2>100% echte Instagram Follower kaufen<\/h2>\n<p>Willst du 100% echte Instagram-Follower von hoher Qualit\u00e4t kaufen? Dann bist du bei uns genau richtig! Eine bessere Qualit\u00e4t wirst du im Internet nicht finden k\u00f6nnen! Dies sind Anh\u00e4nger aus Europa und den Vereinigten Staaten.<\/p>\n<h2>100% Echte &amp; aktive Follower<\/h2>\n<p>Du hast es richtig gelesen! Das sind 100% echte &amp; aktive Follower aus Europa\/USA. Du kannst nicht besser werden. Der Unterschied zwischen gef\u00e4lschten und echten Anh\u00e4ngern ist ein himmelweiter Unterschied. Echte Follower interagieren auch mit dir. So kannst du auch Likes, Reaktionen und Ansichten bekommen. Du erh\u00e4ltst vollen Kaufschutz, wenn du Follower und Likes bei uns kaufst. Damit hast du 60 Tage Bedenkzeit und kannst dir das Geld zur\u00fcckerstatten lassen, wenn du nicht zufrieden bist.<\/p>\n<h2>Nachteile f\u00fcr niederl\u00e4ndische Unternehmen, Influencer und professionelle Trader<\/h2>\n<p>Laut <a href=\"https:\/\/www.acm.nl\/nl\" target=\"_blank\" rel=\"noopener\">Authority Consumer &amp;<\/a> Market (ACM) ist es f\u00fcr niederl\u00e4ndische Unternehmen, Influencer und professionelle H\u00e4ndler nicht richtig, Follower, Likes oder Views f\u00fcr soziale Medien zu kaufen. Der Grund daf\u00fcr ist, dass die ACM glaubt, dass dies die Verbraucher in die Irre f\u00fchren k\u00f6nnte. Wenn Unternehmen, Influencer oder professionelle H\u00e4ndler dies tun, versto\u00dfen sie m\u00f6glicherweise dagegen. Offiziell ist der Kauf von Followern, Views und Likes gegen die Richtlinien dieser Plattformen. Die ACM m\u00f6chte dich daher daran erinnern, die Richtlinien der verschiedenen Social-Media-Plattformen zu konsultieren. Sei dir bewusst, dass du gegen die Regeln der Plattformen verst\u00f6\u00dft, wenn du mit einem Gesch\u00e4ftskonto 100% echte Instagram-Follower kaufst.<\/p>\n<h2>Keine Garantie f\u00fcr Stabilit\u00e4t<\/h2>\n<p>Wir w\u00fcrden gerne Stabilit\u00e4t garantieren, aber das ist leider nicht m\u00f6glich. Wir tun immer unser Bestes, um die beste Qualit\u00e4t an Instagram-Followern zu liefern, aber es liegt an Instagram, was es mit den Followern macht. Ein bekanntes Problem ist, dass Follower abfallen und somit entfernt oder gel\u00f6scht werden. Auch wenn du keine Follower gekauft hast, k\u00f6nnen Follower abspringen. Leider kommt das von Instagram. Wir k\u00f6nnen dir also keine Stabilit\u00e4t garantieren. Die Zahl der Anh\u00e4nger kann also jederzeit abnehmen. Wie viele potenziell wegfallen k\u00f6nnten, ist sehr unterschiedlich. Manche K\u00e4ufer\/innen sind davon v\u00f6llig unbeeindruckt, andere verlieren wieder 20%.<\/p>\n<h2>Merkmale dieses Produkts<\/h2>\n<p>Hier haben wir kurz die allgemeinen Merkmale f\u00fcr dich aufgelistet.<\/p>\n<ul>\n<li>Du brauchst nur deinen Profilnamen.<\/li>\n<li>Wir liefern garantiert die bestellte Anzahl.<\/li>\n<li>Mehr <a href=\"https:\/\/www.likes-kopen.nl\/instagram-volgers-kopen\/\">Instagram-Follower zu kaufen<\/a>, bedeutet mehr Rabatt.<\/li>\n<li>100% echte &amp; aktive Follower aus Europa\/USA<\/li>\n<li>Erstelle ein kostenloses Konto und spare automatisch f\u00fcr Rabatte!<\/li>\n<li>Die Lieferzeit h\u00e4ngt von der Menge ab. Mehr dazu erf\u00e4hrst du in der Rubrik Lieferzeiten.<\/li>\n<\/ul>\n<h2>Schnell und einfach bestellen<\/h2>\n<p>Ist es wirklich so schnell und einfach, wie wir versprechen? Ja! Alles, was wir brauchen, um dir die Instagram-Follower zu besorgen, ist der Link oder der Profilname deines Instagram-Accounts. Dann w\u00e4hlst du die Anzahl der Instagram-Follower, die du kaufen m\u00f6chtest, und gibst die Bestellung auf.<\/p>\n<h2>Lieferzeit und Geschwindigkeit<\/h2>\n<p>Die Lieferzeit h\u00e4ngt von der Anzahl und von deinem Profil ab. Wir werfen nicht 2.000 Follower an einem Tag hoch, wenn du ein Profil mit 5 Followern hast. Das liegt daran, dass wir auf Nummer sicher gehen und nicht wollen, dass dein Konto gesperrt wird. Deshalb pr\u00fcfen wir immer dein Profil, bevor wir liefern. Die durchschnittliche Lieferzeit betr\u00e4gt bei den meisten Profilen etwa 100-200 Follower an einem Tag. Gro\u00dfe Profile mit mehr als 10K k\u00f6nnen wir schneller und verantwortungsbewusster mit Followern versorgen.<\/p>\n<h2>Soll mein Profil \u00f6ffentlich sein?<\/h2>\n<p>Ja, dein Profil muss \u00f6ffentlich sein, um Follower zu erhalten. Stelle also sicher, dass dein Konto \u00f6ffentlich ist und nicht auf privat eingestellt. Du kannst das unter Einstellungen\/Profilbearbeitung leicht \u00fcberpr\u00fcfen und anpassen, falls n\u00f6tig.<\/p>\n<p><img decoding=\"async\" src=\"https:\/\/www.likes-kopen.nl\/wp-content\/uploads\/\/2014\/07\/instagram-profiel-op-prive.jpg\" alt=\"instagram-profile-on-private\"><img decoding=\"async\" src=\"https:\/\/www.likes-kopen.nl\/wp-content\/uploads\/\/2014\/07\/instagram-profiel-openbaar.jpg\" alt=\"instagram-profile-public\"><\/p>\n<h2>Punktesystem zum Sparen<\/h2>\n<p>Mit jeder Bestellung kannst du \u00fcber unser <a href=\"https:\/\/www.likes-kopen.nl\/vip-club\/\">Treuepunktesystem<\/a> Treuepunkte sammeln. Die Anzahl der Punkte wird f\u00fcr jedes Produkt auf der Schaltfl\u00e4che &#8222;In den Warenkorb&#8220; angegeben. Sie m\u00fcssen sich daf\u00fcr registrieren, was kostenlos ist und w\u00e4hrend des Bestellvorgangs erfolgen kann. Wenn Sie ein Konto erstellen, erhalten Sie bereits Punkte! Du kannst diese Treuepunkte einl\u00f6sen, um bei deiner (n\u00e4chsten) Bestellung einen Rabatt zu erhalten. Das ist immer sch\u00f6n! Du bekommst diese Treuepunkte einfach kostenlos mit deiner Bestellung und musst nichts daf\u00fcr tun. Wenn Sie eingeloggt sind, k\u00f6nnen Sie die Punkte f\u00fcr Rabatte im Bestellprozess einl\u00f6sen. Wenn Sie genug Punkte gesammelt haben, k\u00f6nnen Sie sogar kostenlose Instagram-Follower erhalten! Melde dich jetzt an und erhalte die ersten 50 Punkte umsonst!<\/p>\n<h2>Steigern Sie Ihr Insta-Profil<\/h2>\n<p>Diese neuen Follower geben deinem Konto buchst\u00e4blich einen riesigen Schub. Dies ist die gr\u00f6\u00dfte Anzahl von Anh\u00e4ngern, die wir verkaufen. Du willst noch mehr als 50.000 Follower? Das kannst du auch tun! Alles ist m\u00f6glich! Genau das, was du brauchst = du fragst, wir drehen!<\/p>\n<p>Es gibt allgemeine Tipps, die du anwenden kannst, um mehr Follower auf Instagram zu gewinnen. Aber aufgrund des sich \u00e4ndernden Algorithmus auf Instagram geht das ziemlich langsam. Fr\u00fcher hast du ein gr\u00f6\u00dferes Publikum erreicht. Nach der letzten Algorithmus\u00e4nderung hat sich das dramatisch ge\u00e4ndert. Wahrscheinlich ist dir das auch schon passiert. Jetzt erreichst du nur noch 10% deiner tats\u00e4chlichen Follower. Mit diesem Wachstum auf +25.000 Follower erreichst du also wieder mehr Menschen. Normalerweise dauert es sehr lange, bis du diese Nummer erreichst. Jetzt&#8230;. 1-5 Tage!<\/p>\n<h2>Wie viele Follower sollte ich w\u00e4hlen?<\/h2>\n<p>Diese Entscheidung liegt ganz bei dir. Wir bieten eine breite Palette von Produkten an. Die Zahlen, die wir in Bezug auf Instagram-Follower anbieten, sind: 250,500,1000,2000,5000,10.000 volgers. Was die richtige Zahl f\u00fcr dich ist, \u00fcberlassen wir ganz dir. Das h\u00e4ngt nat\u00fcrlich auch davon ab, wie viele Follower du derzeit hast. Wenn du bereits 13.000 Follower hast, helfen dir 250 nicht wirklich weiter. Vielleicht entscheidest du dich dann eher f\u00fcr 2.000 und nach einer Weile f\u00fcr weitere 5.000.<\/p>\n<h2>Warum 100% echte Instagram-Follower kaufen?<\/h2>\n<p>Der erste Schritt ist bereits getan, du bist auf dieser Seite gelandet. Dein Interesse ist also geweckt. Was sind die Optionen? Die Auswahl ist riesig! Es ist nicht nur m\u00f6glich, Instagram Follower zu kaufen, sondern auch <a href=\"https:\/\/www.likes-kopen.nl\/instagram-likes-kopen\/\">Instagram Likes zu kaufen<\/a>. Du kannst beides bei uns bestellen. Doch wenden wir uns nun kurz den Instagram-Followern zu. Ein Wachstum deiner Zahlen ist nie eine schlechte Sache. Instagram eignet sich perfekt als Marketinginstrument.<\/p>\n<p>Ein Insta-Profil mit 1.350 Followern sieht nat\u00fcrlich interessanter aus als eines mit 400 Followern. Je mehr Follower du hast, desto besser kommt dein Profil bei den Besuchern an. Du bist also attraktiver, weil du so viele Follower hast. Wenn du dich also entscheidest, diese zus\u00e4tzlichen Likes zu kaufen, wirst du f\u00fcr die \u00d6ffentlichkeit interessanter. Dadurch werden noch mehr kostenlose Instagram-Follower folgen, wenn dein Account w\u00e4chst. Und das ist interessant!<\/p>\n","protected":false},"excerpt":{"rendered":"<p>\u2705 100% echte Instagram-Follower kaufen?<br \/>\n\u2b50 <strong>100% echt &amp; aktiv<\/strong><\/p>\n<div id=\"gtx-trans\" style=\"position: absolute; left: 95px; top: 44.5px;\">\n<div class=\"gtx-trans-icon\"><\/div>\n<\/div>\n","protected":false},"featured_media":49296,"comment_status":"open","ping_status":"closed","template":"","meta":{"site-sidebar-layout":"default","site-content-layout":"default","ast-site-content-layout":"default","site-content-style":"default","site-sidebar-style":"default","ast-global-header-display":"","ast-banner-title-visibility":"","ast-main-header-display":"","ast-hfb-above-header-display":"","ast-hfb-below-header-display":"","ast-hfb-mobile-header-display":"","site-post-title":"","ast-breadcrumbs-content":"","ast-featured-img":"","footer-sml-layout":"","ast-disable-related-posts":"","theme-transparent-header-meta":"default","adv-header-id-meta":"","stick-header-meta":"default","header-above-stick-meta":"","header-main-stick-meta":"","header-below-stick-meta":"","astra-migrate-meta-layouts":"default","ast-page-background-enabled":"default","ast-page-background-meta":{"desktop":{"background-color":"","background-image":"","background-repeat":"repeat","background-position":"center center","background-size":"auto","background-attachment":"scroll","background-type":"","background-media":"","overlay-type":"","overlay-color":"","overlay-opacity":"","overlay-gradient":""},"tablet":{"background-color":"","background-image":"","background-repeat":"repeat","background-position":"center center","background-size":"auto","background-attachment":"scroll","background-type":"","background-media":"","overlay-type":"","overlay-color":"","overlay-opacity":"","overlay-gradient":""},"mobile":{"background-color":"","background-image":"","background-repeat":"repeat","background-position":"center center","background-size":"auto","background-attachment":"scroll","background-type":"","background-media":"","overlay-type":"","overlay-color":"","overlay-opacity":"","overlay-gradient":""}},"ast-content-background-meta":{"desktop":{"background-color":"var(--ast-global-color-5)","background-image":"","background-repeat":"repeat","background-position":"center center","background-size":"auto","background-attachment":"scroll","background-type":"","background-media":"","overlay-type":"","overlay-color":"","overlay-opacity":"","overlay-gradient":""},"tablet":{"background-color":"var(--ast-global-color-5)","background-image":"","background-repeat":"repeat","background-position":"center center","background-size":"auto","background-attachment":"scroll","background-type":"","background-media":"","overlay-type":"","overlay-color":"","overlay-opacity":"","overlay-gradient":""},"mobile":{"background-color":"var(--ast-global-color-5)","background-image":"","background-repeat":"repeat","background-position":"center center","background-size":"auto","background-attachment":"scroll","background-type":"","background-media":"","overlay-type":"","overlay-color":"","overlay-opacity":"","overlay-gradient":""}}},"product_brand":[],"product_cat":[470],"product_tag":[],"class_list":{"0":"post-52292","1":"product","2":"type-product","3":"status-publish","4":"has-post-thumbnail","6":"product_cat-instagram-de","7":"desktop-align-center","8":"tablet-align-center","9":"mobile-align-center","10":"ast-product-gallery-layout-first-image-large","11":"ast-product-gallery-with-no-image","12":"ast-magnify-disabled","13":"ast-product-single-variable","14":"ast-product-tabs-layout-horizontal","16":"first","17":"outofstock","18":"taxable","19":"shipping-taxable","20":"product-type-variable","21":"has-default-attributes"},"_links":{"self":[{"href":"https:\/\/www.likes-kopen.nl\/de\/wp-json\/wp\/v2\/product\/52292","targetHints":{"allow":["GET"]}}],"collection":[{"href":"https:\/\/www.likes-kopen.nl\/de\/wp-json\/wp\/v2\/product"}],"about":[{"href":"https:\/\/www.likes-kopen.nl\/de\/wp-json\/wp\/v2\/types\/product"}],"replies":[{"embeddable":true,"href":"https:\/\/www.likes-kopen.nl\/de\/wp-json\/wp\/v2\/comments?post=52292"}],"wp:featuredmedia":[{"embeddable":true,"href":"https:\/\/www.likes-kopen.nl\/de\/wp-json\/wp\/v2\/media\/49296"}],"wp:attachment":[{"href":"https:\/\/www.likes-kopen.nl\/de\/wp-json\/wp\/v2\/media?parent=52292"}],"wp:term":[{"taxonomy":"product_brand","embeddable":true,"href":"https:\/\/www.likes-kopen.nl\/de\/wp-json\/wp\/v2\/product_brand?post=52292"},{"taxonomy":"product_cat","embeddable":true,"href":"https:\/\/www.likes-kopen.nl\/de\/wp-json\/wp\/v2\/product_cat?post=52292"},{"taxonomy":"product_tag","embeddable":true,"href":"https:\/\/www.likes-kopen.nl\/de\/wp-json\/wp\/v2\/product_tag?post=52292"}],"curies":[{"name":"wp","href":"https:\/\/api.w.org\/{rel}","templated":true}]}}