{"id":52286,"date":"2021-09-04T05:05:37","date_gmt":"2021-09-04T04:05:37","guid":{"rendered":"https:\/\/www.likes-kopen.nl\/product\/linkedin-likes-glueckwunsch-%f0%9f%91%8f\/"},"modified":"2025-01-18T16:07:44","modified_gmt":"2025-01-18T15:07:44","slug":"linkedin-likes-gluckwunsch","status":"publish","type":"product","link":"https:\/\/www.likes-kopen.nl\/de\/linkedin-likes-gluckwunsch\/","title":{"rendered":"Linkedin Likes (Gl\u00fcckwunsch \ud83d\udc4f) Kaufen"},"content":{"rendered":"<p>HINWEIS: Dieser Dienst kann gegen die Richtlinien von Linkedin versto\u00dfen. Die Bestellung erfolgt daher auf eigene Gefahr.<\/p>\n<p>&nbsp;<\/p>\n<p>Die Anlaufzeit betr\u00e4gt zwischen 24 und 48 Stunden. Danach kommen die bestellten Likes ganz reibungslos mit.<\/p>\n<h2>Gl\u00fcckwunsch \ud83d\udc4f kaufe Likes f\u00fcr Linkedin Nachricht<\/h2>\n<p>Auf <a href=\"https:\/\/www.likes-kopen.nl\/linkedin\/\">Linkedin<\/a> kann ein Beitrag geliked oder interessant gefunden werden. Du kannst auch jemandem gratulieren. Dazu klickst du auf gratulieren. Diese werden auch Gl\u00fcckwunsch-Likes genannt. Wenn Menschen einen Beitrag gelungen finden, wird er besser gefunden und daher \u00f6fter gesehen. Au\u00dferdem erregt sie mehr Aufmerksamkeit, weil mehr Menschen sie m\u00f6gen. Es unterstreicht auch den Wert des Inhalts, denn wenn viele Menschen ihm gratulieren, muss er wertvoll sein.<\/p>\n<p>&nbsp;<\/p>\n<h2>Business-Anwendungen<\/h2>\n<p>Der Social-Media-Kanal ist vor allem gesch\u00e4ftsorientiert, und wenn du dein eigenes Gesch\u00e4ft ankurbeln willst, kann es sicher nicht schaden, Linkedin-Likes zu kaufen. Deine Botschaft wird von mehr Menschen begl\u00fcckw\u00fcnscht, denn sie st\u00e4rkt das Image deines Unternehmens. Wenn du deinem Unternehmensprofil selbst noch einen ordentlichen Schub geben willst, kannst du bei uns auch <a href=\"https:\/\/www.likes-kopen.nl\/linkedin-volgers-kopen\/\">Linkedin-Follower bestellen<\/a>!<\/p>\n<p>&nbsp;<\/p>\n<h2>Andere Merkmale<\/h2>\n<p>Die Likes (Gl\u00fcckw\u00fcnsche) kommen von globalen Linkedin-Nutzern. Die Likes sind dauerhaft. Nat\u00fcrlich erh\u00e4ltst du mit jeder Bestellung eine Rechnung mit ausgewiesener Mehrwertsteuer, damit du den Kauf auch in deiner Buchhaltung bearbeiten kannst.<\/p>\n","protected":false},"excerpt":{"rendered":"<p>Gib deinem Linkedin-Post einen sofortigen Schub mit diesen Linkedin-Likes (Gl\u00fcckwunsch \ud83d\udc4f).<\/p>\n","protected":false},"featured_media":49305,"comment_status":"open","ping_status":"closed","template":"","meta":{"site-sidebar-layout":"default","site-content-layout":"default","ast-site-content-layout":"default","site-content-style":"default","site-sidebar-style":"default","ast-global-header-display":"","ast-banner-title-visibility":"","ast-main-header-display":"","ast-hfb-above-header-display":"","ast-hfb-below-header-display":"","ast-hfb-mobile-header-display":"","site-post-title":"","ast-breadcrumbs-content":"","ast-featured-img":"","footer-sml-layout":"","ast-disable-related-posts":"","theme-transparent-header-meta":"default","adv-header-id-meta":"","stick-header-meta":"default","header-above-stick-meta":"","header-main-stick-meta":"","header-below-stick-meta":"","astra-migrate-meta-layouts":"default","ast-page-background-enabled":"default","ast-page-background-meta":{"desktop":{"background-color":"","background-image":"","background-repeat":"repeat","background-position":"center center","background-size":"auto","background-attachment":"scroll","background-type":"","background-media":"","overlay-type":"","overlay-color":"","overlay-opacity":"","overlay-gradient":""},"tablet":{"background-color":"","background-image":"","background-repeat":"repeat","background-position":"center center","background-size":"auto","background-attachment":"scroll","background-type":"","background-media":"","overlay-type":"","overlay-color":"","overlay-opacity":"","overlay-gradient":""},"mobile":{"background-color":"","background-image":"","background-repeat":"repeat","background-position":"center center","background-size":"auto","background-attachment":"scroll","background-type":"","background-media":"","overlay-type":"","overlay-color":"","overlay-opacity":"","overlay-gradient":""}},"ast-content-background-meta":{"desktop":{"background-color":"var(--ast-global-color-5)","background-image":"","background-repeat":"repeat","background-position":"center center","background-size":"auto","background-attachment":"scroll","background-type":"","background-media":"","overlay-type":"","overlay-color":"","overlay-opacity":"","overlay-gradient":""},"tablet":{"background-color":"var(--ast-global-color-5)","background-image":"","background-repeat":"repeat","background-position":"center center","background-size":"auto","background-attachment":"scroll","background-type":"","background-media":"","overlay-type":"","overlay-color":"","overlay-opacity":"","overlay-gradient":""},"mobile":{"background-color":"var(--ast-global-color-5)","background-image":"","background-repeat":"repeat","background-position":"center center","background-size":"auto","background-attachment":"scroll","background-type":"","background-media":"","overlay-type":"","overlay-color":"","overlay-opacity":"","overlay-gradient":""}}},"product_brand":[],"product_cat":[723],"product_tag":[],"class_list":{"0":"post-52286","1":"product","2":"type-product","3":"status-publish","4":"has-post-thumbnail","6":"product_cat-linkedin-de","7":"desktop-align-center","8":"tablet-align-center","9":"mobile-align-center","10":"ast-product-gallery-layout-first-image-large","11":"ast-product-gallery-with-no-image","12":"ast-magnify-disabled","13":"ast-product-single-variable","14":"ast-product-tabs-layout-horizontal","16":"first","17":"outofstock","18":"taxable","19":"shipping-taxable","20":"product-type-variable"},"_links":{"self":[{"href":"https:\/\/www.likes-kopen.nl\/de\/wp-json\/wp\/v2\/product\/52286","targetHints":{"allow":["GET"]}}],"collection":[{"href":"https:\/\/www.likes-kopen.nl\/de\/wp-json\/wp\/v2\/product"}],"about":[{"href":"https:\/\/www.likes-kopen.nl\/de\/wp-json\/wp\/v2\/types\/product"}],"replies":[{"embeddable":true,"href":"https:\/\/www.likes-kopen.nl\/de\/wp-json\/wp\/v2\/comments?post=52286"}],"wp:featuredmedia":[{"embeddable":true,"href":"https:\/\/www.likes-kopen.nl\/de\/wp-json\/wp\/v2\/media\/49305"}],"wp:attachment":[{"href":"https:\/\/www.likes-kopen.nl\/de\/wp-json\/wp\/v2\/media?parent=52286"}],"wp:term":[{"taxonomy":"product_brand","embeddable":true,"href":"https:\/\/www.likes-kopen.nl\/de\/wp-json\/wp\/v2\/product_brand?post=52286"},{"taxonomy":"product_cat","embeddable":true,"href":"https:\/\/www.likes-kopen.nl\/de\/wp-json\/wp\/v2\/product_cat?post=52286"},{"taxonomy":"product_tag","embeddable":true,"href":"https:\/\/www.likes-kopen.nl\/de\/wp-json\/wp\/v2\/product_tag?post=52286"}],"curies":[{"name":"wp","href":"https:\/\/api.w.org\/{rel}","templated":true}]}}