{"id":52189,"date":"2021-07-28T11:38:56","date_gmt":"2021-07-28T10:38:56","guid":{"rendered":"https:\/\/www.likes-kopen.nl\/product\/instagram-igtv-likes\/"},"modified":"2023-07-10T10:42:39","modified_gmt":"2023-07-10T09:42:39","slug":"instagram-igtv-likes-kaufen","status":"publish","type":"product","link":"https:\/\/www.likes-kopen.nl\/de\/instagram-igtv-likes-kaufen\/","title":{"rendered":"Instagram IGTV Likes kaufen <\/br> <h2><span style=\"color: #ae60e1;\">Direkt zugestellt<\/span> \ud83d\ude80<\/h2>"},"content":{"rendered":"<p>Der Kauf von Likes f\u00fcr ein IGTV-Video verst\u00f6\u00dft gegen die Instagram-Richtlinien. Der Kauf erfolgt also auf eigene Gefahr.<\/p>\n<p>Willst du, dass ein IGTV-Video auf <a href=\"https:\/\/www.likes-kopen.nl\/de\/instagram-de\/\">Instagram<\/a> gemocht wird?<\/p>\n<p>Wir liefern schnell die gew\u00fcnschte Anzahl von IGTV-Likes. Die Likes sind zu 100 % stabil. Sie erhalten auch Garantie und Support!<\/p>\n<p>&nbsp;<\/p>\n<h2>Merkmale dieses Produkts:<\/h2>\n<ul>\n<li>Schnelle Lieferung<\/li>\n<li>100% stabil, mit Garantie<\/li>\n<li>Garantie und Unterst\u00fctzung<\/li>\n<li>Beste verf\u00fcgbare Qualit\u00e4t<\/li>\n<li>International<\/li>\n<\/ul>\n<p>&nbsp;<\/p>\n<h2>Wie man den Link bereitstellt<\/h2>\n<p>Mobil\/Tablet: Auf dem Handy oder Tablet klickst du auf das IGTV-Video (in der App). Oben rechts sehen Sie die 3 Punkte. Wenn Sie darauf klicken, \u00f6ffnet sich ein Men\u00fc. Klicken Sie dann auf &#8222;Link kopieren&#8220;.<br \/>\nHalten Sie dann auf unserer Website das Feld gedr\u00fcckt, in das der Link oder die URL eingegeben werden soll, und w\u00e4hlen Sie Einf\u00fcgen.<\/p>\n<p>\u00dcber den PC (Desktop\/Laptop) kannst du die URL des Instagram IGTV-Videos einfach kopieren und einf\u00fcgen, aber auf dem Handy oder Tablet funktioniert es etwas anders.<\/p>\n<p>&nbsp;<\/p>\n<h2><\/h2>\n<h2>Lieferzeit von IGTV-Likes<\/h2>\n<p>Die Lieferzeit h\u00e4ngt von der gew\u00e4hlten Anzahl ab. 100 Likes sind innerhalb weniger Stunden da. 5000 Likes k\u00f6nnen einen Tag oder manchmal auch zwei Tage dauern. Wir bearbeiten alle Bestellungen manuell. Wir verwenden keine Roboter, um Bestellungen zu bearbeiten. Auf diese Weise k\u00f6nnen wir \u00fcberwachen, ob alles gut l\u00e4uft. Sobald du von uns eine E-Mail mit einem Screenshot zur\u00fcckbekommst, der die aktuelle Anzahl der Likes anzeigt, beginnen wir mit der Auslieferung und sie sind schon bald da.<\/p>\n<p>&nbsp;<\/p>\n<h2>Woher kommen die IGTV-Likes?<\/h2>\n<p>Wir haben ein globales Netzwerk, das wir nutzen. Das bedeutet also, dass die Leute, denen dein IGTV-Video gef\u00e4llt, aus verschiedenen L\u00e4ndern kommen k\u00f6nnen. Leider sind keine niederl\u00e4ndischen Instagram Likes darunter, denn das ist derzeit noch nicht m\u00f6glich. Sobald sie das tun, werden wir sie nat\u00fcrlich sofort anbieten. Fr\u00fcher waren sie k\u00e4uflich zu erwerben, aber durch das j\u00fcngste Instagram Update ist das nicht mehr m\u00f6glich.<\/p>\n<p>&nbsp;<\/p>\n<h2>Wie stabil bleibt der Z\u00e4hler<\/h2>\n<p>Die an uns gelieferten Likes sind 100% stabil. Das bedeutet, dass keine Likes abfallen werden. Sollte das aus irgendeinem Grund passieren, f\u00fcllen wir sie kostenlos wieder auf, damit du immer die bestellte Anzahl erreichst.<\/p>\n<p>&nbsp;<\/p>\n<h2>Wie ist die Qualit\u00e4t der Profile<\/h2>\n<p>Die Qualit\u00e4t kann sich von Zeit zu Zeit \u00e4ndern, auch wenn wir immer unser Bestes tun, um die Qualit\u00e4t so hoch wie m\u00f6glich zu halten. Es kann vorkommen, dass darunter wunderbare Profile mit einer hohen Anzahl an Beitr\u00e4gen und Followern sind, aber auch das Gegenteil passiert manchmal. Eines ist sicher: Sie sind 100% stabil und k\u00f6nnen deinem Profil nicht schaden. Wir sind seit 2013 im Gesch\u00e4ft und haben bereits mehr als 10.000 Auftr\u00e4ge bearbeitet. Wir sind also definitiv die Experten auf diesem Gebiet.<\/p>\n<p>&nbsp;<\/p>\n<h2>Ist es wirklich klug, IGTV-Likes zu kaufen?<\/h2>\n<p>Es ist definitiv klug, Instagram IGTV-Likes zu kaufen! Das liegt daran, dass dein Profil viel attraktiver aussieht und es daher wahrscheinlicher ist, dass die Leute dir folgen oder einen deiner Beitr\u00e4ge m\u00f6gen. Au\u00dferdem wird dein Beitrag auch \u00fcber die Suchfunktion von Instagram besser gefunden, wenn du die <a href=\"https:\/\/www.likes-kopen.nl\/de\/instagram-de\/die-nuetzlichkeit-von-hashtags-auf-instagram\/\">richtigen Hashtags verwendest<\/a>. Wenn du also dein Profil deutlich vergr\u00f6\u00dfern und mehr Interaktion bekommen willst, dann ist es eine gute Idee, Instagram Likes zu kaufen!<\/p>\n<p>&nbsp;<\/p>\n<h2>Verschiedene Mengen bestellen<\/h2>\n<p>Bei uns kannst du zwischen kleinen und gro\u00dfen Mengen w\u00e4hlen. Wenn du zum Beispiel 200 Likes f\u00fcr dein IGTV-Video bestellst, bekommst du auch 200 Likes f\u00fcr dein Video. Die kleinste Anzahl, die wir derzeit liefern, ist 100 pro IGTV-Video.<\/p>\n","protected":false},"excerpt":{"rendered":"<p>\u2705 Kaufe Likes f\u00fcr 1 bestimmtes Instagram-Video<br \/>\n\u2b50 Schnell und sicher bestellen<\/p>\n","protected":false},"featured_media":49362,"comment_status":"open","ping_status":"closed","template":"","meta":{"site-sidebar-layout":"default","site-content-layout":"default","ast-site-content-layout":"default","site-content-style":"default","site-sidebar-style":"default","ast-global-header-display":"","ast-banner-title-visibility":"","ast-main-header-display":"","ast-hfb-above-header-display":"","ast-hfb-below-header-display":"","ast-hfb-mobile-header-display":"","site-post-title":"","ast-breadcrumbs-content":"","ast-featured-img":"","footer-sml-layout":"","ast-disable-related-posts":"","theme-transparent-header-meta":"default","adv-header-id-meta":"","stick-header-meta":"default","header-above-stick-meta":"","header-main-stick-meta":"","header-below-stick-meta":"","astra-migrate-meta-layouts":"default","ast-page-background-enabled":"default","ast-page-background-meta":{"desktop":{"background-color":"","background-image":"","background-repeat":"repeat","background-position":"center center","background-size":"auto","background-attachment":"scroll","background-type":"","background-media":"","overlay-type":"","overlay-color":"","overlay-opacity":"","overlay-gradient":""},"tablet":{"background-color":"","background-image":"","background-repeat":"repeat","background-position":"center center","background-size":"auto","background-attachment":"scroll","background-type":"","background-media":"","overlay-type":"","overlay-color":"","overlay-opacity":"","overlay-gradient":""},"mobile":{"background-color":"","background-image":"","background-repeat":"repeat","background-position":"center center","background-size":"auto","background-attachment":"scroll","background-type":"","background-media":"","overlay-type":"","overlay-color":"","overlay-opacity":"","overlay-gradient":""}},"ast-content-background-meta":{"desktop":{"background-color":"var(--ast-global-color-5)","background-image":"","background-repeat":"repeat","background-position":"center center","background-size":"auto","background-attachment":"scroll","background-type":"","background-media":"","overlay-type":"","overlay-color":"","overlay-opacity":"","overlay-gradient":""},"tablet":{"background-color":"var(--ast-global-color-5)","background-image":"","background-repeat":"repeat","background-position":"center center","background-size":"auto","background-attachment":"scroll","background-type":"","background-media":"","overlay-type":"","overlay-color":"","overlay-opacity":"","overlay-gradient":""},"mobile":{"background-color":"var(--ast-global-color-5)","background-image":"","background-repeat":"repeat","background-position":"center center","background-size":"auto","background-attachment":"scroll","background-type":"","background-media":"","overlay-type":"","overlay-color":"","overlay-opacity":"","overlay-gradient":""}}},"product_brand":[],"product_cat":[470],"product_tag":[],"class_list":{"0":"post-52189","1":"product","2":"type-product","3":"status-publish","4":"has-post-thumbnail","6":"product_cat-instagram-de","7":"desktop-align-center","8":"tablet-align-center","9":"mobile-align-center","10":"ast-product-gallery-layout-first-image-large","11":"ast-product-gallery-with-no-image","12":"ast-magnify-disabled","13":"ast-product-single-variable","14":"ast-product-tabs-layout-horizontal","16":"first","17":"instock","18":"sale","19":"taxable","20":"shipping-taxable","21":"purchasable","22":"product-type-variable"},"_links":{"self":[{"href":"https:\/\/www.likes-kopen.nl\/de\/wp-json\/wp\/v2\/product\/52189","targetHints":{"allow":["GET"]}}],"collection":[{"href":"https:\/\/www.likes-kopen.nl\/de\/wp-json\/wp\/v2\/product"}],"about":[{"href":"https:\/\/www.likes-kopen.nl\/de\/wp-json\/wp\/v2\/types\/product"}],"replies":[{"embeddable":true,"href":"https:\/\/www.likes-kopen.nl\/de\/wp-json\/wp\/v2\/comments?post=52189"}],"wp:featuredmedia":[{"embeddable":true,"href":"https:\/\/www.likes-kopen.nl\/de\/wp-json\/wp\/v2\/media\/49362"}],"wp:attachment":[{"href":"https:\/\/www.likes-kopen.nl\/de\/wp-json\/wp\/v2\/media?parent=52189"}],"wp:term":[{"taxonomy":"product_brand","embeddable":true,"href":"https:\/\/www.likes-kopen.nl\/de\/wp-json\/wp\/v2\/product_brand?post=52189"},{"taxonomy":"product_cat","embeddable":true,"href":"https:\/\/www.likes-kopen.nl\/de\/wp-json\/wp\/v2\/product_cat?post=52189"},{"taxonomy":"product_tag","embeddable":true,"href":"https:\/\/www.likes-kopen.nl\/de\/wp-json\/wp\/v2\/product_tag?post=52189"}],"curies":[{"name":"wp","href":"https:\/\/api.w.org\/{rel}","templated":true}]}}